{"id":9771,"date":"2024-10-17T13:27:49","date_gmt":"2024-10-17T11:27:49","guid":{"rendered":"https:\/\/devicenow.com\/imprint\/"},"modified":"2025-09-24T19:47:42","modified_gmt":"2025-09-24T17:47:42","slug":"imprint","status":"publish","type":"page","link":"https:\/\/devicenow.com\/tr\/imprint\/","title":{"rendered":"Imprint"},"content":{"rendered":"<div class='breakdance'><section class=\"bde-section-9771-100 bde-section\">\n  \n  \n\t\n\n\n\n<div class=\"section-container\"><h1 class=\"bde-heading-9771-101 bde-heading\">\nImprint\n<\/h1><div class=\"bde-rich-text-9771-102 bde-rich-text breakdance-rich-text-styles\">\n<h2 data-start=\"92\" data-end=\"122\"><strong data-start=\"95\" data-end=\"122\">devicenow GmbH Hakk\u0131nda<\/strong><\/h2><p data-start=\"124\" data-end=\"376\">devicenow GmbH, <strong data-start=\"140\" data-end=\"162\">CHG-MERIDIAN Grubu<\/strong> \u00fcyesidir.<br data-start=\"172\" data-end=\"175\" \/>devicenow GmbH, y\u00f6netim kurulu \u00fcyeleri <strong data-start=\"214\" data-end=\"233\">Sven Matthiesen<\/strong> ve <strong data-start=\"237\" data-end=\"258\">Steffen Reichmann<\/strong> taraf\u0131ndan temsil edilmekte olup, ticari ve i\u015f odakl\u0131 \u00e7evrimi\u00e7i hizmetlerin sa\u011flay\u0131c\u0131s\u0131 ve bu nedenle sorumlusudur.<\/p><h2 data-start=\"383\" data-end=\"414\">\u00a0<\/h2><h2 data-start=\"383\" data-end=\"414\"><strong data-start=\"386\" data-end=\"414\">Yasal Bilgiler (Imprint)<\/strong><\/h2><p data-start=\"416\" data-end=\"574\">Hizmet sa\u011flay\u0131c\u0131lar i\u00e7in bilgi y\u00fck\u00fcml\u00fcl\u00fckleri y\u00f6netmeli\u011fi (DL-InfoV) 2. paragraf, 1. b\u00f6l\u00fcm uyar\u0131nca bilgiler. Bu \u00e7evrimi\u00e7i hizmet taraf\u0131ndan sa\u011flanmaktad\u0131r:<\/p><p data-start=\"576\" data-end=\"649\"><strong data-start=\"576\" data-end=\"594\">devicenow GmbH<\/strong><br data-start=\"594\" data-end=\"597\" \/>Franz-Beer-Stra\u00dfe 111<br data-start=\"618\" data-end=\"621\" \/>88250 Weingarten<br data-start=\"637\" data-end=\"640\" \/>Almanya<\/p><p data-start=\"651\" data-end=\"734\">E-Posta: <a class=\"decorated-link cursor-pointer\" rel=\"noopener\" data-start=\"660\" data-end=\"678\">info@devicenow.com<\/a><br data-start=\"678\" data-end=\"681\" \/>Web: <a class=\"decorated-link\" href=\"http:\/\/www.devicenow.com?utm_source=chatgpt.com\" target=\"_new\" rel=\"noopener\" data-start=\"686\" data-end=\"703\">www.devicenow.com<\/a><br data-start=\"703\" data-end=\"706\" \/>Telefon: +49 (0)751 503696<\/p><p data-start=\"736\" data-end=\"796\">Y\u00f6netim Kurulu \u00dcyeleri: Sven Matthiesen, Steffen Reichmann<\/p><p data-start=\"798\" data-end=\"895\">Tescil Mahkemesi: Ulm HRB 744438<br data-start=\"830\" data-end=\"833\" \/>Vergi Dairesi: Weingarten<br data-start=\"858\" data-end=\"861\" \/>KDV Kimlik Numaras\u0131: DE353347832<\/p><p data-start=\"897\" data-end=\"991\">Yetkili Mahkeme: Ravensburg<br data-start=\"924\" data-end=\"927\" \/>Uygulanacak Hukuk: Almanya Federal Cumhuriyeti Kanunlar\u0131 (BRD)<\/p><h2 data-start=\"998\" data-end=\"1016\">\u00a0<\/h2><h2 data-start=\"998\" data-end=\"1016\"><strong data-start=\"1001\" data-end=\"1016\">Sorumlu Oda<\/strong><\/h2><p data-start=\"1018\" data-end=\"1055\">Sanayi ve Ticaret Odas\u0131, Weingarten<\/p><h2 data-start=\"1062\" data-end=\"1108\">\u00a0<\/h2><h2 data-start=\"1062\" data-end=\"1108\"><strong data-start=\"1065\" data-end=\"1108\">Gazetecilik-Editoryal \u0130\u00e7erikten Sorumlu<\/strong><\/h2><p data-start=\"1110\" data-end=\"1167\">Sven Matthiesen, E-Posta: <a class=\"decorated-link cursor-pointer\" rel=\"noopener\" data-start=\"1136\" data-end=\"1165\">sven.matthiesen@devicenow.com<\/a><\/p><h2 data-start=\"1174\" data-end=\"1202\">\u00a0<\/h2><h2 data-start=\"1174\" data-end=\"1202\"><strong data-start=\"1177\" data-end=\"1202\">Veri Koruma G\u00f6revlisi<\/strong><\/h2><p data-start=\"1204\" data-end=\"1323\">GDPR Madde 37 ve FDPA-yeni \u00a738 (1) uyar\u0131nca:<br data-start=\"1248\" data-end=\"1251\" \/><strong data-start=\"1251\" data-end=\"1282\">Deutsche Datenschutzkanzlei<\/strong>, E-Posta: <a class=\"decorated-link cursor-pointer\" rel=\"noopener\" data-start=\"1293\" data-end=\"1321\">dataprotection@devicenow.com<\/a><\/p><h2 data-start=\"1330\" data-end=\"1347\">\u00a0<\/h2><h2 data-start=\"1330\" data-end=\"1347\"><strong data-start=\"1333\" data-end=\"1347\">Sorumluluk<\/strong><\/h2><p data-start=\"1349\" data-end=\"1710\">devicenow GmbH, kendi takdirine ba\u011fl\u0131 olarak, herhangi bir zamanda ve herhangi bir bildirimde bulunmaks\u0131z\u0131n, bu \u00e7evrimi\u00e7i hizmeti tamamen veya k\u0131smen de\u011fi\u015ftirme veya sonland\u0131rma hakk\u0131na sahiptir. \u00dc\u00e7\u00fcnc\u00fc taraf \u00e7evrimi\u00e7i hizmetlere verilen ba\u011flant\u0131lar (\u201cHyperlinkler\u201d) ile devicenow GmbH, ba\u011flant\u0131 verilen hizmet veya i\u00e7eriklerin m\u00fclkiyetini \u00fcstlenmi\u015f say\u0131lmaz.<\/p><h2 data-start=\"1717\" data-end=\"1737\">\u00a0<\/h2><h2 data-start=\"1717\" data-end=\"1737\"><strong data-start=\"1720\" data-end=\"1737\">\u00a9 Telif Hakk\u0131<\/strong><\/h2><p data-start=\"1739\" data-end=\"2023\">T\u00fcm haklar\u0131 sakl\u0131d\u0131r. Metinler, resimler ve grafikler ile bunlar\u0131n \u00e7evrimi\u00e7i hizmet i\u00e7indeki d\u00fczenlemeleri, telif hakk\u0131 ve di\u011fer koruyucu mevzuata tabidir. Bu \u00e7evrimi\u00e7i hizmetin i\u00e7erikleri, ticari ama\u00e7larla kopyalanamaz, \u00e7o\u011falt\u0131lamaz veya de\u011fi\u015ftirilemez; \u00fc\u00e7\u00fcnc\u00fc taraflara sunulamaz.<\/p><p data-start=\"2025\" data-end=\"2102\"><strong data-start=\"2025\" data-end=\"2061\">\u00a9 Telif Hakk\u0131 G\u00f6rsel Kaynaklar\u0131:<\/strong> iStock (Getty Images Deutschland GmbH)<\/p><h2 data-start=\"2109\" data-end=\"2137\">\u00a0<\/h2><h2 data-start=\"2109\" data-end=\"2137\"><strong data-start=\"2112\" data-end=\"2137\">Veri Koruma Bilgileri<\/strong><\/h2><p data-start=\"2139\" data-end=\"2217\">\u00c7evrimi\u00e7i hizmetimizde veri koruma bilgilerine <a class=\"decorated-link\" href=\"#\" rel=\"noopener\" data-start=\"2186\" data-end=\"2198\">buradan<\/a> ula\u015fabilirsiniz.<\/p><h2 data-start=\"2224\" data-end=\"2246\">\u00a0<\/h2><h2 data-start=\"2224\" data-end=\"2246\"><strong data-start=\"2227\" data-end=\"2246\">Pil Y\u00f6netmeli\u011fi<\/strong><\/h2><p data-start=\"2248\" data-end=\"2300\">\u00a712 BatterieVO uyar\u0131nca pil iadesi hakk\u0131nda bilgi:<\/p><p data-start=\"2302\" data-end=\"2458\">devicenow GmbH, pil veya \u015farj edilebilir pil sat\u0131\u015flar\u0131 veya piller i\u00e7eren cihazlar\u0131n temini ile ba\u011flant\u0131l\u0131 olarak kullan\u0131c\u0131y\u0131 bilgilendirmekle y\u00fck\u00fcml\u00fcd\u00fcr:<\/p><ul data-start=\"2460\" data-end=\"2856\"><li data-start=\"2460\" data-end=\"2496\"><p data-start=\"2462\" data-end=\"2496\">Piller, evsel at\u0131klara at\u0131lamaz.<\/p><\/li><li data-start=\"2497\" data-end=\"2586\"><p data-start=\"2499\" data-end=\"2586\">Kullan\u0131c\u0131, son kullan\u0131c\u0131 olarak, bo\u015f pilleri geri getirmekle yasal olarak y\u00fck\u00fcml\u00fcd\u00fcr.<\/p><\/li><li data-start=\"2587\" data-end=\"2743\"><p data-start=\"2589\" data-end=\"2743\">Kullan\u0131c\u0131, pilleri kullan\u0131m sonras\u0131 sat\u0131\u015f noktas\u0131na veya yak\u0131n \u00e7evresine (\u00f6rn. belediye toplama noktalar\u0131 veya ma\u011fazalar) \u00fccretsiz olarak iade edebilir.<\/p><\/li><li data-start=\"2744\" data-end=\"2799\"><p data-start=\"2746\" data-end=\"2799\">Pilleri posta yoluyla iade etme se\u00e7ene\u011fi de vard\u0131r.<\/p><\/li><li data-start=\"2800\" data-end=\"2856\"><p data-start=\"2802\" data-end=\"2856\">Kullan\u0131c\u0131, iade i\u00e7in tesisat firmas\u0131na ba\u015fvurabilir.<\/p><\/li><\/ul><p data-start=\"2858\" data-end=\"3036\">Kirleticiler i\u00e7eren piller veya \u015farj edilebilir piller, \u00fczeri \u00e7izili \u00e7\u00f6p kutusu sembol\u00fc ile i\u015faretlenmi\u015ftir. Kirleticinin kimyasal ad\u0131, \u00e7\u00f6p kutusu sembol\u00fcn\u00fcn yak\u0131n\u0131nda bulunur.<\/p><p data-start=\"3038\" data-end=\"3091\"><strong data-start=\"3038\" data-end=\"3051\">A\u00e7\u0131klama:<\/strong> Cd = Kadmiyum, Pb = Kur\u015fun, Hg = C\u0131va<\/p><h2 data-start=\"3098\" data-end=\"3137\">\u00a0<\/h2><h2 data-start=\"3098\" data-end=\"3137\"><strong data-start=\"3101\" data-end=\"3137\">Not: Genel E\u015fitlik Yasas\u0131 (GAET)<\/strong><\/h2><p data-start=\"3139\" data-end=\"3287\">Kolay okunmas\u0131 i\u00e7in, bu belgede cinsiyete \u00f6zel ayr\u0131m yap\u0131lmam\u0131\u015ft\u0131r. Kullan\u0131lan terimler, e\u015fit muamele ba\u011flam\u0131nda her iki cinsiyet i\u00e7in ge\u00e7erlidir.<\/p>\n<\/div><\/div>\n<\/section><\/div>","protected":false},"excerpt":{"rendered":"<p>Imprint devicenow GmbH Hakk\u0131ndadevicenow GmbH, CHG-MERIDIAN Grubu \u00fcyesidir.devicenow GmbH, y\u00f6netim kurulu \u00fcyeleri Sven Matthiesen ve Steffen Reichmann taraf\u0131ndan temsil edilmekte olup, ticari ve i\u015f odakl\u0131 \u00e7evrimi\u00e7i hizmetlerin sa\u011flay\u0131c\u0131s\u0131 ve bu nedenle sorumlusudur.\u00a0Yasal Bilgiler (Imprint)Hizmet sa\u011flay\u0131c\u0131lar i\u00e7in bilgi y\u00fck\u00fcml\u00fcl\u00fckleri y\u00f6netmeli\u011fi (DL-InfoV) 2. paragraf, 1. b\u00f6l\u00fcm uyar\u0131nca bilgiler. Bu \u00e7evrimi\u00e7i hizmet taraf\u0131ndan sa\u011flanmaktad\u0131r:devicenow GmbHFranz-Beer-Stra\u00dfe 11188250 WeingartenAlmanyaE-Posta: info@devicenow.comWeb: [&hellip;]<\/p>\n","protected":false},"author":1,"featured_media":0,"parent":0,"menu_order":0,"comment_status":"closed","ping_status":"closed","template":"","meta":{"content-type":"","_breakdance_hide_in_design_set":false,"_breakdance_tags":"","footnotes":""},"class_list":["post-9771","page","type-page","status-publish","hentry"],"yoast_head":"<!-- This site is optimized with the Yoast SEO plugin v27.3 - https:\/\/yoast.com\/product\/yoast-seo-wordpress\/ -->\n<title>Imprint - devicenow<\/title>\n<meta name=\"description\" content=\"Legal information and contact details for devicenow GmbH, including company registration, managing directors, and data protection officer.\" \/>\n<meta name=\"robots\" content=\"index, follow, max-snippet:-1, max-image-preview:large, max-video-preview:-1\" \/>\n<link rel=\"canonical\" href=\"https:\/\/devicenow.com\/tr\/imprint\/\" \/>\n<meta property=\"og:locale\" content=\"tr_TR\" \/>\n<meta property=\"og:type\" content=\"article\" \/>\n<meta property=\"og:title\" content=\"Imprint - devicenow\" \/>\n<meta property=\"og:description\" content=\"Legal information and contact details for devicenow GmbH, including company registration, managing directors, and data protection officer.\" \/>\n<meta property=\"og:url\" content=\"https:\/\/devicenow.com\/tr\/imprint\/\" \/>\n<meta property=\"og:site_name\" content=\"devicenow\" \/>\n<meta property=\"article:modified_time\" content=\"2025-09-24T17:47:42+00:00\" \/>\n<meta name=\"twitter:card\" content=\"summary_large_image\" \/>\n<script type=\"application\/ld+json\" class=\"yoast-schema-graph\">{\"@context\":\"https:\\\/\\\/schema.org\",\"@graph\":[{\"@type\":\"WebPage\",\"@id\":\"https:\\\/\\\/devicenow.com\\\/tr\\\/imprint\\\/\",\"url\":\"https:\\\/\\\/devicenow.com\\\/tr\\\/imprint\\\/\",\"name\":\"Imprint - devicenow\",\"isPartOf\":{\"@id\":\"https:\\\/\\\/devicenow.com\\\/#website\"},\"datePublished\":\"2024-10-17T11:27:49+00:00\",\"dateModified\":\"2025-09-24T17:47:42+00:00\",\"description\":\"Legal information and contact details for devicenow GmbH, including company registration, managing directors, and data protection officer.\",\"breadcrumb\":{\"@id\":\"https:\\\/\\\/devicenow.com\\\/tr\\\/imprint\\\/#breadcrumb\"},\"inLanguage\":\"tr\",\"potentialAction\":[{\"@type\":\"ReadAction\",\"target\":[\"https:\\\/\\\/devicenow.com\\\/tr\\\/imprint\\\/\"]}]},{\"@type\":\"BreadcrumbList\",\"@id\":\"https:\\\/\\\/devicenow.com\\\/tr\\\/imprint\\\/#breadcrumb\",\"itemListElement\":[{\"@type\":\"ListItem\",\"position\":1,\"name\":\"Strona g\u0142\u00f3wna\",\"item\":\"https:\\\/\\\/devicenow.com\\\/tr\\\/\"},{\"@type\":\"ListItem\",\"position\":2,\"name\":\"Imprint\"}]},{\"@type\":\"WebSite\",\"@id\":\"https:\\\/\\\/devicenow.com\\\/#website\",\"url\":\"https:\\\/\\\/devicenow.com\\\/\",\"name\":\"devicenow\",\"description\":\"\",\"potentialAction\":[{\"@type\":\"SearchAction\",\"target\":{\"@type\":\"EntryPoint\",\"urlTemplate\":\"https:\\\/\\\/devicenow.com\\\/?s={search_term_string}\"},\"query-input\":{\"@type\":\"PropertyValueSpecification\",\"valueRequired\":true,\"valueName\":\"search_term_string\"}}],\"inLanguage\":\"tr\"}]}<\/script>\n<!-- \/ Yoast SEO plugin. -->","yoast_head_json":{"title":"Imprint - devicenow","description":"Legal information and contact details for devicenow GmbH, including company registration, managing directors, and data protection officer.","robots":{"index":"index","follow":"follow","max-snippet":"max-snippet:-1","max-image-preview":"max-image-preview:large","max-video-preview":"max-video-preview:-1"},"canonical":"https:\/\/devicenow.com\/tr\/imprint\/","og_locale":"tr_TR","og_type":"article","og_title":"Imprint - devicenow","og_description":"Legal information and contact details for devicenow GmbH, including company registration, managing directors, and data protection officer.","og_url":"https:\/\/devicenow.com\/tr\/imprint\/","og_site_name":"devicenow","article_modified_time":"2025-09-24T17:47:42+00:00","twitter_card":"summary_large_image","schema":{"@context":"https:\/\/schema.org","@graph":[{"@type":"WebPage","@id":"https:\/\/devicenow.com\/tr\/imprint\/","url":"https:\/\/devicenow.com\/tr\/imprint\/","name":"Imprint - devicenow","isPartOf":{"@id":"https:\/\/devicenow.com\/#website"},"datePublished":"2024-10-17T11:27:49+00:00","dateModified":"2025-09-24T17:47:42+00:00","description":"Legal information and contact details for devicenow GmbH, including company registration, managing directors, and data protection officer.","breadcrumb":{"@id":"https:\/\/devicenow.com\/tr\/imprint\/#breadcrumb"},"inLanguage":"tr","potentialAction":[{"@type":"ReadAction","target":["https:\/\/devicenow.com\/tr\/imprint\/"]}]},{"@type":"BreadcrumbList","@id":"https:\/\/devicenow.com\/tr\/imprint\/#breadcrumb","itemListElement":[{"@type":"ListItem","position":1,"name":"Strona g\u0142\u00f3wna","item":"https:\/\/devicenow.com\/tr\/"},{"@type":"ListItem","position":2,"name":"Imprint"}]},{"@type":"WebSite","@id":"https:\/\/devicenow.com\/#website","url":"https:\/\/devicenow.com\/","name":"devicenow","description":"","potentialAction":[{"@type":"SearchAction","target":{"@type":"EntryPoint","urlTemplate":"https:\/\/devicenow.com\/?s={search_term_string}"},"query-input":{"@type":"PropertyValueSpecification","valueRequired":true,"valueName":"search_term_string"}}],"inLanguage":"tr"}]}},"meta_box":{"description":"","descriptionde":"","descriptionnl":"","descriptiontr":"","descriptionit":"","descriptionfr":"","descriptiongr":"","descriptionpt":""},"_links":{"self":[{"href":"https:\/\/devicenow.com\/tr\/wp-json\/wp\/v2\/pages\/9771","targetHints":{"allow":["GET"]}}],"collection":[{"href":"https:\/\/devicenow.com\/tr\/wp-json\/wp\/v2\/pages"}],"about":[{"href":"https:\/\/devicenow.com\/tr\/wp-json\/wp\/v2\/types\/page"}],"author":[{"embeddable":true,"href":"https:\/\/devicenow.com\/tr\/wp-json\/wp\/v2\/users\/1"}],"replies":[{"embeddable":true,"href":"https:\/\/devicenow.com\/tr\/wp-json\/wp\/v2\/comments?post=9771"}],"version-history":[{"count":2,"href":"https:\/\/devicenow.com\/tr\/wp-json\/wp\/v2\/pages\/9771\/revisions"}],"predecessor-version":[{"id":10686,"href":"https:\/\/devicenow.com\/tr\/wp-json\/wp\/v2\/pages\/9771\/revisions\/10686"}],"wp:attachment":[{"href":"https:\/\/devicenow.com\/tr\/wp-json\/wp\/v2\/media?parent=9771"}],"curies":[{"name":"wp","href":"https:\/\/api.w.org\/{rel}","templated":true}]}}