{"id":9598,"date":"2024-10-14T15:54:18","date_gmt":"2024-10-14T13:54:18","guid":{"rendered":"https:\/\/devicenow.com\/get-started-with-daas\/"},"modified":"2026-03-16T17:19:05","modified_gmt":"2026-03-16T16:19:05","slug":"get-started-with-daas","status":"publish","type":"page","link":"https:\/\/devicenow.com\/tr\/get-started-with-daas\/","title":{"rendered":"Cihaz Abonmanl\u0131\u011f\u0131na ba\u015flay\u0131n"},"content":{"rendered":"<div class='breakdance'><section class=\"bde-section-9598-100 bde-section\">\n  \n  \n\t\n\n\n\n        <div class=\"section-shape-divider-wrapper section-shape-divider-wrapper--1\">\n          <span class=\"section-shape-divider\">\n                      <svg\n                xmlns=\"http:\/\/www.w3.org\/2000\/svg\"\n                viewBox=\"0 0 1440 320\"\n                preserveAspectRatio=\"none\"\n            >\n              <path fill=\"currentColor\" fill-opacity=\"1\" d=\"M0,160L120,181.3C240,203,480,245,720,224C960,203,1200,117,1320,74.7L1440,32L1440,320L1320,320C1200,320,960,320,720,320C480,320,240,320,120,320L0,320Z\"><\/path>\n            <\/svg>\n                    <\/span>\n      <\/div>\n  <div class=\"section-container\"><div class=\"bde-simple-image-9598-101 bde-simple-image\">\n  \n\n\n\n\n\n  \n    \n      <img decoding=\"async\" class=\"breakdance-image-object\" src=\"https:\/\/devicenow.com\/wp-content\/uploads\/devicenow-circle-big.svg\" width=\"\" height=\"\">\n\n      \n    \n  \n<\/div><div class=\"bde-div-9598-103 bde-div\">\n  \n  \n\t\n\n\n\n<div class=\"bde-columns-9598-104 bde-columns\"><div class=\"bde-column-9598-105 bde-column\">\n  \n  \n\t\n\n\n\n<h1 class=\"bde-heading-9598-121 bde-heading\">\n190'DAN FAZLA \u00dcLKEDE I\u015e I\u00c7IN CIHAZ ABONMANLI\u011eI H\u0130ZMET\u0130(DAAS)<br>\n<\/h1><h2 class=\"bde-heading-9598-120 bde-heading\">\n\u00a0Cihaz Abonmanl\u0131\u011f\u0131na ba\u015flay\u0131n<br>\n<\/h2><div class=\"bde-rich-text-9598-115 bde-rich-text breakdance-rich-text-styles\">\n<ul><li>Daha iyi finansal esneklik i\u00e7in CapEx'ten Opex'e ge\u00e7i\u015f.<\/li><li>As\u0131l i\u015finize odaklanabilmeniz i\u00e7in ya\u015fam d\u00f6ng\u00fcs\u00fc hizmetlerini bize b\u0131rak\u0131n.<\/li><li>Kesintisiz verimlilik i\u00e7in Sonraki \u0130\u015f G\u00fcn\u00fc De\u011fi\u015fim hizmetimizle sorunsuz operasyonlar\u0131 deneyimleyin.<\/li><li>Kendi taraf\u0131ndan i\u015f akdi sonland\u0131r\u0131lm\u0131\u015f \u00e7al\u0131\u015fan\u0131n cihaz\u0131n\u0131n sertifikal\u0131 veri silme i\u015flemi ile bilgi g\u00fcvenli\u011fi.<\/li><li>S\u00fcrd\u00fcr\u00fclebilirlik hedefleri i\u00e7in d\u00f6ng\u00fcsel bir cihaz ekonomisi.<\/li><\/ul><p>Bize BT ihtiya\u00e7lar\u0131n\u0131z hakk\u0131nda daha fazla bilgi verin ve \u00e7\u00f6z\u00fcmlerimizi \u00f6\u011frenin. Bize ula\u015f\u0131n, size hemen geri d\u00f6nelim.<\/p>\n<\/div>\n<\/div><div class=\"bde-column-9598-113 bde-column\">\n  \n  \n\t\n\n\n\n<div class=\"bde-div-9598-116 bde-div custom-form\">\n  \n  \n\t\n\n\n\n<div class=\"bde-code-block-9598-119 bde-code-block\">\n\n  <script charset=\"utf-8\" type=\"text\/javascript\" src=\"\/\/js-eu1.hsforms.net\/forms\/embed\/v2.js\"><\/script>\n<script>\n  hbspt.forms.create({\n    portalId: \"25800042\",\n    formId: \"1c496537-6dab-4042-94e8-db1093d01f4d\",\n    region: \"eu1\"\n  });\n<\/script>\n\n\n<\/div>\n<\/div>\n<\/div><\/div>\n<\/div><\/div>\n<\/section><\/div>","protected":false},"excerpt":{"rendered":"<p>190&#8217;DAN FAZLA \u00dcLKEDE I\u015e I\u00c7IN CIHAZ ABONMANLI\u011eI H\u0130ZMET\u0130(DAAS) \u00a0Cihaz Abonmanl\u0131\u011f\u0131na ba\u015flay\u0131n Daha iyi finansal esneklik i\u00e7in CapEx&#8217;ten Opex&#8217;e ge\u00e7i\u015f.As\u0131l i\u015finize odaklanabilmeniz i\u00e7in ya\u015fam d\u00f6ng\u00fcs\u00fc hizmetlerini bize b\u0131rak\u0131n.Kesintisiz verimlilik i\u00e7in Sonraki \u0130\u015f G\u00fcn\u00fc De\u011fi\u015fim hizmetimizle sorunsuz operasyonlar\u0131 deneyimleyin.Kendi taraf\u0131ndan i\u015f akdi sonland\u0131r\u0131lm\u0131\u015f \u00e7al\u0131\u015fan\u0131n cihaz\u0131n\u0131n sertifikal\u0131 veri silme i\u015flemi ile bilgi g\u00fcvenli\u011fi.S\u00fcrd\u00fcr\u00fclebilirlik hedefleri i\u00e7in d\u00f6ng\u00fcsel bir cihaz [&hellip;]<\/p>\n","protected":false},"author":1,"featured_media":9351,"parent":0,"menu_order":0,"comment_status":"closed","ping_status":"closed","template":"","meta":{"content-type":"","_breakdance_hide_in_design_set":false,"_breakdance_tags":"","footnotes":""},"class_list":["post-9598","page","type-page","status-publish","has-post-thumbnail","hentry"],"yoast_head":"<!-- This site is optimized with the Yoast SEO plugin v27.3 - https:\/\/yoast.com\/product\/yoast-seo-wordpress\/ -->\n<title>Get started with DaaS - devicenow<\/title>\n<meta name=\"description\" content=\"Tell us more about your IT needs and get our pricing. Contact us, and we&#039;ll get back to you right away.\" \/>\n<meta name=\"robots\" content=\"index, follow, max-snippet:-1, max-image-preview:large, max-video-preview:-1\" \/>\n<link rel=\"canonical\" href=\"https:\/\/devicenow.com\/tr\/get-started-with-daas\/\" \/>\n<meta property=\"og:locale\" content=\"tr_TR\" \/>\n<meta property=\"og:type\" content=\"article\" \/>\n<meta property=\"og:title\" content=\"Get started with DaaS - devicenow\" \/>\n<meta property=\"og:description\" content=\"Tell us more about your IT needs and get our pricing. Contact us, and we&#039;ll get back to you right away.\" \/>\n<meta property=\"og:url\" content=\"https:\/\/devicenow.com\/tr\/get-started-with-daas\/\" \/>\n<meta property=\"og:site_name\" content=\"devicenow\" \/>\n<meta property=\"article:modified_time\" content=\"2026-03-16T16:19:05+00:00\" \/>\n<meta property=\"og:image\" content=\"https:\/\/devicenow.com\/wp-content\/uploads\/dn_phones_layer_full.png\" \/>\n\t<meta property=\"og:image:width\" content=\"3000\" \/>\n\t<meta property=\"og:image:height\" content=\"2000\" \/>\n\t<meta property=\"og:image:type\" content=\"image\/png\" \/>\n<meta name=\"twitter:card\" content=\"summary_large_image\" \/>\n<script type=\"application\/ld+json\" class=\"yoast-schema-graph\">{\"@context\":\"https:\\\/\\\/schema.org\",\"@graph\":[{\"@type\":\"WebPage\",\"@id\":\"https:\\\/\\\/devicenow.com\\\/tr\\\/get-started-with-daas\\\/\",\"url\":\"https:\\\/\\\/devicenow.com\\\/tr\\\/get-started-with-daas\\\/\",\"name\":\"Get started with DaaS - devicenow\",\"isPartOf\":{\"@id\":\"https:\\\/\\\/devicenow.com\\\/#website\"},\"primaryImageOfPage\":{\"@id\":\"https:\\\/\\\/devicenow.com\\\/tr\\\/get-started-with-daas\\\/#primaryimage\"},\"image\":{\"@id\":\"https:\\\/\\\/devicenow.com\\\/tr\\\/get-started-with-daas\\\/#primaryimage\"},\"thumbnailUrl\":\"https:\\\/\\\/devicenow.com\\\/wp-content\\\/uploads\\\/dn_phones_layer_full.png\",\"datePublished\":\"2024-10-14T13:54:18+00:00\",\"dateModified\":\"2026-03-16T16:19:05+00:00\",\"description\":\"Tell us more about your IT needs and get our pricing. Contact us, and we'll get back to you right away.\",\"breadcrumb\":{\"@id\":\"https:\\\/\\\/devicenow.com\\\/tr\\\/get-started-with-daas\\\/#breadcrumb\"},\"inLanguage\":\"tr\",\"potentialAction\":[{\"@type\":\"ReadAction\",\"target\":[\"https:\\\/\\\/devicenow.com\\\/tr\\\/get-started-with-daas\\\/\"]}]},{\"@type\":\"ImageObject\",\"inLanguage\":\"tr\",\"@id\":\"https:\\\/\\\/devicenow.com\\\/tr\\\/get-started-with-daas\\\/#primaryimage\",\"url\":\"https:\\\/\\\/devicenow.com\\\/wp-content\\\/uploads\\\/dn_phones_layer_full.png\",\"contentUrl\":\"https:\\\/\\\/devicenow.com\\\/wp-content\\\/uploads\\\/dn_phones_layer_full.png\",\"width\":3000,\"height\":2000,\"caption\":\"dn_phones_layer_full\"},{\"@type\":\"BreadcrumbList\",\"@id\":\"https:\\\/\\\/devicenow.com\\\/tr\\\/get-started-with-daas\\\/#breadcrumb\",\"itemListElement\":[{\"@type\":\"ListItem\",\"position\":1,\"name\":\"Strona g\u0142\u00f3wna\",\"item\":\"https:\\\/\\\/devicenow.com\\\/tr\\\/\"},{\"@type\":\"ListItem\",\"position\":2,\"name\":\"Cihaz Abonmanl\u0131\u011f\u0131na ba\u015flay\u0131n\"}]},{\"@type\":\"WebSite\",\"@id\":\"https:\\\/\\\/devicenow.com\\\/#website\",\"url\":\"https:\\\/\\\/devicenow.com\\\/\",\"name\":\"devicenow\",\"description\":\"\",\"potentialAction\":[{\"@type\":\"SearchAction\",\"target\":{\"@type\":\"EntryPoint\",\"urlTemplate\":\"https:\\\/\\\/devicenow.com\\\/?s={search_term_string}\"},\"query-input\":{\"@type\":\"PropertyValueSpecification\",\"valueRequired\":true,\"valueName\":\"search_term_string\"}}],\"inLanguage\":\"tr\"}]}<\/script>\n<!-- \/ Yoast SEO plugin. -->","yoast_head_json":{"title":"Get started with DaaS - devicenow","description":"Tell us more about your IT needs and get our pricing. Contact us, and we'll get back to you right away.","robots":{"index":"index","follow":"follow","max-snippet":"max-snippet:-1","max-image-preview":"max-image-preview:large","max-video-preview":"max-video-preview:-1"},"canonical":"https:\/\/devicenow.com\/tr\/get-started-with-daas\/","og_locale":"tr_TR","og_type":"article","og_title":"Get started with DaaS - devicenow","og_description":"Tell us more about your IT needs and get our pricing. Contact us, and we'll get back to you right away.","og_url":"https:\/\/devicenow.com\/tr\/get-started-with-daas\/","og_site_name":"devicenow","article_modified_time":"2026-03-16T16:19:05+00:00","og_image":[{"width":3000,"height":2000,"url":"https:\/\/devicenow.com\/wp-content\/uploads\/dn_phones_layer_full.png","type":"image\/png"}],"twitter_card":"summary_large_image","schema":{"@context":"https:\/\/schema.org","@graph":[{"@type":"WebPage","@id":"https:\/\/devicenow.com\/tr\/get-started-with-daas\/","url":"https:\/\/devicenow.com\/tr\/get-started-with-daas\/","name":"Get started with DaaS - devicenow","isPartOf":{"@id":"https:\/\/devicenow.com\/#website"},"primaryImageOfPage":{"@id":"https:\/\/devicenow.com\/tr\/get-started-with-daas\/#primaryimage"},"image":{"@id":"https:\/\/devicenow.com\/tr\/get-started-with-daas\/#primaryimage"},"thumbnailUrl":"https:\/\/devicenow.com\/wp-content\/uploads\/dn_phones_layer_full.png","datePublished":"2024-10-14T13:54:18+00:00","dateModified":"2026-03-16T16:19:05+00:00","description":"Tell us more about your IT needs and get our pricing. Contact us, and we'll get back to you right away.","breadcrumb":{"@id":"https:\/\/devicenow.com\/tr\/get-started-with-daas\/#breadcrumb"},"inLanguage":"tr","potentialAction":[{"@type":"ReadAction","target":["https:\/\/devicenow.com\/tr\/get-started-with-daas\/"]}]},{"@type":"ImageObject","inLanguage":"tr","@id":"https:\/\/devicenow.com\/tr\/get-started-with-daas\/#primaryimage","url":"https:\/\/devicenow.com\/wp-content\/uploads\/dn_phones_layer_full.png","contentUrl":"https:\/\/devicenow.com\/wp-content\/uploads\/dn_phones_layer_full.png","width":3000,"height":2000,"caption":"dn_phones_layer_full"},{"@type":"BreadcrumbList","@id":"https:\/\/devicenow.com\/tr\/get-started-with-daas\/#breadcrumb","itemListElement":[{"@type":"ListItem","position":1,"name":"Strona g\u0142\u00f3wna","item":"https:\/\/devicenow.com\/tr\/"},{"@type":"ListItem","position":2,"name":"Cihaz Abonmanl\u0131\u011f\u0131na ba\u015flay\u0131n"}]},{"@type":"WebSite","@id":"https:\/\/devicenow.com\/#website","url":"https:\/\/devicenow.com\/","name":"devicenow","description":"","potentialAction":[{"@type":"SearchAction","target":{"@type":"EntryPoint","urlTemplate":"https:\/\/devicenow.com\/?s={search_term_string}"},"query-input":{"@type":"PropertyValueSpecification","valueRequired":true,"valueName":"search_term_string"}}],"inLanguage":"tr"}]}},"meta_box":{"description":"","descriptionde":"","descriptionnl":"","descriptiontr":"","descriptionit":"","descriptionfr":"","descriptiongr":"","descriptionpt":""},"_links":{"self":[{"href":"https:\/\/devicenow.com\/tr\/wp-json\/wp\/v2\/pages\/9598","targetHints":{"allow":["GET"]}}],"collection":[{"href":"https:\/\/devicenow.com\/tr\/wp-json\/wp\/v2\/pages"}],"about":[{"href":"https:\/\/devicenow.com\/tr\/wp-json\/wp\/v2\/types\/page"}],"author":[{"embeddable":true,"href":"https:\/\/devicenow.com\/tr\/wp-json\/wp\/v2\/users\/1"}],"replies":[{"embeddable":true,"href":"https:\/\/devicenow.com\/tr\/wp-json\/wp\/v2\/comments?post=9598"}],"version-history":[{"count":4,"href":"https:\/\/devicenow.com\/tr\/wp-json\/wp\/v2\/pages\/9598\/revisions"}],"predecessor-version":[{"id":10832,"href":"https:\/\/devicenow.com\/tr\/wp-json\/wp\/v2\/pages\/9598\/revisions\/10832"}],"wp:featuredmedia":[{"embeddable":true,"href":"https:\/\/devicenow.com\/tr\/wp-json\/wp\/v2\/media\/9351"}],"wp:attachment":[{"href":"https:\/\/devicenow.com\/tr\/wp-json\/wp\/v2\/media?parent=9598"}],"curies":[{"name":"wp","href":"https:\/\/api.w.org\/{rel}","templated":true}]}}