{"id":9449,"date":"2024-10-15T12:24:30","date_gmt":"2024-10-15T10:24:30","guid":{"rendered":"https:\/\/devicenow.com\/benefits\/"},"modified":"2026-04-14T10:57:17","modified_gmt":"2026-04-14T08:57:17","slug":"benefits","status":"publish","type":"page","link":"https:\/\/devicenow.com\/tr\/benefits\/","title":{"rendered":"Cihaz Abonmanl\u0131\u011f\u0131n\u0131n (DaaS) Avantajlar\u0131"},"content":{"rendered":"<div class='breakdance'><section class=\"bde-section-9449-235 bde-section\">\n              \n  \n  \n\t\n\n  <div class=\"section-background-overlay\"><\/div>\n\n\n        <div class=\"section-shape-divider-wrapper section-shape-divider-wrapper--1\">\n          <span class=\"section-shape-divider\">\n                      <svg\n                xmlns=\"http:\/\/www.w3.org\/2000\/svg\"\n                viewBox=\"0 0 1440 320\"\n                preserveAspectRatio=\"none\"\n            >\n              <path fill=\"currentColor\" fill-opacity=\"1\" d=\"M0,128L80,154.7C160,181,320,235,480,261.3C640,288,800,288,960,240C1120,192,1280,96,1360,48L1440,0L1440,320L1360,320C1280,320,1120,320,960,320C800,320,640,320,480,320C320,320,160,320,80,320L0,320Z\"><\/path>\n            <\/svg>\n                    <\/span>\n      <\/div>\n  <div class=\"section-container\"><div class=\"bde-div-9449-236 bde-div\">\n  \n  \n\t\n\n\n\n<div class=\"bde-columns-9449-237 bde-columns\"><div class=\"bde-column-9449-238 bde-column\">\n  \n  \n\t\n\n\n\n<h1 class=\"bde-heading-9449-239 bde-heading\">\n\u201cHizmet Olarak Cihaz\u201d\u0131n<br>Avantajlar\u0131\n<\/h1><div class=\"bde-text-9449-240 bde-text\">\nDaaS ile cihaz y\u00f6netimini kolayla\u015ft\u0131rabilir, maliyetleri d\u00fc\u015f\u00fcrebilir ve i\u015fletmenizin \u00e7evikli\u011fini koruyabilirsiniz. A\u015fa\u011f\u0131daki temel avantajlar\u0131 inceleyin ve size \u00f6zel \u00e7\u00f6z\u00fcmlerimizin operasyonlar\u0131n\u0131z\u0131 nas\u0131l iyile\u015ftirebilece\u011fini g\u00f6r\u00fcn.\n<\/div>\n<\/div><div class=\"bde-column-9449-241 bde-column\">\n  \n  \n\t\n\n\n\n<img decoding=\"async\" class=\"bde-image2-9449-242 bde-image2\" src=\"https:\/\/devicenow.com\/wp-content\/uploads\/Header_Benefits_of_DaaS-1.png\" loading=\"lazy\" srcset=\"https:\/\/devicenow.com\/wp-content\/uploads\/Header_Benefits_of_DaaS-1.png 1536w, https:\/\/devicenow.com\/wp-content\/uploads\/Header_Benefits_of_DaaS-1-448x299.png 448w, https:\/\/devicenow.com\/wp-content\/uploads\/Header_Benefits_of_DaaS-1-1024x683.png 1024w, https:\/\/devicenow.com\/wp-content\/uploads\/Header_Benefits_of_DaaS-1-150x100.png 150w, https:\/\/devicenow.com\/wp-content\/uploads\/Header_Benefits_of_DaaS-1-768x512.png 768w\" sizes=\"(max-width: 1536px) 100vw, 1536px\">\n<\/div><\/div>\n<\/div><\/div>\n<\/section><section class=\"bde-section-9449-271 bde-section\">\n  \n  \n\t\n\n\n\n<div class=\"section-container\"><div class=\"bde-div-9449-272 bde-div\">\n  \n  \n\t\n\n\n\n<div class=\"de-table-9449-273 de-table\">\n\n<table>\n        \n            <thead>\n            <tr>\n                                                        <th class=\"de-table-head\" >\n                        \n                    <\/th>\n                                                        <th class=\"de-table-head\" >\n                        Do\u011frudan Sat\u0131n Alma\n                    <\/th>\n                                                        <th class=\"de-table-head\" >\n                        Geleneksel Kiralama\n                    <\/th>\n                                                        <th class=\"de-table-head\" >\n                        devicenow Cihaz Abonmanl\u0131\u011f\u0131\n                    <\/th>\n                            <\/tr>\n        <\/thead>\n        \n    <tbody>\n                                    <tr>\n                                                                    <td>\n                                                            <b>Cihaz sahipli\u011fi<\/b>\n                                                    <\/td>\n                                                                    <td>\n                                                            Tam sahiplik: varl\u0131k \u015firkete aittir ve mali defterlere kaydedilir. Eski cihazlar kurulu\u015f i\u00e7inde kal\u0131r.\n                                                    <\/td>\n                                                                    <td>\n                                                            Cihazlar kullan\u0131m \u00f6m\u00fcrlerinin sonuna geldiklerinde, kiralama d\u00f6neminden sonra sahiplik veya m\u00fclkiyet ile ilgili kurumlar\u0131n bir y\u00fck\u00fcml\u00fcl\u00fc\u011f\u00fc yoktur.\n                                                    <\/td>\n                                                                    <td>\n                                                            Defter de\u011ferlerini kabartan ek varl\u0131klar\u0131n a\u011f\u0131rl\u0131\u011f\u0131 olmadan premium cihazlara eri\u015fim. Art\u0131k gerekli olmayan eski donan\u0131mlar\u0131 y\u00f6netme zorlu\u011funu ortadan kald\u0131r\u0131n.\n                                                    <\/td>\n                                    <\/tr>\n                            <tr>\n                                                                    <td>\n                                                            <b>Maliyet t\u00fcr\u00fc<\/b>\n                                                    <\/td>\n                                                                    <td>\n                                                            Tek seferlik gider olarak pe\u015fin \u00f6denen y\u00fcksek sat\u0131n alma maliyeti.\n                                                    <\/td>\n                                                                    <td>\n                                                            T\u00fcm kiralama d\u00f6nemi boyunca sabit ayl\u0131k kira \u00f6demeleri.\n                                                    <\/td>\n                                                                    <td>\n                                                            Kullan\u0131ma dayal\u0131, \u00f6ng\u00f6r\u00fclebilir ayl\u0131k \u00f6demeler.\n                                                    <\/td>\n                                    <\/tr>\n                            <tr>\n                                                                    <td>\n                                                            <b>Ya\u015fam d\u00f6ng\u00fcs\u00fc y\u00f6netimi<\/b>\n                                                    <\/td>\n                                                                    <td>\n                                                            Kullan\u0131m \u00f6mr\u00fc sonu onayl\u0131 veri silme, yeniden pazarlama veya varl\u0131klar\u0131n elden \u00e7\u0131kar\u0131lmas\u0131 dahil olmak \u00fczere cihazlar\u0131n ya\u015fam d\u00f6ng\u00fcs\u00fc y\u00f6netiminden tamamen siz sorumlusunuz.\n                                                    <\/td>\n                                                                    <td>\n                                                            Finansal kiralama durumunda, veri silme, yeniden pazarlama veya varl\u0131\u011f\u0131n elden \u00e7\u0131kar\u0131lmas\u0131 da dahil olmak \u00fczere d\u00f6nem sonunda ya\u015fam d\u00f6ng\u00fcs\u00fc y\u00f6netiminden siz sorumlusunuz.\n                                                    <\/td>\n                                                                    <td>\n                                                            Cihaz Abonmanl\u0131\u011f\u0131 ile tedarikten kullan\u0131m \u00f6mr\u00fc sonu sertifikal\u0131 veri silme, yeniden kullan\u0131m ve geri d\u00f6n\u00fc\u015f\u00fcme kadar t\u00fcm ya\u015fam d\u00f6ng\u00fcs\u00fc s\u00fcrecini biz y\u00f6netiyoruz.\n                                                    <\/td>\n                                    <\/tr>\n                            <tr>\n                                                                    <td>\n                                                            <b>Bak\u0131m ve onar\u0131m maliyetleri<\/b>\n                                                    <\/td>\n                                                                    <td>\n                                                            T\u00fcm bak\u0131m onar\u0131m maaliyetleri ve cihazlar\u0131n lojisti\u011fi size aittir.\n                                                    <\/td>\n                                                                    <td>\n                                                            Operasyonel leasing durumunda, onar\u0131m ve bak\u0131m masraflar\u0131n\u0131 ve sorumlulu\u011funu \u00fcstlenirsiniz. \u00dc\u00e7\u00fcnc\u00fc taraf hizmet sa\u011flay\u0131c\u0131lar\u0131 gerekli olabilir ve t\u00fcm bu i\u00e7 s\u00fcre\u00e7ler Leasing firmas\u0131 taraf\u0131ndan denetlenebilir.\n                                                    <\/td>\n                                                                    <td>\n                                                            \u00dclke veya konum fark etmeksizin herhangi bir ar\u0131za durumunda bir sonraki i\u015f g\u00fcn\u00fcne kadar size yeni cihaz temini sa\u011fl\u0131yoruz.\n                                                    <\/td>\n                                    <\/tr>\n                            <tr>\n                                                                    <td>\n                                                            <b>Esneklik<\/b>\n                                                    <\/td>\n                                                                    <td>\n                                                            Esneklik yok: E\u015fek \u00f6l\u00fcr dostluk biter.\n                                                    <\/td>\n                                                                    <td>\n                                                            S\u00f6zle\u015fme ortas\u0131nda \u015fartlar\u0131 de\u011fi\u015ftirmek i\u00e7in daha az esnekli\u011fe sahip sabit bir d\u00f6nem gerektirir.\n                                                    <\/td>\n                                                                    <td>\n                                                            Abonelik plan\u0131n\u0131 i\u015f ihtiya\u00e7lar\u0131na g\u00f6re de\u011fi\u015ftirmek i\u00e7in y\u00fcksek esneklik sunar.\n                                                    <\/td>\n                                    <\/tr>\n                        <\/tbody>\n<\/table>\n\n<\/div>\n<\/div><\/div>\n<\/section><section class=\"bde-section-9449-246 bde-section\">\n  \n  \n\t\n\n\n\n<div class=\"section-container\"><div class=\"bde-columns-9449-247 bde-columns\"><div class=\"bde-column-9449-248 bde-column\">\n  \n  \n\t\n\n\n\n<h2 class=\"bde-heading-9449-249 bde-heading\">\nZamandan ve maliyetten tasarruf edin\n<\/h2><div class=\"bde-text-9449-250 bde-text\">\nBT cihazlar\u0131n\u0131n y\u00f6netimini tek bir uzmana devrederek, i\u015fletmeler \u00f6nemli maliyet avantajlar\u0131 elde eder ve de\u011ferli zaman kazan\u0131r. Devicenow, k\u00fcresel \u201cCihaz Hizmeti\u201d sunumu i\u00e7in tek bir s\u00f6zle\u015fmeyle kapsaml\u0131 bir dizi \u00f6zellik sunar. Sonu\u00e7 olarak, \u00f6ng\u00f6r\u00fclebilir, ihtiyaca dayal\u0131 maliyetler ve verimli kaynak kullan\u0131m\u0131 sa\u011flan\u0131r.\n<\/div>\n<\/div><div class=\"bde-column-9449-251 bde-column\">\n  \n  \n\t\n\n\n\n<img decoding=\"async\" class=\"bde-image2-9449-252 bde-image2\" src=\"https:\/\/devicenow.com\/wp-content\/uploads\/benefits-of-daas.png\" loading=\"lazy\" srcset=\"https:\/\/devicenow.com\/wp-content\/uploads\/benefits-of-daas.png 1600w, https:\/\/devicenow.com\/wp-content\/uploads\/benefits-of-daas-448x298.png 448w, https:\/\/devicenow.com\/wp-content\/uploads\/benefits-of-daas-1024x682.png 1024w, https:\/\/devicenow.com\/wp-content\/uploads\/benefits-of-daas-150x100.png 150w, https:\/\/devicenow.com\/wp-content\/uploads\/benefits-of-daas-768x512.png 768w, https:\/\/devicenow.com\/wp-content\/uploads\/benefits-of-daas-1536x1023.png 1536w\" sizes=\"(max-width: 1600px) 100vw, 1600px\">\n<\/div><\/div><\/div>\n<\/section><section class=\"bde-section-9449-253 bde-section\">\n              \n  \n  \n\t\n\n  <div class=\"section-background-overlay\"><\/div>\n\n\n        <div class=\"section-shape-divider-wrapper section-shape-divider-wrapper--1\">\n          <span class=\"section-shape-divider\">\n                      <svg\n                xmlns=\"http:\/\/www.w3.org\/2000\/svg\"\n                viewBox=\"0 0 1440 320\"\n                preserveAspectRatio=\"none\"\n            >\n              <path fill=\"currentColor\" fill-opacity=\"1\" d=\"M0,128L80,154.7C160,181,320,235,480,261.3C640,288,800,288,960,240C1120,192,1280,96,1360,48L1440,0L1440,320L1360,320C1280,320,1120,320,960,320C800,320,640,320,480,320C320,320,160,320,80,320L0,320Z\"><\/path>\n            <\/svg>\n                    <\/span>\n      <\/div>\n  <div class=\"section-container\"><div class=\"bde-columns-9449-254 bde-columns\"><div class=\"bde-column-9449-255 bde-column\">\n  \n  \n\t\n\n\n\n<img decoding=\"async\" class=\"bde-image2-9449-256 bde-image2\" src=\"https:\/\/devicenow.com\/wp-content\/uploads\/smiling-and-talking-men-and-woman-are-working-in-2026-01-08-23-48-32-utc.jpg\" loading=\"lazy\" srcset=\"https:\/\/devicenow.com\/wp-content\/uploads\/smiling-and-talking-men-and-woman-are-working-in-2026-01-08-23-48-32-utc.jpg 1600w, https:\/\/devicenow.com\/wp-content\/uploads\/smiling-and-talking-men-and-woman-are-working-in-2026-01-08-23-48-32-utc-448x448.jpg 448w, https:\/\/devicenow.com\/wp-content\/uploads\/smiling-and-talking-men-and-woman-are-working-in-2026-01-08-23-48-32-utc-1024x1025.jpg 1024w, https:\/\/devicenow.com\/wp-content\/uploads\/smiling-and-talking-men-and-woman-are-working-in-2026-01-08-23-48-32-utc-150x150.jpg 150w, https:\/\/devicenow.com\/wp-content\/uploads\/smiling-and-talking-men-and-woman-are-working-in-2026-01-08-23-48-32-utc-768x768.jpg 768w, https:\/\/devicenow.com\/wp-content\/uploads\/smiling-and-talking-men-and-woman-are-working-in-2026-01-08-23-48-32-utc-1536x1536.jpg 1536w\" sizes=\"(max-width: 1600px) 100vw, 1600px\">\n<\/div><div class=\"bde-column-9449-257 bde-column\">\n  \n  \n\t\n\n\n\n<h2 class=\"bde-heading-9449-258 bde-heading\">\nEkiplerinizi en son teknolojiye sahip ve g\u00fcvenli \u00e7\u00f6z\u00fcmlerle donat\u0131n\n<\/h2><div class=\"bde-text-9449-259 bde-text\">\n\u201cCihaz Hizmeti\u201d teklifimiz, \u00e7al\u0131\u015fanlar\u0131n\u0131za en yeni cihazlar\u0131 sunarak i\u015fletmeniz i\u00e7in \u00fcst d\u00fczey g\u00fcvenlik sa\u011flar. Her s\u00f6zle\u015fme yenilemesinde kolayca y\u00fckseltme imkan\u0131 sayesinde ekibiniz teknolojinin en son geli\u015fmelerinden geri kalmaz. HP, Lenovo, Dell ve Apple gibi sekt\u00f6r liderleriyle i\u015f birli\u011fi yaparak, \u00f6zel ihtiya\u00e7lar\u0131n\u0131z\u0131 kar\u015f\u0131layan geni\u015f bir cihaz yelpazesi sunuyoruz. \n<\/div>\n<\/div><\/div><\/div>\n<\/section><section class=\"bde-section-9449-260 bde-section\">\n  \n  \n\t\n\n\n\n<div class=\"section-container\"><div class=\"bde-div-9449-261 bde-div\">\n  \n  \n\t\n\n\n\n<div class=\"bde-div-9449-262 bde-div\" data-entrance=\"fade\">\n              \n  \n  \n\t\n\n\n\n<h2 class=\"bde-heading-9449-263 bde-heading\" data-entrance=\"fade\">\nKurumsal d\u00fczeydeki \u201cCihaz Hizmeti\u201dnden yararlan\u0131n! \n<\/h2><div class=\"bde-div-9449-264 bde-div\">\n  \n  \n\t\n\n\n\n<a class=\"bde-container-link-9449-265 bde-container-link breakdance-link\" href=\"https:\/\/devicenow.com\/get-started-with-daas\/\" target=\"_self\" data-type=\"url\">\n  \n  \n\t\n\n\n\n<div class=\"bde-text-9449-266 bde-text text-color-hover\">\nFiyat teklifi almak i\u00e7in bizimle ileti\u015fime ge\u00e7in\n<\/div><div class=\"bde-icon-9449-267 bde-icon text-color-hover\">\n\n    \n            <div class=\"bde-icon-icon breakdance-icon-atom\" >\n    \n                    <svg xmlns=\"http:\/\/www.w3.org\/2000\/svg\" viewBox=\"0 0 448 512\"><!--! Font Awesome Free 6.5.1 by @fontawesome - https:\/\/fontawesome.com License - https:\/\/fontawesome.com\/license\/free (Icons: CC BY 4.0, Fonts: SIL OFL 1.1, Code: MIT License) Copyright 2023 Fonticons, Inc. --><path d=\"M438.6 278.6c12.5-12.5 12.5-32.8 0-45.3l-160-160c-12.5-12.5-32.8-12.5-45.3 0s-12.5 32.8 0 45.3L338.8 224 32 224c-17.7 0-32 14.3-32 32s14.3 32 32 32l306.7 0L233.4 393.4c-12.5 12.5-12.5 32.8 0 45.3s32.8 12.5 45.3 0l160-160z\"\/><\/svg>\n        \n        \n        \n            <\/div>\n    \n\n\n<\/div>\n\n<\/a>\n<\/div>\n<\/div>\n<\/div><\/div>\n<\/section><\/div>","protected":false},"excerpt":{"rendered":"<p>\u201cHizmet Olarak Cihaz\u201d\u0131nAvantajlar\u0131 DaaS ile cihaz y\u00f6netimini kolayla\u015ft\u0131rabilir, maliyetleri d\u00fc\u015f\u00fcrebilir ve i\u015fletmenizin \u00e7evikli\u011fini koruyabilirsiniz. A\u015fa\u011f\u0131daki temel avantajlar\u0131 inceleyin ve size \u00f6zel \u00e7\u00f6z\u00fcmlerimizin operasyonlar\u0131n\u0131z\u0131 nas\u0131l iyile\u015ftirebilece\u011fini g\u00f6r\u00fcn. Do\u011frudan Sat\u0131n Alma Geleneksel Kiralama devicenow Cihaz Abonmanl\u0131\u011f\u0131 Cihaz sahipli\u011fi Tam sahiplik: varl\u0131k \u015firkete aittir ve mali defterlere kaydedilir. Eski cihazlar kurulu\u015f i\u00e7inde kal\u0131r. Cihazlar kullan\u0131m \u00f6m\u00fcrlerinin sonuna geldiklerinde, [&hellip;]<\/p>\n","protected":false},"author":1,"featured_media":18900,"parent":0,"menu_order":0,"comment_status":"closed","ping_status":"closed","template":"","meta":{"content-type":"","_breakdance_hide_in_design_set":false,"_breakdance_tags":"","footnotes":""},"class_list":["post-9449","page","type-page","status-publish","has-post-thumbnail","hentry"],"yoast_head":"<!-- This site is optimized with the Yoast SEO plugin v27.4 - https:\/\/yoast.com\/product\/yoast-seo-wordpress\/ -->\n<title>Benefits of Device as a Service - Smarter Workplace IT with DaaS<\/title>\n<meta name=\"description\" content=\"See how devicenow DaaS improves IT flexibility, lowers costs, and eliminates ownership burdens compared to leasing or purchasing.\" \/>\n<meta name=\"robots\" content=\"index, follow, max-snippet:-1, max-image-preview:large, max-video-preview:-1\" \/>\n<link rel=\"canonical\" href=\"https:\/\/devicenow.com\/tr\/benefits\/\" \/>\n<meta property=\"og:locale\" content=\"tr_TR\" \/>\n<meta property=\"og:type\" content=\"article\" \/>\n<meta property=\"og:title\" content=\"Benefits of Device as a Service - Smarter Workplace IT with DaaS\" \/>\n<meta property=\"og:description\" content=\"See how devicenow DaaS improves IT flexibility, lowers costs, and eliminates ownership burdens compared to leasing or purchasing.\" \/>\n<meta property=\"og:url\" content=\"https:\/\/devicenow.com\/tr\/benefits\/\" \/>\n<meta property=\"og:site_name\" content=\"devicenow\" \/>\n<meta property=\"article:modified_time\" content=\"2026-04-14T08:57:17+00:00\" \/>\n<meta property=\"og:image\" content=\"https:\/\/devicenow.com\/wp-content\/uploads\/Header_Benefits_of_DaaS.png\" \/>\n\t<meta property=\"og:image:width\" content=\"1536\" \/>\n\t<meta property=\"og:image:height\" content=\"1024\" \/>\n\t<meta property=\"og:image:type\" content=\"image\/png\" \/>\n<meta name=\"twitter:card\" content=\"summary_large_image\" \/>\n<script type=\"application\/ld+json\" class=\"yoast-schema-graph\">{\"@context\":\"https:\\\/\\\/schema.org\",\"@graph\":[{\"@type\":\"WebPage\",\"@id\":\"https:\\\/\\\/devicenow.com\\\/tr\\\/benefits\\\/\",\"url\":\"https:\\\/\\\/devicenow.com\\\/tr\\\/benefits\\\/\",\"name\":\"Benefits of Device as a Service - Smarter Workplace IT with DaaS\",\"isPartOf\":{\"@id\":\"https:\\\/\\\/devicenow.com\\\/#website\"},\"primaryImageOfPage\":{\"@id\":\"https:\\\/\\\/devicenow.com\\\/tr\\\/benefits\\\/#primaryimage\"},\"image\":{\"@id\":\"https:\\\/\\\/devicenow.com\\\/tr\\\/benefits\\\/#primaryimage\"},\"thumbnailUrl\":\"https:\\\/\\\/devicenow.com\\\/wp-content\\\/uploads\\\/Header_Benefits_of_DaaS.png\",\"datePublished\":\"2024-10-15T10:24:30+00:00\",\"dateModified\":\"2026-04-14T08:57:17+00:00\",\"description\":\"See how devicenow DaaS improves IT flexibility, lowers costs, and eliminates ownership burdens compared to leasing or purchasing.\",\"breadcrumb\":{\"@id\":\"https:\\\/\\\/devicenow.com\\\/tr\\\/benefits\\\/#breadcrumb\"},\"inLanguage\":\"tr\",\"potentialAction\":[{\"@type\":\"ReadAction\",\"target\":[\"https:\\\/\\\/devicenow.com\\\/tr\\\/benefits\\\/\"]}]},{\"@type\":\"ImageObject\",\"inLanguage\":\"tr\",\"@id\":\"https:\\\/\\\/devicenow.com\\\/tr\\\/benefits\\\/#primaryimage\",\"url\":\"https:\\\/\\\/devicenow.com\\\/wp-content\\\/uploads\\\/Header_Benefits_of_DaaS.png\",\"contentUrl\":\"https:\\\/\\\/devicenow.com\\\/wp-content\\\/uploads\\\/Header_Benefits_of_DaaS.png\",\"width\":1536,\"height\":1024},{\"@type\":\"BreadcrumbList\",\"@id\":\"https:\\\/\\\/devicenow.com\\\/tr\\\/benefits\\\/#breadcrumb\",\"itemListElement\":[{\"@type\":\"ListItem\",\"position\":1,\"name\":\"Strona g\u0142\u00f3wna\",\"item\":\"https:\\\/\\\/devicenow.com\\\/tr\\\/\"},{\"@type\":\"ListItem\",\"position\":2,\"name\":\"Cihaz Abonmanl\u0131\u011f\u0131n\u0131n (DaaS) Avantajlar\u0131\"}]},{\"@type\":\"WebSite\",\"@id\":\"https:\\\/\\\/devicenow.com\\\/#website\",\"url\":\"https:\\\/\\\/devicenow.com\\\/\",\"name\":\"devicenow\",\"description\":\"\",\"potentialAction\":[{\"@type\":\"SearchAction\",\"target\":{\"@type\":\"EntryPoint\",\"urlTemplate\":\"https:\\\/\\\/devicenow.com\\\/?s={search_term_string}\"},\"query-input\":{\"@type\":\"PropertyValueSpecification\",\"valueRequired\":true,\"valueName\":\"search_term_string\"}}],\"inLanguage\":\"tr\"}]}<\/script>\n<!-- \/ Yoast SEO plugin. -->","yoast_head_json":{"title":"Benefits of Device as a Service - Smarter Workplace IT with DaaS","description":"See how devicenow DaaS improves IT flexibility, lowers costs, and eliminates ownership burdens compared to leasing or purchasing.","robots":{"index":"index","follow":"follow","max-snippet":"max-snippet:-1","max-image-preview":"max-image-preview:large","max-video-preview":"max-video-preview:-1"},"canonical":"https:\/\/devicenow.com\/tr\/benefits\/","og_locale":"tr_TR","og_type":"article","og_title":"Benefits of Device as a Service - Smarter Workplace IT with DaaS","og_description":"See how devicenow DaaS improves IT flexibility, lowers costs, and eliminates ownership burdens compared to leasing or purchasing.","og_url":"https:\/\/devicenow.com\/tr\/benefits\/","og_site_name":"devicenow","article_modified_time":"2026-04-14T08:57:17+00:00","og_image":[{"width":1536,"height":1024,"url":"https:\/\/devicenow.com\/wp-content\/uploads\/Header_Benefits_of_DaaS.png","type":"image\/png"}],"twitter_card":"summary_large_image","schema":{"@context":"https:\/\/schema.org","@graph":[{"@type":"WebPage","@id":"https:\/\/devicenow.com\/tr\/benefits\/","url":"https:\/\/devicenow.com\/tr\/benefits\/","name":"Benefits of Device as a Service - Smarter Workplace IT with DaaS","isPartOf":{"@id":"https:\/\/devicenow.com\/#website"},"primaryImageOfPage":{"@id":"https:\/\/devicenow.com\/tr\/benefits\/#primaryimage"},"image":{"@id":"https:\/\/devicenow.com\/tr\/benefits\/#primaryimage"},"thumbnailUrl":"https:\/\/devicenow.com\/wp-content\/uploads\/Header_Benefits_of_DaaS.png","datePublished":"2024-10-15T10:24:30+00:00","dateModified":"2026-04-14T08:57:17+00:00","description":"See how devicenow DaaS improves IT flexibility, lowers costs, and eliminates ownership burdens compared to leasing or purchasing.","breadcrumb":{"@id":"https:\/\/devicenow.com\/tr\/benefits\/#breadcrumb"},"inLanguage":"tr","potentialAction":[{"@type":"ReadAction","target":["https:\/\/devicenow.com\/tr\/benefits\/"]}]},{"@type":"ImageObject","inLanguage":"tr","@id":"https:\/\/devicenow.com\/tr\/benefits\/#primaryimage","url":"https:\/\/devicenow.com\/wp-content\/uploads\/Header_Benefits_of_DaaS.png","contentUrl":"https:\/\/devicenow.com\/wp-content\/uploads\/Header_Benefits_of_DaaS.png","width":1536,"height":1024},{"@type":"BreadcrumbList","@id":"https:\/\/devicenow.com\/tr\/benefits\/#breadcrumb","itemListElement":[{"@type":"ListItem","position":1,"name":"Strona g\u0142\u00f3wna","item":"https:\/\/devicenow.com\/tr\/"},{"@type":"ListItem","position":2,"name":"Cihaz Abonmanl\u0131\u011f\u0131n\u0131n (DaaS) Avantajlar\u0131"}]},{"@type":"WebSite","@id":"https:\/\/devicenow.com\/#website","url":"https:\/\/devicenow.com\/","name":"devicenow","description":"","potentialAction":[{"@type":"SearchAction","target":{"@type":"EntryPoint","urlTemplate":"https:\/\/devicenow.com\/?s={search_term_string}"},"query-input":{"@type":"PropertyValueSpecification","valueRequired":true,"valueName":"search_term_string"}}],"inLanguage":"tr"}]}},"meta_box":{"description":"","descriptionde":"","descriptionnl":"","descriptiontr":"\u0130\u015fletmeler, BT cihazlar\u0131n\u0131n y\u00f6netimini tek bir uzmana devrederek \u00f6nemli maliyet avantajlar\u0131ndan yararlan\u0131r ve de\u011ferli zamandan tasarruf eder.","descriptionit":"","descriptionfr":"","descriptiongr":"","descriptionpt":""},"_links":{"self":[{"href":"https:\/\/devicenow.com\/tr\/wp-json\/wp\/v2\/pages\/9449","targetHints":{"allow":["GET"]}}],"collection":[{"href":"https:\/\/devicenow.com\/tr\/wp-json\/wp\/v2\/pages"}],"about":[{"href":"https:\/\/devicenow.com\/tr\/wp-json\/wp\/v2\/types\/page"}],"author":[{"embeddable":true,"href":"https:\/\/devicenow.com\/tr\/wp-json\/wp\/v2\/users\/1"}],"replies":[{"embeddable":true,"href":"https:\/\/devicenow.com\/tr\/wp-json\/wp\/v2\/comments?post=9449"}],"version-history":[{"count":5,"href":"https:\/\/devicenow.com\/tr\/wp-json\/wp\/v2\/pages\/9449\/revisions"}],"predecessor-version":[{"id":20879,"href":"https:\/\/devicenow.com\/tr\/wp-json\/wp\/v2\/pages\/9449\/revisions\/20879"}],"wp:featuredmedia":[{"embeddable":true,"href":"https:\/\/devicenow.com\/tr\/wp-json\/wp\/v2\/media\/18900"}],"wp:attachment":[{"href":"https:\/\/devicenow.com\/tr\/wp-json\/wp\/v2\/media?parent=9449"}],"curies":[{"name":"wp","href":"https:\/\/api.w.org\/{rel}","templated":true}]}}