{"id":14256,"date":"2024-10-14T14:07:13","date_gmt":"2024-10-14T12:07:13","guid":{"rendered":"https:\/\/devicenow.com\/?page_id=14256"},"modified":"2025-11-26T13:37:10","modified_gmt":"2025-11-26T12:37:10","slug":"tesekkurler","status":"publish","type":"page","link":"https:\/\/devicenow.com\/tr\/tesekkurler\/","title":{"rendered":"Te\u015fekk\u00fcrler"},"content":{"rendered":"<div class='breakdance'><section class=\"bde-section-14256-100 bde-section\">\n  \n  \n\t\n\n\n\n<div class=\"section-container\"><h1 class=\"bde-heading-14256-101 bde-heading\" data-entrance=\"fade\">\nBize ula\u015ft\u0131\u011f\u0131n\u0131z i\u00e7in te\u015fekk\u00fcr ederiz!\n<\/h1><div class=\"bde-text-14256-102 bde-text\">\nBize ula\u015fmak i\u00e7in zaman ay\u0131rd\u0131\u011f\u0131n\u0131z i\u00e7in te\u015fekk\u00fcr ederiz. Size en k\u0131sa s\u00fcrede geri d\u00f6n\u00fc\u015f yapaca\u011f\u0131z. Bu arada, devicenow ile ilgili en s\u0131k sorulan sorular\u0131n yan\u0131tlar\u0131n\u0131 bulmak i\u00e7in SSS b\u00f6l\u00fcm\u00fcn\u00fc inceleyebilirsiniz.\n<\/div><div class=\"bde-div-14256-103 bde-div\">\n  \n  \n\t\n\n\n\n<a class=\"bde-container-link-14256-104 bde-container-link breakdance-link\" href=\"https:\/\/devicenow.com\/tr\/faq\" target=\"_self\" data-type=\"url\">\n  \n  \n\t\n\n\n\n<div class=\"bde-text-14256-105 bde-text text-color-hover\">\nS\u0131k\u00e7a Sorulan Sorular b\u00f6l\u00fcm\u00fcn\u00fc inceleyin.\n<\/div><div class=\"bde-icon-14256-106 bde-icon text-color-hover\">\n\n    \n            <div class=\"bde-icon-icon breakdance-icon-atom\" >\n    \n                    <svg xmlns=\"http:\/\/www.w3.org\/2000\/svg\" viewBox=\"0 0 448 512\"><!--! Font Awesome Free 6.5.1 by @fontawesome - https:\/\/fontawesome.com License - https:\/\/fontawesome.com\/license\/free (Icons: CC BY 4.0, Fonts: SIL OFL 1.1, Code: MIT License) Copyright 2023 Fonticons, Inc. --><path d=\"M438.6 278.6c12.5-12.5 12.5-32.8 0-45.3l-160-160c-12.5-12.5-32.8-12.5-45.3 0s-12.5 32.8 0 45.3L338.8 224 32 224c-17.7 0-32 14.3-32 32s14.3 32 32 32l306.7 0L233.4 393.4c-12.5 12.5-12.5 32.8 0 45.3s32.8 12.5 45.3 0l160-160z\"\/><\/svg>\n        \n        \n        \n            <\/div>\n    \n\n\n<\/div>\n\n<\/a>\n<\/div><div class=\"bde-simple-image-14256-107 bde-simple-image\">\n  \n\n\n\n\n\n  \n    \n      <img decoding=\"async\" class=\"breakdance-image-object\" src=\"https:\/\/devicenow.com\/wp-content\/uploads\/devicenow-circle-big.svg\" width=\"\" height=\"\">\n\n      \n    \n  \n<\/div><div class=\"bde-simple-image-14256-108 bde-simple-image\">\n  \n\n\n\n\n\n  \n    \n      <img decoding=\"async\" class=\"breakdance-image-object\" src=\"https:\/\/devicenow.com\/wp-content\/uploads\/devicenow-circle-big.svg\" width=\"\" height=\"\">\n\n      \n    \n  \n<\/div><\/div>\n<\/section><\/div>","protected":false},"excerpt":{"rendered":"<p>Bize ula\u015ft\u0131\u011f\u0131n\u0131z i\u00e7in te\u015fekk\u00fcr ederiz! Bize ula\u015fmak i\u00e7in zaman ay\u0131rd\u0131\u011f\u0131n\u0131z i\u00e7in te\u015fekk\u00fcr ederiz. Size en k\u0131sa s\u00fcrede geri d\u00f6n\u00fc\u015f yapaca\u011f\u0131z. Bu arada, devicenow ile ilgili en s\u0131k sorulan sorular\u0131n yan\u0131tlar\u0131n\u0131 bulmak i\u00e7in SSS b\u00f6l\u00fcm\u00fcn\u00fc inceleyebilirsiniz. S\u0131k\u00e7a Sorulan Sorular b\u00f6l\u00fcm\u00fcn\u00fc inceleyin.<\/p>\n","protected":false},"author":7,"featured_media":0,"parent":0,"menu_order":0,"comment_status":"closed","ping_status":"closed","template":"","meta":{"content-type":"","_breakdance_hide_in_design_set":false,"_breakdance_tags":"","footnotes":""},"class_list":["post-14256","page","type-page","status-publish","hentry"],"yoast_head":"<!-- This site is optimized with the Yoast SEO plugin v27.3 - https:\/\/yoast.com\/product\/yoast-seo-wordpress\/ -->\n<title>Te\u015fekk\u00fcrler - devicenow<\/title>\n<meta name=\"robots\" content=\"index, follow, max-snippet:-1, max-image-preview:large, max-video-preview:-1\" \/>\n<link rel=\"canonical\" href=\"https:\/\/devicenow.com\/tr\/tesekkurler\/\" \/>\n<meta property=\"og:locale\" content=\"tr_TR\" \/>\n<meta property=\"og:type\" content=\"article\" \/>\n<meta property=\"og:title\" content=\"Te\u015fekk\u00fcrler - devicenow\" \/>\n<meta property=\"og:description\" content=\"Bize ula\u015ft\u0131\u011f\u0131n\u0131z i\u00e7in te\u015fekk\u00fcr ederiz! Bize ula\u015fmak i\u00e7in zaman ay\u0131rd\u0131\u011f\u0131n\u0131z i\u00e7in te\u015fekk\u00fcr ederiz. Size en k\u0131sa s\u00fcrede geri d\u00f6n\u00fc\u015f yapaca\u011f\u0131z. Bu arada, devicenow ile ilgili en s\u0131k sorulan sorular\u0131n yan\u0131tlar\u0131n\u0131 bulmak i\u00e7in SSS b\u00f6l\u00fcm\u00fcn\u00fc inceleyebilirsiniz. S\u0131k\u00e7a Sorulan Sorular b\u00f6l\u00fcm\u00fcn\u00fc inceleyin.\" \/>\n<meta property=\"og:url\" content=\"https:\/\/devicenow.com\/tr\/tesekkurler\/\" \/>\n<meta property=\"og:site_name\" content=\"devicenow\" \/>\n<meta property=\"article:modified_time\" content=\"2025-11-26T12:37:10+00:00\" \/>\n<meta name=\"twitter:card\" content=\"summary_large_image\" \/>\n<script type=\"application\/ld+json\" class=\"yoast-schema-graph\">{\"@context\":\"https:\\\/\\\/schema.org\",\"@graph\":[{\"@type\":\"WebPage\",\"@id\":\"https:\\\/\\\/devicenow.com\\\/tr\\\/tesekkurler\\\/\",\"url\":\"https:\\\/\\\/devicenow.com\\\/tr\\\/tesekkurler\\\/\",\"name\":\"Te\u015fekk\u00fcrler - devicenow\",\"isPartOf\":{\"@id\":\"https:\\\/\\\/devicenow.com\\\/#website\"},\"datePublished\":\"2024-10-14T12:07:13+00:00\",\"dateModified\":\"2025-11-26T12:37:10+00:00\",\"breadcrumb\":{\"@id\":\"https:\\\/\\\/devicenow.com\\\/tr\\\/tesekkurler\\\/#breadcrumb\"},\"inLanguage\":\"tr\",\"potentialAction\":[{\"@type\":\"ReadAction\",\"target\":[\"https:\\\/\\\/devicenow.com\\\/tr\\\/tesekkurler\\\/\"]}]},{\"@type\":\"BreadcrumbList\",\"@id\":\"https:\\\/\\\/devicenow.com\\\/tr\\\/tesekkurler\\\/#breadcrumb\",\"itemListElement\":[{\"@type\":\"ListItem\",\"position\":1,\"name\":\"Strona g\u0142\u00f3wna\",\"item\":\"https:\\\/\\\/devicenow.com\\\/tr\\\/\"},{\"@type\":\"ListItem\",\"position\":2,\"name\":\"Te\u015fekk\u00fcrler\"}]},{\"@type\":\"WebSite\",\"@id\":\"https:\\\/\\\/devicenow.com\\\/#website\",\"url\":\"https:\\\/\\\/devicenow.com\\\/\",\"name\":\"devicenow\",\"description\":\"\",\"potentialAction\":[{\"@type\":\"SearchAction\",\"target\":{\"@type\":\"EntryPoint\",\"urlTemplate\":\"https:\\\/\\\/devicenow.com\\\/?s={search_term_string}\"},\"query-input\":{\"@type\":\"PropertyValueSpecification\",\"valueRequired\":true,\"valueName\":\"search_term_string\"}}],\"inLanguage\":\"tr\"}]}<\/script>\n<!-- \/ Yoast SEO plugin. -->","yoast_head_json":{"title":"Te\u015fekk\u00fcrler - devicenow","robots":{"index":"index","follow":"follow","max-snippet":"max-snippet:-1","max-image-preview":"max-image-preview:large","max-video-preview":"max-video-preview:-1"},"canonical":"https:\/\/devicenow.com\/tr\/tesekkurler\/","og_locale":"tr_TR","og_type":"article","og_title":"Te\u015fekk\u00fcrler - devicenow","og_description":"Bize ula\u015ft\u0131\u011f\u0131n\u0131z i\u00e7in te\u015fekk\u00fcr ederiz! Bize ula\u015fmak i\u00e7in zaman ay\u0131rd\u0131\u011f\u0131n\u0131z i\u00e7in te\u015fekk\u00fcr ederiz. Size en k\u0131sa s\u00fcrede geri d\u00f6n\u00fc\u015f yapaca\u011f\u0131z. Bu arada, devicenow ile ilgili en s\u0131k sorulan sorular\u0131n yan\u0131tlar\u0131n\u0131 bulmak i\u00e7in SSS b\u00f6l\u00fcm\u00fcn\u00fc inceleyebilirsiniz. S\u0131k\u00e7a Sorulan Sorular b\u00f6l\u00fcm\u00fcn\u00fc inceleyin.","og_url":"https:\/\/devicenow.com\/tr\/tesekkurler\/","og_site_name":"devicenow","article_modified_time":"2025-11-26T12:37:10+00:00","twitter_card":"summary_large_image","schema":{"@context":"https:\/\/schema.org","@graph":[{"@type":"WebPage","@id":"https:\/\/devicenow.com\/tr\/tesekkurler\/","url":"https:\/\/devicenow.com\/tr\/tesekkurler\/","name":"Te\u015fekk\u00fcrler - devicenow","isPartOf":{"@id":"https:\/\/devicenow.com\/#website"},"datePublished":"2024-10-14T12:07:13+00:00","dateModified":"2025-11-26T12:37:10+00:00","breadcrumb":{"@id":"https:\/\/devicenow.com\/tr\/tesekkurler\/#breadcrumb"},"inLanguage":"tr","potentialAction":[{"@type":"ReadAction","target":["https:\/\/devicenow.com\/tr\/tesekkurler\/"]}]},{"@type":"BreadcrumbList","@id":"https:\/\/devicenow.com\/tr\/tesekkurler\/#breadcrumb","itemListElement":[{"@type":"ListItem","position":1,"name":"Strona g\u0142\u00f3wna","item":"https:\/\/devicenow.com\/tr\/"},{"@type":"ListItem","position":2,"name":"Te\u015fekk\u00fcrler"}]},{"@type":"WebSite","@id":"https:\/\/devicenow.com\/#website","url":"https:\/\/devicenow.com\/","name":"devicenow","description":"","potentialAction":[{"@type":"SearchAction","target":{"@type":"EntryPoint","urlTemplate":"https:\/\/devicenow.com\/?s={search_term_string}"},"query-input":{"@type":"PropertyValueSpecification","valueRequired":true,"valueName":"search_term_string"}}],"inLanguage":"tr"}]}},"meta_box":{"description":"","descriptionde":"","descriptionnl":"","descriptiontr":"","descriptionit":"","descriptionfr":"","descriptiongr":"","descriptionpt":""},"_links":{"self":[{"href":"https:\/\/devicenow.com\/tr\/wp-json\/wp\/v2\/pages\/14256","targetHints":{"allow":["GET"]}}],"collection":[{"href":"https:\/\/devicenow.com\/tr\/wp-json\/wp\/v2\/pages"}],"about":[{"href":"https:\/\/devicenow.com\/tr\/wp-json\/wp\/v2\/types\/page"}],"author":[{"embeddable":true,"href":"https:\/\/devicenow.com\/tr\/wp-json\/wp\/v2\/users\/7"}],"replies":[{"embeddable":true,"href":"https:\/\/devicenow.com\/tr\/wp-json\/wp\/v2\/comments?post=14256"}],"version-history":[{"count":5,"href":"https:\/\/devicenow.com\/tr\/wp-json\/wp\/v2\/pages\/14256\/revisions"}],"predecessor-version":[{"id":14274,"href":"https:\/\/devicenow.com\/tr\/wp-json\/wp\/v2\/pages\/14256\/revisions\/14274"}],"wp:attachment":[{"href":"https:\/\/devicenow.com\/tr\/wp-json\/wp\/v2\/media?parent=14256"}],"curies":[{"name":"wp","href":"https:\/\/api.w.org\/{rel}","templated":true}]}}