{"id":22141,"date":"2025-03-04T10:58:16","date_gmt":"2025-03-04T09:58:16","guid":{"rendered":"https:\/\/devicenow.com\/?page_id=22141"},"modified":"2026-04-30T10:47:07","modified_gmt":"2026-04-30T08:47:07","slug":"os-nossos-compromissos","status":"publish","type":"page","link":"https:\/\/devicenow.com\/pt-pt\/os-nossos-compromissos\/","title":{"rendered":"Os nossos compromissos"},"content":{"rendered":"<div class='breakdance'><section class=\"bde-section-22141-100 bde-section\">\n              \n  \n  \n\t\n\n  <div class=\"section-background-overlay\"><\/div>\n\n\n        <div class=\"section-shape-divider-wrapper section-shape-divider-wrapper--1\">\n          <span class=\"section-shape-divider\">\n                      <svg\n                xmlns=\"http:\/\/www.w3.org\/2000\/svg\"\n                viewBox=\"0 0 1440 320\"\n                preserveAspectRatio=\"none\"\n            >\n              <path fill=\"currentColor\" fill-opacity=\"1\" d=\"M0,128L80,154.7C160,181,320,235,480,261.3C640,288,800,288,960,240C1120,192,1280,96,1360,48L1440,0L1440,320L1360,320C1280,320,1120,320,960,320C800,320,640,320,480,320C320,320,160,320,80,320L0,320Z\"><\/path>\n            <\/svg>\n                    <\/span>\n      <\/div>\n  <div class=\"section-container\"><div class=\"bde-div-22141-101 bde-div\">\n  \n  \n\t\n\n\n\n<div class=\"bde-columns-22141-102 bde-columns\"><div class=\"bde-column-22141-103 bde-column\">\n  \n  \n\t\n\n\n\n<h1 class=\"bde-heading-22141-104 bde-heading\">\nOs nossos compromissos\n<\/h1><div class=\"bde-text-22141-105 bde-text\">\nPrestamos servi\u00e7os de excel\u00eancia a clientes em todo o mundo e melhoramos continuamente atrav\u00e9s de objetivos mensur\u00e1veis. Ao mesmo tempo, defendemos elevados padr\u00f5es sociais, \u00e9ticos e ambientais para gerar um impacto positivo para os nossos clientes, as comunidades e o planeta.\n<\/div>\n<\/div><div class=\"bde-column-22141-106 bde-column\">\n  \n  \n\t\n\n\n\n<img decoding=\"async\" class=\"bde-image2-22141-107 bde-image2\" src=\"https:\/\/devicenow.com\/wp-content\/uploads\/backgrounds-8.jpg\" loading=\"lazy\" srcset=\"https:\/\/devicenow.com\/wp-content\/uploads\/backgrounds-8.jpg 2000w, https:\/\/devicenow.com\/wp-content\/uploads\/backgrounds-8-448x299.jpg 448w, https:\/\/devicenow.com\/wp-content\/uploads\/backgrounds-8-1024x682.jpg 1024w, https:\/\/devicenow.com\/wp-content\/uploads\/backgrounds-8-150x100.jpg 150w, https:\/\/devicenow.com\/wp-content\/uploads\/backgrounds-8-768x512.jpg 768w, https:\/\/devicenow.com\/wp-content\/uploads\/backgrounds-8-1536x1024.jpg 1536w\" sizes=\"(max-width: 2000px) 100vw, 2000px\">\n<\/div><\/div>\n<\/div><\/div>\n<\/section><section class=\"bde-section-22141-108 bde-section\">\n              \n  \n  \n\t\n\n  <div class=\"section-background-overlay\"><\/div>\n\n\n        <div class=\"section-shape-divider-wrapper section-shape-divider-wrapper--1\">\n          <span class=\"section-shape-divider\">\n                      <svg\n                xmlns=\"http:\/\/www.w3.org\/2000\/svg\"\n                viewBox=\"0 0 1440 320\"\n                preserveAspectRatio=\"none\"\n            >\n              <path fill=\"currentColor\" fill-opacity=\"1\" d=\"M0,128L80,154.7C160,181,320,235,480,261.3C640,288,800,288,960,240C1120,192,1280,96,1360,48L1440,0L1440,320L1360,320C1280,320,1120,320,960,320C800,320,640,320,480,320C320,320,160,320,80,320L0,320Z\"><\/path>\n            <\/svg>\n                    <\/span>\n      <\/div>\n  <div class=\"section-container\"><div class=\"bde-div-22141-109 bde-div\">\n  \n  \n\t\n\n\n\n<div class=\"bde-columns-22141-110 bde-columns\"><div class=\"bde-column-22141-111 bde-column\">\n  \n  \n\t\n\n\n\n<h2 class=\"bde-heading-22141-112 bde-heading\" data-entrance=\"fade\">\nResponsabilidade social, \u00e9tica e ambiental\n<\/h2><div class=\"bde-text-22141-113 bde-text\">\nNa devicenow, estamos empenhados em respeitar os mais elevados padr\u00f5es de responsabilidade social, \u00e9tica e ambiental em todas as nossas opera\u00e7\u00f5es globais. A nossa pol\u00edtica est\u00e1 em conformidade com a legisla\u00e7\u00e3o local e internacional e baseia-se no C\u00f3digo de Conduta da Responsible Business Alliance, na Declara\u00e7\u00e3o da OIT sobre os Princ\u00edpios e Direitos Fundamentais no Trabalho e na Declara\u00e7\u00e3o Universal dos Direitos Humanos da ONU. <br><br>Estamos empenhados em respeitar as normas laborais, garantindo que todo o emprego \u00e9 volunt\u00e1rio e isento de trabalho for\u00e7ado e infantil. Oferecemos sal\u00e1rios justos e hor\u00e1rios de trabalho razo\u00e1veis, aplicando uma pol\u00edtica de toler\u00e2ncia zero em rela\u00e7\u00e3o \u00e0 discrimina\u00e7\u00e3o e ao ass\u00e9dio. O nosso objetivo \u00e9 criar um ambiente inclusivo onde todos os colaboradores possam prosperar.<br><br>Damos prioridade \u00e0 sa\u00fade e \u00e0 seguran\u00e7a, mantendo condi\u00e7\u00f5es de trabalho seguras e proporcionando forma\u00e7\u00e3o cont\u00ednua em seguran\u00e7a para capacitar os colaboradores na preven\u00e7\u00e3o de acidentes e na resposta a emerg\u00eancias. O acesso a instala\u00e7\u00f5es sanit\u00e1rias e de sa\u00fade adequadas \u00e9 tamb\u00e9m essencial para manter o bem-estar dos colaboradores no local de trabalho.<br><br>O nosso compromisso com a responsabilidade ambiental passa pela minimiza\u00e7\u00e3o dos impactos, atrav\u00e9s do cumprimento dos requisitos das licen\u00e7as e da redu\u00e7\u00e3o ativa dos res\u00edduos. Estamos empenhados na conserva\u00e7\u00e3o dos recursos naturais, refletindo o nosso compromisso com a sustentabilidade para as gera\u00e7\u00f5es futuras.<br><br>A \u00e9tica \u00e9 fundamental para as nossas opera\u00e7\u00f5es. Damos \u00eanfase \u00e0 integridade em todas as nossas rela\u00e7\u00f5es comerciais e cumprimos as leis anticorrup\u00e7\u00e3o e as pr\u00e1ticas de concorr\u00eancia leal. A transpar\u00eancia e a responsabiliza\u00e7\u00e3o nos nossos registos s\u00e3o fundamentais, refor\u00e7ando o nosso compromisso com pr\u00e1ticas \u00e9ticas e a constru\u00e7\u00e3o de confian\u00e7a.<br><br>Promovemos uma cultura de conformidade e melhoria cont\u00ednua nos nossos padr\u00f5es sociais, \u00e9ticos e ambientais. Qualquer incumprimento das nossas pol\u00edticas resultar\u00e1 em medidas disciplinares, garantindo que defendemos estes princ\u00edpios. Se tiver alguma d\u00favida, contacte-nos.\n<\/div><div class=\"bde-div-22141-114 bde-div\">\n  \n  \n\t\n\n\n\n<a class=\"bde-container-link-22141-115 bde-container-link breakdance-link\" href=\"mailto:quality@devicenow.com\" target=\"_self\" data-type=\"url\">\n  \n  \n\t\n\n\n\n<div class=\"bde-text-22141-116 bde-text text-color-hover\">\nContacte a nossa equipa de qualidade\n<\/div><div class=\"bde-icon-22141-117 bde-icon text-color-hover\">\n\n    \n            <div class=\"bde-icon-icon breakdance-icon-atom\" >\n    \n                    <svg xmlns=\"http:\/\/www.w3.org\/2000\/svg\" viewBox=\"0 0 448 512\"><!--! Font Awesome Free 6.5.1 by @fontawesome - https:\/\/fontawesome.com License - https:\/\/fontawesome.com\/license\/free (Icons: CC BY 4.0, Fonts: SIL OFL 1.1, Code: MIT License) Copyright 2023 Fonticons, Inc. --><path d=\"M438.6 278.6c12.5-12.5 12.5-32.8 0-45.3l-160-160c-12.5-12.5-32.8-12.5-45.3 0s-12.5 32.8 0 45.3L338.8 224 32 224c-17.7 0-32 14.3-32 32s14.3 32 32 32l306.7 0L233.4 393.4c-12.5 12.5-12.5 32.8 0 45.3s32.8 12.5 45.3 0l160-160z\"\/><\/svg>\n        \n        \n        \n            <\/div>\n    \n\n\n<\/div>\n\n<\/a>\n<\/div>\n<\/div><\/div>\n<\/div><\/div>\n<\/section><section class=\"bde-section-22141-118 bde-section\">\n  \n  \n\t\n\n\n\n        <div class=\"section-shape-divider-wrapper section-shape-divider-wrapper--1\">\n          <span class=\"section-shape-divider\">\n                      <svg\n                xmlns=\"http:\/\/www.w3.org\/2000\/svg\"\n                viewBox=\"0 0 1440 320\"\n                preserveAspectRatio=\"none\"\n            >\n              <path fill=\"currentColor\" fill-opacity=\"1\" d=\"M0,160L120,181.3C240,203,480,245,720,224C960,203,1200,117,1320,74.7L1440,32L1440,320L1320,320C1200,320,960,320,720,320C480,320,240,320,120,320L0,320Z\"><\/path>\n            <\/svg>\n                    <\/span>\n      <\/div>\n        <div class=\"section-shape-divider-wrapper section-shape-divider-wrapper--2\">\n          <span class=\"section-shape-divider\">\n                      <svg\n                xmlns=\"http:\/\/www.w3.org\/2000\/svg\"\n                viewBox=\"0 0 1440 320\"\n                preserveAspectRatio=\"none\"\n            >\n              <path fill=\"currentColor\" fill-opacity=\"1\" d=\"M0,160L120,181.3C240,203,480,245,720,224C960,203,1200,117,1320,74.7L1440,32L1440,320L1320,320C1200,320,960,320,720,320C480,320,240,320,120,320L0,320Z\"><\/path>\n            <\/svg>\n                    <\/span>\n      <\/div>\n  <div class=\"section-container\"><div class=\"bde-div-22141-119 bde-div\">\n  \n  \n\t\n\n\n\n<div class=\"bde-columns-22141-120 bde-columns\"><div class=\"bde-column-22141-121 bde-column\">\n  \n  \n\t\n\n\n\n<h2 class=\"bde-heading-22141-122 bde-heading\">\ndevicenow and United Nations Global Compact \n<\/h2><div class=\"bde-text-22141-123 bde-text\">\nApoiamos firmemente a iniciativa da ONU para promover uma economia global justa e sustent\u00e1vel. O Pacto Global da ONU (UNGC) \u00e9 a maior e mais importante iniciativa para uma gest\u00e3o empresarial respons\u00e1vel e sustent\u00e1vel a n\u00edvel mundial.<br><br>Como participantes, estamos empenhados em alinhar as nossas a\u00e7\u00f5es com os princ\u00edpios do Pacto Global da ONU, promovendo uma cultura de integridade e sustentabilidade empresarial. Reconhecemos as nossas responsabilidades fundamentais nas \u00e1reas dos direitos humanos, do trabalho, do ambiente e da luta contra a corrup\u00e7\u00e3o. Ao aderirmos a esta iniciativa, temos uma oportunidade valiosa de contribuir para um futuro melhor para todos.<br>\n<\/div><div class=\"bde-div-22141-124 bde-div\">\n  \n  \n\t\n\n\n\n<a class=\"bde-container-link-22141-125 bde-container-link breakdance-link\" href=\"www.unglobalcompact.org\" target=\"_self\" data-type=\"url\">\n  \n  \n\t\n\n\n\n<div class=\"bde-text-22141-126 bde-text text-color-hover\">\nMais informa\u00e7\u00f5es\n<\/div><div class=\"bde-icon-22141-127 bde-icon text-color-hover\">\n\n    \n            <div class=\"bde-icon-icon breakdance-icon-atom\" >\n    \n                    <svg xmlns=\"http:\/\/www.w3.org\/2000\/svg\" viewBox=\"0 0 448 512\"><!--! Font Awesome Free 6.5.1 by @fontawesome - https:\/\/fontawesome.com License - https:\/\/fontawesome.com\/license\/free (Icons: CC BY 4.0, Fonts: SIL OFL 1.1, Code: MIT License) Copyright 2023 Fonticons, Inc. --><path d=\"M438.6 278.6c12.5-12.5 12.5-32.8 0-45.3l-160-160c-12.5-12.5-32.8-12.5-45.3 0s-12.5 32.8 0 45.3L338.8 224 32 224c-17.7 0-32 14.3-32 32s14.3 32 32 32l306.7 0L233.4 393.4c-12.5 12.5-12.5 32.8 0 45.3s32.8 12.5 45.3 0l160-160z\"\/><\/svg>\n        \n        \n        \n            <\/div>\n    \n\n\n<\/div>\n\n<\/a>\n<\/div>\n<\/div><div class=\"bde-column-22141-128 bde-column\">\n  \n  \n\t\n\n\n\n<div class=\"bde-simple-image-22141-129 bde-simple-image light\" data-entrance=\"fade\">\n  \n\n\n\n\n\n  \n    \n      <img decoding=\"async\" class=\"breakdance-image-object\" src=\"https:\/\/devicenow.com\/wp-content\/uploads\/un-global.png\" width=\"387\" height=\"399\" srcset=\"https:\/\/devicenow.com\/wp-content\/uploads\/un-global.png 387w, https:\/\/devicenow.com\/wp-content\/uploads\/un-global-150x155.png 150w\" sizes=\"auto, (max-width: 387px) 100vw, 387px\" loading=\"lazy\">\n\n      \n    \n  \n<\/div><div class=\"bde-simple-image-22141-130 bde-simple-image dark\" data-entrance=\"fade\">\n  \n\n\n\n\n\n  \n    \n      <img decoding=\"async\" class=\"breakdance-image-object\" src=\"https:\/\/devicenow.com\/wp-content\/uploads\/un-global-black.webp\" width=\"387\" height=\"399\" srcset=\"https:\/\/devicenow.com\/wp-content\/uploads\/un-global-black.webp 387w, https:\/\/devicenow.com\/wp-content\/uploads\/un-global-black-150x155.webp 150w\" sizes=\"auto, (max-width: 387px) 100vw, 387px\" loading=\"lazy\">\n\n      \n    \n  \n<\/div>\n<\/div><\/div>\n<\/div><\/div>\n<\/section><section class=\"bde-section-22141-131 bde-section\">\n  \n  \n\t\n\n\n\n<div class=\"section-container\"><div class=\"bde-div-22141-132 bde-div\">\n  \n  \n\t\n\n\n\n<div class=\"bde-columns-22141-133 bde-columns\"><div class=\"bde-column-22141-134 bde-column\">\n  \n  \n\t\n\n\n\n<div class=\"bde-simple-image-22141-135 bde-simple-image\" data-entrance=\"fade\">\n  \n\n\n\n\n\n  \n    \n      <img loading=\"lazy\" decoding=\"async\" class=\"breakdance-image-object\" src=\"https:\/\/devicenow.com\/wp-content\/uploads\/2025-ecovadis-platnium-badge.png\" width=\"400\" height=\"400\" srcset=\"https:\/\/devicenow.com\/wp-content\/uploads\/2025-ecovadis-platnium-badge.png 400w, https:\/\/devicenow.com\/wp-content\/uploads\/2025-ecovadis-platnium-badge-150x150.png 150w\" sizes=\"auto, (max-width: 400px) 100vw, 400px\">\n\n      \n    \n  \n<\/div>\n<\/div><div class=\"bde-column-22141-136 bde-column\">\n  \n  \n\t\n\n\n\n<h2 class=\"bde-heading-22141-137 bde-heading\">\nEcoVadis\n<\/h2><div class=\"bde-text-22141-138 bde-text\">\nComo parte do Grupo CHG-MERIDIAN, recebemos a classifica\u00e7\u00e3o EcoVadis Platinum, o que nos coloca entre o 1% das melhores empresas de um total de mais de 130 000 em todo o mundo!\n<\/div><div class=\"bde-text-22141-139 bde-text\">\nA sustentabilidade est\u00e1 no centro de tudo o que fazemos; estamos empenhados em minimizar o nosso impacto ambiental, promover pr\u00e1ticas \u00e9ticas e garantir um abastecimento respons\u00e1vel.\n<\/div><div class=\"bde-div-22141-140 bde-div\">\n  \n  \n\t\n\n\n\n<a class=\"bde-container-link-22141-141 bde-container-link breakdance-link\" href=\"https:\/\/devicenow.com\/pt-pt\/sustentabilidade\" target=\"_self\" data-type=\"url\">\n  \n  \n\t\n\n\n\n<div class=\"bde-text-22141-142 bde-text text-color-hover\">\nSaiba mais\n<\/div><div class=\"bde-icon-22141-143 bde-icon text-color-hover\">\n\n    \n            <div class=\"bde-icon-icon breakdance-icon-atom\" >\n    \n                    <svg xmlns=\"http:\/\/www.w3.org\/2000\/svg\" viewBox=\"0 0 448 512\"><!--! Font Awesome Free 6.5.1 by @fontawesome - https:\/\/fontawesome.com License - https:\/\/fontawesome.com\/license\/free (Icons: CC BY 4.0, Fonts: SIL OFL 1.1, Code: MIT License) Copyright 2023 Fonticons, Inc. --><path d=\"M438.6 278.6c12.5-12.5 12.5-32.8 0-45.3l-160-160c-12.5-12.5-32.8-12.5-45.3 0s-12.5 32.8 0 45.3L338.8 224 32 224c-17.7 0-32 14.3-32 32s14.3 32 32 32l306.7 0L233.4 393.4c-12.5 12.5-12.5 32.8 0 45.3s32.8 12.5 45.3 0l160-160z\"\/><\/svg>\n        \n        \n        \n            <\/div>\n    \n\n\n<\/div>\n\n<\/a>\n<\/div>\n<\/div><\/div>\n<\/div><\/div>\n<\/section><section class=\"bde-section-22141-144 bde-section\">\n              \n  \n  \n\t\n\n\n\n<div class=\"section-container\"><h2 class=\"bde-heading-22141-145 bde-heading\" data-entrance=\"fade\">\nProcedimento de den\u00fancia\n<\/h2><div class=\"bde-rich-text-22141-146 bde-rich-text breakdance-rich-text-styles\">\n<p>Canais de den\u00fancia fi\u00e1veis, tanto para as partes interessadas internas como externas, juntamente com a prote\u00e7\u00e3o dos denunciantes, s\u00e3o essenciais para uma conformidade eficaz.<\/p><p>Na devicenow, disponibilizamos v\u00e1rias op\u00e7\u00f5es para que os denunciantes possam comunicar quaisquer viola\u00e7\u00f5es de conformidade. A nossa <a href=\"https:\/\/devicenow.hinweisgeberschutzsystem.de\/\">ferramenta online<\/a> oferece uma forma segura de comunicar, de forma confidencial e, se desejado, an\u00f3nima, potenciais viola\u00e7\u00f5es. Para al\u00e9m de utilizar a ferramenta, os indiv\u00edduos tamb\u00e9m podem enviar e-mails para o nosso Departamento de Conformidade atrav\u00e9s do endere\u00e7o <a href=\"mailto:whistleblow@devicenow.com\">whistleblow@devicenow.com<\/a>.<\/p><p>A nossa pol\u00edtica interna garante que as den\u00fancias feitas de boa-f\u00e9 est\u00e3o protegidas contra retalia\u00e7\u00f5es. Al\u00e9m disso, a presun\u00e7\u00e3o de inoc\u00eancia aplica-se aos indiv\u00edduos at\u00e9 que seja provada a sua culpa por qualquer viola\u00e7\u00e3o.<\/p>\n<\/div><\/div>\n<\/section><section class=\"bde-section-22141-147 bde-section\">\n  \n  \n\t\n\n\n\n        <div class=\"section-shape-divider-wrapper section-shape-divider-wrapper--1\">\n          <span class=\"section-shape-divider\">\n                      <svg\n                xmlns=\"http:\/\/www.w3.org\/2000\/svg\"\n                viewBox=\"0 0 1440 320\"\n                preserveAspectRatio=\"none\"\n            >\n              <path fill=\"currentColor\" fill-opacity=\"1\" d=\"M0,128L80,154.7C160,181,320,235,480,261.3C640,288,800,288,960,240C1120,192,1280,96,1360,48L1440,0L1440,320L1360,320C1280,320,1120,320,960,320C800,320,640,320,480,320C320,320,160,320,80,320L0,320Z\"><\/path>\n            <\/svg>\n                    <\/span>\n      <\/div>\n  <div class=\"section-container\"><div class=\"bde-div-22141-148 bde-div\" data-entrance=\"fade\">\n              \n  \n  \n\t\n\n\n\n<h2 class=\"bde-heading-22141-149 bde-heading\" data-entrance=\"fade\">\nDescubra como estamos a moldar o futuro do DaaS em todo o mundo. \n<\/h2><div class=\"bde-div-22141-150 bde-div\">\n  \n  \n\t\n\n\n\n<a class=\"bde-container-link-22141-151 bde-container-link breakdance-link\" href=\"https:\/\/devicenow.com\/pt-pt\/sobre-nos\" target=\"_self\" data-type=\"url\">\n  \n  \n\t\n\n\n\n<div class=\"bde-text-22141-152 bde-text text-color-hover\">\nSobre n\u00f3s\n<\/div><div class=\"bde-icon-22141-153 bde-icon text-color-hover\">\n\n    \n            <div class=\"bde-icon-icon breakdance-icon-atom\" >\n    \n                    <svg xmlns=\"http:\/\/www.w3.org\/2000\/svg\" viewBox=\"0 0 448 512\"><!--! Font Awesome Free 6.5.1 by @fontawesome - https:\/\/fontawesome.com License - https:\/\/fontawesome.com\/license\/free (Icons: CC BY 4.0, Fonts: SIL OFL 1.1, Code: MIT License) Copyright 2023 Fonticons, Inc. --><path d=\"M438.6 278.6c12.5-12.5 12.5-32.8 0-45.3l-160-160c-12.5-12.5-32.8-12.5-45.3 0s-12.5 32.8 0 45.3L338.8 224 32 224c-17.7 0-32 14.3-32 32s14.3 32 32 32l306.7 0L233.4 393.4c-12.5 12.5-12.5 32.8 0 45.3s32.8 12.5 45.3 0l160-160z\"\/><\/svg>\n        \n        \n        \n            <\/div>\n    \n\n\n<\/div>\n\n<\/a>\n<\/div>\n<\/div><\/div>\n<\/section><\/div>","protected":false},"excerpt":{"rendered":"<p>Os nossos compromissos Prestamos servi\u00e7os de excel\u00eancia a clientes em todo o mundo e melhoramos continuamente atrav\u00e9s de objetivos mensur\u00e1veis. Ao mesmo tempo, defendemos elevados padr\u00f5es sociais, \u00e9ticos e ambientais para gerar um impacto positivo para os nossos clientes, as comunidades e o planeta. Responsabilidade social, \u00e9tica e ambiental Na devicenow, estamos empenhados em respeitar [&hellip;]<\/p>\n","protected":false},"author":7,"featured_media":12087,"parent":0,"menu_order":0,"comment_status":"closed","ping_status":"closed","template":"","meta":{"content-type":"","_breakdance_hide_in_design_set":false,"_breakdance_tags":"","footnotes":""},"class_list":["post-22141","page","type-page","status-publish","has-post-thumbnail","hentry"],"yoast_head":"<!-- This site is optimized with the Yoast SEO plugin v27.5 - https:\/\/yoast.com\/product\/yoast-seo-wordpress\/ -->\n<title>Os nossos compromissos - devicenow<\/title>\n<meta name=\"robots\" content=\"index, follow, max-snippet:-1, max-image-preview:large, max-video-preview:-1\" \/>\n<link rel=\"canonical\" href=\"https:\/\/devicenow.com\/pt-pt\/os-nossos-compromissos\/\" \/>\n<meta property=\"og:locale\" content=\"pt_PT\" \/>\n<meta property=\"og:type\" content=\"article\" \/>\n<meta property=\"og:title\" content=\"Os nossos compromissos - devicenow\" \/>\n<meta property=\"og:description\" content=\"Os nossos compromissos Prestamos servi\u00e7os de excel\u00eancia a clientes em todo o mundo e melhoramos continuamente atrav\u00e9s de objetivos mensur\u00e1veis. Ao mesmo tempo, defendemos elevados padr\u00f5es sociais, \u00e9ticos e ambientais para gerar um impacto positivo para os nossos clientes, as comunidades e o planeta. Responsabilidade social, \u00e9tica e ambiental Na devicenow, estamos empenhados em respeitar [&hellip;]\" \/>\n<meta property=\"og:url\" content=\"https:\/\/devicenow.com\/pt-pt\/os-nossos-compromissos\/\" \/>\n<meta property=\"og:site_name\" content=\"devicenow\" \/>\n<meta property=\"article:modified_time\" content=\"2026-04-30T08:47:07+00:00\" \/>\n<meta property=\"og:image\" content=\"https:\/\/devicenow.com\/wp-content\/uploads\/sustainable-scaled.jpg\" \/>\n\t<meta property=\"og:image:width\" content=\"2560\" \/>\n\t<meta property=\"og:image:height\" content=\"1707\" \/>\n\t<meta property=\"og:image:type\" content=\"image\/jpeg\" \/>\n<meta name=\"twitter:card\" content=\"summary_large_image\" \/>\n<script type=\"application\/ld+json\" class=\"yoast-schema-graph\">{\"@context\":\"https:\\\/\\\/schema.org\",\"@graph\":[{\"@type\":\"WebPage\",\"@id\":\"https:\\\/\\\/devicenow.com\\\/pt-pt\\\/os-nossos-compromissos\\\/\",\"url\":\"https:\\\/\\\/devicenow.com\\\/pt-pt\\\/os-nossos-compromissos\\\/\",\"name\":\"Os nossos compromissos - devicenow\",\"isPartOf\":{\"@id\":\"https:\\\/\\\/devicenow.com\\\/#website\"},\"primaryImageOfPage\":{\"@id\":\"https:\\\/\\\/devicenow.com\\\/pt-pt\\\/os-nossos-compromissos\\\/#primaryimage\"},\"image\":{\"@id\":\"https:\\\/\\\/devicenow.com\\\/pt-pt\\\/os-nossos-compromissos\\\/#primaryimage\"},\"thumbnailUrl\":\"https:\\\/\\\/devicenow.com\\\/wp-content\\\/uploads\\\/sustainable-scaled.jpg\",\"datePublished\":\"2025-03-04T09:58:16+00:00\",\"dateModified\":\"2026-04-30T08:47:07+00:00\",\"breadcrumb\":{\"@id\":\"https:\\\/\\\/devicenow.com\\\/pt-pt\\\/os-nossos-compromissos\\\/#breadcrumb\"},\"inLanguage\":\"pt-PT\",\"potentialAction\":[{\"@type\":\"ReadAction\",\"target\":[\"https:\\\/\\\/devicenow.com\\\/pt-pt\\\/os-nossos-compromissos\\\/\"]}]},{\"@type\":\"ImageObject\",\"inLanguage\":\"pt-PT\",\"@id\":\"https:\\\/\\\/devicenow.com\\\/pt-pt\\\/os-nossos-compromissos\\\/#primaryimage\",\"url\":\"https:\\\/\\\/devicenow.com\\\/wp-content\\\/uploads\\\/sustainable-scaled.jpg\",\"contentUrl\":\"https:\\\/\\\/devicenow.com\\\/wp-content\\\/uploads\\\/sustainable-scaled.jpg\",\"width\":2560,\"height\":1707,\"caption\":\"Aerial view of summer green trees in forest in mountains\"},{\"@type\":\"BreadcrumbList\",\"@id\":\"https:\\\/\\\/devicenow.com\\\/pt-pt\\\/os-nossos-compromissos\\\/#breadcrumb\",\"itemListElement\":[{\"@type\":\"ListItem\",\"position\":1,\"name\":\"Strona g\u0142\u00f3wna\",\"item\":\"https:\\\/\\\/devicenow.com\\\/pt-pt\\\/\"},{\"@type\":\"ListItem\",\"position\":2,\"name\":\"Os nossos compromissos\"}]},{\"@type\":\"WebSite\",\"@id\":\"https:\\\/\\\/devicenow.com\\\/#website\",\"url\":\"https:\\\/\\\/devicenow.com\\\/\",\"name\":\"devicenow\",\"description\":\"\",\"potentialAction\":[{\"@type\":\"SearchAction\",\"target\":{\"@type\":\"EntryPoint\",\"urlTemplate\":\"https:\\\/\\\/devicenow.com\\\/?s={search_term_string}\"},\"query-input\":{\"@type\":\"PropertyValueSpecification\",\"valueRequired\":true,\"valueName\":\"search_term_string\"}}],\"inLanguage\":\"pt-PT\"}]}<\/script>\n<!-- \/ Yoast SEO plugin. -->","yoast_head_json":{"title":"Os nossos compromissos - devicenow","robots":{"index":"index","follow":"follow","max-snippet":"max-snippet:-1","max-image-preview":"max-image-preview:large","max-video-preview":"max-video-preview:-1"},"canonical":"https:\/\/devicenow.com\/pt-pt\/os-nossos-compromissos\/","og_locale":"pt_PT","og_type":"article","og_title":"Os nossos compromissos - devicenow","og_description":"Os nossos compromissos Prestamos servi\u00e7os de excel\u00eancia a clientes em todo o mundo e melhoramos continuamente atrav\u00e9s de objetivos mensur\u00e1veis. Ao mesmo tempo, defendemos elevados padr\u00f5es sociais, \u00e9ticos e ambientais para gerar um impacto positivo para os nossos clientes, as comunidades e o planeta. Responsabilidade social, \u00e9tica e ambiental Na devicenow, estamos empenhados em respeitar [&hellip;]","og_url":"https:\/\/devicenow.com\/pt-pt\/os-nossos-compromissos\/","og_site_name":"devicenow","article_modified_time":"2026-04-30T08:47:07+00:00","og_image":[{"width":2560,"height":1707,"url":"https:\/\/devicenow.com\/wp-content\/uploads\/sustainable-scaled.jpg","type":"image\/jpeg"}],"twitter_card":"summary_large_image","schema":{"@context":"https:\/\/schema.org","@graph":[{"@type":"WebPage","@id":"https:\/\/devicenow.com\/pt-pt\/os-nossos-compromissos\/","url":"https:\/\/devicenow.com\/pt-pt\/os-nossos-compromissos\/","name":"Os nossos compromissos - devicenow","isPartOf":{"@id":"https:\/\/devicenow.com\/#website"},"primaryImageOfPage":{"@id":"https:\/\/devicenow.com\/pt-pt\/os-nossos-compromissos\/#primaryimage"},"image":{"@id":"https:\/\/devicenow.com\/pt-pt\/os-nossos-compromissos\/#primaryimage"},"thumbnailUrl":"https:\/\/devicenow.com\/wp-content\/uploads\/sustainable-scaled.jpg","datePublished":"2025-03-04T09:58:16+00:00","dateModified":"2026-04-30T08:47:07+00:00","breadcrumb":{"@id":"https:\/\/devicenow.com\/pt-pt\/os-nossos-compromissos\/#breadcrumb"},"inLanguage":"pt-PT","potentialAction":[{"@type":"ReadAction","target":["https:\/\/devicenow.com\/pt-pt\/os-nossos-compromissos\/"]}]},{"@type":"ImageObject","inLanguage":"pt-PT","@id":"https:\/\/devicenow.com\/pt-pt\/os-nossos-compromissos\/#primaryimage","url":"https:\/\/devicenow.com\/wp-content\/uploads\/sustainable-scaled.jpg","contentUrl":"https:\/\/devicenow.com\/wp-content\/uploads\/sustainable-scaled.jpg","width":2560,"height":1707,"caption":"Aerial view of summer green trees in forest in mountains"},{"@type":"BreadcrumbList","@id":"https:\/\/devicenow.com\/pt-pt\/os-nossos-compromissos\/#breadcrumb","itemListElement":[{"@type":"ListItem","position":1,"name":"Strona g\u0142\u00f3wna","item":"https:\/\/devicenow.com\/pt-pt\/"},{"@type":"ListItem","position":2,"name":"Os nossos compromissos"}]},{"@type":"WebSite","@id":"https:\/\/devicenow.com\/#website","url":"https:\/\/devicenow.com\/","name":"devicenow","description":"","potentialAction":[{"@type":"SearchAction","target":{"@type":"EntryPoint","urlTemplate":"https:\/\/devicenow.com\/?s={search_term_string}"},"query-input":{"@type":"PropertyValueSpecification","valueRequired":true,"valueName":"search_term_string"}}],"inLanguage":"pt-PT"}]}},"meta_box":{"description":"","descriptionde":"","descriptionnl":"","descriptiontr":"","descriptionit":"","descriptionfr":"","descriptiongr":"","descriptionpt":""},"_links":{"self":[{"href":"https:\/\/devicenow.com\/pt-pt\/wp-json\/wp\/v2\/pages\/22141","targetHints":{"allow":["GET"]}}],"collection":[{"href":"https:\/\/devicenow.com\/pt-pt\/wp-json\/wp\/v2\/pages"}],"about":[{"href":"https:\/\/devicenow.com\/pt-pt\/wp-json\/wp\/v2\/types\/page"}],"author":[{"embeddable":true,"href":"https:\/\/devicenow.com\/pt-pt\/wp-json\/wp\/v2\/users\/7"}],"replies":[{"embeddable":true,"href":"https:\/\/devicenow.com\/pt-pt\/wp-json\/wp\/v2\/comments?post=22141"}],"version-history":[{"count":3,"href":"https:\/\/devicenow.com\/pt-pt\/wp-json\/wp\/v2\/pages\/22141\/revisions"}],"predecessor-version":[{"id":22146,"href":"https:\/\/devicenow.com\/pt-pt\/wp-json\/wp\/v2\/pages\/22141\/revisions\/22146"}],"wp:featuredmedia":[{"embeddable":true,"href":"https:\/\/devicenow.com\/pt-pt\/wp-json\/wp\/v2\/media\/12087"}],"wp:attachment":[{"href":"https:\/\/devicenow.com\/pt-pt\/wp-json\/wp\/v2\/media?parent=22141"}],"curies":[{"name":"wp","href":"https:\/\/api.w.org\/{rel}","templated":true}]}}