{"id":12321,"date":"2024-10-17T13:27:49","date_gmt":"2024-10-17T11:27:49","guid":{"rendered":"https:\/\/devicenow.com\/imprint\/"},"modified":"2025-09-24T20:05:48","modified_gmt":"2025-09-24T18:05:48","slug":"impressao","status":"publish","type":"page","link":"https:\/\/devicenow.com\/pt-pt\/impressao\/","title":{"rendered":"Impress\u00e3o"},"content":{"rendered":"<div class='breakdance'><section class=\"bde-section-12321-100 bde-section\">\n  \n  \n\t\n\n\n\n<div class=\"section-container\"><h1 class=\"bde-heading-12321-101 bde-heading\">\nImpress\u00e3o\n<\/h1><div class=\"bde-rich-text-12321-102 bde-rich-text breakdance-rich-text-styles\">\n<div class=\"post-master-container\"><div class=\"entry-content\"><div id=\"\" class=\"section section--nmt\"><div class=\"grid grid--t100 grid--100-10 grid--hc grid--nmt grid--nmb\"><div class=\"grid__container\"><div class=\"grid__column\"><div class=\"area wysiwyg \"><p>a devicenow GmbH \u00e9 membro do Grupo CHG-MERIDIAN.<br \/>a devicenow GmbH, representada pelos Diretores-Gerais Sven Matthiesen e Steffen Reichmann, \u00e9 a provedora e, portanto, respons\u00e1vel pela oferta on-line comercial e relacionada a neg\u00f3cios.<\/p><\/div><\/div><\/div><\/div><\/div><div id=\"\" class=\"section section--nmb\"><div class=\"grid grid--t100 grid--100\"><div class=\"grid__container\"><div class=\"grid__column\"><div class=\"area wysiwyg \"><h2 class=\"headline headline--2\">Impress\u00e3o<\/h2><\/div><\/div><\/div><\/div><div class=\"grid grid--t50 grid--50-6-6 grid--nmb\"><div class=\"grid__container\"><div class=\"grid__column\"><div class=\"area wysiwyg \"><p>Informa\u00e7\u00f5es de acordo com o par\u00e1grafo 2, se\u00e7\u00e3o 1 da portaria sobre obriga\u00e7\u00f5es de informa\u00e7\u00e3o para provedores de servi\u00e7os (DL-InfoV). Essa oferta on-line \u00e9 fornecida por:<\/p><p>devicenow GmbH<\/p><p>Franz-Beer-Stra\u00dfe 111<br \/>88250 Weingarten<br \/>Alemanha<\/p><p>E-Mail:\u00a0info@devicenow.com<br \/>Web:\u00a0www.devicenow.com<\/p><p>Telefone: +49 (0)751 503696<\/p><p>Diretores executivos: Sven Matthiesen, Steffen Reichmann<\/p><p>Tribunal de registro: Ulm HRB 744438<\/p><p>Escrit\u00f3rio fiscal: Weingarten<br \/>N\u00famero de identifica\u00e7\u00e3o do imposto sobre vendas: DE353347832<\/p><p>Tribunal de jurisdi\u00e7\u00e3o: Ravensburg<br \/>Lei aplic\u00e1vel: Lei da Rep\u00fablica Federal da Alemanha (BRD)<\/p><\/div><\/div><div class=\"grid__column\"><div class=\"area wysiwyg \"><h5 class=\"headline headline--5\">C\u00e2mara respons\u00e1vel<\/h5><p class=\"headline headline--5\">C\u00e2mara de Ind\u00fastria e Com\u00e9rcio, Weingarten<\/p><h5>Respons\u00e1vel pelo conte\u00fado jornal\u00edstico-editorial<\/h5><p>Sven Matthiesen, e-mail: sven.matthiesen@devicenow.com<\/p><h5>Diretor de prote\u00e7\u00e3o de dados<\/h5><p>de acordo com o Art. 37 GDPR i. V. m. \u00a7 38 para.1 FDPA-novo:<br \/>Deutsche Datenschutzkanzlei, E-Mail: dataprotection@devicenow.com<\/p><\/div><\/div><\/div><\/div><\/div><div id=\"\" class=\"section section--nmt\"><div class=\"grid grid--t100 grid--100-8 grid--nmt grid--nmb\"><div class=\"grid__container\"><div class=\"grid__column\"><div class=\"area wysiwyg \"><h4>Responsabilidade<\/h4><p>a devicenow GmbH pode, a seu pr\u00f3prio crit\u00e9rio e sem assumir responsabilidade, alterar ou encerrar esta oferta on-line, no todo ou em parte, a qualquer momento e sem aviso pr\u00e9vio. Ao publicar um link para uma oferta on-line de terceiros (\"\"Hiperlinks\"\"), a devicenow GmbH n\u00e3o aceita a propriedade da oferta on-line ou de seu conte\u00fado.<\/p><\/div><\/div><\/div><\/div><div class=\"grid grid--t100 grid--100-8 grid--nmt grid--nmb\"><div class=\"grid__container\"><div class=\"grid__column\"><div class=\"area wysiwyg \"><h4>\u00a9 Copyright<\/h4><p>Todos os direitos s\u00e3o reservados. O texto, as imagens e os gr\u00e1ficos, bem como sua disposi\u00e7\u00e3o na oferta on-line, est\u00e3o sujeitos \u00e0 prote\u00e7\u00e3o de direitos autorais e a outras leis de prote\u00e7\u00e3o. O conte\u00fado desta oferta on-line n\u00e3o pode ser copiado, disseminado ou alterado para fins comerciais ou disponibilizado a terceiros.<\/p><p>\u00a9 Fontes de imagens com direitos autorais:<br \/>iStock (Getty Images Deutschland GmbH)<\/p><\/div><\/div><\/div><\/div><div class=\"grid grid--t100 grid--100-8 grid--nmt grid--nmb\"><div class=\"grid__container\"><div class=\"grid__column\"><div class=\"area wysiwyg \"><h4 class=\"headline headline--4\">Informa\u00e7\u00f5es sobre prote\u00e7\u00e3o de dados<\/h4><p class=\"headline headline--4\">Aqui voc\u00ea encontra nossas informa\u00e7\u00f5es sobre prote\u00e7\u00e3o de dados.<\/p><\/div><\/div><\/div><\/div><div class=\"grid grid--t100 grid--100-8 grid--nmt grid--nmb\"><div class=\"grid__container\"><div class=\"grid__column\"><div class=\"area wysiwyg \"><h4 class=\"headline headline--4\">Regulamenta\u00e7\u00e3o da bateria<\/h4><p class=\"headline headline--4\">Observa\u00e7\u00e3o sobre a devolu\u00e7\u00e3o de baterias de acordo com o \u00a712 BatterieVO:<\/p><p>a devicenow GmbH \u00e9 obrigada, de acordo com a regulamenta\u00e7\u00e3o de baterias, a informar o usu\u00e1rio sobre o seguinte em rela\u00e7\u00e3o \u00e0 venda de baterias ou baterias recarreg\u00e1veis, ou com o fornecimento de dispositivos que contenham baterias ou baterias recarreg\u00e1veis:<\/p><p>As baterias n\u00e3o devem ser descartadas no lixo dom\u00e9stico. O usu\u00e1rio, como usu\u00e1rio final, \u00e9 legalmente obrigado a devolver as baterias vazias. O usu\u00e1rio pode devolver as baterias ap\u00f3s o uso no ponto de venda ou em sua vizinhan\u00e7a imediata (por exemplo, em pontos de coleta municipais ou lojas) gratuitamente. O usu\u00e1rio tamb\u00e9m tem a op\u00e7\u00e3o de devolver as baterias pelo correio. O usu\u00e1rio pode entrar em contato com sua empresa de instala\u00e7\u00e3o para fazer a devolu\u00e7\u00e3o.<\/p><p>As baterias ou pilhas recarreg\u00e1veis que cont\u00eam poluentes s\u00e3o marcadas com o s\u00edmbolo de uma lixeira riscada. O nome qu\u00edmico do poluente pode ser encontrado pr\u00f3ximo ao s\u00edmbolo da lixeira.<\/p><p>Explica\u00e7\u00e3o: Cd significa c\u00e1dmio, Pb significa chumbo e Hg significa merc\u00fario.<\/p><\/div><\/div><\/div><\/div><div class=\"grid grid--t100 grid--100-8 grid--nmt grid--nmb\"><div class=\"grid__container\"><div class=\"grid__column\"><div class=\"area wysiwyg \"><h4 class=\"headline headline--4\">Observa\u00e7\u00e3o: Lei Geral sobre Igualdade de Tratamento (GAET)<\/h4><p class=\"headline headline--4\">Para facilitar a leitura, n\u00e3o \u00e9 feita nenhuma distin\u00e7\u00e3o espec\u00edfica de g\u00eanero neste documento. Os termos usados se aplicam, no contexto da igualdade de tratamento, a ambos os g\u00eaneros.<\/p><\/div><\/div><\/div><\/div><\/div><\/div><\/div>\n<\/div><\/div>\n<\/section><\/div>","protected":false},"excerpt":{"rendered":"<p>Impress\u00e3o a devicenow GmbH \u00e9 membro do Grupo CHG-MERIDIAN.a devicenow GmbH, representada pelos Diretores-Gerais Sven Matthiesen e Steffen Reichmann, \u00e9 a provedora e, portanto, respons\u00e1vel pela oferta on-line comercial e relacionada a neg\u00f3cios.Impress\u00e3oInforma\u00e7\u00f5es de acordo com o par\u00e1grafo 2, se\u00e7\u00e3o 1 da portaria sobre obriga\u00e7\u00f5es de informa\u00e7\u00e3o para provedores de servi\u00e7os (DL-InfoV). Essa oferta on-line [&hellip;]<\/p>\n","protected":false},"author":1,"featured_media":0,"parent":0,"menu_order":0,"comment_status":"closed","ping_status":"closed","template":"","meta":{"content-type":"","_breakdance_hide_in_design_set":false,"_breakdance_tags":"","footnotes":""},"class_list":["post-12321","page","type-page","status-publish","hentry"],"yoast_head":"<!-- This site is optimized with the Yoast SEO plugin v27.3 - https:\/\/yoast.com\/product\/yoast-seo-wordpress\/ -->\n<title>Impress\u00e3o - devicenow<\/title>\n<meta name=\"description\" content=\"Legal information and contact details for devicenow GmbH, including company registration, managing directors, and data protection officer.\" \/>\n<meta name=\"robots\" content=\"index, follow, max-snippet:-1, max-image-preview:large, max-video-preview:-1\" \/>\n<link rel=\"canonical\" href=\"https:\/\/devicenow.com\/pt-pt\/impressao\/\" \/>\n<meta property=\"og:locale\" content=\"pt_PT\" \/>\n<meta property=\"og:type\" content=\"article\" \/>\n<meta property=\"og:title\" content=\"Impress\u00e3o - devicenow\" \/>\n<meta property=\"og:description\" content=\"Legal information and contact details for devicenow GmbH, including company registration, managing directors, and data protection officer.\" \/>\n<meta property=\"og:url\" content=\"https:\/\/devicenow.com\/pt-pt\/impressao\/\" \/>\n<meta property=\"og:site_name\" content=\"devicenow\" \/>\n<meta property=\"article:modified_time\" content=\"2025-09-24T18:05:48+00:00\" \/>\n<meta name=\"twitter:card\" content=\"summary_large_image\" \/>\n<script type=\"application\/ld+json\" class=\"yoast-schema-graph\">{\"@context\":\"https:\\\/\\\/schema.org\",\"@graph\":[{\"@type\":\"WebPage\",\"@id\":\"https:\\\/\\\/devicenow.com\\\/pt-pt\\\/impressao\\\/\",\"url\":\"https:\\\/\\\/devicenow.com\\\/pt-pt\\\/impressao\\\/\",\"name\":\"Impress\u00e3o - devicenow\",\"isPartOf\":{\"@id\":\"https:\\\/\\\/devicenow.com\\\/#website\"},\"datePublished\":\"2024-10-17T11:27:49+00:00\",\"dateModified\":\"2025-09-24T18:05:48+00:00\",\"description\":\"Legal information and contact details for devicenow GmbH, including company registration, managing directors, and data protection officer.\",\"breadcrumb\":{\"@id\":\"https:\\\/\\\/devicenow.com\\\/pt-pt\\\/impressao\\\/#breadcrumb\"},\"inLanguage\":\"pt-PT\",\"potentialAction\":[{\"@type\":\"ReadAction\",\"target\":[\"https:\\\/\\\/devicenow.com\\\/pt-pt\\\/impressao\\\/\"]}]},{\"@type\":\"BreadcrumbList\",\"@id\":\"https:\\\/\\\/devicenow.com\\\/pt-pt\\\/impressao\\\/#breadcrumb\",\"itemListElement\":[{\"@type\":\"ListItem\",\"position\":1,\"name\":\"Strona g\u0142\u00f3wna\",\"item\":\"https:\\\/\\\/devicenow.com\\\/pt-pt\\\/\"},{\"@type\":\"ListItem\",\"position\":2,\"name\":\"Impress\u00e3o\"}]},{\"@type\":\"WebSite\",\"@id\":\"https:\\\/\\\/devicenow.com\\\/#website\",\"url\":\"https:\\\/\\\/devicenow.com\\\/\",\"name\":\"devicenow\",\"description\":\"\",\"potentialAction\":[{\"@type\":\"SearchAction\",\"target\":{\"@type\":\"EntryPoint\",\"urlTemplate\":\"https:\\\/\\\/devicenow.com\\\/?s={search_term_string}\"},\"query-input\":{\"@type\":\"PropertyValueSpecification\",\"valueRequired\":true,\"valueName\":\"search_term_string\"}}],\"inLanguage\":\"pt-PT\"}]}<\/script>\n<!-- \/ Yoast SEO plugin. -->","yoast_head_json":{"title":"Impress\u00e3o - devicenow","description":"Legal information and contact details for devicenow GmbH, including company registration, managing directors, and data protection officer.","robots":{"index":"index","follow":"follow","max-snippet":"max-snippet:-1","max-image-preview":"max-image-preview:large","max-video-preview":"max-video-preview:-1"},"canonical":"https:\/\/devicenow.com\/pt-pt\/impressao\/","og_locale":"pt_PT","og_type":"article","og_title":"Impress\u00e3o - devicenow","og_description":"Legal information and contact details for devicenow GmbH, including company registration, managing directors, and data protection officer.","og_url":"https:\/\/devicenow.com\/pt-pt\/impressao\/","og_site_name":"devicenow","article_modified_time":"2025-09-24T18:05:48+00:00","twitter_card":"summary_large_image","schema":{"@context":"https:\/\/schema.org","@graph":[{"@type":"WebPage","@id":"https:\/\/devicenow.com\/pt-pt\/impressao\/","url":"https:\/\/devicenow.com\/pt-pt\/impressao\/","name":"Impress\u00e3o - devicenow","isPartOf":{"@id":"https:\/\/devicenow.com\/#website"},"datePublished":"2024-10-17T11:27:49+00:00","dateModified":"2025-09-24T18:05:48+00:00","description":"Legal information and contact details for devicenow GmbH, including company registration, managing directors, and data protection officer.","breadcrumb":{"@id":"https:\/\/devicenow.com\/pt-pt\/impressao\/#breadcrumb"},"inLanguage":"pt-PT","potentialAction":[{"@type":"ReadAction","target":["https:\/\/devicenow.com\/pt-pt\/impressao\/"]}]},{"@type":"BreadcrumbList","@id":"https:\/\/devicenow.com\/pt-pt\/impressao\/#breadcrumb","itemListElement":[{"@type":"ListItem","position":1,"name":"Strona g\u0142\u00f3wna","item":"https:\/\/devicenow.com\/pt-pt\/"},{"@type":"ListItem","position":2,"name":"Impress\u00e3o"}]},{"@type":"WebSite","@id":"https:\/\/devicenow.com\/#website","url":"https:\/\/devicenow.com\/","name":"devicenow","description":"","potentialAction":[{"@type":"SearchAction","target":{"@type":"EntryPoint","urlTemplate":"https:\/\/devicenow.com\/?s={search_term_string}"},"query-input":{"@type":"PropertyValueSpecification","valueRequired":true,"valueName":"search_term_string"}}],"inLanguage":"pt-PT"}]}},"meta_box":{"description":"","descriptionde":"","descriptionnl":"","descriptiontr":"","descriptionit":"","descriptionfr":"","descriptiongr":"","descriptionpt":""},"_links":{"self":[{"href":"https:\/\/devicenow.com\/pt-pt\/wp-json\/wp\/v2\/pages\/12321","targetHints":{"allow":["GET"]}}],"collection":[{"href":"https:\/\/devicenow.com\/pt-pt\/wp-json\/wp\/v2\/pages"}],"about":[{"href":"https:\/\/devicenow.com\/pt-pt\/wp-json\/wp\/v2\/types\/page"}],"author":[{"embeddable":true,"href":"https:\/\/devicenow.com\/pt-pt\/wp-json\/wp\/v2\/users\/1"}],"replies":[{"embeddable":true,"href":"https:\/\/devicenow.com\/pt-pt\/wp-json\/wp\/v2\/comments?post=12321"}],"version-history":[{"count":4,"href":"https:\/\/devicenow.com\/pt-pt\/wp-json\/wp\/v2\/pages\/12321\/revisions"}],"predecessor-version":[{"id":12325,"href":"https:\/\/devicenow.com\/pt-pt\/wp-json\/wp\/v2\/pages\/12321\/revisions\/12325"}],"wp:attachment":[{"href":"https:\/\/devicenow.com\/pt-pt\/wp-json\/wp\/v2\/media?parent=12321"}],"curies":[{"name":"wp","href":"https:\/\/api.w.org\/{rel}","templated":true}]}}