{"id":12058,"date":"2024-10-15T12:24:30","date_gmt":"2024-10-15T10:24:30","guid":{"rendered":"https:\/\/devicenow.com\/benefits\/"},"modified":"2026-04-21T10:08:03","modified_gmt":"2026-04-21T08:08:03","slug":"beneficios-do-daas","status":"publish","type":"page","link":"https:\/\/devicenow.com\/pt-pt\/beneficios-do-daas\/","title":{"rendered":"Benef\u00edcios do DaaS"},"content":{"rendered":"<div class='breakdance'><section class=\"bde-section-12058-235 bde-section\">\n              \n  \n  \n\t\n\n  <div class=\"section-background-overlay\"><\/div>\n\n\n        <div class=\"section-shape-divider-wrapper section-shape-divider-wrapper--1\">\n          <span class=\"section-shape-divider\">\n                      <svg\n                xmlns=\"http:\/\/www.w3.org\/2000\/svg\"\n                viewBox=\"0 0 1440 320\"\n                preserveAspectRatio=\"none\"\n            >\n              <path fill=\"currentColor\" fill-opacity=\"1\" d=\"M0,128L80,154.7C160,181,320,235,480,261.3C640,288,800,288,960,240C1120,192,1280,96,1360,48L1440,0L1440,320L1360,320C1280,320,1120,320,960,320C800,320,640,320,480,320C320,320,160,320,80,320L0,320Z\"><\/path>\n            <\/svg>\n                    <\/span>\n      <\/div>\n  <div class=\"section-container\"><div class=\"bde-div-12058-236 bde-div\">\n  \n  \n\t\n\n\n\n<div class=\"bde-columns-12058-237 bde-columns\"><div class=\"bde-column-12058-238 bde-column\">\n  \n  \n\t\n\n\n\n<h1 class=\"bde-heading-12058-239 bde-heading\">\nVantagens do<br>Dispositivo como Servi\u00e7o\n<\/h1><div class=\"bde-text-12058-240 bde-text\">\nCom o DaaS, pode simplificar a gest\u00e3o de dispositivos, reduzir custos e manter a agilidade da sua empresa. Explore as principais vantagens abaixo e descubra como as nossas solu\u00e7\u00f5es personalizadas podem melhorar as suas opera\u00e7\u00f5es.\n<\/div>\n<\/div><div class=\"bde-column-12058-241 bde-column\">\n  \n  \n\t\n\n\n\n<img decoding=\"async\" class=\"bde-image2-12058-242 bde-image2\" src=\"https:\/\/devicenow.com\/wp-content\/uploads\/Header_Benefits_of_DaaS-1.png\" loading=\"lazy\" srcset=\"https:\/\/devicenow.com\/wp-content\/uploads\/Header_Benefits_of_DaaS-1.png 1536w, https:\/\/devicenow.com\/wp-content\/uploads\/Header_Benefits_of_DaaS-1-448x299.png 448w, https:\/\/devicenow.com\/wp-content\/uploads\/Header_Benefits_of_DaaS-1-1024x683.png 1024w, https:\/\/devicenow.com\/wp-content\/uploads\/Header_Benefits_of_DaaS-1-150x100.png 150w, https:\/\/devicenow.com\/wp-content\/uploads\/Header_Benefits_of_DaaS-1-768x512.png 768w\" sizes=\"(max-width: 1536px) 100vw, 1536px\">\n<\/div><\/div>\n<\/div><\/div>\n<\/section><section class=\"bde-section-12058-243 bde-section\">\n  \n  \n\t\n\n\n\n        <div class=\"section-shape-divider-wrapper section-shape-divider-wrapper--1\">\n          <span class=\"section-shape-divider\">\n                      <svg\n                xmlns=\"http:\/\/www.w3.org\/2000\/svg\"\n                viewBox=\"0 0 1440 320\"\n                preserveAspectRatio=\"none\"\n            >\n              <path fill=\"currentColor\" fill-opacity=\"1\" d=\"M0,160L120,181.3C240,203,480,245,720,224C960,203,1200,117,1320,74.7L1440,32L1440,320L1320,320C1200,320,960,320,720,320C480,320,240,320,120,320L0,320Z\"><\/path>\n            <\/svg>\n                    <\/span>\n      <\/div>\n  <div class=\"section-container\"><div class=\"bde-div-12058-244 bde-div\">\n  \n  \n\t\n\n\n\n<div class=\"de-table-12058-268 de-table\">\n\n<table>\n        \n            <thead>\n            <tr>\n                                                        <th class=\"de-table-head\" >\n                        \n                    <\/th>\n                                                        <th class=\"de-table-head\" >\n                        Compra direta\n                    <\/th>\n                                                        <th class=\"de-table-head\" >\n                        Leasing tradicional\n                    <\/th>\n                                                        <th class=\"de-table-head\" >\n                        devicenow Dispositivo como servi\u00e7o\n                    <\/th>\n                            <\/tr>\n        <\/thead>\n        \n    <tbody>\n                                    <tr>\n                                                                    <td>\n                                                            <b>Propriedade do dispositivo<\/b>\n                                                    <\/td>\n                                                                    <td>\n                                                            Propriedade total: o ativo pertence \u00e0 empresa e \u00e9 registrado nos livros. Os dispositivos desatualizados permanecem na organiza\u00e7\u00e3o.\n                                                    <\/td>\n                                                                    <td>\n                                                            Sem propriedade ou propriedade ap\u00f3s o per\u00edodo de leasing, quando os dispositivos est\u00e3o no final de seu ciclo de vida.\n                                                    <\/td>\n                                                                    <td>\n                                                            Acesso a dispositivos premium sem o peso de ativos adicionais em seus livros. Elimine o inc\u00f4modo de gerenciar hardware desatualizado que n\u00e3o \u00e9 mais necess\u00e1rio.\n                                                    <\/td>\n                                    <\/tr>\n                            <tr>\n                                                                    <td>\n                                                            <b>Tipo de custo<\/b>\n                                                    <\/td>\n                                                                    <td>\n                                                            Alto custo de aquisi\u00e7\u00e3o pago antecipadamente como uma despesa \u00fanica.\n                                                    <\/td>\n                                                                    <td>\n                                                            Pagamentos mensais fixos do leasing durante todo o per\u00edodo de leasing.\n                                                    <\/td>\n                                                                    <td>\n                                                            Pagamentos mensais previs\u00edveis com base no uso.\n                                                    <\/td>\n                                    <\/tr>\n                            <tr>\n                                                                    <td>\n                                                            <b>Gerenciamento do ciclo de vida<\/b>\n                                                    <\/td>\n                                                                    <td>\n                                                            Voc\u00ea \u00e9 respons\u00e1vel pelo gerenciamento do ciclo de vida dos dispositivos, incluindo a elimina\u00e7\u00e3o de dados certificados no fim da vida \u00fatil, a remarketing ou o descarte de ativos.\n                                                    <\/td>\n                                                                    <td>\n                                                            No caso de arrendamento financeiro, voc\u00ea \u00e9 respons\u00e1vel pelo gerenciamento do ciclo de vida no final do prazo, incluindo a elimina\u00e7\u00e3o de dados, remarketing ou descarte de ativos.\n                                                    <\/td>\n                                                                    <td>\n                                                            Com o DaaS, gerenciamos todo o processo do ciclo de vida, desde a aquisi\u00e7\u00e3o at\u00e9 o apagamento de dados certificados no fim da vida \u00fatil, a reutiliza\u00e7\u00e3o e a reciclagem.\n                                                    <\/td>\n                                    <\/tr>\n                            <tr>\n                                                                    <td>\n                                                            <b>Custos de manuten\u00e7\u00e3o e reparo<\/b>\n                                                    <\/td>\n                                                                    <td>\n                                                            Voc\u00ea arca com os custos e a log\u00edstica de todos os reparos e manuten\u00e7\u00e3o.\n                                                    <\/td>\n                                                                    <td>\n                                                            No caso de um arrendamento operacional, voc\u00ea arca com os custos e a responsabilidade por reparos e manuten\u00e7\u00e3o. Pode ser necess\u00e1rio contratar prestadores de servi\u00e7os terceirizados.\n                                                    <\/td>\n                                                                    <td>\n                                                            Garantimos que seus dispositivos sejam reparados e devolvidos a voc\u00ea no pr\u00f3ximo dia \u00fatil, independentemente do pa\u00eds ou da localiza\u00e7\u00e3o.\n                                                    <\/td>\n                                    <\/tr>\n                            <tr>\n                                                                    <td>\n                                                            <b>Flexibilidade<\/b>\n                                                    <\/td>\n                                                                    <td>\n                                                            Sem flexibilidade: p\u00f3s-compra.\n                                                    <\/td>\n                                                                    <td>\n                                                            Requer um prazo fixo com menos flexibilidade para alterar os termos no meio do contrato.\n                                                    <\/td>\n                                                                    <td>\n                                                            Alta flexibilidade para alterar o plano de assinatura de acordo com as necessidades da empresa.\n                                                    <\/td>\n                                    <\/tr>\n                        <\/tbody>\n<\/table>\n\n<\/div>\n<\/div><\/div>\n<\/section><section class=\"bde-section-12058-246 bde-section\">\n  \n  \n\t\n\n\n\n<div class=\"section-container\"><div class=\"bde-columns-12058-247 bde-columns\"><div class=\"bde-column-12058-248 bde-column\">\n  \n  \n\t\n\n\n\n<h2 class=\"bde-heading-12058-249 bde-heading\">\nPoupe tempo e dinheiro\n<\/h2><div class=\"bde-text-12058-250 bde-text\">\nAo delegar a gest\u00e3o dos dispositivos de TI a um \u00fanico especialista, as empresas beneficiam de vantagens significativas em termos de custos e poupam tempo valioso. A Devicenow oferece um conjunto abrangente de funcionalidades, atrav\u00e9s de um \u00fanico contrato para a presta\u00e7\u00e3o global do servi\u00e7o \u00abDevice as a Service\u00bb. O resultado \u00e9 um custo previs\u00edvel e adaptado \u00e0s necessidades, bem como uma utiliza\u00e7\u00e3o eficiente dos recursos.\n<\/div>\n<\/div><div class=\"bde-column-12058-251 bde-column\">\n  \n  \n\t\n\n\n\n<img decoding=\"async\" class=\"bde-image2-12058-252 bde-image2\" src=\"https:\/\/devicenow.com\/wp-content\/uploads\/benefits-of-daas.png\" loading=\"lazy\" srcset=\"https:\/\/devicenow.com\/wp-content\/uploads\/benefits-of-daas.png 1600w, https:\/\/devicenow.com\/wp-content\/uploads\/benefits-of-daas-448x298.png 448w, https:\/\/devicenow.com\/wp-content\/uploads\/benefits-of-daas-1024x682.png 1024w, https:\/\/devicenow.com\/wp-content\/uploads\/benefits-of-daas-150x100.png 150w, https:\/\/devicenow.com\/wp-content\/uploads\/benefits-of-daas-768x512.png 768w, https:\/\/devicenow.com\/wp-content\/uploads\/benefits-of-daas-1536x1023.png 1536w\" sizes=\"(max-width: 1600px) 100vw, 1600px\">\n<\/div><\/div><\/div>\n<\/section><section class=\"bde-section-12058-253 bde-section\">\n              \n  \n  \n\t\n\n  <div class=\"section-background-overlay\"><\/div>\n\n\n        <div class=\"section-shape-divider-wrapper section-shape-divider-wrapper--1\">\n          <span class=\"section-shape-divider\">\n                      <svg\n                xmlns=\"http:\/\/www.w3.org\/2000\/svg\"\n                viewBox=\"0 0 1440 320\"\n                preserveAspectRatio=\"none\"\n            >\n              <path fill=\"currentColor\" fill-opacity=\"1\" d=\"M0,128L80,154.7C160,181,320,235,480,261.3C640,288,800,288,960,240C1120,192,1280,96,1360,48L1440,0L1440,320L1360,320C1280,320,1120,320,960,320C800,320,640,320,480,320C320,320,160,320,80,320L0,320Z\"><\/path>\n            <\/svg>\n                    <\/span>\n      <\/div>\n  <div class=\"section-container\"><div class=\"bde-columns-12058-254 bde-columns\"><div class=\"bde-column-12058-255 bde-column\">\n  \n  \n\t\n\n\n\n<img decoding=\"async\" class=\"bde-image2-12058-256 bde-image2\" src=\"https:\/\/devicenow.com\/wp-content\/uploads\/smiling-and-talking-men-and-woman-are-working-in-2026-01-08-23-48-32-utc.jpg\" loading=\"lazy\" srcset=\"https:\/\/devicenow.com\/wp-content\/uploads\/smiling-and-talking-men-and-woman-are-working-in-2026-01-08-23-48-32-utc.jpg 1600w, https:\/\/devicenow.com\/wp-content\/uploads\/smiling-and-talking-men-and-woman-are-working-in-2026-01-08-23-48-32-utc-448x448.jpg 448w, https:\/\/devicenow.com\/wp-content\/uploads\/smiling-and-talking-men-and-woman-are-working-in-2026-01-08-23-48-32-utc-1024x1025.jpg 1024w, https:\/\/devicenow.com\/wp-content\/uploads\/smiling-and-talking-men-and-woman-are-working-in-2026-01-08-23-48-32-utc-150x150.jpg 150w, https:\/\/devicenow.com\/wp-content\/uploads\/smiling-and-talking-men-and-woman-are-working-in-2026-01-08-23-48-32-utc-768x768.jpg 768w, https:\/\/devicenow.com\/wp-content\/uploads\/smiling-and-talking-men-and-woman-are-working-in-2026-01-08-23-48-32-utc-1536x1536.jpg 1536w\" sizes=\"(max-width: 1600px) 100vw, 1600px\">\n<\/div><div class=\"bde-column-12058-257 bde-column\">\n  \n  \n\t\n\n\n\n<h2 class=\"bde-heading-12058-258 bde-heading\">\nDote as suas equipas de tecnologia de ponta e segura\n<\/h2><div class=\"bde-text-12058-259 bde-text\">\nA nossa oferta \u00abDevice as a Service\u00bb fornece aos seus colaboradores os dispositivos mais recentes, garantindo um elevado n\u00edvel de seguran\u00e7a para a sua empresa. Com atualiza\u00e7\u00f5es f\u00e1ceis a cada renova\u00e7\u00e3o do contrato, a sua equipa mant\u00e9m-se na vanguarda da tecnologia. Estabelecemos parcerias com l\u00edderes do setor, como a HP, a Lenovo, a Dell e a Apple, para oferecer uma ampla sele\u00e7\u00e3o de dispositivos que satisfaz as suas necessidades espec\u00edficas. \n<\/div>\n<\/div><\/div><\/div>\n<\/section><section class=\"bde-section-12058-260 bde-section\">\n  \n  \n\t\n\n\n\n<div class=\"section-container\"><div class=\"bde-div-12058-261 bde-div\">\n  \n  \n\t\n\n\n\n<div class=\"bde-div-12058-262 bde-div\" data-entrance=\"fade\">\n              \n  \n  \n\t\n\n\n\n<h2 class=\"bde-heading-12058-263 bde-heading\" data-entrance=\"fade\">\nAproveite as vantagens do servi\u00e7o \u00abDevice as a Service\u00bb de n\u00edvel empresarial! \n<\/h2><div class=\"bde-div-12058-264 bde-div\">\n  \n  \n\t\n\n\n\n<a class=\"bde-container-link-12058-265 bde-container-link breakdance-link\" href=\"https:\/\/devicenow.com\/get-started-with-daas\/\" target=\"_self\" data-type=\"url\">\n  \n  \n\t\n\n\n\n<div class=\"bde-text-12058-266 bde-text text-color-hover\">\nContacte-nos para obter um or\u00e7amento\n<\/div><div class=\"bde-icon-12058-267 bde-icon text-color-hover\">\n\n    \n            <div class=\"bde-icon-icon breakdance-icon-atom\" >\n    \n                    <svg xmlns=\"http:\/\/www.w3.org\/2000\/svg\" viewBox=\"0 0 448 512\"><!--! Font Awesome Free 6.5.1 by @fontawesome - https:\/\/fontawesome.com License - https:\/\/fontawesome.com\/license\/free (Icons: CC BY 4.0, Fonts: SIL OFL 1.1, Code: MIT License) Copyright 2023 Fonticons, Inc. --><path d=\"M438.6 278.6c12.5-12.5 12.5-32.8 0-45.3l-160-160c-12.5-12.5-32.8-12.5-45.3 0s-12.5 32.8 0 45.3L338.8 224 32 224c-17.7 0-32 14.3-32 32s14.3 32 32 32l306.7 0L233.4 393.4c-12.5 12.5-12.5 32.8 0 45.3s32.8 12.5 45.3 0l160-160z\"\/><\/svg>\n        \n        \n        \n            <\/div>\n    \n\n\n<\/div>\n\n<\/a>\n<\/div>\n<\/div>\n<\/div><\/div>\n<\/section><\/div>","protected":false},"excerpt":{"rendered":"<p>Vantagens doDispositivo como Servi\u00e7o Com o DaaS, pode simplificar a gest\u00e3o de dispositivos, reduzir custos e manter a agilidade da sua empresa. Explore as principais vantagens abaixo e descubra como as nossas solu\u00e7\u00f5es personalizadas podem melhorar as suas opera\u00e7\u00f5es. Compra direta Leasing tradicional devicenow Dispositivo como servi\u00e7o Propriedade do dispositivo Propriedade total: o ativo pertence [&hellip;]<\/p>\n","protected":false},"author":1,"featured_media":18898,"parent":0,"menu_order":0,"comment_status":"closed","ping_status":"closed","template":"","meta":{"content-type":"","_breakdance_hide_in_design_set":false,"_breakdance_tags":"","footnotes":""},"class_list":["post-12058","page","type-page","status-publish","has-post-thumbnail","hentry"],"yoast_head":"<!-- This site is optimized with the Yoast SEO plugin v27.4 - https:\/\/yoast.com\/product\/yoast-seo-wordpress\/ -->\n<title>Benefits of Device as a Service - Smarter Workplace IT with DaaS<\/title>\n<meta name=\"description\" content=\"See how devicenow DaaS improves IT flexibility, lowers costs, and eliminates ownership burdens compared to leasing or purchasing.\" \/>\n<meta name=\"robots\" content=\"index, follow, max-snippet:-1, max-image-preview:large, max-video-preview:-1\" \/>\n<link rel=\"canonical\" href=\"https:\/\/devicenow.com\/pt-pt\/beneficios-do-daas\/\" \/>\n<meta property=\"og:locale\" content=\"pt_PT\" \/>\n<meta property=\"og:type\" content=\"article\" \/>\n<meta property=\"og:title\" content=\"Benefits of Device as a Service - Smarter Workplace IT with DaaS\" \/>\n<meta property=\"og:description\" content=\"See how devicenow DaaS improves IT flexibility, lowers costs, and eliminates ownership burdens compared to leasing or purchasing.\" \/>\n<meta property=\"og:url\" content=\"https:\/\/devicenow.com\/pt-pt\/beneficios-do-daas\/\" \/>\n<meta property=\"og:site_name\" content=\"devicenow\" \/>\n<meta property=\"article:modified_time\" content=\"2026-04-21T08:08:03+00:00\" \/>\n<meta property=\"og:image\" content=\"https:\/\/devicenow.com\/wp-content\/uploads\/Header_Benefits_of_DaaS.png\" \/>\n\t<meta property=\"og:image:width\" content=\"1536\" \/>\n\t<meta property=\"og:image:height\" content=\"1024\" \/>\n\t<meta property=\"og:image:type\" content=\"image\/png\" \/>\n<meta name=\"twitter:card\" content=\"summary_large_image\" \/>\n<script type=\"application\/ld+json\" class=\"yoast-schema-graph\">{\"@context\":\"https:\\\/\\\/schema.org\",\"@graph\":[{\"@type\":\"WebPage\",\"@id\":\"https:\\\/\\\/devicenow.com\\\/pt-pt\\\/beneficios-do-daas\\\/\",\"url\":\"https:\\\/\\\/devicenow.com\\\/pt-pt\\\/beneficios-do-daas\\\/\",\"name\":\"Benefits of Device as a Service - Smarter Workplace IT with DaaS\",\"isPartOf\":{\"@id\":\"https:\\\/\\\/devicenow.com\\\/#website\"},\"primaryImageOfPage\":{\"@id\":\"https:\\\/\\\/devicenow.com\\\/pt-pt\\\/beneficios-do-daas\\\/#primaryimage\"},\"image\":{\"@id\":\"https:\\\/\\\/devicenow.com\\\/pt-pt\\\/beneficios-do-daas\\\/#primaryimage\"},\"thumbnailUrl\":\"https:\\\/\\\/devicenow.com\\\/wp-content\\\/uploads\\\/Header_Benefits_of_DaaS.png\",\"datePublished\":\"2024-10-15T10:24:30+00:00\",\"dateModified\":\"2026-04-21T08:08:03+00:00\",\"description\":\"See how devicenow DaaS improves IT flexibility, lowers costs, and eliminates ownership burdens compared to leasing or purchasing.\",\"breadcrumb\":{\"@id\":\"https:\\\/\\\/devicenow.com\\\/pt-pt\\\/beneficios-do-daas\\\/#breadcrumb\"},\"inLanguage\":\"pt-PT\",\"potentialAction\":[{\"@type\":\"ReadAction\",\"target\":[\"https:\\\/\\\/devicenow.com\\\/pt-pt\\\/beneficios-do-daas\\\/\"]}]},{\"@type\":\"ImageObject\",\"inLanguage\":\"pt-PT\",\"@id\":\"https:\\\/\\\/devicenow.com\\\/pt-pt\\\/beneficios-do-daas\\\/#primaryimage\",\"url\":\"https:\\\/\\\/devicenow.com\\\/wp-content\\\/uploads\\\/Header_Benefits_of_DaaS.png\",\"contentUrl\":\"https:\\\/\\\/devicenow.com\\\/wp-content\\\/uploads\\\/Header_Benefits_of_DaaS.png\",\"width\":1536,\"height\":1024},{\"@type\":\"BreadcrumbList\",\"@id\":\"https:\\\/\\\/devicenow.com\\\/pt-pt\\\/beneficios-do-daas\\\/#breadcrumb\",\"itemListElement\":[{\"@type\":\"ListItem\",\"position\":1,\"name\":\"Strona g\u0142\u00f3wna\",\"item\":\"https:\\\/\\\/devicenow.com\\\/pt-pt\\\/\"},{\"@type\":\"ListItem\",\"position\":2,\"name\":\"Benef\u00edcios do DaaS\"}]},{\"@type\":\"WebSite\",\"@id\":\"https:\\\/\\\/devicenow.com\\\/#website\",\"url\":\"https:\\\/\\\/devicenow.com\\\/\",\"name\":\"devicenow\",\"description\":\"\",\"potentialAction\":[{\"@type\":\"SearchAction\",\"target\":{\"@type\":\"EntryPoint\",\"urlTemplate\":\"https:\\\/\\\/devicenow.com\\\/?s={search_term_string}\"},\"query-input\":{\"@type\":\"PropertyValueSpecification\",\"valueRequired\":true,\"valueName\":\"search_term_string\"}}],\"inLanguage\":\"pt-PT\"}]}<\/script>\n<!-- \/ Yoast SEO plugin. -->","yoast_head_json":{"title":"Benefits of Device as a Service - Smarter Workplace IT with DaaS","description":"See how devicenow DaaS improves IT flexibility, lowers costs, and eliminates ownership burdens compared to leasing or purchasing.","robots":{"index":"index","follow":"follow","max-snippet":"max-snippet:-1","max-image-preview":"max-image-preview:large","max-video-preview":"max-video-preview:-1"},"canonical":"https:\/\/devicenow.com\/pt-pt\/beneficios-do-daas\/","og_locale":"pt_PT","og_type":"article","og_title":"Benefits of Device as a Service - Smarter Workplace IT with DaaS","og_description":"See how devicenow DaaS improves IT flexibility, lowers costs, and eliminates ownership burdens compared to leasing or purchasing.","og_url":"https:\/\/devicenow.com\/pt-pt\/beneficios-do-daas\/","og_site_name":"devicenow","article_modified_time":"2026-04-21T08:08:03+00:00","og_image":[{"width":1536,"height":1024,"url":"https:\/\/devicenow.com\/wp-content\/uploads\/Header_Benefits_of_DaaS.png","type":"image\/png"}],"twitter_card":"summary_large_image","schema":{"@context":"https:\/\/schema.org","@graph":[{"@type":"WebPage","@id":"https:\/\/devicenow.com\/pt-pt\/beneficios-do-daas\/","url":"https:\/\/devicenow.com\/pt-pt\/beneficios-do-daas\/","name":"Benefits of Device as a Service - Smarter Workplace IT with DaaS","isPartOf":{"@id":"https:\/\/devicenow.com\/#website"},"primaryImageOfPage":{"@id":"https:\/\/devicenow.com\/pt-pt\/beneficios-do-daas\/#primaryimage"},"image":{"@id":"https:\/\/devicenow.com\/pt-pt\/beneficios-do-daas\/#primaryimage"},"thumbnailUrl":"https:\/\/devicenow.com\/wp-content\/uploads\/Header_Benefits_of_DaaS.png","datePublished":"2024-10-15T10:24:30+00:00","dateModified":"2026-04-21T08:08:03+00:00","description":"See how devicenow DaaS improves IT flexibility, lowers costs, and eliminates ownership burdens compared to leasing or purchasing.","breadcrumb":{"@id":"https:\/\/devicenow.com\/pt-pt\/beneficios-do-daas\/#breadcrumb"},"inLanguage":"pt-PT","potentialAction":[{"@type":"ReadAction","target":["https:\/\/devicenow.com\/pt-pt\/beneficios-do-daas\/"]}]},{"@type":"ImageObject","inLanguage":"pt-PT","@id":"https:\/\/devicenow.com\/pt-pt\/beneficios-do-daas\/#primaryimage","url":"https:\/\/devicenow.com\/wp-content\/uploads\/Header_Benefits_of_DaaS.png","contentUrl":"https:\/\/devicenow.com\/wp-content\/uploads\/Header_Benefits_of_DaaS.png","width":1536,"height":1024},{"@type":"BreadcrumbList","@id":"https:\/\/devicenow.com\/pt-pt\/beneficios-do-daas\/#breadcrumb","itemListElement":[{"@type":"ListItem","position":1,"name":"Strona g\u0142\u00f3wna","item":"https:\/\/devicenow.com\/pt-pt\/"},{"@type":"ListItem","position":2,"name":"Benef\u00edcios do DaaS"}]},{"@type":"WebSite","@id":"https:\/\/devicenow.com\/#website","url":"https:\/\/devicenow.com\/","name":"devicenow","description":"","potentialAction":[{"@type":"SearchAction","target":{"@type":"EntryPoint","urlTemplate":"https:\/\/devicenow.com\/?s={search_term_string}"},"query-input":{"@type":"PropertyValueSpecification","valueRequired":true,"valueName":"search_term_string"}}],"inLanguage":"pt-PT"}]}},"meta_box":{"description":"Businesses enjoy significant cost benefits and save valuable time by delegating the management of IT devices to one specialist.","descriptionde":"","descriptionnl":"","descriptiontr":"","descriptionit":"","descriptionfr":"","descriptiongr":"","descriptionpt":""},"_links":{"self":[{"href":"https:\/\/devicenow.com\/pt-pt\/wp-json\/wp\/v2\/pages\/12058","targetHints":{"allow":["GET"]}}],"collection":[{"href":"https:\/\/devicenow.com\/pt-pt\/wp-json\/wp\/v2\/pages"}],"about":[{"href":"https:\/\/devicenow.com\/pt-pt\/wp-json\/wp\/v2\/types\/page"}],"author":[{"embeddable":true,"href":"https:\/\/devicenow.com\/pt-pt\/wp-json\/wp\/v2\/users\/1"}],"replies":[{"embeddable":true,"href":"https:\/\/devicenow.com\/pt-pt\/wp-json\/wp\/v2\/comments?post=12058"}],"version-history":[{"count":5,"href":"https:\/\/devicenow.com\/pt-pt\/wp-json\/wp\/v2\/pages\/12058\/revisions"}],"predecessor-version":[{"id":21323,"href":"https:\/\/devicenow.com\/pt-pt\/wp-json\/wp\/v2\/pages\/12058\/revisions\/21323"}],"wp:featuredmedia":[{"embeddable":true,"href":"https:\/\/devicenow.com\/pt-pt\/wp-json\/wp\/v2\/media\/18898"}],"wp:attachment":[{"href":"https:\/\/devicenow.com\/pt-pt\/wp-json\/wp\/v2\/media?parent=12058"}],"curies":[{"name":"wp","href":"https:\/\/api.w.org\/{rel}","templated":true}]}}