{"id":11983,"date":"2024-10-14T15:54:18","date_gmt":"2024-10-14T13:54:18","guid":{"rendered":"https:\/\/devicenow.com\/get-started-with-daas\/"},"modified":"2026-03-16T17:19:05","modified_gmt":"2026-03-16T16:19:05","slug":"comece-a-usar-o-daas","status":"publish","type":"page","link":"https:\/\/devicenow.com\/pt-pt\/comece-a-usar-o-daas\/","title":{"rendered":"Comece a usar o DaaS"},"content":{"rendered":"<div class='breakdance'><section class=\"bde-section-11983-100 bde-section\">\n  \n  \n\t\n\n\n\n        <div class=\"section-shape-divider-wrapper section-shape-divider-wrapper--1\">\n          <span class=\"section-shape-divider\">\n                      <svg\n                xmlns=\"http:\/\/www.w3.org\/2000\/svg\"\n                viewBox=\"0 0 1440 320\"\n                preserveAspectRatio=\"none\"\n            >\n              <path fill=\"currentColor\" fill-opacity=\"1\" d=\"M0,160L120,181.3C240,203,480,245,720,224C960,203,1200,117,1320,74.7L1440,32L1440,320L1320,320C1200,320,960,320,720,320C480,320,240,320,120,320L0,320Z\"><\/path>\n            <\/svg>\n                    <\/span>\n      <\/div>\n  <div class=\"section-container\"><div class=\"bde-simple-image-11983-101 bde-simple-image\">\n  \n\n\n\n\n\n  \n    \n      <img decoding=\"async\" class=\"breakdance-image-object\" src=\"https:\/\/devicenow.com\/wp-content\/uploads\/devicenow-circle-big.svg\" width=\"\" height=\"\">\n\n      \n    \n  \n<\/div><div class=\"bde-div-11983-103 bde-div\">\n  \n  \n\t\n\n\n\n<div class=\"bde-columns-11983-104 bde-columns\"><div class=\"bde-column-11983-105 bde-column\">\n  \n  \n\t\n\n\n\n<h1 class=\"bde-heading-11983-121 bde-heading\">\nDISPOSITIVO COMO SERVI\u00c7O PARA EMPRESAS (DAAS) EM MAIS DE 190 PA\u00cdSES\n<\/h1><h2 class=\"bde-heading-11983-120 bde-heading\">\nComece a usar o DaaS\n<\/h2><div class=\"bde-rich-text-11983-115 bde-rich-text breakdance-rich-text-styles\">\n<ul><li>Transi\u00e7\u00e3o de CapEx para Opex para maior flexibilidade financeira.<\/li><li>Deixe os servi\u00e7os de ciclo de vida por nossa conta para que voc\u00ea possa se concentrar em seu neg\u00f3cio principal.<\/li><li>Experimente opera\u00e7\u00f5es perfeitas com nossa troca no dia \u00fatil seguinte para obter efici\u00eancia ininterrupta.<\/li><li>Garanta a tranquilidade utilizando servi\u00e7os certificados de elimina\u00e7\u00e3o de dados durante o offboarding.<\/li><li>Adotar uma economia circular, mudando de uma abordagem linear para pr\u00e1ticas sustent\u00e1veis.<\/li><\/ul><p>Conte-nos mais sobre suas necessidades de TI e obtenha nossos pre\u00e7os. Entre em contato conosco e entraremos em contato com voc\u00ea imediatamente.<\/p>\n<\/div>\n<\/div><div class=\"bde-column-11983-113 bde-column\">\n  \n  \n\t\n\n\n\n<div class=\"bde-div-11983-116 bde-div custom-form\">\n  \n  \n\t\n\n\n\n<div class=\"bde-code-block-11983-119 bde-code-block\">\n\n  <script charset=\"utf-8\" type=\"text\/javascript\" src=\"\/\/js-eu1.hsforms.net\/forms\/embed\/v2.js\"><\/script>\n\n<script>\n\n  hbspt.forms.create({\n\n    portalId: \"25800042\",\n\n    formId: \"b012b0bc-76d9-45e4-a382-2dcebf6f7ea6\",\n\n    region: \"eu1\"\n\n  });\n\n<\/script>\n\n\n<\/div>\n<\/div>\n<\/div><\/div>\n<\/div><\/div>\n<\/section><\/div>","protected":false},"excerpt":{"rendered":"<p>DISPOSITIVO COMO SERVI\u00c7O PARA EMPRESAS (DAAS) EM MAIS DE 190 PA\u00cdSES Comece a usar o DaaS Transi\u00e7\u00e3o de CapEx para Opex para maior flexibilidade financeira.Deixe os servi\u00e7os de ciclo de vida por nossa conta para que voc\u00ea possa se concentrar em seu neg\u00f3cio principal.Experimente opera\u00e7\u00f5es perfeitas com nossa troca no dia \u00fatil seguinte para obter [&hellip;]<\/p>\n","protected":false},"author":1,"featured_media":11984,"parent":0,"menu_order":0,"comment_status":"closed","ping_status":"closed","template":"","meta":{"content-type":"","_breakdance_hide_in_design_set":false,"_breakdance_tags":"","footnotes":""},"class_list":["post-11983","page","type-page","status-publish","has-post-thumbnail","hentry"],"yoast_head":"<!-- This site is optimized with the Yoast SEO plugin v27.3 - https:\/\/yoast.com\/product\/yoast-seo-wordpress\/ -->\n<title>Get started with DaaS - devicenow<\/title>\n<meta name=\"description\" content=\"Tell us more about your IT needs and get our pricing. Contact us, and we&#039;ll get back to you right away.\" \/>\n<meta name=\"robots\" content=\"index, follow, max-snippet:-1, max-image-preview:large, max-video-preview:-1\" \/>\n<link rel=\"canonical\" href=\"https:\/\/devicenow.com\/pt-pt\/comece-a-usar-o-daas\/\" \/>\n<meta property=\"og:locale\" content=\"pt_PT\" \/>\n<meta property=\"og:type\" content=\"article\" \/>\n<meta property=\"og:title\" content=\"Get started with DaaS - devicenow\" \/>\n<meta property=\"og:description\" content=\"Tell us more about your IT needs and get our pricing. Contact us, and we&#039;ll get back to you right away.\" \/>\n<meta property=\"og:url\" content=\"https:\/\/devicenow.com\/pt-pt\/comece-a-usar-o-daas\/\" \/>\n<meta property=\"og:site_name\" content=\"devicenow\" \/>\n<meta property=\"article:modified_time\" content=\"2026-03-16T16:19:05+00:00\" \/>\n<meta property=\"og:image\" content=\"https:\/\/devicenow.com\/wp-content\/uploads\/dn_phones_layer_full.png\" \/>\n\t<meta property=\"og:image:width\" content=\"3000\" \/>\n\t<meta property=\"og:image:height\" content=\"2000\" \/>\n\t<meta property=\"og:image:type\" content=\"image\/png\" \/>\n<meta name=\"twitter:card\" content=\"summary_large_image\" \/>\n<script type=\"application\/ld+json\" class=\"yoast-schema-graph\">{\"@context\":\"https:\\\/\\\/schema.org\",\"@graph\":[{\"@type\":\"WebPage\",\"@id\":\"https:\\\/\\\/devicenow.com\\\/pt-pt\\\/comece-a-usar-o-daas\\\/\",\"url\":\"https:\\\/\\\/devicenow.com\\\/pt-pt\\\/comece-a-usar-o-daas\\\/\",\"name\":\"Get started with DaaS - devicenow\",\"isPartOf\":{\"@id\":\"https:\\\/\\\/devicenow.com\\\/#website\"},\"primaryImageOfPage\":{\"@id\":\"https:\\\/\\\/devicenow.com\\\/pt-pt\\\/comece-a-usar-o-daas\\\/#primaryimage\"},\"image\":{\"@id\":\"https:\\\/\\\/devicenow.com\\\/pt-pt\\\/comece-a-usar-o-daas\\\/#primaryimage\"},\"thumbnailUrl\":\"https:\\\/\\\/devicenow.com\\\/wp-content\\\/uploads\\\/dn_phones_layer_full.png\",\"datePublished\":\"2024-10-14T13:54:18+00:00\",\"dateModified\":\"2026-03-16T16:19:05+00:00\",\"description\":\"Tell us more about your IT needs and get our pricing. Contact us, and we'll get back to you right away.\",\"breadcrumb\":{\"@id\":\"https:\\\/\\\/devicenow.com\\\/pt-pt\\\/comece-a-usar-o-daas\\\/#breadcrumb\"},\"inLanguage\":\"pt-PT\",\"potentialAction\":[{\"@type\":\"ReadAction\",\"target\":[\"https:\\\/\\\/devicenow.com\\\/pt-pt\\\/comece-a-usar-o-daas\\\/\"]}]},{\"@type\":\"ImageObject\",\"inLanguage\":\"pt-PT\",\"@id\":\"https:\\\/\\\/devicenow.com\\\/pt-pt\\\/comece-a-usar-o-daas\\\/#primaryimage\",\"url\":\"https:\\\/\\\/devicenow.com\\\/wp-content\\\/uploads\\\/dn_phones_layer_full.png\",\"contentUrl\":\"https:\\\/\\\/devicenow.com\\\/wp-content\\\/uploads\\\/dn_phones_layer_full.png\",\"width\":3000,\"height\":2000,\"caption\":\"dn_phones_layer_full\"},{\"@type\":\"BreadcrumbList\",\"@id\":\"https:\\\/\\\/devicenow.com\\\/pt-pt\\\/comece-a-usar-o-daas\\\/#breadcrumb\",\"itemListElement\":[{\"@type\":\"ListItem\",\"position\":1,\"name\":\"Strona g\u0142\u00f3wna\",\"item\":\"https:\\\/\\\/devicenow.com\\\/pt-pt\\\/\"},{\"@type\":\"ListItem\",\"position\":2,\"name\":\"Comece a usar o DaaS\"}]},{\"@type\":\"WebSite\",\"@id\":\"https:\\\/\\\/devicenow.com\\\/#website\",\"url\":\"https:\\\/\\\/devicenow.com\\\/\",\"name\":\"devicenow\",\"description\":\"\",\"potentialAction\":[{\"@type\":\"SearchAction\",\"target\":{\"@type\":\"EntryPoint\",\"urlTemplate\":\"https:\\\/\\\/devicenow.com\\\/?s={search_term_string}\"},\"query-input\":{\"@type\":\"PropertyValueSpecification\",\"valueRequired\":true,\"valueName\":\"search_term_string\"}}],\"inLanguage\":\"pt-PT\"}]}<\/script>\n<!-- \/ Yoast SEO plugin. -->","yoast_head_json":{"title":"Get started with DaaS - devicenow","description":"Tell us more about your IT needs and get our pricing. Contact us, and we'll get back to you right away.","robots":{"index":"index","follow":"follow","max-snippet":"max-snippet:-1","max-image-preview":"max-image-preview:large","max-video-preview":"max-video-preview:-1"},"canonical":"https:\/\/devicenow.com\/pt-pt\/comece-a-usar-o-daas\/","og_locale":"pt_PT","og_type":"article","og_title":"Get started with DaaS - devicenow","og_description":"Tell us more about your IT needs and get our pricing. Contact us, and we'll get back to you right away.","og_url":"https:\/\/devicenow.com\/pt-pt\/comece-a-usar-o-daas\/","og_site_name":"devicenow","article_modified_time":"2026-03-16T16:19:05+00:00","og_image":[{"width":3000,"height":2000,"url":"https:\/\/devicenow.com\/wp-content\/uploads\/dn_phones_layer_full.png","type":"image\/png"}],"twitter_card":"summary_large_image","schema":{"@context":"https:\/\/schema.org","@graph":[{"@type":"WebPage","@id":"https:\/\/devicenow.com\/pt-pt\/comece-a-usar-o-daas\/","url":"https:\/\/devicenow.com\/pt-pt\/comece-a-usar-o-daas\/","name":"Get started with DaaS - devicenow","isPartOf":{"@id":"https:\/\/devicenow.com\/#website"},"primaryImageOfPage":{"@id":"https:\/\/devicenow.com\/pt-pt\/comece-a-usar-o-daas\/#primaryimage"},"image":{"@id":"https:\/\/devicenow.com\/pt-pt\/comece-a-usar-o-daas\/#primaryimage"},"thumbnailUrl":"https:\/\/devicenow.com\/wp-content\/uploads\/dn_phones_layer_full.png","datePublished":"2024-10-14T13:54:18+00:00","dateModified":"2026-03-16T16:19:05+00:00","description":"Tell us more about your IT needs and get our pricing. Contact us, and we'll get back to you right away.","breadcrumb":{"@id":"https:\/\/devicenow.com\/pt-pt\/comece-a-usar-o-daas\/#breadcrumb"},"inLanguage":"pt-PT","potentialAction":[{"@type":"ReadAction","target":["https:\/\/devicenow.com\/pt-pt\/comece-a-usar-o-daas\/"]}]},{"@type":"ImageObject","inLanguage":"pt-PT","@id":"https:\/\/devicenow.com\/pt-pt\/comece-a-usar-o-daas\/#primaryimage","url":"https:\/\/devicenow.com\/wp-content\/uploads\/dn_phones_layer_full.png","contentUrl":"https:\/\/devicenow.com\/wp-content\/uploads\/dn_phones_layer_full.png","width":3000,"height":2000,"caption":"dn_phones_layer_full"},{"@type":"BreadcrumbList","@id":"https:\/\/devicenow.com\/pt-pt\/comece-a-usar-o-daas\/#breadcrumb","itemListElement":[{"@type":"ListItem","position":1,"name":"Strona g\u0142\u00f3wna","item":"https:\/\/devicenow.com\/pt-pt\/"},{"@type":"ListItem","position":2,"name":"Comece a usar o DaaS"}]},{"@type":"WebSite","@id":"https:\/\/devicenow.com\/#website","url":"https:\/\/devicenow.com\/","name":"devicenow","description":"","potentialAction":[{"@type":"SearchAction","target":{"@type":"EntryPoint","urlTemplate":"https:\/\/devicenow.com\/?s={search_term_string}"},"query-input":{"@type":"PropertyValueSpecification","valueRequired":true,"valueName":"search_term_string"}}],"inLanguage":"pt-PT"}]}},"meta_box":{"description":"","descriptionde":"","descriptionnl":"","descriptiontr":"","descriptionit":"","descriptionfr":"","descriptiongr":"","descriptionpt":""},"_links":{"self":[{"href":"https:\/\/devicenow.com\/pt-pt\/wp-json\/wp\/v2\/pages\/11983","targetHints":{"allow":["GET"]}}],"collection":[{"href":"https:\/\/devicenow.com\/pt-pt\/wp-json\/wp\/v2\/pages"}],"about":[{"href":"https:\/\/devicenow.com\/pt-pt\/wp-json\/wp\/v2\/types\/page"}],"author":[{"embeddable":true,"href":"https:\/\/devicenow.com\/pt-pt\/wp-json\/wp\/v2\/users\/1"}],"replies":[{"embeddable":true,"href":"https:\/\/devicenow.com\/pt-pt\/wp-json\/wp\/v2\/comments?post=11983"}],"version-history":[{"count":4,"href":"https:\/\/devicenow.com\/pt-pt\/wp-json\/wp\/v2\/pages\/11983\/revisions"}],"predecessor-version":[{"id":12021,"href":"https:\/\/devicenow.com\/pt-pt\/wp-json\/wp\/v2\/pages\/11983\/revisions\/12021"}],"wp:featuredmedia":[{"embeddable":true,"href":"https:\/\/devicenow.com\/pt-pt\/wp-json\/wp\/v2\/media\/11984"}],"wp:attachment":[{"href":"https:\/\/devicenow.com\/pt-pt\/wp-json\/wp\/v2\/media?parent=11983"}],"curies":[{"name":"wp","href":"https:\/\/api.w.org\/{rel}","templated":true}]}}