{"id":22109,"date":"2025-03-04T10:58:16","date_gmt":"2025-03-04T09:58:16","guid":{"rendered":"https:\/\/devicenow.com\/?page_id=22109"},"modified":"2026-04-30T09:27:13","modified_gmt":"2026-04-30T07:27:13","slug":"i-nostri-impegni","status":"publish","type":"page","link":"https:\/\/devicenow.com\/it\/i-nostri-impegni\/","title":{"rendered":"I nostri impegni"},"content":{"rendered":"<div class='breakdance'><section class=\"bde-section-22109-100 bde-section\">\n              \n  \n  \n\t\n\n  <div class=\"section-background-overlay\"><\/div>\n\n\n        <div class=\"section-shape-divider-wrapper section-shape-divider-wrapper--1\">\n          <span class=\"section-shape-divider\">\n                      <svg\n                xmlns=\"http:\/\/www.w3.org\/2000\/svg\"\n                viewBox=\"0 0 1440 320\"\n                preserveAspectRatio=\"none\"\n            >\n              <path fill=\"currentColor\" fill-opacity=\"1\" d=\"M0,128L80,154.7C160,181,320,235,480,261.3C640,288,800,288,960,240C1120,192,1280,96,1360,48L1440,0L1440,320L1360,320C1280,320,1120,320,960,320C800,320,640,320,480,320C320,320,160,320,80,320L0,320Z\"><\/path>\n            <\/svg>\n                    <\/span>\n      <\/div>\n  <div class=\"section-container\"><div class=\"bde-div-22109-101 bde-div\">\n  \n  \n\t\n\n\n\n<div class=\"bde-columns-22109-102 bde-columns\"><div class=\"bde-column-22109-103 bde-column\">\n  \n  \n\t\n\n\n\n<h1 class=\"bde-heading-22109-104 bde-heading\">\nI nostri impegni\n<\/h1><div class=\"bde-text-22109-105 bde-text\">\nForniamo servizi eccellenti a clienti in tutto il mondo e ci impegniamo a migliorare costantemente attraverso obiettivi misurabili. Allo stesso tempo, rispettiamo elevati standard sociali, etici e ambientali per avere un impatto positivo sui nostri clienti, sulle comunit\u00e0 e sul pianeta.\n<\/div>\n<\/div><div class=\"bde-column-22109-106 bde-column\">\n  \n  \n\t\n\n\n\n<img decoding=\"async\" class=\"bde-image2-22109-107 bde-image2\" src=\"https:\/\/devicenow.com\/wp-content\/uploads\/backgrounds-8.jpg\" loading=\"lazy\" srcset=\"https:\/\/devicenow.com\/wp-content\/uploads\/backgrounds-8.jpg 2000w, https:\/\/devicenow.com\/wp-content\/uploads\/backgrounds-8-448x299.jpg 448w, https:\/\/devicenow.com\/wp-content\/uploads\/backgrounds-8-1024x682.jpg 1024w, https:\/\/devicenow.com\/wp-content\/uploads\/backgrounds-8-150x100.jpg 150w, https:\/\/devicenow.com\/wp-content\/uploads\/backgrounds-8-768x512.jpg 768w, https:\/\/devicenow.com\/wp-content\/uploads\/backgrounds-8-1536x1024.jpg 1536w\" sizes=\"(max-width: 2000px) 100vw, 2000px\">\n<\/div><\/div>\n<\/div><\/div>\n<\/section><section class=\"bde-section-22109-108 bde-section\">\n              \n  \n  \n\t\n\n  <div class=\"section-background-overlay\"><\/div>\n\n\n        <div class=\"section-shape-divider-wrapper section-shape-divider-wrapper--1\">\n          <span class=\"section-shape-divider\">\n                      <svg\n                xmlns=\"http:\/\/www.w3.org\/2000\/svg\"\n                viewBox=\"0 0 1440 320\"\n                preserveAspectRatio=\"none\"\n            >\n              <path fill=\"currentColor\" fill-opacity=\"1\" d=\"M0,128L80,154.7C160,181,320,235,480,261.3C640,288,800,288,960,240C1120,192,1280,96,1360,48L1440,0L1440,320L1360,320C1280,320,1120,320,960,320C800,320,640,320,480,320C320,320,160,320,80,320L0,320Z\"><\/path>\n            <\/svg>\n                    <\/span>\n      <\/div>\n  <div class=\"section-container\"><div class=\"bde-div-22109-109 bde-div\">\n  \n  \n\t\n\n\n\n<div class=\"bde-columns-22109-110 bde-columns\"><div class=\"bde-column-22109-111 bde-column\">\n  \n  \n\t\n\n\n\n<h2 class=\"bde-heading-22109-112 bde-heading\" data-entrance=\"fade\">\nResponsabilit\u00e0 sociale, etica e ambientale\n<\/h2><div class=\"bde-text-22109-113 bde-text\">\nNoi di devicenow ci impegniamo a rispettare i pi\u00f9 elevati standard di responsabilit\u00e0 sociale, etica e ambientale in tutte le nostre attivit\u00e0 a livello globale. La nostra politica \u00e8 in linea con le normative locali e internazionali e si basa sul Codice di condotta della Responsible Business Alliance, sulla Dichiarazione dell\u2019OIL sui principi e i diritti fondamentali nel lavoro e sulla Dichiarazione universale dei diritti umani delle Nazioni Unite. <br><br>Ci impegniamo a rispettare gli standard lavorativi garantendo che ogni rapporto di lavoro sia volontario e privo di lavoro forzato e minorile. Garantiamo salari equi e orari di lavoro ragionevoli, applicando una politica di tolleranza zero nei confronti della discriminazione e delle molestie. Il nostro obiettivo \u00e8 creare un ambiente inclusivo in cui tutti i dipendenti possano prosperare.<br><br>Diamo priorit\u00e0 alla salute e alla sicurezza mantenendo condizioni di lavoro sicure e fornendo una formazione continua in materia di sicurezza per preparare i dipendenti alla prevenzione degli incidenti e alla risposta alle emergenze. Anche l'accesso a servizi igienico-sanitari adeguati \u00e8 essenziale per mantenere il benessere dei dipendenti sul posto di lavoro.<br><br>Il nostro impegno in materia di responsabilit\u00e0 ambientale consiste nel ridurre al minimo l'impatto sull'ambiente, rispettando i requisiti previsti dalle autorizzazioni e riducendo attivamente i rifiuti. Ci dedichiamo alla conservazione delle risorse naturali, a testimonianza del nostro impegno verso la sostenibilit\u00e0 per le generazioni future.<br><br>L'etica \u00e8 alla base delle nostre attivit\u00e0. Diamo grande importanza all'integrit\u00e0 in tutti i nostri rapporti commerciali e rispettiamo le leggi anticorruzione e le pratiche di concorrenza leale. La trasparenza e la responsabilit\u00e0 nei nostri registri sono fondamentali, rafforzando il nostro impegno verso pratiche etiche e la costruzione di un clima di fiducia.<br><br>Promuoviamo una cultura della conformit\u00e0 e del miglioramento continuo nei nostri standard sociali, etici e ambientali. Qualsiasi inosservanza delle nostre politiche comporter\u00e0 un'azione disciplinare, garantendo il rispetto di questi principi. In caso di domande, non esitate a contattarci.<br>\n<\/div><div class=\"bde-div-22109-114 bde-div\">\n  \n  \n\t\n\n\n\n<a class=\"bde-container-link-22109-115 bde-container-link breakdance-link\" href=\"mailto:quality@devicenow.com\" target=\"_self\" data-type=\"url\">\n  \n  \n\t\n\n\n\n<div class=\"bde-text-22109-116 bde-text text-color-hover\">\nContatta il nostro team addetto alla qualit\u00e0\n<\/div><div class=\"bde-icon-22109-117 bde-icon text-color-hover\">\n\n    \n            <div class=\"bde-icon-icon breakdance-icon-atom\" >\n    \n                    <svg xmlns=\"http:\/\/www.w3.org\/2000\/svg\" viewBox=\"0 0 448 512\"><!--! Font Awesome Free 6.5.1 by @fontawesome - https:\/\/fontawesome.com License - https:\/\/fontawesome.com\/license\/free (Icons: CC BY 4.0, Fonts: SIL OFL 1.1, Code: MIT License) Copyright 2023 Fonticons, Inc. --><path d=\"M438.6 278.6c12.5-12.5 12.5-32.8 0-45.3l-160-160c-12.5-12.5-32.8-12.5-45.3 0s-12.5 32.8 0 45.3L338.8 224 32 224c-17.7 0-32 14.3-32 32s14.3 32 32 32l306.7 0L233.4 393.4c-12.5 12.5-12.5 32.8 0 45.3s32.8 12.5 45.3 0l160-160z\"\/><\/svg>\n        \n        \n        \n            <\/div>\n    \n\n\n<\/div>\n\n<\/a>\n<\/div>\n<\/div><\/div>\n<\/div><\/div>\n<\/section><section class=\"bde-section-22109-118 bde-section\">\n  \n  \n\t\n\n\n\n        <div class=\"section-shape-divider-wrapper section-shape-divider-wrapper--1\">\n          <span class=\"section-shape-divider\">\n                      <svg\n                xmlns=\"http:\/\/www.w3.org\/2000\/svg\"\n                viewBox=\"0 0 1440 320\"\n                preserveAspectRatio=\"none\"\n            >\n              <path fill=\"currentColor\" fill-opacity=\"1\" d=\"M0,160L120,181.3C240,203,480,245,720,224C960,203,1200,117,1320,74.7L1440,32L1440,320L1320,320C1200,320,960,320,720,320C480,320,240,320,120,320L0,320Z\"><\/path>\n            <\/svg>\n                    <\/span>\n      <\/div>\n        <div class=\"section-shape-divider-wrapper section-shape-divider-wrapper--2\">\n          <span class=\"section-shape-divider\">\n                      <svg\n                xmlns=\"http:\/\/www.w3.org\/2000\/svg\"\n                viewBox=\"0 0 1440 320\"\n                preserveAspectRatio=\"none\"\n            >\n              <path fill=\"currentColor\" fill-opacity=\"1\" d=\"M0,160L120,181.3C240,203,480,245,720,224C960,203,1200,117,1320,74.7L1440,32L1440,320L1320,320C1200,320,960,320,720,320C480,320,240,320,120,320L0,320Z\"><\/path>\n            <\/svg>\n                    <\/span>\n      <\/div>\n  <div class=\"section-container\"><div class=\"bde-div-22109-119 bde-div\">\n  \n  \n\t\n\n\n\n<div class=\"bde-columns-22109-120 bde-columns\"><div class=\"bde-column-22109-121 bde-column\">\n  \n  \n\t\n\n\n\n<h2 class=\"bde-heading-22109-122 bde-heading\">\ndevicenow and United Nations Global Compact \n<\/h2><div class=\"bde-text-22109-123 bde-text\">\nSosteniamo con convinzione l'iniziativa delle Nazioni Unite volta a promuovere un'economia globale equa e sostenibile. L'UNGC rappresenta l'iniziativa pi\u00f9 ampia e significativa a livello mondiale per una gestione aziendale responsabile e sostenibile.<br><br>In qualit\u00e0 di partecipanti, ci impegniamo ad allineare le nostre azioni ai principi dell'UNGC, promuovendo una cultura dell'integrit\u00e0 e della sostenibilit\u00e0 aziendale. Riconosciamo le nostre responsabilit\u00e0 fondamentali nei settori dei diritti umani, del lavoro, dell'ambiente e della lotta alla corruzione. Aderendo a questa iniziativa, abbiamo una preziosa opportunit\u00e0 di contribuire a un futuro migliore per tutti.<br><br>\n<\/div><div class=\"bde-div-22109-124 bde-div\">\n  \n  \n\t\n\n\n\n<a class=\"bde-container-link-22109-125 bde-container-link breakdance-link\" href=\"www.unglobalcompact.org\" target=\"_self\" data-type=\"url\">\n  \n  \n\t\n\n\n\n<div class=\"bde-text-22109-126 bde-text text-color-hover\">\nMaggiori informazioni\n<\/div><div class=\"bde-icon-22109-127 bde-icon text-color-hover\">\n\n    \n            <div class=\"bde-icon-icon breakdance-icon-atom\" >\n    \n                    <svg xmlns=\"http:\/\/www.w3.org\/2000\/svg\" viewBox=\"0 0 448 512\"><!--! Font Awesome Free 6.5.1 by @fontawesome - https:\/\/fontawesome.com License - https:\/\/fontawesome.com\/license\/free (Icons: CC BY 4.0, Fonts: SIL OFL 1.1, Code: MIT License) Copyright 2023 Fonticons, Inc. --><path d=\"M438.6 278.6c12.5-12.5 12.5-32.8 0-45.3l-160-160c-12.5-12.5-32.8-12.5-45.3 0s-12.5 32.8 0 45.3L338.8 224 32 224c-17.7 0-32 14.3-32 32s14.3 32 32 32l306.7 0L233.4 393.4c-12.5 12.5-12.5 32.8 0 45.3s32.8 12.5 45.3 0l160-160z\"\/><\/svg>\n        \n        \n        \n            <\/div>\n    \n\n\n<\/div>\n\n<\/a>\n<\/div>\n<\/div><div class=\"bde-column-22109-128 bde-column\">\n  \n  \n\t\n\n\n\n<div class=\"bde-simple-image-22109-129 bde-simple-image light\" data-entrance=\"fade\">\n  \n\n\n\n\n\n  \n    \n      <img decoding=\"async\" class=\"breakdance-image-object\" src=\"https:\/\/devicenow.com\/wp-content\/uploads\/un-global.png\" width=\"387\" height=\"399\" srcset=\"https:\/\/devicenow.com\/wp-content\/uploads\/un-global.png 387w, https:\/\/devicenow.com\/wp-content\/uploads\/un-global-150x155.png 150w\" sizes=\"auto, (max-width: 387px) 100vw, 387px\" loading=\"lazy\">\n\n      \n    \n  \n<\/div><div class=\"bde-simple-image-22109-130 bde-simple-image dark\" data-entrance=\"fade\">\n  \n\n\n\n\n\n  \n    \n      <img decoding=\"async\" class=\"breakdance-image-object\" src=\"https:\/\/devicenow.com\/wp-content\/uploads\/un-global-black.webp\" width=\"387\" height=\"399\" srcset=\"https:\/\/devicenow.com\/wp-content\/uploads\/un-global-black.webp 387w, https:\/\/devicenow.com\/wp-content\/uploads\/un-global-black-150x155.webp 150w\" sizes=\"auto, (max-width: 387px) 100vw, 387px\" loading=\"lazy\">\n\n      \n    \n  \n<\/div>\n<\/div><\/div>\n<\/div><\/div>\n<\/section><section class=\"bde-section-22109-131 bde-section\">\n  \n  \n\t\n\n\n\n<div class=\"section-container\"><div class=\"bde-div-22109-132 bde-div\">\n  \n  \n\t\n\n\n\n<div class=\"bde-columns-22109-133 bde-columns\"><div class=\"bde-column-22109-134 bde-column\">\n  \n  \n\t\n\n\n\n<div class=\"bde-simple-image-22109-135 bde-simple-image\" data-entrance=\"fade\">\n  \n\n\n\n\n\n  \n    \n      <img loading=\"lazy\" decoding=\"async\" class=\"breakdance-image-object\" src=\"https:\/\/devicenow.com\/wp-content\/uploads\/2025-ecovadis-platnium-badge.png\" width=\"400\" height=\"400\" srcset=\"https:\/\/devicenow.com\/wp-content\/uploads\/2025-ecovadis-platnium-badge.png 400w, https:\/\/devicenow.com\/wp-content\/uploads\/2025-ecovadis-platnium-badge-150x150.png 150w\" sizes=\"auto, (max-width: 400px) 100vw, 400px\">\n\n      \n    \n  \n<\/div>\n<\/div><div class=\"bde-column-22109-136 bde-column\">\n  \n  \n\t\n\n\n\n<h2 class=\"bde-heading-22109-137 bde-heading\">\nEcoVadis\n<\/h2><div class=\"bde-text-22109-138 bde-text\">\nIn qualit\u00e0 di parte del Gruppo CHG-MERIDIAN, abbiamo ottenuto il rating Platinum di EcoVadis, che ci colloca nell'1% delle migliori aziende su oltre 130.000 in tutto il mondo!\n<\/div><div class=\"bde-text-22109-139 bde-text\">\nLa sostenibilit\u00e0 \u00e8 al centro della nostra attivit\u00e0; ci impegniamo a ridurre al minimo il nostro impatto ambientale, a promuovere pratiche etiche e a garantire un approvvigionamento responsabile.\n<\/div><div class=\"bde-div-22109-140 bde-div\">\n  \n  \n\t\n\n\n\n<a class=\"bde-container-link-22109-141 bde-container-link breakdance-link\" href=\"https:\/\/devicenow.com\/it\/sostenibilita\" target=\"_self\" data-type=\"url\">\n  \n  \n\t\n\n\n\n<div class=\"bde-text-22109-142 bde-text text-color-hover\">\nPer saperne di pi\u00f9\n<\/div><div class=\"bde-icon-22109-143 bde-icon text-color-hover\">\n\n    \n            <div class=\"bde-icon-icon breakdance-icon-atom\" >\n    \n                    <svg xmlns=\"http:\/\/www.w3.org\/2000\/svg\" viewBox=\"0 0 448 512\"><!--! Font Awesome Free 6.5.1 by @fontawesome - https:\/\/fontawesome.com License - https:\/\/fontawesome.com\/license\/free (Icons: CC BY 4.0, Fonts: SIL OFL 1.1, Code: MIT License) Copyright 2023 Fonticons, Inc. --><path d=\"M438.6 278.6c12.5-12.5 12.5-32.8 0-45.3l-160-160c-12.5-12.5-32.8-12.5-45.3 0s-12.5 32.8 0 45.3L338.8 224 32 224c-17.7 0-32 14.3-32 32s14.3 32 32 32l306.7 0L233.4 393.4c-12.5 12.5-12.5 32.8 0 45.3s32.8 12.5 45.3 0l160-160z\"\/><\/svg>\n        \n        \n        \n            <\/div>\n    \n\n\n<\/div>\n\n<\/a>\n<\/div>\n<\/div><\/div>\n<\/div><\/div>\n<\/section><section class=\"bde-section-22109-144 bde-section\">\n              \n  \n  \n\t\n\n\n\n<div class=\"section-container\"><h2 class=\"bde-heading-22109-145 bde-heading\" data-entrance=\"fade\">\nProcedura di segnalazione di irregolarit\u00e0\n<\/h2><div class=\"bde-rich-text-22109-146 bde-rich-text breakdance-rich-text-styles\">\n<p>Canali di segnalazione affidabili per gli stakeholder sia interni che esterni, insieme alla tutela degli informatori, sono essenziali per garantire un'efficace conformit\u00e0.<\/p><p>Noi di devicenow offriamo diverse opzioni di segnalazione che consentono agli informatori di segnalare eventuali violazioni della conformit\u00e0. Il nostro <a href=\"https:\/\/devicenow.hinweisgeberschutzsystem.de\/\">strumento online<\/a> offre un modo sicuro per segnalare in modo riservato e, se lo si desidera, in forma anonima, potenziali violazioni. Oltre a utilizzare lo strumento, \u00e8 possibile inviare e-mail al nostro Ufficio Compliance all'indirizzo <a href=\"mailto:whistleblow@devicenow.com\">whistleblow@devicenow.com<\/a>.<\/p><p>La nostra politica interna garantisce che le segnalazioni effettuate in buona fede siano protette da ritorsioni. Inoltre, si applica la presunzione di innocenza fino a quando non venga provata la colpevolezza di una violazione.<\/p>\n<\/div><\/div>\n<\/section><section class=\"bde-section-22109-147 bde-section\">\n  \n  \n\t\n\n\n\n        <div class=\"section-shape-divider-wrapper section-shape-divider-wrapper--1\">\n          <span class=\"section-shape-divider\">\n                      <svg\n                xmlns=\"http:\/\/www.w3.org\/2000\/svg\"\n                viewBox=\"0 0 1440 320\"\n                preserveAspectRatio=\"none\"\n            >\n              <path fill=\"currentColor\" fill-opacity=\"1\" d=\"M0,128L80,154.7C160,181,320,235,480,261.3C640,288,800,288,960,240C1120,192,1280,96,1360,48L1440,0L1440,320L1360,320C1280,320,1120,320,960,320C800,320,640,320,480,320C320,320,160,320,80,320L0,320Z\"><\/path>\n            <\/svg>\n                    <\/span>\n      <\/div>\n  <div class=\"section-container\"><div class=\"bde-div-22109-148 bde-div\" data-entrance=\"fade\">\n              \n  \n  \n\t\n\n\n\n<h2 class=\"bde-heading-22109-149 bde-heading\" data-entrance=\"fade\">\nScopri come stiamo plasmando il futuro del DaaS in tutto il mondo. \n<\/h2><div class=\"bde-div-22109-150 bde-div\">\n  \n  \n\t\n\n\n\n<a class=\"bde-container-link-22109-151 bde-container-link breakdance-link\" href=\"https:\/\/devicenow.com\/it\/chi-siamo\" target=\"_self\" data-type=\"url\">\n  \n  \n\t\n\n\n\n<div class=\"bde-text-22109-152 bde-text text-color-hover\">\nChi siamo\n<\/div><div class=\"bde-icon-22109-153 bde-icon text-color-hover\">\n\n    \n            <div class=\"bde-icon-icon breakdance-icon-atom\" >\n    \n                    <svg xmlns=\"http:\/\/www.w3.org\/2000\/svg\" viewBox=\"0 0 448 512\"><!--! Font Awesome Free 6.5.1 by @fontawesome - https:\/\/fontawesome.com License - https:\/\/fontawesome.com\/license\/free (Icons: CC BY 4.0, Fonts: SIL OFL 1.1, Code: MIT License) Copyright 2023 Fonticons, Inc. --><path d=\"M438.6 278.6c12.5-12.5 12.5-32.8 0-45.3l-160-160c-12.5-12.5-32.8-12.5-45.3 0s-12.5 32.8 0 45.3L338.8 224 32 224c-17.7 0-32 14.3-32 32s14.3 32 32 32l306.7 0L233.4 393.4c-12.5 12.5-12.5 32.8 0 45.3s32.8 12.5 45.3 0l160-160z\"\/><\/svg>\n        \n        \n        \n            <\/div>\n    \n\n\n<\/div>\n\n<\/a>\n<\/div>\n<\/div><\/div>\n<\/section><\/div>","protected":false},"excerpt":{"rendered":"<p>I nostri impegni Forniamo servizi eccellenti a clienti in tutto il mondo e ci impegniamo a migliorare costantemente attraverso obiettivi misurabili. Allo stesso tempo, rispettiamo elevati standard sociali, etici e ambientali per avere un impatto positivo sui nostri clienti, sulle comunit\u00e0 e sul pianeta. Responsabilit\u00e0 sociale, etica e ambientale Noi di devicenow ci impegniamo a [&hellip;]<\/p>\n","protected":false},"author":7,"featured_media":10363,"parent":0,"menu_order":0,"comment_status":"closed","ping_status":"closed","template":"","meta":{"content-type":"","_breakdance_hide_in_design_set":false,"_breakdance_tags":"","footnotes":""},"class_list":["post-22109","page","type-page","status-publish","has-post-thumbnail","hentry"],"yoast_head":"<!-- This site is optimized with the Yoast SEO plugin v27.5 - https:\/\/yoast.com\/product\/yoast-seo-wordpress\/ -->\n<title>I nostri impegni - devicenow<\/title>\n<meta name=\"robots\" content=\"index, follow, max-snippet:-1, max-image-preview:large, max-video-preview:-1\" \/>\n<link rel=\"canonical\" href=\"https:\/\/devicenow.com\/it\/i-nostri-impegni\/\" \/>\n<meta property=\"og:locale\" content=\"it_IT\" \/>\n<meta property=\"og:type\" content=\"article\" \/>\n<meta property=\"og:title\" content=\"I nostri impegni - devicenow\" \/>\n<meta property=\"og:description\" content=\"I nostri impegni Forniamo servizi eccellenti a clienti in tutto il mondo e ci impegniamo a migliorare costantemente attraverso obiettivi misurabili. Allo stesso tempo, rispettiamo elevati standard sociali, etici e ambientali per avere un impatto positivo sui nostri clienti, sulle comunit\u00e0 e sul pianeta. Responsabilit\u00e0 sociale, etica e ambientale Noi di devicenow ci impegniamo a [&hellip;]\" \/>\n<meta property=\"og:url\" content=\"https:\/\/devicenow.com\/it\/i-nostri-impegni\/\" \/>\n<meta property=\"og:site_name\" content=\"devicenow\" \/>\n<meta property=\"article:modified_time\" content=\"2026-04-30T07:27:13+00:00\" \/>\n<meta property=\"og:image\" content=\"https:\/\/devicenow.com\/wp-content\/uploads\/sustainable-scaled.jpg\" \/>\n\t<meta property=\"og:image:width\" content=\"2560\" \/>\n\t<meta property=\"og:image:height\" content=\"1707\" \/>\n\t<meta property=\"og:image:type\" content=\"image\/jpeg\" \/>\n<meta name=\"twitter:card\" content=\"summary_large_image\" \/>\n<script type=\"application\/ld+json\" class=\"yoast-schema-graph\">{\"@context\":\"https:\\\/\\\/schema.org\",\"@graph\":[{\"@type\":\"WebPage\",\"@id\":\"https:\\\/\\\/devicenow.com\\\/it\\\/i-nostri-impegni\\\/\",\"url\":\"https:\\\/\\\/devicenow.com\\\/it\\\/i-nostri-impegni\\\/\",\"name\":\"I nostri impegni - devicenow\",\"isPartOf\":{\"@id\":\"https:\\\/\\\/devicenow.com\\\/#website\"},\"primaryImageOfPage\":{\"@id\":\"https:\\\/\\\/devicenow.com\\\/it\\\/i-nostri-impegni\\\/#primaryimage\"},\"image\":{\"@id\":\"https:\\\/\\\/devicenow.com\\\/it\\\/i-nostri-impegni\\\/#primaryimage\"},\"thumbnailUrl\":\"https:\\\/\\\/devicenow.com\\\/wp-content\\\/uploads\\\/sustainable-scaled.jpg\",\"datePublished\":\"2025-03-04T09:58:16+00:00\",\"dateModified\":\"2026-04-30T07:27:13+00:00\",\"breadcrumb\":{\"@id\":\"https:\\\/\\\/devicenow.com\\\/it\\\/i-nostri-impegni\\\/#breadcrumb\"},\"inLanguage\":\"it-IT\",\"potentialAction\":[{\"@type\":\"ReadAction\",\"target\":[\"https:\\\/\\\/devicenow.com\\\/it\\\/i-nostri-impegni\\\/\"]}]},{\"@type\":\"ImageObject\",\"inLanguage\":\"it-IT\",\"@id\":\"https:\\\/\\\/devicenow.com\\\/it\\\/i-nostri-impegni\\\/#primaryimage\",\"url\":\"https:\\\/\\\/devicenow.com\\\/wp-content\\\/uploads\\\/sustainable-scaled.jpg\",\"contentUrl\":\"https:\\\/\\\/devicenow.com\\\/wp-content\\\/uploads\\\/sustainable-scaled.jpg\",\"width\":2560,\"height\":1707,\"caption\":\"Aerial view of summer green trees in forest in mountains\"},{\"@type\":\"BreadcrumbList\",\"@id\":\"https:\\\/\\\/devicenow.com\\\/it\\\/i-nostri-impegni\\\/#breadcrumb\",\"itemListElement\":[{\"@type\":\"ListItem\",\"position\":1,\"name\":\"Strona g\u0142\u00f3wna\",\"item\":\"https:\\\/\\\/devicenow.com\\\/it\\\/\"},{\"@type\":\"ListItem\",\"position\":2,\"name\":\"I nostri impegni\"}]},{\"@type\":\"WebSite\",\"@id\":\"https:\\\/\\\/devicenow.com\\\/#website\",\"url\":\"https:\\\/\\\/devicenow.com\\\/\",\"name\":\"devicenow\",\"description\":\"\",\"potentialAction\":[{\"@type\":\"SearchAction\",\"target\":{\"@type\":\"EntryPoint\",\"urlTemplate\":\"https:\\\/\\\/devicenow.com\\\/?s={search_term_string}\"},\"query-input\":{\"@type\":\"PropertyValueSpecification\",\"valueRequired\":true,\"valueName\":\"search_term_string\"}}],\"inLanguage\":\"it-IT\"}]}<\/script>\n<!-- \/ Yoast SEO plugin. -->","yoast_head_json":{"title":"I nostri impegni - devicenow","robots":{"index":"index","follow":"follow","max-snippet":"max-snippet:-1","max-image-preview":"max-image-preview:large","max-video-preview":"max-video-preview:-1"},"canonical":"https:\/\/devicenow.com\/it\/i-nostri-impegni\/","og_locale":"it_IT","og_type":"article","og_title":"I nostri impegni - devicenow","og_description":"I nostri impegni Forniamo servizi eccellenti a clienti in tutto il mondo e ci impegniamo a migliorare costantemente attraverso obiettivi misurabili. Allo stesso tempo, rispettiamo elevati standard sociali, etici e ambientali per avere un impatto positivo sui nostri clienti, sulle comunit\u00e0 e sul pianeta. Responsabilit\u00e0 sociale, etica e ambientale Noi di devicenow ci impegniamo a [&hellip;]","og_url":"https:\/\/devicenow.com\/it\/i-nostri-impegni\/","og_site_name":"devicenow","article_modified_time":"2026-04-30T07:27:13+00:00","og_image":[{"width":2560,"height":1707,"url":"https:\/\/devicenow.com\/wp-content\/uploads\/sustainable-scaled.jpg","type":"image\/jpeg"}],"twitter_card":"summary_large_image","schema":{"@context":"https:\/\/schema.org","@graph":[{"@type":"WebPage","@id":"https:\/\/devicenow.com\/it\/i-nostri-impegni\/","url":"https:\/\/devicenow.com\/it\/i-nostri-impegni\/","name":"I nostri impegni - devicenow","isPartOf":{"@id":"https:\/\/devicenow.com\/#website"},"primaryImageOfPage":{"@id":"https:\/\/devicenow.com\/it\/i-nostri-impegni\/#primaryimage"},"image":{"@id":"https:\/\/devicenow.com\/it\/i-nostri-impegni\/#primaryimage"},"thumbnailUrl":"https:\/\/devicenow.com\/wp-content\/uploads\/sustainable-scaled.jpg","datePublished":"2025-03-04T09:58:16+00:00","dateModified":"2026-04-30T07:27:13+00:00","breadcrumb":{"@id":"https:\/\/devicenow.com\/it\/i-nostri-impegni\/#breadcrumb"},"inLanguage":"it-IT","potentialAction":[{"@type":"ReadAction","target":["https:\/\/devicenow.com\/it\/i-nostri-impegni\/"]}]},{"@type":"ImageObject","inLanguage":"it-IT","@id":"https:\/\/devicenow.com\/it\/i-nostri-impegni\/#primaryimage","url":"https:\/\/devicenow.com\/wp-content\/uploads\/sustainable-scaled.jpg","contentUrl":"https:\/\/devicenow.com\/wp-content\/uploads\/sustainable-scaled.jpg","width":2560,"height":1707,"caption":"Aerial view of summer green trees in forest in mountains"},{"@type":"BreadcrumbList","@id":"https:\/\/devicenow.com\/it\/i-nostri-impegni\/#breadcrumb","itemListElement":[{"@type":"ListItem","position":1,"name":"Strona g\u0142\u00f3wna","item":"https:\/\/devicenow.com\/it\/"},{"@type":"ListItem","position":2,"name":"I nostri impegni"}]},{"@type":"WebSite","@id":"https:\/\/devicenow.com\/#website","url":"https:\/\/devicenow.com\/","name":"devicenow","description":"","potentialAction":[{"@type":"SearchAction","target":{"@type":"EntryPoint","urlTemplate":"https:\/\/devicenow.com\/?s={search_term_string}"},"query-input":{"@type":"PropertyValueSpecification","valueRequired":true,"valueName":"search_term_string"}}],"inLanguage":"it-IT"}]}},"meta_box":{"description":"","descriptionde":"","descriptionnl":"","descriptiontr":"","descriptionit":"","descriptionfr":"","descriptiongr":"","descriptionpt":""},"_links":{"self":[{"href":"https:\/\/devicenow.com\/it\/wp-json\/wp\/v2\/pages\/22109","targetHints":{"allow":["GET"]}}],"collection":[{"href":"https:\/\/devicenow.com\/it\/wp-json\/wp\/v2\/pages"}],"about":[{"href":"https:\/\/devicenow.com\/it\/wp-json\/wp\/v2\/types\/page"}],"author":[{"embeddable":true,"href":"https:\/\/devicenow.com\/it\/wp-json\/wp\/v2\/users\/7"}],"replies":[{"embeddable":true,"href":"https:\/\/devicenow.com\/it\/wp-json\/wp\/v2\/comments?post=22109"}],"version-history":[{"count":3,"href":"https:\/\/devicenow.com\/it\/wp-json\/wp\/v2\/pages\/22109\/revisions"}],"predecessor-version":[{"id":22114,"href":"https:\/\/devicenow.com\/it\/wp-json\/wp\/v2\/pages\/22109\/revisions\/22114"}],"wp:featuredmedia":[{"embeddable":true,"href":"https:\/\/devicenow.com\/it\/wp-json\/wp\/v2\/media\/10363"}],"wp:attachment":[{"href":"https:\/\/devicenow.com\/it\/wp-json\/wp\/v2\/media?parent=22109"}],"curies":[{"name":"wp","href":"https:\/\/api.w.org\/{rel}","templated":true}]}}