{"id":10631,"date":"2024-10-17T13:27:49","date_gmt":"2024-10-17T11:27:49","guid":{"rendered":"https:\/\/devicenow.com\/imprint\/"},"modified":"2025-09-24T19:47:42","modified_gmt":"2025-09-24T17:47:42","slug":"informazione-legale","status":"publish","type":"page","link":"https:\/\/devicenow.com\/it\/informazione-legale\/","title":{"rendered":"Informazione legale"},"content":{"rendered":"<div class='breakdance'><section class=\"bde-section-10631-100 bde-section\">\n  \n  \n\t\n\n\n\n<div class=\"section-container\"><h1 class=\"bde-heading-10631-101 bde-heading\">\nInformazione legale\n<\/h1><div class=\"bde-rich-text-10631-102 bde-rich-text breakdance-rich-text-styles\">\n<div class=\"post-master-container\"><div class=\"entry-content\"><div id=\"\" class=\"section section--nmt\"><div class=\"grid grid--t100 grid--100-10 grid--hc grid--nmt grid--nmb\"><div class=\"grid__container\"><div class=\"grid__column\"><div class=\"area wysiwyg \"><p>devicenow GmbH \u00e8 un membro del Gruppo CHG-MERIDIAN.<br \/>devicenow GmbH, rappresentata dagli amministratori delegati Sven Matthiesen e Steffen Reichmann, \u00e8 il fornitore e quindi responsabile dell'offerta commerciale e aziendale online.<\/p><\/div><\/div><\/div><\/div><\/div><div id=\"\" class=\"section section--nmb\"><div class=\"grid grid--t100 grid--100\"><div class=\"grid__container\"><div class=\"grid__column\"><div class=\"area wysiwyg \"><h2 class=\"headline headline--2\">Impronta<\/h2><\/div><\/div><\/div><\/div><div class=\"grid grid--t50 grid--50-6-6 grid--nmb\"><div class=\"grid__container\"><div class=\"grid__column\"><div class=\"area wysiwyg \"><p>Informazioni ai sensi del paragrafo 2, sezione 1 dell'ordinanza sugli obblighi di informazione per i fornitori di servizi (DL-InfoV). Questa offerta online \u00e8 fornita da:<\/p><p>devicenow GmbH<\/p><p>Franz-Beer-Stra\u00dfe 111<br \/>88250 Weingarten<br \/>Germania<\/p><p>E-Mail:\u00a0info@devicenow.com<br \/>Web:\u00a0www.devicenow.com<\/p><p>Telefono: +49 (0)751 503696<\/p><p>Direttori generali: Sven Matthiesen, Steffen Reichmann<\/p><p>Tribunale di registrazione: Ulm HRB 744438<\/p><p>Tax office: Weingarten<br \/>Sales tax identification number: DE353347832<\/p><p>Court of jurisdiction: Ravensburg<br \/>Applicable law: Law of the Federal Republic of Germany (BRD)<\/p><\/div><\/div><div class=\"grid__column\"><div class=\"area wysiwyg \"><h5 class=\"headline headline--5\">Camera responsabile<\/h5><p>Camera di Commercio e Industria, Weingarten<\/p><h5 class=\"headline headline--5\">Responsabile dei contenuti giornalistico-editoriali<\/h5><p>Sven Matthiesen, E-Mail:\u00a0sven.matthiesen@devicenow.com<\/p><h5 class=\"headline headline--5\">Responsabile della protezione dei dati<\/h5><p>ai sensi dell'art. 37 GDPR i. V. m. \u00a7 38 comma 1 FDPA-nuovo:<br \/>Deutsche Datenschutzkanzlei, E-Mail: dataprotection@devicenow.com<\/p><\/div><\/div><\/div><\/div><\/div><div id=\"\" class=\"section section--nmt\"><div class=\"grid grid--t100 grid--100-8 grid--nmt grid--nmb\"><div class=\"grid__container\"><div class=\"grid__column\"><div class=\"area wysiwyg \"><h4 class=\"headline headline--4\">Responsabilit\u00e0<\/h4><p>devicenow GmbH pu\u00f2, a propria discrezione e senza assunzione di responsabilit\u00e0, modificare o terminare in tutto o in parte la presente offerta online in qualsiasi momento e senza preavviso. Con la pubblicazione di un link a un'offerta online di terzi (\"Hyperlink\"), devicenow GmbH non accetta la propriet\u00e0 dell'offerta online o dei suoi contenuti\"<\/p><\/div><\/div><\/div><\/div><div class=\"grid grid--t100 grid--100-8 grid--nmt grid--nmb\"><div class=\"grid__container\"><div class=\"grid__column\"><div class=\"area wysiwyg \"><h4 class=\"headline headline--4\">\u00a9 Copyright<\/h4><p>Tutti i diritti riservati. Testi, immagini e grafici, nonch\u00e9 la loro disposizione nell'offerta online sono soggetti alla protezione del diritto d'autore e ad altre leggi di tutela. I contenuti di questa offerta online non possono essere copiati, diffusi o modificati per scopi commerciali n\u00e9 resi accessibili a terzi.<\/p><p>\u00a9 Copyright fonti delle immagini:<br \/>iStock (Getty Images Deutschland GmbH)<\/p><\/div><\/div><\/div><\/div><div class=\"grid grid--t100 grid--100-8 grid--nmt grid--nmb\"><div class=\"grid__container\"><div class=\"grid__column\"><div class=\"area wysiwyg \"><h4 class=\"headline headline--4\">Informativa sulla protezione dei dati<\/h4><p>Qui trovi le nostre <a href=\"https:\/\/devicenow.com\/privacy-policy\/\" target=\"_self\" rel=\"noopener\">Data Protection Information<\/a>.<\/p><\/div><\/div><\/div><\/div><div class=\"grid grid--t100 grid--100-8 grid--nmt grid--nmb\"><div class=\"grid__container\"><div class=\"grid__column\"><div class=\"area wysiwyg \"><h4 class=\"headline headline--4\">Regolamentazione delle batterie<\/h4><p>Nota sulla restituzione delle batterie ai sensi del \u00a712 BatterieVO:<\/p><p>devicenow GmbH \u00e8 tenuta, in conformit\u00e0 con la normativa sulle batterie, a informare l'utente di quanto segue in relazione alla vendita di batterie o batterie ricaricabili, o alla fornitura di dispositivi che contengono batterie o batterie ricaricabili:<\/p><p>Le batterie non devono essere smaltite insieme ai rifiuti domestici. L'utente, in qualit\u00e0 di utilizzatore finale, \u00e8 tenuto per legge a restituire le batterie esaurite. L'utente pu\u00f2 restituire le batterie dopo l'uso al punto vendita o nelle immediate vicinanze (ad es. nei punti di raccolta comunali o nei negozi) gratuitamente. L'utente ha anche la possibilit\u00e0 di restituire le batterie per posta. L'utente pu\u00f2 rivolgersi alla sua azienda di installazione per la restituzione.<\/p><p>Le batterie o le batterie ricaricabili che contengono sostanze inquinanti sono contrassegnate dal simbolo di un bidone della spazzatura barrato. Il nome chimico della sostanza inquinante \u00e8 riportato accanto al simbolo del bidone della spazzatura.<\/p><p>Spiegazione: Cd sta per cadmio, Pb per piombo e Hg per mercurio.<\/p><\/div><\/div><\/div><\/div><div class=\"grid grid--t100 grid--100-8 grid--nmt grid--nmb\"><div class=\"grid__container\"><div class=\"grid__column\"><div class=\"area wysiwyg \"><h4 class=\"headline headline--4\">Nota: Legge generale sulla parit\u00e0 di trattamento (GAET)<\/h4><p>Per facilitare la lettura, nel presente documento non viene fatta alcuna distinzione di genere. I termini utilizzati si applicano, nel contesto della parit\u00e0 di trattamento, a entrambi i sessi.<\/p><\/div><\/div><\/div><\/div><\/div><\/div><\/div>\n<\/div><\/div>\n<\/section><\/div>","protected":false},"excerpt":{"rendered":"<p>Informazione legale devicenow GmbH \u00e8 un membro del Gruppo CHG-MERIDIAN.devicenow GmbH, rappresentata dagli amministratori delegati Sven Matthiesen e Steffen Reichmann, \u00e8 il fornitore e quindi responsabile dell&#8217;offerta commerciale e aziendale online.ImprontaInformazioni ai sensi del paragrafo 2, sezione 1 dell&#8217;ordinanza sugli obblighi di informazione per i fornitori di servizi (DL-InfoV). Questa offerta online \u00e8 fornita da:devicenow [&hellip;]<\/p>\n","protected":false},"author":1,"featured_media":0,"parent":0,"menu_order":0,"comment_status":"closed","ping_status":"closed","template":"","meta":{"content-type":"","_breakdance_hide_in_design_set":false,"_breakdance_tags":"","footnotes":""},"class_list":["post-10631","page","type-page","status-publish","hentry"],"yoast_head":"<!-- This site is optimized with the Yoast SEO plugin v27.3 - https:\/\/yoast.com\/product\/yoast-seo-wordpress\/ -->\n<title>Informazione legale - devicenow<\/title>\n<meta name=\"description\" content=\"Legal information and contact details for devicenow GmbH, including company registration, managing directors, and data protection officer.\" \/>\n<meta name=\"robots\" content=\"index, follow, max-snippet:-1, max-image-preview:large, max-video-preview:-1\" \/>\n<link rel=\"canonical\" href=\"https:\/\/devicenow.com\/it\/informazione-legale\/\" \/>\n<meta property=\"og:locale\" content=\"it_IT\" \/>\n<meta property=\"og:type\" content=\"article\" \/>\n<meta property=\"og:title\" content=\"Informazione legale - devicenow\" \/>\n<meta property=\"og:description\" content=\"Legal information and contact details for devicenow GmbH, including company registration, managing directors, and data protection officer.\" \/>\n<meta property=\"og:url\" content=\"https:\/\/devicenow.com\/it\/informazione-legale\/\" \/>\n<meta property=\"og:site_name\" content=\"devicenow\" \/>\n<meta property=\"article:modified_time\" content=\"2025-09-24T17:47:42+00:00\" \/>\n<meta name=\"twitter:card\" content=\"summary_large_image\" \/>\n<script type=\"application\/ld+json\" class=\"yoast-schema-graph\">{\"@context\":\"https:\\\/\\\/schema.org\",\"@graph\":[{\"@type\":\"WebPage\",\"@id\":\"https:\\\/\\\/devicenow.com\\\/it\\\/informazione-legale\\\/\",\"url\":\"https:\\\/\\\/devicenow.com\\\/it\\\/informazione-legale\\\/\",\"name\":\"Informazione legale - devicenow\",\"isPartOf\":{\"@id\":\"https:\\\/\\\/devicenow.com\\\/#website\"},\"datePublished\":\"2024-10-17T11:27:49+00:00\",\"dateModified\":\"2025-09-24T17:47:42+00:00\",\"description\":\"Legal information and contact details for devicenow GmbH, including company registration, managing directors, and data protection officer.\",\"breadcrumb\":{\"@id\":\"https:\\\/\\\/devicenow.com\\\/it\\\/informazione-legale\\\/#breadcrumb\"},\"inLanguage\":\"it-IT\",\"potentialAction\":[{\"@type\":\"ReadAction\",\"target\":[\"https:\\\/\\\/devicenow.com\\\/it\\\/informazione-legale\\\/\"]}]},{\"@type\":\"BreadcrumbList\",\"@id\":\"https:\\\/\\\/devicenow.com\\\/it\\\/informazione-legale\\\/#breadcrumb\",\"itemListElement\":[{\"@type\":\"ListItem\",\"position\":1,\"name\":\"Strona g\u0142\u00f3wna\",\"item\":\"https:\\\/\\\/devicenow.com\\\/it\\\/\"},{\"@type\":\"ListItem\",\"position\":2,\"name\":\"Informazione legale\"}]},{\"@type\":\"WebSite\",\"@id\":\"https:\\\/\\\/devicenow.com\\\/#website\",\"url\":\"https:\\\/\\\/devicenow.com\\\/\",\"name\":\"devicenow\",\"description\":\"\",\"potentialAction\":[{\"@type\":\"SearchAction\",\"target\":{\"@type\":\"EntryPoint\",\"urlTemplate\":\"https:\\\/\\\/devicenow.com\\\/?s={search_term_string}\"},\"query-input\":{\"@type\":\"PropertyValueSpecification\",\"valueRequired\":true,\"valueName\":\"search_term_string\"}}],\"inLanguage\":\"it-IT\"}]}<\/script>\n<!-- \/ Yoast SEO plugin. -->","yoast_head_json":{"title":"Informazione legale - devicenow","description":"Legal information and contact details for devicenow GmbH, including company registration, managing directors, and data protection officer.","robots":{"index":"index","follow":"follow","max-snippet":"max-snippet:-1","max-image-preview":"max-image-preview:large","max-video-preview":"max-video-preview:-1"},"canonical":"https:\/\/devicenow.com\/it\/informazione-legale\/","og_locale":"it_IT","og_type":"article","og_title":"Informazione legale - devicenow","og_description":"Legal information and contact details for devicenow GmbH, including company registration, managing directors, and data protection officer.","og_url":"https:\/\/devicenow.com\/it\/informazione-legale\/","og_site_name":"devicenow","article_modified_time":"2025-09-24T17:47:42+00:00","twitter_card":"summary_large_image","schema":{"@context":"https:\/\/schema.org","@graph":[{"@type":"WebPage","@id":"https:\/\/devicenow.com\/it\/informazione-legale\/","url":"https:\/\/devicenow.com\/it\/informazione-legale\/","name":"Informazione legale - devicenow","isPartOf":{"@id":"https:\/\/devicenow.com\/#website"},"datePublished":"2024-10-17T11:27:49+00:00","dateModified":"2025-09-24T17:47:42+00:00","description":"Legal information and contact details for devicenow GmbH, including company registration, managing directors, and data protection officer.","breadcrumb":{"@id":"https:\/\/devicenow.com\/it\/informazione-legale\/#breadcrumb"},"inLanguage":"it-IT","potentialAction":[{"@type":"ReadAction","target":["https:\/\/devicenow.com\/it\/informazione-legale\/"]}]},{"@type":"BreadcrumbList","@id":"https:\/\/devicenow.com\/it\/informazione-legale\/#breadcrumb","itemListElement":[{"@type":"ListItem","position":1,"name":"Strona g\u0142\u00f3wna","item":"https:\/\/devicenow.com\/it\/"},{"@type":"ListItem","position":2,"name":"Informazione legale"}]},{"@type":"WebSite","@id":"https:\/\/devicenow.com\/#website","url":"https:\/\/devicenow.com\/","name":"devicenow","description":"","potentialAction":[{"@type":"SearchAction","target":{"@type":"EntryPoint","urlTemplate":"https:\/\/devicenow.com\/?s={search_term_string}"},"query-input":{"@type":"PropertyValueSpecification","valueRequired":true,"valueName":"search_term_string"}}],"inLanguage":"it-IT"}]}},"meta_box":{"description":"","descriptionde":"","descriptionnl":"","descriptiontr":"","descriptionit":"","descriptionfr":"","descriptiongr":"","descriptionpt":""},"_links":{"self":[{"href":"https:\/\/devicenow.com\/it\/wp-json\/wp\/v2\/pages\/10631","targetHints":{"allow":["GET"]}}],"collection":[{"href":"https:\/\/devicenow.com\/it\/wp-json\/wp\/v2\/pages"}],"about":[{"href":"https:\/\/devicenow.com\/it\/wp-json\/wp\/v2\/types\/page"}],"author":[{"embeddable":true,"href":"https:\/\/devicenow.com\/it\/wp-json\/wp\/v2\/users\/1"}],"replies":[{"embeddable":true,"href":"https:\/\/devicenow.com\/it\/wp-json\/wp\/v2\/comments?post=10631"}],"version-history":[{"count":5,"href":"https:\/\/devicenow.com\/it\/wp-json\/wp\/v2\/pages\/10631\/revisions"}],"predecessor-version":[{"id":10640,"href":"https:\/\/devicenow.com\/it\/wp-json\/wp\/v2\/pages\/10631\/revisions\/10640"}],"wp:attachment":[{"href":"https:\/\/devicenow.com\/it\/wp-json\/wp\/v2\/media?parent=10631"}],"curies":[{"name":"wp","href":"https:\/\/api.w.org\/{rel}","templated":true}]}}