{"id":14276,"date":"2024-10-14T14:07:13","date_gmt":"2024-10-14T12:07:13","guid":{"rendered":"https:\/\/devicenow.com\/?page_id=14276"},"modified":"2025-11-26T13:39:21","modified_gmt":"2025-11-26T12:39:21","slug":"merci","status":"publish","type":"page","link":"https:\/\/devicenow.com\/fr\/merci\/","title":{"rendered":"Merci"},"content":{"rendered":"<div class='breakdance'><section class=\"bde-section-14276-100 bde-section\">\n  \n  \n\t\n\n\n\n<div class=\"section-container\"><h1 class=\"bde-heading-14276-101 bde-heading\" data-entrance=\"fade\">\nMerci de nous avoir contact\u00e9s !\n<\/h1><div class=\"bde-text-14276-102 bde-text\">\nNous vous remercions d'avoir pris le temps de nous contacter et nous vous r\u00e9pondrons dans les plus brefs d\u00e9lais. En attendant, veuillez consulter la FAQ pour trouver les r\u00e9ponses aux questions les plus courantes concernant devicenow.\n<\/div><div class=\"bde-div-14276-103 bde-div\">\n  \n  \n\t\n\n\n\n<a class=\"bde-container-link-14276-104 bde-container-link breakdance-link\" href=\"https:\/\/devicenow.com\/fr\/faq\/\" target=\"_self\" data-type=\"url\">\n  \n  \n\t\n\n\n\n<div class=\"bde-text-14276-105 bde-text text-color-hover\">\nConsultez notre FAQ\n<\/div><div class=\"bde-icon-14276-106 bde-icon text-color-hover\">\n\n    \n            <div class=\"bde-icon-icon breakdance-icon-atom\" >\n    \n                    <svg xmlns=\"http:\/\/www.w3.org\/2000\/svg\" viewBox=\"0 0 448 512\"><!--! Font Awesome Free 6.5.1 by @fontawesome - https:\/\/fontawesome.com License - https:\/\/fontawesome.com\/license\/free (Icons: CC BY 4.0, Fonts: SIL OFL 1.1, Code: MIT License) Copyright 2023 Fonticons, Inc. --><path d=\"M438.6 278.6c12.5-12.5 12.5-32.8 0-45.3l-160-160c-12.5-12.5-32.8-12.5-45.3 0s-12.5 32.8 0 45.3L338.8 224 32 224c-17.7 0-32 14.3-32 32s14.3 32 32 32l306.7 0L233.4 393.4c-12.5 12.5-12.5 32.8 0 45.3s32.8 12.5 45.3 0l160-160z\"\/><\/svg>\n        \n        \n        \n            <\/div>\n    \n\n\n<\/div>\n\n<\/a>\n<\/div><div class=\"bde-simple-image-14276-107 bde-simple-image\">\n  \n\n\n\n\n\n  \n    \n      <img decoding=\"async\" class=\"breakdance-image-object\" src=\"https:\/\/devicenow.com\/wp-content\/uploads\/devicenow-circle-big.svg\" width=\"\" height=\"\">\n\n      \n    \n  \n<\/div><div class=\"bde-simple-image-14276-108 bde-simple-image\">\n  \n\n\n\n\n\n  \n    \n      <img decoding=\"async\" class=\"breakdance-image-object\" src=\"https:\/\/devicenow.com\/wp-content\/uploads\/devicenow-circle-big.svg\" width=\"\" height=\"\">\n\n      \n    \n  \n<\/div><\/div>\n<\/section><\/div>","protected":false},"excerpt":{"rendered":"<p>Merci de nous avoir contact\u00e9s ! Nous vous remercions d&rsquo;avoir pris le temps de nous contacter et nous vous r\u00e9pondrons dans les plus brefs d\u00e9lais. En attendant, veuillez consulter la FAQ pour trouver les r\u00e9ponses aux questions les plus courantes concernant devicenow. Consultez notre FAQ<\/p>\n","protected":false},"author":7,"featured_media":0,"parent":0,"menu_order":0,"comment_status":"closed","ping_status":"closed","template":"","meta":{"content-type":"","_breakdance_hide_in_design_set":false,"_breakdance_tags":"","footnotes":""},"class_list":["post-14276","page","type-page","status-publish","hentry"],"yoast_head":"<!-- This site is optimized with the Yoast SEO plugin v27.3 - https:\/\/yoast.com\/product\/yoast-seo-wordpress\/ -->\n<title>Merci - devicenow<\/title>\n<meta name=\"robots\" content=\"index, follow, max-snippet:-1, max-image-preview:large, max-video-preview:-1\" \/>\n<link rel=\"canonical\" href=\"https:\/\/devicenow.com\/fr\/merci\/\" \/>\n<meta property=\"og:locale\" content=\"fr_FR\" \/>\n<meta property=\"og:type\" content=\"article\" \/>\n<meta property=\"og:title\" content=\"Merci - devicenow\" \/>\n<meta property=\"og:description\" content=\"Merci de nous avoir contact\u00e9s ! Nous vous remercions d&#039;avoir pris le temps de nous contacter et nous vous r\u00e9pondrons dans les plus brefs d\u00e9lais. En attendant, veuillez consulter la FAQ pour trouver les r\u00e9ponses aux questions les plus courantes concernant devicenow. Consultez notre FAQ\" \/>\n<meta property=\"og:url\" content=\"https:\/\/devicenow.com\/fr\/merci\/\" \/>\n<meta property=\"og:site_name\" content=\"devicenow\" \/>\n<meta property=\"article:modified_time\" content=\"2025-11-26T12:39:21+00:00\" \/>\n<meta name=\"twitter:card\" content=\"summary_large_image\" \/>\n<script type=\"application\/ld+json\" class=\"yoast-schema-graph\">{\"@context\":\"https:\\\/\\\/schema.org\",\"@graph\":[{\"@type\":\"WebPage\",\"@id\":\"https:\\\/\\\/devicenow.com\\\/fr\\\/merci\\\/\",\"url\":\"https:\\\/\\\/devicenow.com\\\/fr\\\/merci\\\/\",\"name\":\"Merci - devicenow\",\"isPartOf\":{\"@id\":\"https:\\\/\\\/devicenow.com\\\/#website\"},\"datePublished\":\"2024-10-14T12:07:13+00:00\",\"dateModified\":\"2025-11-26T12:39:21+00:00\",\"breadcrumb\":{\"@id\":\"https:\\\/\\\/devicenow.com\\\/fr\\\/merci\\\/#breadcrumb\"},\"inLanguage\":\"fr-FR\",\"potentialAction\":[{\"@type\":\"ReadAction\",\"target\":[\"https:\\\/\\\/devicenow.com\\\/fr\\\/merci\\\/\"]}]},{\"@type\":\"BreadcrumbList\",\"@id\":\"https:\\\/\\\/devicenow.com\\\/fr\\\/merci\\\/#breadcrumb\",\"itemListElement\":[{\"@type\":\"ListItem\",\"position\":1,\"name\":\"Strona g\u0142\u00f3wna\",\"item\":\"https:\\\/\\\/devicenow.com\\\/fr\\\/\"},{\"@type\":\"ListItem\",\"position\":2,\"name\":\"Merci\"}]},{\"@type\":\"WebSite\",\"@id\":\"https:\\\/\\\/devicenow.com\\\/#website\",\"url\":\"https:\\\/\\\/devicenow.com\\\/\",\"name\":\"devicenow\",\"description\":\"\",\"potentialAction\":[{\"@type\":\"SearchAction\",\"target\":{\"@type\":\"EntryPoint\",\"urlTemplate\":\"https:\\\/\\\/devicenow.com\\\/?s={search_term_string}\"},\"query-input\":{\"@type\":\"PropertyValueSpecification\",\"valueRequired\":true,\"valueName\":\"search_term_string\"}}],\"inLanguage\":\"fr-FR\"}]}<\/script>\n<!-- \/ Yoast SEO plugin. -->","yoast_head_json":{"title":"Merci - devicenow","robots":{"index":"index","follow":"follow","max-snippet":"max-snippet:-1","max-image-preview":"max-image-preview:large","max-video-preview":"max-video-preview:-1"},"canonical":"https:\/\/devicenow.com\/fr\/merci\/","og_locale":"fr_FR","og_type":"article","og_title":"Merci - devicenow","og_description":"Merci de nous avoir contact\u00e9s ! Nous vous remercions d'avoir pris le temps de nous contacter et nous vous r\u00e9pondrons dans les plus brefs d\u00e9lais. En attendant, veuillez consulter la FAQ pour trouver les r\u00e9ponses aux questions les plus courantes concernant devicenow. Consultez notre FAQ","og_url":"https:\/\/devicenow.com\/fr\/merci\/","og_site_name":"devicenow","article_modified_time":"2025-11-26T12:39:21+00:00","twitter_card":"summary_large_image","schema":{"@context":"https:\/\/schema.org","@graph":[{"@type":"WebPage","@id":"https:\/\/devicenow.com\/fr\/merci\/","url":"https:\/\/devicenow.com\/fr\/merci\/","name":"Merci - devicenow","isPartOf":{"@id":"https:\/\/devicenow.com\/#website"},"datePublished":"2024-10-14T12:07:13+00:00","dateModified":"2025-11-26T12:39:21+00:00","breadcrumb":{"@id":"https:\/\/devicenow.com\/fr\/merci\/#breadcrumb"},"inLanguage":"fr-FR","potentialAction":[{"@type":"ReadAction","target":["https:\/\/devicenow.com\/fr\/merci\/"]}]},{"@type":"BreadcrumbList","@id":"https:\/\/devicenow.com\/fr\/merci\/#breadcrumb","itemListElement":[{"@type":"ListItem","position":1,"name":"Strona g\u0142\u00f3wna","item":"https:\/\/devicenow.com\/fr\/"},{"@type":"ListItem","position":2,"name":"Merci"}]},{"@type":"WebSite","@id":"https:\/\/devicenow.com\/#website","url":"https:\/\/devicenow.com\/","name":"devicenow","description":"","potentialAction":[{"@type":"SearchAction","target":{"@type":"EntryPoint","urlTemplate":"https:\/\/devicenow.com\/?s={search_term_string}"},"query-input":{"@type":"PropertyValueSpecification","valueRequired":true,"valueName":"search_term_string"}}],"inLanguage":"fr-FR"}]}},"meta_box":{"description":"","descriptionde":"","descriptionnl":"","descriptiontr":"","descriptionit":"","descriptionfr":"","descriptiongr":"","descriptionpt":""},"_links":{"self":[{"href":"https:\/\/devicenow.com\/fr\/wp-json\/wp\/v2\/pages\/14276","targetHints":{"allow":["GET"]}}],"collection":[{"href":"https:\/\/devicenow.com\/fr\/wp-json\/wp\/v2\/pages"}],"about":[{"href":"https:\/\/devicenow.com\/fr\/wp-json\/wp\/v2\/types\/page"}],"author":[{"embeddable":true,"href":"https:\/\/devicenow.com\/fr\/wp-json\/wp\/v2\/users\/7"}],"replies":[{"embeddable":true,"href":"https:\/\/devicenow.com\/fr\/wp-json\/wp\/v2\/comments?post=14276"}],"version-history":[{"count":3,"href":"https:\/\/devicenow.com\/fr\/wp-json\/wp\/v2\/pages\/14276\/revisions"}],"predecessor-version":[{"id":14279,"href":"https:\/\/devicenow.com\/fr\/wp-json\/wp\/v2\/pages\/14276\/revisions\/14279"}],"wp:attachment":[{"href":"https:\/\/devicenow.com\/fr\/wp-json\/wp\/v2\/media?parent=14276"}],"curies":[{"name":"wp","href":"https:\/\/api.w.org\/{rel}","templated":true}]}}