{"id":11829,"date":"2024-10-17T13:27:49","date_gmt":"2024-10-17T11:27:49","guid":{"rendered":"https:\/\/devicenow.com\/imprint\/"},"modified":"2025-09-24T19:47:42","modified_gmt":"2025-09-24T17:47:42","slug":"imprint","status":"publish","type":"page","link":"https:\/\/devicenow.com\/fr\/imprint\/","title":{"rendered":"Mentions l\u00e9gales"},"content":{"rendered":"<div class='breakdance'><section class=\"bde-section-11829-100 bde-section\">\n  \n  \n\t\n\n\n\n<div class=\"section-container\"><h1 class=\"bde-heading-11829-101 bde-heading\">\nMentions l\u00e9gales\n<\/h1><div class=\"bde-rich-text-11829-102 bde-rich-text breakdance-rich-text-styles\">\n<div class=\"post-master-container\"><div class=\"entry-content\"><div id=\"\" class=\"section section--nmt\"><div class=\"grid grid--t100 grid--100-10 grid--hc grid--nmt grid--nmb\"><div class=\"grid__container\"><div class=\"grid__column\"><div class=\"area wysiwyg \"><p>\"devicenow GmbH est une soci\u00e9t\u00e9 du groupe CHG-MERIDIAN.<br \/>la soci\u00e9t\u00e9 devicenow GmbH, repr\u00e9sent\u00e9e par les directeurs g\u00e9n\u00e9raux Sven Matthiesen et Steffen Reichmann, est le fournisseur et, par cons\u00e9quent, le responsable de l'offre en ligne relative au commerce et \u00e0 l'entreprise.\"<\/p><\/div><\/div><\/div><\/div><\/div><div id=\"\" class=\"section section--nmb\"><div class=\"grid grid--t100 grid--100\"><div class=\"grid__container\"><div class=\"grid__column\"><div class=\"area wysiwyg \"><h2 class=\"headline headline--2\">Mentions l\u00e9gales<\/h2><p class=\"headline headline--2\">Informations conform\u00e9ment \u00e0 l'alin\u00e9a 2, section 1 de l'ordonnance sur les obligations d'information des prestataires de services (DL-InfoV). Cette offre en ligne est fournie par :<\/p><\/div><\/div><\/div><\/div><div class=\"grid grid--t50 grid--50-6-6 grid--nmb\"><div class=\"grid__container\"><div class=\"grid__column\"><div class=\"area wysiwyg \"><p>devicenow GmbH<\/p><p>Franz-Beer-Stra\u00dfe 111<br \/>88250 Weingarten<br \/>Allemagne<\/p><p>Courrier \u00e9lectronique : info@devicenow.com<br \/>Web : www.devicenow.com<\/p><p>T\u00e9l\u00e9phone : +49 (0)751 503696<\/p><p>Directeurs g\u00e9n\u00e9raux : Sven Matthiesen, Steffen Reichmann<\/p><p>Tribunal d'enregistrement : Ulm HRB 744438<\/p><p>Bureau des imp\u00f4ts : Weingarten<br \/>Num\u00e9ro d'identification de la taxe sur les ventes : DE353347832<\/p><p>Juridiction comp\u00e9tente : Ravensburg<br \/>Droit applicable : Loi de la R\u00e9publique f\u00e9d\u00e9rale d'Allemagne (BRD)<\/p><\/div><\/div><div class=\"grid__column\"><div class=\"area wysiwyg \"><h5 class=\"headline headline--5\">Chambre responsable<\/h5><p>Chambre de commerce et d'industrie, Weingarten<\/p><h5 class=\"headline headline--5\">Responsable du contenu journalistique et \u00e9ditorial<\/h5><p class=\"headline headline--5\">Sven Matthiesen, E-Mail : sven.matthiesen@devicenow.com<\/p><h5 class=\"headline headline--5\">D\u00e9l\u00e9gu\u00e9 \u00e0 la protection des donn\u00e9es<\/h5><p class=\"headline headline--5\">conform\u00e9ment \u00e0 l'art. 37 RGPD i. V. m. \u00a7 38 para.1 FDPA-nouveau :<br \/>Deutsche Datenschutzkanzlei, E-Mail : dataprotection@devicenow.com<\/p><\/div><\/div><\/div><\/div><\/div><div id=\"\" class=\"section section--nmt\"><div class=\"grid grid--t100 grid--100-8 grid--nmt grid--nmb\"><div class=\"grid__container\"><div class=\"grid__column\"><div class=\"area wysiwyg \"><h4 class=\"headline headline--4\">Responsabilit\u00e9<\/h4><p class=\"headline headline--4\">devicenow GmbH peut, \u00e0 sa propre discr\u00e9tion et sans assumer de responsabilit\u00e9, modifier ou mettre fin \u00e0 cette offre en ligne, en totalit\u00e9 ou en partie, \u00e0 tout moment et sans pr\u00e9avis. En affichant un lien vers l'offre en ligne d'un tiers (\"\"Hyperliens\"\"), la soci\u00e9t\u00e9 devicenow GmbH n'accepte pas la propri\u00e9t\u00e9 de l'offre en ligne ou de son contenu.<\/p><\/div><\/div><\/div><\/div><div class=\"grid grid--t100 grid--100-8 grid--nmt grid--nmb\"><div class=\"grid__container\"><div class=\"grid__column\"><div class=\"area wysiwyg \"><h4 class=\"headline headline--4\">droits d'auteur<\/h4><p class=\"headline headline--4\">Tous les droits sont r\u00e9serv\u00e9s. Les textes, les images et les graphiques, ainsi que leur disposition dans l'offre en ligne, sont soumis \u00e0 la protection du droit d'auteur et \u00e0 d'autres lois de protection. Le contenu de cette offre en ligne ne peut \u00eatre copi\u00e9, diffus\u00e9 ou modifi\u00e9 \u00e0 des fins commerciales ou rendu accessible \u00e0 des tiers.<\/p><p>Sources de l'image \u00a9 Copyright :<br \/>iStock (Getty Images Deutschland GmbH)<\/p><\/div><\/div><\/div><\/div><div class=\"grid grid--t100 grid--100-8 grid--nmt grid--nmb\"><div class=\"grid__container\"><div class=\"grid__column\"><div class=\"area wysiwyg \"><h4 class=\"headline headline--4\">Informations sur la protection des donn\u00e9es<\/h4><p class=\"headline headline--4\">Vous trouverez ici nos informations sur la protection des donn\u00e9es.<\/p><\/div><\/div><\/div><\/div><div class=\"grid grid--t100 grid--100-8 grid--nmt grid--nmb\"><div class=\"grid__container\"><div class=\"grid__column\"><div class=\"area wysiwyg \"><h4>R\u00e9glementation relative aux piles<\/h4><p>Note concernant le retour des piles conform\u00e9ment au \u00a712 BatterieVO :<\/p><p>devicenow GmbH est tenu, conform\u00e9ment \u00e0 la r\u00e9glementation sur les piles, d'informer l'utilisateur des points suivants dans le cadre de la vente de piles ou de batteries rechargeables, ou de la fourniture d'appareils contenant des piles ou des batteries rechargeables :<\/p><p>Les piles ne doivent pas \u00eatre jet\u00e9es avec les d\u00e9chets m\u00e9nagers. En tant qu'utilisateur final, l'utilisateur est l\u00e9galement tenu de rapporter les piles usag\u00e9es. L'utilisateur peut rapporter les piles usag\u00e9es apr\u00e8s utilisation au point de vente ou \u00e0 proximit\u00e9 imm\u00e9diate (par exemple dans les points de collecte municipaux ou les magasins) sans frais. L'utilisateur a \u00e9galement la possibilit\u00e9 de renvoyer les piles par la poste. L'utilisateur peut s'adresser \u00e0 son installateur pour les retours.<\/p><p>Les piles ou les batteries rechargeables qui contiennent des polluants sont marqu\u00e9es d'un symbole repr\u00e9sentant une poubelle barr\u00e9e. Le nom chimique du polluant se trouve \u00e0 proximit\u00e9 du symbole de la poubelle.<\/p><p>Explication : Cd signifie Cadmium, Pb signifie Plomb et Hg signifie Mercure.<\/p><\/div><\/div><\/div><\/div><div class=\"grid grid--t100 grid--100-8 grid--nmt grid--nmb\"><div class=\"grid__container\"><div class=\"grid__column\"><div class=\"area wysiwyg \"><h4>Note : Loi g\u00e9n\u00e9rale sur l'\u00e9galit\u00e9 de traitement (LGET)<\/h4><p>Pour faciliter la lecture, aucune distinction n'est faite entre les sexes dans ce document. Les termes utilis\u00e9s s'appliquent, dans le contexte de l'\u00e9galit\u00e9 de traitement, aux deux sexes.<\/p><\/div><\/div><\/div><\/div><\/div><\/div><\/div>\n<\/div><\/div>\n<\/section><\/div>","protected":false},"excerpt":{"rendered":"<p>Mentions l\u00e9gales \u00ab\u00a0devicenow GmbH est une soci\u00e9t\u00e9 du groupe CHG-MERIDIAN.la soci\u00e9t\u00e9 devicenow GmbH, repr\u00e9sent\u00e9e par les directeurs g\u00e9n\u00e9raux Sven Matthiesen et Steffen Reichmann, est le fournisseur et, par cons\u00e9quent, le responsable de l&rsquo;offre en ligne relative au commerce et \u00e0 l&rsquo;entreprise.\u00a0\u00bbMentions l\u00e9galesInformations conform\u00e9ment \u00e0 l&rsquo;alin\u00e9a 2, section 1 de l&rsquo;ordonnance sur les obligations d&rsquo;information des [&hellip;]<\/p>\n","protected":false},"author":1,"featured_media":0,"parent":0,"menu_order":0,"comment_status":"closed","ping_status":"closed","template":"","meta":{"content-type":"","_breakdance_hide_in_design_set":false,"_breakdance_tags":"","footnotes":""},"class_list":["post-11829","page","type-page","status-publish","hentry"],"yoast_head":"<!-- This site is optimized with the Yoast SEO plugin v27.3 - https:\/\/yoast.com\/product\/yoast-seo-wordpress\/ -->\n<title>Mentions l\u00e9gales - devicenow<\/title>\n<meta name=\"description\" content=\"Legal information and contact details for devicenow GmbH, including company registration, managing directors, and data protection officer.\" \/>\n<meta name=\"robots\" content=\"index, follow, max-snippet:-1, max-image-preview:large, max-video-preview:-1\" \/>\n<link rel=\"canonical\" href=\"https:\/\/devicenow.com\/fr\/imprint\/\" \/>\n<meta property=\"og:locale\" content=\"fr_FR\" \/>\n<meta property=\"og:type\" content=\"article\" \/>\n<meta property=\"og:title\" content=\"Mentions l\u00e9gales - devicenow\" \/>\n<meta property=\"og:description\" content=\"Legal information and contact details for devicenow GmbH, including company registration, managing directors, and data protection officer.\" \/>\n<meta property=\"og:url\" content=\"https:\/\/devicenow.com\/fr\/imprint\/\" \/>\n<meta property=\"og:site_name\" content=\"devicenow\" \/>\n<meta property=\"article:modified_time\" content=\"2025-09-24T17:47:42+00:00\" \/>\n<meta name=\"twitter:card\" content=\"summary_large_image\" \/>\n<script type=\"application\/ld+json\" class=\"yoast-schema-graph\">{\"@context\":\"https:\\\/\\\/schema.org\",\"@graph\":[{\"@type\":\"WebPage\",\"@id\":\"https:\\\/\\\/devicenow.com\\\/fr\\\/imprint\\\/\",\"url\":\"https:\\\/\\\/devicenow.com\\\/fr\\\/imprint\\\/\",\"name\":\"Mentions l\u00e9gales - devicenow\",\"isPartOf\":{\"@id\":\"https:\\\/\\\/devicenow.com\\\/#website\"},\"datePublished\":\"2024-10-17T11:27:49+00:00\",\"dateModified\":\"2025-09-24T17:47:42+00:00\",\"description\":\"Legal information and contact details for devicenow GmbH, including company registration, managing directors, and data protection officer.\",\"breadcrumb\":{\"@id\":\"https:\\\/\\\/devicenow.com\\\/fr\\\/imprint\\\/#breadcrumb\"},\"inLanguage\":\"fr-FR\",\"potentialAction\":[{\"@type\":\"ReadAction\",\"target\":[\"https:\\\/\\\/devicenow.com\\\/fr\\\/imprint\\\/\"]}]},{\"@type\":\"BreadcrumbList\",\"@id\":\"https:\\\/\\\/devicenow.com\\\/fr\\\/imprint\\\/#breadcrumb\",\"itemListElement\":[{\"@type\":\"ListItem\",\"position\":1,\"name\":\"Strona g\u0142\u00f3wna\",\"item\":\"https:\\\/\\\/devicenow.com\\\/fr\\\/\"},{\"@type\":\"ListItem\",\"position\":2,\"name\":\"Mentions l\u00e9gales\"}]},{\"@type\":\"WebSite\",\"@id\":\"https:\\\/\\\/devicenow.com\\\/#website\",\"url\":\"https:\\\/\\\/devicenow.com\\\/\",\"name\":\"devicenow\",\"description\":\"\",\"potentialAction\":[{\"@type\":\"SearchAction\",\"target\":{\"@type\":\"EntryPoint\",\"urlTemplate\":\"https:\\\/\\\/devicenow.com\\\/?s={search_term_string}\"},\"query-input\":{\"@type\":\"PropertyValueSpecification\",\"valueRequired\":true,\"valueName\":\"search_term_string\"}}],\"inLanguage\":\"fr-FR\"}]}<\/script>\n<!-- \/ Yoast SEO plugin. -->","yoast_head_json":{"title":"Mentions l\u00e9gales - devicenow","description":"Legal information and contact details for devicenow GmbH, including company registration, managing directors, and data protection officer.","robots":{"index":"index","follow":"follow","max-snippet":"max-snippet:-1","max-image-preview":"max-image-preview:large","max-video-preview":"max-video-preview:-1"},"canonical":"https:\/\/devicenow.com\/fr\/imprint\/","og_locale":"fr_FR","og_type":"article","og_title":"Mentions l\u00e9gales - devicenow","og_description":"Legal information and contact details for devicenow GmbH, including company registration, managing directors, and data protection officer.","og_url":"https:\/\/devicenow.com\/fr\/imprint\/","og_site_name":"devicenow","article_modified_time":"2025-09-24T17:47:42+00:00","twitter_card":"summary_large_image","schema":{"@context":"https:\/\/schema.org","@graph":[{"@type":"WebPage","@id":"https:\/\/devicenow.com\/fr\/imprint\/","url":"https:\/\/devicenow.com\/fr\/imprint\/","name":"Mentions l\u00e9gales - devicenow","isPartOf":{"@id":"https:\/\/devicenow.com\/#website"},"datePublished":"2024-10-17T11:27:49+00:00","dateModified":"2025-09-24T17:47:42+00:00","description":"Legal information and contact details for devicenow GmbH, including company registration, managing directors, and data protection officer.","breadcrumb":{"@id":"https:\/\/devicenow.com\/fr\/imprint\/#breadcrumb"},"inLanguage":"fr-FR","potentialAction":[{"@type":"ReadAction","target":["https:\/\/devicenow.com\/fr\/imprint\/"]}]},{"@type":"BreadcrumbList","@id":"https:\/\/devicenow.com\/fr\/imprint\/#breadcrumb","itemListElement":[{"@type":"ListItem","position":1,"name":"Strona g\u0142\u00f3wna","item":"https:\/\/devicenow.com\/fr\/"},{"@type":"ListItem","position":2,"name":"Mentions l\u00e9gales"}]},{"@type":"WebSite","@id":"https:\/\/devicenow.com\/#website","url":"https:\/\/devicenow.com\/","name":"devicenow","description":"","potentialAction":[{"@type":"SearchAction","target":{"@type":"EntryPoint","urlTemplate":"https:\/\/devicenow.com\/?s={search_term_string}"},"query-input":{"@type":"PropertyValueSpecification","valueRequired":true,"valueName":"search_term_string"}}],"inLanguage":"fr-FR"}]}},"meta_box":{"description":"","descriptionde":"","descriptionnl":"","descriptiontr":"","descriptionit":"","descriptionfr":"","descriptiongr":"","descriptionpt":""},"_links":{"self":[{"href":"https:\/\/devicenow.com\/fr\/wp-json\/wp\/v2\/pages\/11829","targetHints":{"allow":["GET"]}}],"collection":[{"href":"https:\/\/devicenow.com\/fr\/wp-json\/wp\/v2\/pages"}],"about":[{"href":"https:\/\/devicenow.com\/fr\/wp-json\/wp\/v2\/types\/page"}],"author":[{"embeddable":true,"href":"https:\/\/devicenow.com\/fr\/wp-json\/wp\/v2\/users\/1"}],"replies":[{"embeddable":true,"href":"https:\/\/devicenow.com\/fr\/wp-json\/wp\/v2\/comments?post=11829"}],"version-history":[{"count":4,"href":"https:\/\/devicenow.com\/fr\/wp-json\/wp\/v2\/pages\/11829\/revisions"}],"predecessor-version":[{"id":11833,"href":"https:\/\/devicenow.com\/fr\/wp-json\/wp\/v2\/pages\/11829\/revisions\/11833"}],"wp:attachment":[{"href":"https:\/\/devicenow.com\/fr\/wp-json\/wp\/v2\/media?parent=11829"}],"curies":[{"name":"wp","href":"https:\/\/api.w.org\/{rel}","templated":true}]}}