{"id":11629,"date":"2024-10-22T14:28:44","date_gmt":"2024-10-22T12:28:44","guid":{"rendered":"https:\/\/devicenow.com\/resources\/"},"modified":"2026-02-26T12:42:32","modified_gmt":"2026-02-26T11:42:32","slug":"ressources","status":"publish","type":"page","link":"https:\/\/devicenow.com\/fr\/ressources\/","title":{"rendered":"Ressources"},"content":{"rendered":"<div class='breakdance'><section class=\"bde-section-11629-230 bde-section\">\n  \n  \n\t\n\n\n\n        <div class=\"section-shape-divider-wrapper section-shape-divider-wrapper--1\">\n          <span class=\"section-shape-divider\">\n                      <svg\n                xmlns=\"http:\/\/www.w3.org\/2000\/svg\"\n                viewBox=\"0 0 1440 320\"\n                preserveAspectRatio=\"none\"\n            >\n              <path fill=\"currentColor\" fill-opacity=\"1\" d=\"M0,160L120,181.3C240,203,480,245,720,224C960,203,1200,117,1320,74.7L1440,32L1440,320L1320,320C1200,320,960,320,720,320C480,320,240,320,120,320L0,320Z\"><\/path>\n            <\/svg>\n                    <\/span>\n      <\/div>\n  <div class=\"section-container\"><div class=\"bde-simple-image-11629-231 bde-simple-image\">\n  \n\n\n\n\n\n  \n    \n      <img decoding=\"async\" class=\"breakdance-image-object\" src=\"https:\/\/devicenow.com\/wp-content\/uploads\/devicenow-circle-big.svg\" width=\"\" height=\"\">\n\n      \n    \n  \n<\/div><div class=\"bde-div-11629-232 bde-div\">\n  \n  \n\t\n\n\n\n<div class=\"bde-columns-11629-233 bde-columns\"><div class=\"bde-column-11629-234 bde-column\">\n  \n  \n\t\n\n\n\n<h1 class=\"bde-heading-11629-235 bde-heading\">\nDevice as a Service mondial pour le lieu de travail\n<\/h1><h2 class=\"bde-heading-11629-236 bde-heading\">\nD\u00e9couvrez les avantages du DaaS pour votre entreprise\n<\/h2><div class=\"bde-text-11629-237 bde-text\">\nD\u00e9couvrez des analyses sur les aspects de durabilit\u00e9 de nos services, des livres blancs et des \u00e9tudes de cas pr\u00e9sentant nos collaborations r\u00e9ussies avec des clients.\n<\/div>\n<\/div><div class=\"bde-column-11629-238 bde-column\">\n  \n  \n\t\n\n\n\n\n<\/div><\/div><div class=\"bde-simple-image-11629-239 bde-simple-image light\" data-entrance=\"slideDown\">\n  \n\n\n\n\n\n  \n    \n      <img loading=\"lazy\" decoding=\"async\" class=\"breakdance-image-object\" src=\"https:\/\/devicenow.com\/wp-content\/uploads\/Devices_iPad_v2_green.png\" width=\"1200\" height=\"974\" srcset=\"https:\/\/devicenow.com\/wp-content\/uploads\/Devices_iPad_v2_green.png 1200w, https:\/\/devicenow.com\/wp-content\/uploads\/Devices_iPad_v2_green-448x364.png 448w, https:\/\/devicenow.com\/wp-content\/uploads\/Devices_iPad_v2_green-1024x831.png 1024w, https:\/\/devicenow.com\/wp-content\/uploads\/Devices_iPad_v2_green-150x122.png 150w, https:\/\/devicenow.com\/wp-content\/uploads\/Devices_iPad_v2_green-768x623.png 768w\" sizes=\"auto, (max-width: 1200px) 100vw, 1200px\">\n\n      \n    \n  \n<\/div><div class=\"bde-simple-image-11629-240 bde-simple-image dark\" data-entrance=\"slideDown\">\n  \n\n\n\n\n\n  \n    \n      <img loading=\"lazy\" decoding=\"async\" class=\"breakdance-image-object\" src=\"https:\/\/devicenow.com\/wp-content\/uploads\/Devices_iPad_v2_green-light.png\" width=\"1800\" height=\"1200\" srcset=\"https:\/\/devicenow.com\/wp-content\/uploads\/Devices_iPad_v2_green-light.png 1800w, https:\/\/devicenow.com\/wp-content\/uploads\/Devices_iPad_v2_green-light-448x299.png 448w, https:\/\/devicenow.com\/wp-content\/uploads\/Devices_iPad_v2_green-light-1024x683.png 1024w, https:\/\/devicenow.com\/wp-content\/uploads\/Devices_iPad_v2_green-light-150x100.png 150w, https:\/\/devicenow.com\/wp-content\/uploads\/Devices_iPad_v2_green-light-768x512.png 768w, https:\/\/devicenow.com\/wp-content\/uploads\/Devices_iPad_v2_green-light-1536x1024.png 1536w\" sizes=\"auto, (max-width: 1800px) 100vw, 1800px\">\n\n      \n    \n  \n<\/div>\n<\/div><div class=\"bde-simple-image-11629-241 bde-simple-image\">\n  \n\n\n\n\n\n  \n    \n      <img decoding=\"async\" class=\"breakdance-image-object\" src=\"https:\/\/devicenow.com\/wp-content\/uploads\/devicenow-circle-big.svg\" width=\"\" height=\"\" loading=\"lazy\">\n\n      \n    \n  \n<\/div><\/div>\n<\/section><section class=\"bde-section-11629-242 bde-section\">\n              \n  \n  \n\t\n\n  <div class=\"section-background-overlay\"><\/div>\n\n\n<div class=\"section-container\"><div class=\"bde-div-11629-243 bde-div\">\n  \n  \n\t\n\n\n\n<div class=\"bde-columns-11629-244 bde-columns\" data-entrance=\"fade\"><div class=\"bde-column-11629-245 bde-column\">\n              \n  \n  \n\t\n\n\n\n<div class=\"bde-simple-image-11629-246 bde-simple-image light\">\n  \n\n\n\n\n\n  \n    \n      <img decoding=\"async\" class=\"breakdance-image-object\" src=\"https:\/\/devicenow.com\/wp-content\/uploads\/World-icon.png\" width=\"324\" height=\"236\" srcset=\"https:\/\/devicenow.com\/wp-content\/uploads\/World-icon.png 324w, https:\/\/devicenow.com\/wp-content\/uploads\/World-icon-150x109.png 150w\" sizes=\"auto, (max-width: 324px) 100vw, 324px\" loading=\"lazy\">\n\n      \n    \n  \n<\/div><div class=\"bde-simple-image-11629-247 bde-simple-image dark hidden\">\n  \n\n\n\n\n\n  \n    \n      <img decoding=\"async\" class=\"breakdance-image-object\" src=\"https:\/\/devicenow.com\/wp-content\/uploads\/sustainability-devicenow-icon.png\" width=\"324\" height=\"236\" srcset=\"https:\/\/devicenow.com\/wp-content\/uploads\/sustainability-devicenow-icon.png 324w, https:\/\/devicenow.com\/wp-content\/uploads\/sustainability-devicenow-icon-150x109.png 150w\" sizes=\"auto, (max-width: 324px) 100vw, 324px\" loading=\"lazy\">\n\n      \n    \n  \n<\/div><h3 class=\"bde-heading-11629-248 bde-heading\">\nDurabilit\u00e9\n<\/h3><div class=\"bde-text-11629-249 bde-text\">\nD\u00e9couvrez comment nous pouvons aider votre entreprise \u00e0 atteindre vos objectifs de d\u00e9veloppement durable.\n<\/div><div class=\"bde-div-11629-250 bde-div\">\n  \n  \n\t\n\n\n\n<a class=\"bde-container-link-11629-251 bde-container-link breakdance-link\" href=\"https:\/\/devicenow.com\/fr\/durabilite\/\" target=\"_self\" data-type=\"url\">\n  \n  \n\t\n\n\n\n<div class=\"bde-text-11629-252 bde-text text-color-hover\">\nEn savoir plus\n<\/div><div class=\"bde-icon-11629-253 bde-icon text-color-hover\">\n\n    \n            <div class=\"bde-icon-icon breakdance-icon-atom\" >\n    \n                    <svg xmlns=\"http:\/\/www.w3.org\/2000\/svg\" viewBox=\"0 0 448 512\"><!--! Font Awesome Free 6.5.1 by @fontawesome - https:\/\/fontawesome.com License - https:\/\/fontawesome.com\/license\/free (Icons: CC BY 4.0, Fonts: SIL OFL 1.1, Code: MIT License) Copyright 2023 Fonticons, Inc. --><path d=\"M438.6 278.6c12.5-12.5 12.5-32.8 0-45.3l-160-160c-12.5-12.5-32.8-12.5-45.3 0s-12.5 32.8 0 45.3L338.8 224 32 224c-17.7 0-32 14.3-32 32s14.3 32 32 32l306.7 0L233.4 393.4c-12.5 12.5-12.5 32.8 0 45.3s32.8 12.5 45.3 0l160-160z\"\/><\/svg>\n        \n        \n        \n            <\/div>\n    \n\n\n<\/div>\n\n<\/a>\n<\/div>\n<\/div><div class=\"bde-column-11629-254 bde-column\">\n              \n  \n  \n\t\n\n\n\n<div class=\"bde-simple-image-11629-255 bde-simple-image light\">\n  \n\n\n\n\n\n  \n    \n      <img decoding=\"async\" class=\"breakdance-image-object\" src=\"https:\/\/devicenow.com\/wp-content\/uploads\/set1_pain-relief_white-448x380.png\" width=\"448\" height=\"380\" srcset=\"https:\/\/devicenow.com\/wp-content\/uploads\/set1_pain-relief_white.png 456w, https:\/\/devicenow.com\/wp-content\/uploads\/set1_pain-relief_white-448x380.png 448w, https:\/\/devicenow.com\/wp-content\/uploads\/set1_pain-relief_white-150x127.png 150w\" sizes=\"auto, (max-width: 456px) 100vw, 456px\" loading=\"lazy\">\n\n      \n    \n  \n<\/div><div class=\"bde-simple-image-11629-256 bde-simple-image dark hidden\">\n  \n\n\n\n\n\n  \n    \n      <img decoding=\"async\" class=\"breakdance-image-object\" src=\"https:\/\/devicenow.com\/wp-content\/uploads\/benefits-devicenow-icon-448x380.webp\" width=\"448\" height=\"380\" srcset=\"https:\/\/devicenow.com\/wp-content\/uploads\/benefits-devicenow-icon.webp 456w, https:\/\/devicenow.com\/wp-content\/uploads\/benefits-devicenow-icon-448x380.webp 448w, https:\/\/devicenow.com\/wp-content\/uploads\/benefits-devicenow-icon-150x127.webp 150w\" sizes=\"auto, (max-width: 456px) 100vw, 456px\" loading=\"lazy\">\n\n      \n    \n  \n<\/div><h3 class=\"bde-heading-11629-257 bde-heading\">\nAvantages de DaaS\n<\/h3><div class=\"bde-text-11629-258 bde-text\">\nD\u00e9couvrez les principaux avantages et voyez comment DaaS peut am\u00e9liorer vos op\u00e9rations.\n<\/div><div class=\"bde-div-11629-259 bde-div\">\n  \n  \n\t\n\n\n\n<a class=\"bde-container-link-11629-260 bde-container-link breakdance-link\" href=\"https:\/\/devicenow.com\/fr\/avantages-de-daas\/\" target=\"_self\" data-type=\"url\">\n  \n  \n\t\n\n\n\n<div class=\"bde-text-11629-261 bde-text text-color-hover\">\nEn savoir plus\n<\/div><div class=\"bde-icon-11629-262 bde-icon text-color-hover\">\n\n    \n            <div class=\"bde-icon-icon breakdance-icon-atom\" >\n    \n                    <svg xmlns=\"http:\/\/www.w3.org\/2000\/svg\" viewBox=\"0 0 448 512\"><!--! Font Awesome Free 6.5.1 by @fontawesome - https:\/\/fontawesome.com License - https:\/\/fontawesome.com\/license\/free (Icons: CC BY 4.0, Fonts: SIL OFL 1.1, Code: MIT License) Copyright 2023 Fonticons, Inc. --><path d=\"M438.6 278.6c12.5-12.5 12.5-32.8 0-45.3l-160-160c-12.5-12.5-32.8-12.5-45.3 0s-12.5 32.8 0 45.3L338.8 224 32 224c-17.7 0-32 14.3-32 32s14.3 32 32 32l306.7 0L233.4 393.4c-12.5 12.5-12.5 32.8 0 45.3s32.8 12.5 45.3 0l160-160z\"\/><\/svg>\n        \n        \n        \n            <\/div>\n    \n\n\n<\/div>\n\n<\/a>\n<\/div>\n<\/div><div class=\"bde-column-11629-318 bde-column\">\n              \n  \n  \n\t\n\n\n\n<div class=\"bde-simple-image-11629-319 bde-simple-image light\">\n  \n\n\n\n\n\n  \n    \n      <img decoding=\"async\" class=\"breakdance-image-object\" src=\"https:\/\/devicenow.com\/wp-content\/uploads\/faq-icon.png\" width=\"129\" height=\"123\" sizes=\"auto, (max-width: 129px) 100vw, 129px\" loading=\"lazy\">\n\n      \n    \n  \n<\/div><div class=\"bde-simple-image-11629-320 bde-simple-image dark hidden\">\n  \n\n\n\n\n\n  \n    \n      <img decoding=\"async\" class=\"breakdance-image-object\" src=\"https:\/\/devicenow.com\/wp-content\/uploads\/faq-devicenow-icon.png\" width=\"258\" height=\"246\" srcset=\"https:\/\/devicenow.com\/wp-content\/uploads\/faq-devicenow-icon.png 258w, https:\/\/devicenow.com\/wp-content\/uploads\/faq-devicenow-icon-150x143.png 150w\" sizes=\"auto, (max-width: 258px) 100vw, 258px\" loading=\"lazy\">\n\n      \n    \n  \n<\/div><h3 class=\"bde-heading-11629-321 bde-heading\">\nFAQ\n<\/h3><div class=\"bde-text-11629-322 bde-text\">\nConsultez les r\u00e9ponses rapides aux questions fr\u00e9quemment pos\u00e9es sur nos produits.\n<\/div><div class=\"bde-div-11629-323 bde-div\">\n  \n  \n\t\n\n\n\n<a class=\"bde-container-link-11629-324 bde-container-link breakdance-link\" href=\"https:\/\/devicenow.com\/fr\/faq\/\" target=\"_self\" data-type=\"url\">\n  \n  \n\t\n\n\n\n<div class=\"bde-text-11629-325 bde-text text-color-hover\">\nEn savoir plus\n<\/div><div class=\"bde-icon-11629-326 bde-icon text-color-hover\">\n\n    \n            <div class=\"bde-icon-icon breakdance-icon-atom\" >\n    \n                    <svg xmlns=\"http:\/\/www.w3.org\/2000\/svg\" viewBox=\"0 0 448 512\"><!--! Font Awesome Free 6.5.1 by @fontawesome - https:\/\/fontawesome.com License - https:\/\/fontawesome.com\/license\/free (Icons: CC BY 4.0, Fonts: SIL OFL 1.1, Code: MIT License) Copyright 2023 Fonticons, Inc. --><path d=\"M438.6 278.6c12.5-12.5 12.5-32.8 0-45.3l-160-160c-12.5-12.5-32.8-12.5-45.3 0s-12.5 32.8 0 45.3L338.8 224 32 224c-17.7 0-32 14.3-32 32s14.3 32 32 32l306.7 0L233.4 393.4c-12.5 12.5-12.5 32.8 0 45.3s32.8 12.5 45.3 0l160-160z\"\/><\/svg>\n        \n        \n        \n            <\/div>\n    \n\n\n<\/div>\n\n<\/a>\n<\/div>\n<\/div><div class=\"bde-column-11629-327 bde-column\">\n              \n  \n  \n\t\n\n\n\n<div class=\"bde-simple-image-11629-328 bde-simple-image light\">\n  \n\n\n\n\n\n  \n    \n      <img decoding=\"async\" class=\"breakdance-image-object\" src=\"https:\/\/devicenow.com\/wp-content\/uploads\/DN-Small-Icon_Procure_white-1.png\" width=\"428\" height=\"396\" srcset=\"https:\/\/devicenow.com\/wp-content\/uploads\/DN-Small-Icon_Procure_white-1.png 428w, https:\/\/devicenow.com\/wp-content\/uploads\/DN-Small-Icon_Procure_white-1-150x139.png 150w\" sizes=\"auto, (max-width: 428px) 100vw, 428px\" loading=\"lazy\">\n\n      \n    \n  \n<\/div><div class=\"bde-simple-image-11629-329 bde-simple-image dark hidden\">\n  \n\n\n\n\n\n  \n    \n      <img decoding=\"async\" class=\"breakdance-image-object\" src=\"https:\/\/devicenow.com\/wp-content\/uploads\/DN-Small-Icon_order-device_darkgray.png\" width=\"428\" height=\"396\" srcset=\"https:\/\/devicenow.com\/wp-content\/uploads\/DN-Small-Icon_order-device_darkgray.png 428w, https:\/\/devicenow.com\/wp-content\/uploads\/DN-Small-Icon_order-device_darkgray-150x139.png 150w\" sizes=\"auto, (max-width: 428px) 100vw, 428px\" loading=\"lazy\">\n\n      \n    \n  \n<\/div><h3 class=\"bde-heading-11629-330 bde-heading\">\nPortail du cycle de vie\n<\/h3><div class=\"bde-text-11629-331 bde-text\">\nUne seule plateforme pour g\u00e9rer l\u2019ensemble du cycle de vie de l\u2019appareil.\n<\/div><div class=\"bde-div-11629-332 bde-div\">\n  \n  \n\t\n\n\n\n<a class=\"bde-container-link-11629-333 bde-container-link breakdance-link\" href=\"https:\/\/devicenow.com\/fr\/portail-du-cycle-de-vie\/#Manage\" target=\"_self\" data-type=\"url\">\n  \n  \n\t\n\n\n\n<div class=\"bde-text-11629-334 bde-text text-color-hover\">\nEn savoir plus\n<\/div><div class=\"bde-icon-11629-335 bde-icon text-color-hover\">\n\n    \n            <div class=\"bde-icon-icon breakdance-icon-atom\" >\n    \n                    <svg xmlns=\"http:\/\/www.w3.org\/2000\/svg\" viewBox=\"0 0 448 512\"><!--! Font Awesome Free 6.5.1 by @fontawesome - https:\/\/fontawesome.com License - https:\/\/fontawesome.com\/license\/free (Icons: CC BY 4.0, Fonts: SIL OFL 1.1, Code: MIT License) Copyright 2023 Fonticons, Inc. --><path d=\"M438.6 278.6c12.5-12.5 12.5-32.8 0-45.3l-160-160c-12.5-12.5-32.8-12.5-45.3 0s-12.5 32.8 0 45.3L338.8 224 32 224c-17.7 0-32 14.3-32 32s14.3 32 32 32l306.7 0L233.4 393.4c-12.5 12.5-12.5 32.8 0 45.3s32.8 12.5 45.3 0l160-160z\"\/><\/svg>\n        \n        \n        \n            <\/div>\n    \n\n\n<\/div>\n\n<\/a>\n<\/div>\n<\/div><\/div>\n<\/div><\/div>\n<\/section><\/div>","protected":false},"excerpt":{"rendered":"<p>Device as a Service mondial pour le lieu de travail D\u00e9couvrez les avantages du DaaS pour votre entreprise D\u00e9couvrez des analyses sur les aspects de durabilit\u00e9 de nos services, des livres blancs et des \u00e9tudes de cas pr\u00e9sentant nos collaborations r\u00e9ussies avec des clients. Durabilit\u00e9 D\u00e9couvrez comment nous pouvons aider votre entreprise \u00e0 atteindre vos [&hellip;]<\/p>\n","protected":false},"author":1,"featured_media":11631,"parent":0,"menu_order":0,"comment_status":"closed","ping_status":"closed","template":"","meta":{"content-type":"","_breakdance_hide_in_design_set":false,"_breakdance_tags":"","footnotes":""},"class_list":["post-11629","page","type-page","status-publish","has-post-thumbnail","hentry"],"yoast_head":"<!-- This site is optimized with the Yoast SEO plugin v27.4 - https:\/\/yoast.com\/product\/yoast-seo-wordpress\/ -->\n<title>Ressources - devicenow<\/title>\n<meta name=\"description\" content=\"Find everything about Workplace DaaS \u2013 sustainability, key benefits, FAQs, news, and case studies \u2013 all in one place.\" \/>\n<meta name=\"robots\" content=\"index, follow, max-snippet:-1, max-image-preview:large, max-video-preview:-1\" \/>\n<link rel=\"canonical\" href=\"https:\/\/devicenow.com\/fr\/ressources\/\" \/>\n<meta property=\"og:locale\" content=\"fr_FR\" \/>\n<meta property=\"og:type\" content=\"article\" \/>\n<meta property=\"og:title\" content=\"Ressources - devicenow\" \/>\n<meta property=\"og:description\" content=\"Find everything about Workplace DaaS \u2013 sustainability, key benefits, FAQs, news, and case studies \u2013 all in one place.\" \/>\n<meta property=\"og:url\" content=\"https:\/\/devicenow.com\/fr\/ressources\/\" \/>\n<meta property=\"og:site_name\" content=\"devicenow\" \/>\n<meta property=\"article:modified_time\" content=\"2026-02-26T11:42:32+00:00\" \/>\n<meta property=\"og:image\" content=\"https:\/\/devicenow.com\/wp-content\/uploads\/Case-Studies-e1736434676100.webp\" \/>\n\t<meta property=\"og:image:width\" content=\"1182\" \/>\n\t<meta property=\"og:image:height\" content=\"1440\" \/>\n\t<meta property=\"og:image:type\" content=\"image\/webp\" \/>\n<meta name=\"twitter:card\" content=\"summary_large_image\" \/>\n<script type=\"application\/ld+json\" class=\"yoast-schema-graph\">{\"@context\":\"https:\\\/\\\/schema.org\",\"@graph\":[{\"@type\":\"WebPage\",\"@id\":\"https:\\\/\\\/devicenow.com\\\/fr\\\/ressources\\\/\",\"url\":\"https:\\\/\\\/devicenow.com\\\/fr\\\/ressources\\\/\",\"name\":\"Ressources - devicenow\",\"isPartOf\":{\"@id\":\"https:\\\/\\\/devicenow.com\\\/#website\"},\"primaryImageOfPage\":{\"@id\":\"https:\\\/\\\/devicenow.com\\\/fr\\\/ressources\\\/#primaryimage\"},\"image\":{\"@id\":\"https:\\\/\\\/devicenow.com\\\/fr\\\/ressources\\\/#primaryimage\"},\"thumbnailUrl\":\"https:\\\/\\\/devicenow.com\\\/wp-content\\\/uploads\\\/Case-Studies-e1736434676100.webp\",\"datePublished\":\"2024-10-22T12:28:44+00:00\",\"dateModified\":\"2026-02-26T11:42:32+00:00\",\"description\":\"Find everything about Workplace DaaS \u2013 sustainability, key benefits, FAQs, news, and case studies \u2013 all in one place.\",\"breadcrumb\":{\"@id\":\"https:\\\/\\\/devicenow.com\\\/fr\\\/ressources\\\/#breadcrumb\"},\"inLanguage\":\"fr-FR\",\"potentialAction\":[{\"@type\":\"ReadAction\",\"target\":[\"https:\\\/\\\/devicenow.com\\\/fr\\\/ressources\\\/\"]}]},{\"@type\":\"ImageObject\",\"inLanguage\":\"fr-FR\",\"@id\":\"https:\\\/\\\/devicenow.com\\\/fr\\\/ressources\\\/#primaryimage\",\"url\":\"https:\\\/\\\/devicenow.com\\\/wp-content\\\/uploads\\\/Case-Studies-e1736434676100.webp\",\"contentUrl\":\"https:\\\/\\\/devicenow.com\\\/wp-content\\\/uploads\\\/Case-Studies-e1736434676100.webp\",\"width\":1182,\"height\":1440,\"caption\":\"Two people standing in an office, man and woman talking\"},{\"@type\":\"BreadcrumbList\",\"@id\":\"https:\\\/\\\/devicenow.com\\\/fr\\\/ressources\\\/#breadcrumb\",\"itemListElement\":[{\"@type\":\"ListItem\",\"position\":1,\"name\":\"Strona g\u0142\u00f3wna\",\"item\":\"https:\\\/\\\/devicenow.com\\\/fr\\\/\"},{\"@type\":\"ListItem\",\"position\":2,\"name\":\"Ressources\"}]},{\"@type\":\"WebSite\",\"@id\":\"https:\\\/\\\/devicenow.com\\\/#website\",\"url\":\"https:\\\/\\\/devicenow.com\\\/\",\"name\":\"devicenow\",\"description\":\"\",\"potentialAction\":[{\"@type\":\"SearchAction\",\"target\":{\"@type\":\"EntryPoint\",\"urlTemplate\":\"https:\\\/\\\/devicenow.com\\\/?s={search_term_string}\"},\"query-input\":{\"@type\":\"PropertyValueSpecification\",\"valueRequired\":true,\"valueName\":\"search_term_string\"}}],\"inLanguage\":\"fr-FR\"}]}<\/script>\n<!-- \/ Yoast SEO plugin. -->","yoast_head_json":{"title":"Ressources - devicenow","description":"Find everything about Workplace DaaS \u2013 sustainability, key benefits, FAQs, news, and case studies \u2013 all in one place.","robots":{"index":"index","follow":"follow","max-snippet":"max-snippet:-1","max-image-preview":"max-image-preview:large","max-video-preview":"max-video-preview:-1"},"canonical":"https:\/\/devicenow.com\/fr\/ressources\/","og_locale":"fr_FR","og_type":"article","og_title":"Ressources - devicenow","og_description":"Find everything about Workplace DaaS \u2013 sustainability, key benefits, FAQs, news, and case studies \u2013 all in one place.","og_url":"https:\/\/devicenow.com\/fr\/ressources\/","og_site_name":"devicenow","article_modified_time":"2026-02-26T11:42:32+00:00","og_image":[{"width":1182,"height":1440,"url":"https:\/\/devicenow.com\/wp-content\/uploads\/Case-Studies-e1736434676100.webp","type":"image\/webp"}],"twitter_card":"summary_large_image","schema":{"@context":"https:\/\/schema.org","@graph":[{"@type":"WebPage","@id":"https:\/\/devicenow.com\/fr\/ressources\/","url":"https:\/\/devicenow.com\/fr\/ressources\/","name":"Ressources - devicenow","isPartOf":{"@id":"https:\/\/devicenow.com\/#website"},"primaryImageOfPage":{"@id":"https:\/\/devicenow.com\/fr\/ressources\/#primaryimage"},"image":{"@id":"https:\/\/devicenow.com\/fr\/ressources\/#primaryimage"},"thumbnailUrl":"https:\/\/devicenow.com\/wp-content\/uploads\/Case-Studies-e1736434676100.webp","datePublished":"2024-10-22T12:28:44+00:00","dateModified":"2026-02-26T11:42:32+00:00","description":"Find everything about Workplace DaaS \u2013 sustainability, key benefits, FAQs, news, and case studies \u2013 all in one place.","breadcrumb":{"@id":"https:\/\/devicenow.com\/fr\/ressources\/#breadcrumb"},"inLanguage":"fr-FR","potentialAction":[{"@type":"ReadAction","target":["https:\/\/devicenow.com\/fr\/ressources\/"]}]},{"@type":"ImageObject","inLanguage":"fr-FR","@id":"https:\/\/devicenow.com\/fr\/ressources\/#primaryimage","url":"https:\/\/devicenow.com\/wp-content\/uploads\/Case-Studies-e1736434676100.webp","contentUrl":"https:\/\/devicenow.com\/wp-content\/uploads\/Case-Studies-e1736434676100.webp","width":1182,"height":1440,"caption":"Two people standing in an office, man and woman talking"},{"@type":"BreadcrumbList","@id":"https:\/\/devicenow.com\/fr\/ressources\/#breadcrumb","itemListElement":[{"@type":"ListItem","position":1,"name":"Strona g\u0142\u00f3wna","item":"https:\/\/devicenow.com\/fr\/"},{"@type":"ListItem","position":2,"name":"Ressources"}]},{"@type":"WebSite","@id":"https:\/\/devicenow.com\/#website","url":"https:\/\/devicenow.com\/","name":"devicenow","description":"","potentialAction":[{"@type":"SearchAction","target":{"@type":"EntryPoint","urlTemplate":"https:\/\/devicenow.com\/?s={search_term_string}"},"query-input":{"@type":"PropertyValueSpecification","valueRequired":true,"valueName":"search_term_string"}}],"inLanguage":"fr-FR"}]}},"meta_box":{"description":"","descriptionde":"","descriptionnl":"","descriptiontr":"","descriptionit":"","descriptionfr":"","descriptiongr":"","descriptionpt":""},"_links":{"self":[{"href":"https:\/\/devicenow.com\/fr\/wp-json\/wp\/v2\/pages\/11629","targetHints":{"allow":["GET"]}}],"collection":[{"href":"https:\/\/devicenow.com\/fr\/wp-json\/wp\/v2\/pages"}],"about":[{"href":"https:\/\/devicenow.com\/fr\/wp-json\/wp\/v2\/types\/page"}],"author":[{"embeddable":true,"href":"https:\/\/devicenow.com\/fr\/wp-json\/wp\/v2\/users\/1"}],"replies":[{"embeddable":true,"href":"https:\/\/devicenow.com\/fr\/wp-json\/wp\/v2\/comments?post=11629"}],"version-history":[{"count":5,"href":"https:\/\/devicenow.com\/fr\/wp-json\/wp\/v2\/pages\/11629\/revisions"}],"predecessor-version":[{"id":11641,"href":"https:\/\/devicenow.com\/fr\/wp-json\/wp\/v2\/pages\/11629\/revisions\/11641"}],"wp:featuredmedia":[{"embeddable":true,"href":"https:\/\/devicenow.com\/fr\/wp-json\/wp\/v2\/media\/11631"}],"wp:attachment":[{"href":"https:\/\/devicenow.com\/fr\/wp-json\/wp\/v2\/media?parent=11629"}],"curies":[{"name":"wp","href":"https:\/\/api.w.org\/{rel}","templated":true}]}}