{"id":11576,"date":"2024-10-15T12:24:30","date_gmt":"2024-10-15T10:24:30","guid":{"rendered":"https:\/\/devicenow.com\/benefits\/"},"modified":"2026-04-28T08:52:23","modified_gmt":"2026-04-28T06:52:23","slug":"avantages-de-daas","status":"publish","type":"page","link":"https:\/\/devicenow.com\/fr\/avantages-de-daas\/","title":{"rendered":"Avantages de DaaS"},"content":{"rendered":"<div class='breakdance'><section class=\"bde-section-11576-235 bde-section\">\n              \n  \n  \n\t\n\n  <div class=\"section-background-overlay\"><\/div>\n\n\n        <div class=\"section-shape-divider-wrapper section-shape-divider-wrapper--1\">\n          <span class=\"section-shape-divider\">\n                      <svg\n                xmlns=\"http:\/\/www.w3.org\/2000\/svg\"\n                viewBox=\"0 0 1440 320\"\n                preserveAspectRatio=\"none\"\n            >\n              <path fill=\"currentColor\" fill-opacity=\"1\" d=\"M0,128L80,154.7C160,181,320,235,480,261.3C640,288,800,288,960,240C1120,192,1280,96,1360,48L1440,0L1440,320L1360,320C1280,320,1120,320,960,320C800,320,640,320,480,320C320,320,160,320,80,320L0,320Z\"><\/path>\n            <\/svg>\n                    <\/span>\n      <\/div>\n  <div class=\"section-container\"><div class=\"bde-div-11576-236 bde-div\">\n  \n  \n\t\n\n\n\n<div class=\"bde-columns-11576-237 bde-columns\"><div class=\"bde-column-11576-238 bde-column\">\n  \n  \n\t\n\n\n\n<h1 class=\"bde-heading-11576-239 bde-heading\">\nAvantages du<br>mod\u00e8le \u00ab Device as a Service \u00bb\n<\/h1><div class=\"bde-text-11576-240 bde-text\">\nGr\u00e2ce au DaaS, vous pouvez simplifier la gestion de vos appareils, r\u00e9duire vos co\u00fbts et pr\u00e9server la flexibilit\u00e9 de votre entreprise. D\u00e9couvrez ci-dessous les principaux avantages et voyez comment nos solutions sur mesure peuvent optimiser vos op\u00e9rations.<br>\n<\/div>\n<\/div><div class=\"bde-column-11576-241 bde-column\">\n  \n  \n\t\n\n\n\n<img decoding=\"async\" class=\"bde-image2-11576-242 bde-image2\" src=\"https:\/\/devicenow.com\/wp-content\/uploads\/Header_Benefits_of_DaaS-1.png\" loading=\"lazy\" srcset=\"https:\/\/devicenow.com\/wp-content\/uploads\/Header_Benefits_of_DaaS-1.png 1536w, https:\/\/devicenow.com\/wp-content\/uploads\/Header_Benefits_of_DaaS-1-448x299.png 448w, https:\/\/devicenow.com\/wp-content\/uploads\/Header_Benefits_of_DaaS-1-1024x683.png 1024w, https:\/\/devicenow.com\/wp-content\/uploads\/Header_Benefits_of_DaaS-1-150x100.png 150w, https:\/\/devicenow.com\/wp-content\/uploads\/Header_Benefits_of_DaaS-1-768x512.png 768w\" sizes=\"(max-width: 1536px) 100vw, 1536px\">\n<\/div><\/div>\n<\/div><\/div>\n<\/section><section class=\"bde-section-11576-243 bde-section\">\n  \n  \n\t\n\n\n\n        <div class=\"section-shape-divider-wrapper section-shape-divider-wrapper--1\">\n          <span class=\"section-shape-divider\">\n                      <svg\n                xmlns=\"http:\/\/www.w3.org\/2000\/svg\"\n                viewBox=\"0 0 1440 320\"\n                preserveAspectRatio=\"none\"\n            >\n              <path fill=\"currentColor\" fill-opacity=\"1\" d=\"M0,160L120,181.3C240,203,480,245,720,224C960,203,1200,117,1320,74.7L1440,32L1440,320L1320,320C1200,320,960,320,720,320C480,320,240,320,120,320L0,320Z\"><\/path>\n            <\/svg>\n                    <\/span>\n      <\/div>\n  <div class=\"section-container\"><div class=\"bde-div-11576-244 bde-div\">\n  \n  \n\t\n\n\n\n<div class=\"de-table-11576-268 de-table\">\n\n<table>\n        \n            <thead>\n            <tr>\n                                                        <th class=\"de-table-head\" >\n                        \n                    <\/th>\n                                                        <th class=\"de-table-head\" >\n                        Achats directs\n                    <\/th>\n                                                        <th class=\"de-table-head\" >\n                        Leasing traditionnel\n                    <\/th>\n                                                        <th class=\"de-table-head\" >\n                        devicenow Device as a Service\n                    <\/th>\n                            <\/tr>\n        <\/thead>\n        \n    <tbody>\n                                    <tr>\n                                                                    <td>\n                                                            <b>Propri\u00e9t\u00e9 de l'appareil<\/b>\n                                                    <\/td>\n                                                                    <td>\n                                                            Pleine propri\u00e9t\u00e9 : l'actif appartient \u00e0 l'entreprise et est inscrit dans les livres comptables. Les appareils obsol\u00e8tes restent au sein de l'organisation.\n                                                    <\/td>\n                                                                    <td>\n                                                            Pas de propri\u00e9t\u00e9 ou propri\u00e9t\u00e9 apr\u00e8s la p\u00e9riode de location, lorsque les appareils sont \u00e0 la fin de leur cycle de vie.\n                                                    <\/td>\n                                                                    <td>\n                                                            Acc\u00e9dez \u00e0 des appareils haut de gamme sans alourdir votre bilan avec des actifs suppl\u00e9mentaires. \u00c9liminez les tracas li\u00e9s \u00e0 la gestion de mat\u00e9riel obsol\u00e8te qui n'est plus n\u00e9cessaire.\n                                                    <\/td>\n                                    <\/tr>\n                            <tr>\n                                                                    <td>\n                                                            <b>Type de co\u00fbt<\/b>\n                                                    <\/td>\n                                                                    <td>\n                                                            Co\u00fbt d'achat \u00e9lev\u00e9 pay\u00e9 d'avance en une seule fois.\n                                                    <\/td>\n                                                                    <td>\n                                                            Paiements mensuels fixes pendant toute la p\u00e9riode de location.\n                                                    <\/td>\n                                                                    <td>\n                                                            Paiements mensuels pr\u00e9visibles bas\u00e9s sur l'utilisation.\n                                                    <\/td>\n                                    <\/tr>\n                            <tr>\n                                                                    <td>\n                                                            <b>Gestion du cycle de vie<\/b>\n                                                    <\/td>\n                                                                    <td>\n                                                            Vous \u00eates responsable de la gestion du cycle de vie des appareils, y compris de l'effacement des donn\u00e9es certifi\u00e9 en fin de vie, de la recommercialisation ou de l'\u00e9limination des actifs.\n                                                    <\/td>\n                                                                    <td>\n                                                            En cas de leasing, vous \u00eates responsable de la gestion du cycle de vie \u00e0 la fin du contrat, y compris l'effacement des donn\u00e9es, la recommercialisation ou l'\u00e9limination des biens.\n                                                    <\/td>\n                                                                    <td>\n                                                            Avec DaaS, nous g\u00e9rons l'ensemble du processus de cycle de vie, de l'approvisionnement \u00e0 l'effacement certifi\u00e9 des donn\u00e9es en fin de vie, en passant par la r\u00e9utilisation et le recyclage.\n                                                    <\/td>\n                                    <\/tr>\n                            <tr>\n                                                                    <td>\n                                                            <b>Frais d'entretien et de r\u00e9paration<\/b>\n                                                    <\/td>\n                                                                    <td>\n                                                            Vous prenez en charge les co\u00fbts et la logistique de toutes les r\u00e9parations et de l'entretien.\n                                                    <\/td>\n                                                                    <td>\n                                                            En cas de leasing, vous supportez les co\u00fbts et la responsabilit\u00e9 des r\u00e9parations et de l'entretien. Il peut \u00eatre n\u00e9cessaire de faire appel \u00e0 des prestataires de services tiers.\n                                                    <\/td>\n                                                                    <td>\n                                                            Nous veillons \u00e0 ce que vos appareils soient r\u00e9par\u00e9s et vous soient renvoy\u00e9s le jour ouvrable suivant, quel que soit le pays ou le lieu.\n                                                    <\/td>\n                                    <\/tr>\n                            <tr>\n                                                                    <td>\n                                                            <b>Flexibilit\u00e9<\/b>\n                                                    <\/td>\n                                                                    <td>\n                                                            Pas de flexibilit\u00e9 : apr\u00e8s l'achat.\n                                                    <\/td>\n                                                                    <td>\n                                                            N\u00e9cessite une dur\u00e9e fixe et moins de flexibilit\u00e9 pour modifier les conditions en cours de contrat.\n                                                    <\/td>\n                                                                    <td>\n                                                            Grande flexibilit\u00e9 pour modifier le plan d'abonnement en fonction des besoins de l'entreprise.\n                                                    <\/td>\n                                    <\/tr>\n                        <\/tbody>\n<\/table>\n\n<\/div>\n<\/div><\/div>\n<\/section><section class=\"bde-section-11576-246 bde-section\">\n  \n  \n\t\n\n\n\n<div class=\"section-container\"><div class=\"bde-columns-11576-247 bde-columns\"><div class=\"bde-column-11576-248 bde-column\">\n  \n  \n\t\n\n\n\n<h2 class=\"bde-heading-11576-249 bde-heading\">\nGagnez du temps et r\u00e9duisez vos co\u00fbts\n<\/h2><div class=\"bde-text-11576-250 bde-text\">\nEn confiant la gestion de leurs \u00e9quipements informatiques \u00e0 un seul sp\u00e9cialiste, les entreprises b\u00e9n\u00e9ficient d'avantages financiers consid\u00e9rables et gagnent un temps pr\u00e9cieux. Devicenow propose une gamme compl\u00e8te de fonctionnalit\u00e9s, le tout dans le cadre d'un contrat unique pour une offre mondiale de \u00ab Device as a Service \u00bb. Il en r\u00e9sulte des co\u00fbts pr\u00e9visibles, adapt\u00e9s aux besoins, ainsi qu'une utilisation efficace des ressources.\n<\/div>\n<\/div><div class=\"bde-column-11576-251 bde-column\">\n  \n  \n\t\n\n\n\n<img decoding=\"async\" class=\"bde-image2-11576-252 bde-image2\" src=\"https:\/\/devicenow.com\/wp-content\/uploads\/benefits-of-daas.png\" loading=\"lazy\" srcset=\"https:\/\/devicenow.com\/wp-content\/uploads\/benefits-of-daas.png 1600w, https:\/\/devicenow.com\/wp-content\/uploads\/benefits-of-daas-448x298.png 448w, https:\/\/devicenow.com\/wp-content\/uploads\/benefits-of-daas-1024x682.png 1024w, https:\/\/devicenow.com\/wp-content\/uploads\/benefits-of-daas-150x100.png 150w, https:\/\/devicenow.com\/wp-content\/uploads\/benefits-of-daas-768x512.png 768w, https:\/\/devicenow.com\/wp-content\/uploads\/benefits-of-daas-1536x1023.png 1536w\" sizes=\"(max-width: 1600px) 100vw, 1600px\">\n<\/div><\/div><\/div>\n<\/section><section class=\"bde-section-11576-253 bde-section\">\n              \n  \n  \n\t\n\n  <div class=\"section-background-overlay\"><\/div>\n\n\n        <div class=\"section-shape-divider-wrapper section-shape-divider-wrapper--1\">\n          <span class=\"section-shape-divider\">\n                      <svg\n                xmlns=\"http:\/\/www.w3.org\/2000\/svg\"\n                viewBox=\"0 0 1440 320\"\n                preserveAspectRatio=\"none\"\n            >\n              <path fill=\"currentColor\" fill-opacity=\"1\" d=\"M0,128L80,154.7C160,181,320,235,480,261.3C640,288,800,288,960,240C1120,192,1280,96,1360,48L1440,0L1440,320L1360,320C1280,320,1120,320,960,320C800,320,640,320,480,320C320,320,160,320,80,320L0,320Z\"><\/path>\n            <\/svg>\n                    <\/span>\n      <\/div>\n  <div class=\"section-container\"><div class=\"bde-columns-11576-254 bde-columns\"><div class=\"bde-column-11576-255 bde-column\">\n  \n  \n\t\n\n\n\n<img decoding=\"async\" class=\"bde-image2-11576-256 bde-image2\" src=\"https:\/\/devicenow.com\/wp-content\/uploads\/smiling-and-talking-men-and-woman-are-working-in-2026-01-08-23-48-32-utc.jpg\" loading=\"lazy\" srcset=\"https:\/\/devicenow.com\/wp-content\/uploads\/smiling-and-talking-men-and-woman-are-working-in-2026-01-08-23-48-32-utc.jpg 1600w, https:\/\/devicenow.com\/wp-content\/uploads\/smiling-and-talking-men-and-woman-are-working-in-2026-01-08-23-48-32-utc-448x448.jpg 448w, https:\/\/devicenow.com\/wp-content\/uploads\/smiling-and-talking-men-and-woman-are-working-in-2026-01-08-23-48-32-utc-1024x1025.jpg 1024w, https:\/\/devicenow.com\/wp-content\/uploads\/smiling-and-talking-men-and-woman-are-working-in-2026-01-08-23-48-32-utc-150x150.jpg 150w, https:\/\/devicenow.com\/wp-content\/uploads\/smiling-and-talking-men-and-woman-are-working-in-2026-01-08-23-48-32-utc-768x768.jpg 768w, https:\/\/devicenow.com\/wp-content\/uploads\/smiling-and-talking-men-and-woman-are-working-in-2026-01-08-23-48-32-utc-1536x1536.jpg 1536w\" sizes=\"(max-width: 1600px) 100vw, 1600px\">\n<\/div><div class=\"bde-column-11576-257 bde-column\">\n  \n  \n\t\n\n\n\n<h2 class=\"bde-heading-11576-258 bde-heading\">\nDotez vos \u00e9quipes d'une technologie de pointe et s\u00e9curis\u00e9e\n<\/h2><div class=\"bde-text-11576-259 bde-text\">\nNotre offre \u00ab Device as a Service \u00bb met \u00e0 la disposition de vos collaborateurs les appareils les plus r\u00e9cents, garantissant ainsi un niveau de s\u00e9curit\u00e9 \u00e9lev\u00e9 pour votre entreprise. Gr\u00e2ce \u00e0 des mises \u00e0 niveau faciles \u00e0 chaque renouvellement de contrat, votre \u00e9quipe reste \u00e0 la pointe de la technologie. Nous avons \u00e9tabli des partenariats avec des leaders du secteur tels que HP, Lenovo, Dell et Apple afin de vous proposer une large gamme d'appareils adapt\u00e9s \u00e0 vos besoins sp\u00e9cifiques. \n<\/div>\n<\/div><\/div><\/div>\n<\/section><section class=\"bde-section-11576-260 bde-section\">\n  \n  \n\t\n\n\n\n<div class=\"section-container\"><div class=\"bde-div-11576-261 bde-div\">\n  \n  \n\t\n\n\n\n<div class=\"bde-div-11576-262 bde-div\" data-entrance=\"fade\">\n              \n  \n  \n\t\n\n\n\n<h2 class=\"bde-heading-11576-263 bde-heading\" data-entrance=\"fade\">\nProfitez d'une solution \u00ab Device as a Service \u00bb de niveau entreprise ! \n<\/h2><div class=\"bde-div-11576-264 bde-div\">\n  \n  \n\t\n\n\n\n<a class=\"bde-container-link-11576-265 bde-container-link breakdance-link\" href=\"https:\/\/devicenow.com\/fr\/commencer-avec-daas\/\" target=\"_self\" data-type=\"url\">\n  \n  \n\t\n\n\n\n<div class=\"bde-text-11576-266 bde-text text-color-hover\">\nContactez-nous pour obtenir un devis\n<\/div><div class=\"bde-icon-11576-267 bde-icon text-color-hover\">\n\n    \n            <div class=\"bde-icon-icon breakdance-icon-atom\" >\n    \n                    <svg xmlns=\"http:\/\/www.w3.org\/2000\/svg\" viewBox=\"0 0 448 512\"><!--! Font Awesome Free 6.5.1 by @fontawesome - https:\/\/fontawesome.com License - https:\/\/fontawesome.com\/license\/free (Icons: CC BY 4.0, Fonts: SIL OFL 1.1, Code: MIT License) Copyright 2023 Fonticons, Inc. --><path d=\"M438.6 278.6c12.5-12.5 12.5-32.8 0-45.3l-160-160c-12.5-12.5-32.8-12.5-45.3 0s-12.5 32.8 0 45.3L338.8 224 32 224c-17.7 0-32 14.3-32 32s14.3 32 32 32l306.7 0L233.4 393.4c-12.5 12.5-12.5 32.8 0 45.3s32.8 12.5 45.3 0l160-160z\"\/><\/svg>\n        \n        \n        \n            <\/div>\n    \n\n\n<\/div>\n\n<\/a>\n<\/div>\n<\/div>\n<\/div><\/div>\n<\/section><\/div>","protected":false},"excerpt":{"rendered":"<p>Avantages dumod\u00e8le \u00ab Device as a Service \u00bb Gr\u00e2ce au DaaS, vous pouvez simplifier la gestion de vos appareils, r\u00e9duire vos co\u00fbts et pr\u00e9server la flexibilit\u00e9 de votre entreprise. D\u00e9couvrez ci-dessous les principaux avantages et voyez comment nos solutions sur mesure peuvent optimiser vos op\u00e9rations. Achats directs Leasing traditionnel devicenow Device as a Service Propri\u00e9t\u00e9 [&hellip;]<\/p>\n","protected":false},"author":1,"featured_media":18894,"parent":0,"menu_order":0,"comment_status":"closed","ping_status":"closed","template":"","meta":{"content-type":"","_breakdance_hide_in_design_set":false,"_breakdance_tags":"","footnotes":""},"class_list":["post-11576","page","type-page","status-publish","has-post-thumbnail","hentry"],"yoast_head":"<!-- This site is optimized with the Yoast SEO plugin v27.5 - https:\/\/yoast.com\/product\/yoast-seo-wordpress\/ -->\n<title>Benefits of Device as a Service - Smarter Workplace IT with DaaS<\/title>\n<meta name=\"description\" content=\"See how devicenow DaaS improves IT flexibility, lowers costs, and eliminates ownership burdens compared to leasing or purchasing.\" \/>\n<meta name=\"robots\" content=\"index, follow, max-snippet:-1, max-image-preview:large, max-video-preview:-1\" \/>\n<link rel=\"canonical\" href=\"https:\/\/devicenow.com\/fr\/avantages-de-daas\/\" \/>\n<meta property=\"og:locale\" content=\"fr_FR\" \/>\n<meta property=\"og:type\" content=\"article\" \/>\n<meta property=\"og:title\" content=\"Benefits of Device as a Service - Smarter Workplace IT with DaaS\" \/>\n<meta property=\"og:description\" content=\"See how devicenow DaaS improves IT flexibility, lowers costs, and eliminates ownership burdens compared to leasing or purchasing.\" \/>\n<meta property=\"og:url\" content=\"https:\/\/devicenow.com\/fr\/avantages-de-daas\/\" \/>\n<meta property=\"og:site_name\" content=\"devicenow\" \/>\n<meta property=\"article:modified_time\" content=\"2026-04-28T06:52:23+00:00\" \/>\n<meta property=\"og:image\" content=\"https:\/\/devicenow.com\/wp-content\/uploads\/Header_Benefits_of_DaaS.png\" \/>\n\t<meta property=\"og:image:width\" content=\"1536\" \/>\n\t<meta property=\"og:image:height\" content=\"1024\" \/>\n\t<meta property=\"og:image:type\" content=\"image\/png\" \/>\n<meta name=\"twitter:card\" content=\"summary_large_image\" \/>\n<script type=\"application\/ld+json\" class=\"yoast-schema-graph\">{\"@context\":\"https:\\\/\\\/schema.org\",\"@graph\":[{\"@type\":\"WebPage\",\"@id\":\"https:\\\/\\\/devicenow.com\\\/fr\\\/avantages-de-daas\\\/\",\"url\":\"https:\\\/\\\/devicenow.com\\\/fr\\\/avantages-de-daas\\\/\",\"name\":\"Benefits of Device as a Service - Smarter Workplace IT with DaaS\",\"isPartOf\":{\"@id\":\"https:\\\/\\\/devicenow.com\\\/#website\"},\"primaryImageOfPage\":{\"@id\":\"https:\\\/\\\/devicenow.com\\\/fr\\\/avantages-de-daas\\\/#primaryimage\"},\"image\":{\"@id\":\"https:\\\/\\\/devicenow.com\\\/fr\\\/avantages-de-daas\\\/#primaryimage\"},\"thumbnailUrl\":\"https:\\\/\\\/devicenow.com\\\/wp-content\\\/uploads\\\/Header_Benefits_of_DaaS.png\",\"datePublished\":\"2024-10-15T10:24:30+00:00\",\"dateModified\":\"2026-04-28T06:52:23+00:00\",\"description\":\"See how devicenow DaaS improves IT flexibility, lowers costs, and eliminates ownership burdens compared to leasing or purchasing.\",\"breadcrumb\":{\"@id\":\"https:\\\/\\\/devicenow.com\\\/fr\\\/avantages-de-daas\\\/#breadcrumb\"},\"inLanguage\":\"fr-FR\",\"potentialAction\":[{\"@type\":\"ReadAction\",\"target\":[\"https:\\\/\\\/devicenow.com\\\/fr\\\/avantages-de-daas\\\/\"]}]},{\"@type\":\"ImageObject\",\"inLanguage\":\"fr-FR\",\"@id\":\"https:\\\/\\\/devicenow.com\\\/fr\\\/avantages-de-daas\\\/#primaryimage\",\"url\":\"https:\\\/\\\/devicenow.com\\\/wp-content\\\/uploads\\\/Header_Benefits_of_DaaS.png\",\"contentUrl\":\"https:\\\/\\\/devicenow.com\\\/wp-content\\\/uploads\\\/Header_Benefits_of_DaaS.png\",\"width\":1536,\"height\":1024},{\"@type\":\"BreadcrumbList\",\"@id\":\"https:\\\/\\\/devicenow.com\\\/fr\\\/avantages-de-daas\\\/#breadcrumb\",\"itemListElement\":[{\"@type\":\"ListItem\",\"position\":1,\"name\":\"Strona g\u0142\u00f3wna\",\"item\":\"https:\\\/\\\/devicenow.com\\\/fr\\\/\"},{\"@type\":\"ListItem\",\"position\":2,\"name\":\"Avantages de DaaS\"}]},{\"@type\":\"WebSite\",\"@id\":\"https:\\\/\\\/devicenow.com\\\/#website\",\"url\":\"https:\\\/\\\/devicenow.com\\\/\",\"name\":\"devicenow\",\"description\":\"\",\"potentialAction\":[{\"@type\":\"SearchAction\",\"target\":{\"@type\":\"EntryPoint\",\"urlTemplate\":\"https:\\\/\\\/devicenow.com\\\/?s={search_term_string}\"},\"query-input\":{\"@type\":\"PropertyValueSpecification\",\"valueRequired\":true,\"valueName\":\"search_term_string\"}}],\"inLanguage\":\"fr-FR\"}]}<\/script>\n<!-- \/ Yoast SEO plugin. -->","yoast_head_json":{"title":"Benefits of Device as a Service - Smarter Workplace IT with DaaS","description":"See how devicenow DaaS improves IT flexibility, lowers costs, and eliminates ownership burdens compared to leasing or purchasing.","robots":{"index":"index","follow":"follow","max-snippet":"max-snippet:-1","max-image-preview":"max-image-preview:large","max-video-preview":"max-video-preview:-1"},"canonical":"https:\/\/devicenow.com\/fr\/avantages-de-daas\/","og_locale":"fr_FR","og_type":"article","og_title":"Benefits of Device as a Service - Smarter Workplace IT with DaaS","og_description":"See how devicenow DaaS improves IT flexibility, lowers costs, and eliminates ownership burdens compared to leasing or purchasing.","og_url":"https:\/\/devicenow.com\/fr\/avantages-de-daas\/","og_site_name":"devicenow","article_modified_time":"2026-04-28T06:52:23+00:00","og_image":[{"width":1536,"height":1024,"url":"https:\/\/devicenow.com\/wp-content\/uploads\/Header_Benefits_of_DaaS.png","type":"image\/png"}],"twitter_card":"summary_large_image","schema":{"@context":"https:\/\/schema.org","@graph":[{"@type":"WebPage","@id":"https:\/\/devicenow.com\/fr\/avantages-de-daas\/","url":"https:\/\/devicenow.com\/fr\/avantages-de-daas\/","name":"Benefits of Device as a Service - Smarter Workplace IT with DaaS","isPartOf":{"@id":"https:\/\/devicenow.com\/#website"},"primaryImageOfPage":{"@id":"https:\/\/devicenow.com\/fr\/avantages-de-daas\/#primaryimage"},"image":{"@id":"https:\/\/devicenow.com\/fr\/avantages-de-daas\/#primaryimage"},"thumbnailUrl":"https:\/\/devicenow.com\/wp-content\/uploads\/Header_Benefits_of_DaaS.png","datePublished":"2024-10-15T10:24:30+00:00","dateModified":"2026-04-28T06:52:23+00:00","description":"See how devicenow DaaS improves IT flexibility, lowers costs, and eliminates ownership burdens compared to leasing or purchasing.","breadcrumb":{"@id":"https:\/\/devicenow.com\/fr\/avantages-de-daas\/#breadcrumb"},"inLanguage":"fr-FR","potentialAction":[{"@type":"ReadAction","target":["https:\/\/devicenow.com\/fr\/avantages-de-daas\/"]}]},{"@type":"ImageObject","inLanguage":"fr-FR","@id":"https:\/\/devicenow.com\/fr\/avantages-de-daas\/#primaryimage","url":"https:\/\/devicenow.com\/wp-content\/uploads\/Header_Benefits_of_DaaS.png","contentUrl":"https:\/\/devicenow.com\/wp-content\/uploads\/Header_Benefits_of_DaaS.png","width":1536,"height":1024},{"@type":"BreadcrumbList","@id":"https:\/\/devicenow.com\/fr\/avantages-de-daas\/#breadcrumb","itemListElement":[{"@type":"ListItem","position":1,"name":"Strona g\u0142\u00f3wna","item":"https:\/\/devicenow.com\/fr\/"},{"@type":"ListItem","position":2,"name":"Avantages de DaaS"}]},{"@type":"WebSite","@id":"https:\/\/devicenow.com\/#website","url":"https:\/\/devicenow.com\/","name":"devicenow","description":"","potentialAction":[{"@type":"SearchAction","target":{"@type":"EntryPoint","urlTemplate":"https:\/\/devicenow.com\/?s={search_term_string}"},"query-input":{"@type":"PropertyValueSpecification","valueRequired":true,"valueName":"search_term_string"}}],"inLanguage":"fr-FR"}]}},"meta_box":{"description":"","descriptionde":"","descriptionnl":"","descriptiontr":"","descriptionit":"","descriptionfr":"En d\u00e9l\u00e9guant la gestion de leurs \u00e9quipements informatiques \u00e0 un sp\u00e9cialiste, les entreprises r\u00e9alisent des \u00e9conomies consid\u00e9rables et gagnent un temps pr\u00e9cieux.","descriptiongr":"","descriptionpt":""},"_links":{"self":[{"href":"https:\/\/devicenow.com\/fr\/wp-json\/wp\/v2\/pages\/11576","targetHints":{"allow":["GET"]}}],"collection":[{"href":"https:\/\/devicenow.com\/fr\/wp-json\/wp\/v2\/pages"}],"about":[{"href":"https:\/\/devicenow.com\/fr\/wp-json\/wp\/v2\/types\/page"}],"author":[{"embeddable":true,"href":"https:\/\/devicenow.com\/fr\/wp-json\/wp\/v2\/users\/1"}],"replies":[{"embeddable":true,"href":"https:\/\/devicenow.com\/fr\/wp-json\/wp\/v2\/comments?post=11576"}],"version-history":[{"count":5,"href":"https:\/\/devicenow.com\/fr\/wp-json\/wp\/v2\/pages\/11576\/revisions"}],"predecessor-version":[{"id":21739,"href":"https:\/\/devicenow.com\/fr\/wp-json\/wp\/v2\/pages\/11576\/revisions\/21739"}],"wp:featuredmedia":[{"embeddable":true,"href":"https:\/\/devicenow.com\/fr\/wp-json\/wp\/v2\/media\/18894"}],"wp:attachment":[{"href":"https:\/\/devicenow.com\/fr\/wp-json\/wp\/v2\/media?parent=11576"}],"curies":[{"name":"wp","href":"https:\/\/api.w.org\/{rel}","templated":true}]}}