{"id":11519,"date":"2024-10-22T09:22:32","date_gmt":"2024-10-22T07:22:32","guid":{"rendered":"https:\/\/devicenow.com\/company\/"},"modified":"2026-02-16T11:13:01","modified_gmt":"2026-02-16T10:13:01","slug":"societe","status":"publish","type":"page","link":"https:\/\/devicenow.com\/fr\/societe\/","title":{"rendered":"Soci\u00e9t\u00e9"},"content":{"rendered":"<div class='breakdance'><section class=\"bde-section-11519-312 bde-section\">\n  \n  \n\t\n\n\n\n<div class=\"section-container\"><div class=\"bde-simple-image-11519-313 bde-simple-image\">\n  \n\n\n\n\n\n  \n    \n      <img decoding=\"async\" class=\"breakdance-image-object\" src=\"https:\/\/devicenow.com\/wp-content\/uploads\/devicenow-circle-big.svg\" width=\"\" height=\"\">\n\n      \n    \n  \n<\/div><div class=\"bde-div-11519-314 bde-div\">\n  \n  \n\t\n\n\n\n<div class=\"bde-columns-11519-315 bde-columns\"><div class=\"bde-column-11519-316 bde-column\">\n  \n  \n\t\n\n\n\n<h1 class=\"bde-heading-11519-317 bde-heading\">\nEXPERTS EN DISPOSITIF DE TRAVAIL EN TANT QUE SERVICE\n<\/h1><h2 class=\"bde-heading-11519-318 bde-heading\">\nApprenez \u00e0 mieux nous conna\u00eetre\n<\/h2><div class=\"bde-text-11519-319 bde-text\">\nD\u00e9couvrez notre mission, nos valeurs et l'\u00e9quipe qui fait notre succ\u00e8s. D\u00e9couvrez des opportunit\u00e9s de carri\u00e8re passionnantes et comment vous pouvez nous rejoindre. Nous vous invitons \u00e0 explorer nos opportunit\u00e9s et \u00e0 nous contacter\u00a0!\n<\/div>\n<\/div><div class=\"bde-column-11519-320 bde-column\">\n  \n  \n\t\n\n\n\n\n<\/div><\/div><div class=\"bde-simple-image-11519-321 bde-simple-image light\" data-entrance=\"slideDown\">\n  \n\n\n\n\n\n  \n    \n      <img loading=\"lazy\" decoding=\"async\" class=\"breakdance-image-object\" src=\"https:\/\/devicenow.com\/wp-content\/uploads\/Devices_iMac-iPhone-iPad_v3_green.png\" width=\"1300\" height=\"1137\" srcset=\"https:\/\/devicenow.com\/wp-content\/uploads\/Devices_iMac-iPhone-iPad_v3_green.png 1300w, https:\/\/devicenow.com\/wp-content\/uploads\/Devices_iMac-iPhone-iPad_v3_green-448x392.png 448w, https:\/\/devicenow.com\/wp-content\/uploads\/Devices_iMac-iPhone-iPad_v3_green-1024x896.png 1024w, https:\/\/devicenow.com\/wp-content\/uploads\/Devices_iMac-iPhone-iPad_v3_green-150x131.png 150w, https:\/\/devicenow.com\/wp-content\/uploads\/Devices_iMac-iPhone-iPad_v3_green-768x672.png 768w\" sizes=\"auto, (max-width: 1300px) 100vw, 1300px\">\n\n      \n    \n  \n<\/div><div class=\"bde-simple-image-11519-322 bde-simple-image dark\" data-entrance=\"slideDown\">\n  \n\n\n\n\n\n  \n    \n      <img loading=\"lazy\" decoding=\"async\" class=\"breakdance-image-object\" src=\"https:\/\/devicenow.com\/wp-content\/uploads\/Devices_iMac-iPhone-iPad_v3_green-light.png\" width=\"1800\" height=\"1200\" srcset=\"https:\/\/devicenow.com\/wp-content\/uploads\/Devices_iMac-iPhone-iPad_v3_green-light.png 1800w, https:\/\/devicenow.com\/wp-content\/uploads\/Devices_iMac-iPhone-iPad_v3_green-light-448x299.png 448w, https:\/\/devicenow.com\/wp-content\/uploads\/Devices_iMac-iPhone-iPad_v3_green-light-1024x683.png 1024w, https:\/\/devicenow.com\/wp-content\/uploads\/Devices_iMac-iPhone-iPad_v3_green-light-150x100.png 150w, https:\/\/devicenow.com\/wp-content\/uploads\/Devices_iMac-iPhone-iPad_v3_green-light-768x512.png 768w, https:\/\/devicenow.com\/wp-content\/uploads\/Devices_iMac-iPhone-iPad_v3_green-light-1536x1024.png 1536w\" sizes=\"auto, (max-width: 1800px) 100vw, 1800px\">\n\n      \n    \n  \n<\/div>\n<\/div><div class=\"bde-simple-image-11519-323 bde-simple-image\">\n  \n\n\n\n\n\n  \n    \n      <img decoding=\"async\" class=\"breakdance-image-object\" src=\"https:\/\/devicenow.com\/wp-content\/uploads\/devicenow-circle-big.svg\" width=\"\" height=\"\" loading=\"lazy\">\n\n      \n    \n  \n<\/div><\/div>\n<\/section><section class=\"bde-section-11519-324 bde-section\">\n              \n  \n  \n\t\n\n  <div class=\"section-background-overlay\"><\/div>\n\n\n<div class=\"section-container\"><div class=\"bde-div-11519-325 bde-div\">\n  \n  \n\t\n\n\n\n<div class=\"bde-columns-11519-326 bde-columns\" data-entrance=\"fade\"><div class=\"bde-column-11519-327 bde-column\">\n              \n  \n  \n\t\n\n\n\n<div class=\"bde-simple-image-11519-328 bde-simple-image light\">\n  \n\n\n\n\n\n  \n    \n      <img decoding=\"async\" class=\"breakdance-image-object\" src=\"https:\/\/devicenow.com\/wp-content\/uploads\/icon_1.svg\" width=\"\" height=\"\" loading=\"lazy\">\n\n      \n    \n  \n<\/div><div class=\"bde-simple-image-11519-329 bde-simple-image dark hidden\">\n  \n\n\n\n\n\n  \n    \n      <img decoding=\"async\" class=\"breakdance-image-object\" src=\"https:\/\/devicenow.com\/wp-content\/uploads\/company-culture.svg\" width=\"\" height=\"\" loading=\"lazy\">\n\n      \n    \n  \n<\/div><h3 class=\"bde-heading-11519-330 bde-heading\">\n\u00c0 propos de nous\n<\/h3><div class=\"bde-text-11519-331 bde-text\">\nD\u00e9couvrez comment nous fa\u00e7onnons l\u2019avenir du DaaS dans le monde entier.\n<\/div><div class=\"bde-div-11519-332 bde-div\">\n  \n  \n\t\n\n\n\n<a class=\"bde-container-link-11519-333 bde-container-link breakdance-link\" href=\"https:\/\/devicenow.com\/fr\/a-propos-de-nous\/\" target=\"_self\" data-type=\"url\">\n  \n  \n\t\n\n\n\n<div class=\"bde-text-11519-334 bde-text text-color-hover\">\nEn savoir plus\n<\/div><div class=\"bde-icon-11519-335 bde-icon text-color-hover\">\n\n    \n            <div class=\"bde-icon-icon breakdance-icon-atom\" >\n    \n                    <svg xmlns=\"http:\/\/www.w3.org\/2000\/svg\" viewBox=\"0 0 448 512\"><!--! Font Awesome Free 6.5.1 by @fontawesome - https:\/\/fontawesome.com License - https:\/\/fontawesome.com\/license\/free (Icons: CC BY 4.0, Fonts: SIL OFL 1.1, Code: MIT License) Copyright 2023 Fonticons, Inc. --><path d=\"M438.6 278.6c12.5-12.5 12.5-32.8 0-45.3l-160-160c-12.5-12.5-32.8-12.5-45.3 0s-12.5 32.8 0 45.3L338.8 224 32 224c-17.7 0-32 14.3-32 32s14.3 32 32 32l306.7 0L233.4 393.4c-12.5 12.5-12.5 32.8 0 45.3s32.8 12.5 45.3 0l160-160z\"\/><\/svg>\n        \n        \n        \n            <\/div>\n    \n\n\n<\/div>\n\n<\/a>\n<\/div>\n<\/div><div class=\"bde-column-11519-336 bde-column\">\n              \n  \n  \n\t\n\n\n\n<div class=\"bde-simple-image-11519-337 bde-simple-image light\">\n  \n\n\n\n\n\n  \n    \n      <img decoding=\"async\" class=\"breakdance-image-object\" src=\"https:\/\/devicenow.com\/wp-content\/uploads\/Carrer-icon.png\" width=\"266\" height=\"276\" srcset=\"https:\/\/devicenow.com\/wp-content\/uploads\/Carrer-icon.png 266w, https:\/\/devicenow.com\/wp-content\/uploads\/Carrer-icon-150x156.png 150w\" sizes=\"auto, (max-width: 266px) 100vw, 266px\" loading=\"lazy\">\n\n      \n    \n  \n<\/div><div class=\"bde-simple-image-11519-338 bde-simple-image dark hidden\">\n  \n\n\n\n\n\n  \n    \n      <img decoding=\"async\" class=\"breakdance-image-object\" src=\"https:\/\/devicenow.com\/wp-content\/uploads\/contact-devicenow-icon.png\" width=\"266\" height=\"276\" srcset=\"https:\/\/devicenow.com\/wp-content\/uploads\/contact-devicenow-icon.png 266w, https:\/\/devicenow.com\/wp-content\/uploads\/contact-devicenow-icon-150x156.png 150w\" sizes=\"auto, (max-width: 266px) 100vw, 266px\" loading=\"lazy\">\n\n      \n    \n  \n<\/div><h3 class=\"bde-heading-11519-339 bde-heading\">\nCarri\u00e8re\n<\/h3><div class=\"bde-text-11519-340 bde-text\">\nPassez \u00e0 l\u2019\u00e9tape suivante et am\u00e9liorez votre carri\u00e8re avec devicenow.\n<\/div><div class=\"bde-div-11519-341 bde-div\">\n  \n  \n\t\n\n\n\n<a class=\"bde-container-link-11519-342 bde-container-link breakdance-link\" href=\"https:\/\/devicenow.com\/fr\/carriere\/\" target=\"_self\" data-type=\"url\">\n  \n  \n\t\n\n\n\n<div class=\"bde-text-11519-343 bde-text text-color-hover\">\nEn savoir plus\n<\/div><div class=\"bde-icon-11519-344 bde-icon text-color-hover\">\n\n    \n            <div class=\"bde-icon-icon breakdance-icon-atom\" >\n    \n                    <svg xmlns=\"http:\/\/www.w3.org\/2000\/svg\" viewBox=\"0 0 448 512\"><!--! Font Awesome Free 6.5.1 by @fontawesome - https:\/\/fontawesome.com License - https:\/\/fontawesome.com\/license\/free (Icons: CC BY 4.0, Fonts: SIL OFL 1.1, Code: MIT License) Copyright 2023 Fonticons, Inc. --><path d=\"M438.6 278.6c12.5-12.5 12.5-32.8 0-45.3l-160-160c-12.5-12.5-32.8-12.5-45.3 0s-12.5 32.8 0 45.3L338.8 224 32 224c-17.7 0-32 14.3-32 32s14.3 32 32 32l306.7 0L233.4 393.4c-12.5 12.5-12.5 32.8 0 45.3s32.8 12.5 45.3 0l160-160z\"\/><\/svg>\n        \n        \n        \n            <\/div>\n    \n\n\n<\/div>\n\n<\/a>\n<\/div>\n<\/div><div class=\"bde-column-11519-345 bde-column\">\n              \n  \n  \n\t\n\n\n\n<div class=\"bde-simple-image-11519-346 bde-simple-image light\">\n  \n\n\n\n\n\n  \n    \n      <img decoding=\"async\" class=\"breakdance-image-object\" src=\"https:\/\/devicenow.com\/wp-content\/uploads\/World-2.png\" width=\"270\" height=\"238\" srcset=\"https:\/\/devicenow.com\/wp-content\/uploads\/World-2.png 270w, https:\/\/devicenow.com\/wp-content\/uploads\/World-2-150x132.png 150w\" sizes=\"auto, (max-width: 270px) 100vw, 270px\" loading=\"lazy\">\n\n      \n    \n  \n<\/div><div class=\"bde-simple-image-11519-347 bde-simple-image dark hidden\">\n  \n\n\n\n\n\n  \n    \n      <img decoding=\"async\" class=\"breakdance-image-object\" src=\"https:\/\/devicenow.com\/wp-content\/uploads\/career-devicenow-icon.png\" width=\"270\" height=\"238\" srcset=\"https:\/\/devicenow.com\/wp-content\/uploads\/career-devicenow-icon.png 270w, https:\/\/devicenow.com\/wp-content\/uploads\/career-devicenow-icon-150x132.png 150w\" sizes=\"auto, (max-width: 270px) 100vw, 270px\" loading=\"lazy\">\n\n      \n    \n  \n<\/div><h3 class=\"bde-heading-11519-348 bde-heading\">\nContact\n<\/h3><div class=\"bde-text-11519-349 bde-text\">\nConnectez-vous avec notre \u00e9quipe, nous sommes \u00e0 un message pr\u00e8s.\n<\/div><div class=\"bde-div-11519-350 bde-div\">\n  \n  \n\t\n\n\n\n<a class=\"bde-container-link-11519-351 bde-container-link breakdance-link\" href=\"https:\/\/devicenow.com\/fr\/contact\/\" target=\"_self\" data-type=\"url\">\n  \n  \n\t\n\n\n\n<div class=\"bde-text-11519-352 bde-text text-color-hover\">\nEn savoir plus\n<\/div><div class=\"bde-icon-11519-353 bde-icon text-color-hover\">\n\n    \n            <div class=\"bde-icon-icon breakdance-icon-atom\" >\n    \n                    <svg xmlns=\"http:\/\/www.w3.org\/2000\/svg\" viewBox=\"0 0 448 512\"><!--! Font Awesome Free 6.5.1 by @fontawesome - https:\/\/fontawesome.com License - https:\/\/fontawesome.com\/license\/free (Icons: CC BY 4.0, Fonts: SIL OFL 1.1, Code: MIT License) Copyright 2023 Fonticons, Inc. --><path d=\"M438.6 278.6c12.5-12.5 12.5-32.8 0-45.3l-160-160c-12.5-12.5-32.8-12.5-45.3 0s-12.5 32.8 0 45.3L338.8 224 32 224c-17.7 0-32 14.3-32 32s14.3 32 32 32l306.7 0L233.4 393.4c-12.5 12.5-12.5 32.8 0 45.3s32.8 12.5 45.3 0l160-160z\"\/><\/svg>\n        \n        \n        \n            <\/div>\n    \n\n\n<\/div>\n\n<\/a>\n<\/div>\n<\/div><\/div>\n<\/div><\/div>\n<\/section><\/div>","protected":false},"excerpt":{"rendered":"<p>EXPERTS EN DISPOSITIF DE TRAVAIL EN TANT QUE SERVICE Apprenez \u00e0 mieux nous conna\u00eetre D\u00e9couvrez notre mission, nos valeurs et l&rsquo;\u00e9quipe qui fait notre succ\u00e8s. D\u00e9couvrez des opportunit\u00e9s de carri\u00e8re passionnantes et comment vous pouvez nous rejoindre. Nous vous invitons \u00e0 explorer nos opportunit\u00e9s et \u00e0 nous contacter\u00a0! \u00c0 propos de nous D\u00e9couvrez comment nous [&hellip;]<\/p>\n","protected":false},"author":1,"featured_media":17682,"parent":0,"menu_order":0,"comment_status":"closed","ping_status":"closed","template":"","meta":{"content-type":"","_breakdance_hide_in_design_set":false,"_breakdance_tags":"","footnotes":""},"class_list":["post-11519","page","type-page","status-publish","has-post-thumbnail","hentry"],"yoast_head":"<!-- This site is optimized with the Yoast SEO plugin v27.4 - https:\/\/yoast.com\/product\/yoast-seo-wordpress\/ -->\n<title>Soci\u00e9t\u00e9 - devicenow<\/title>\n<meta name=\"description\" content=\"Learn more about our mission, values, and the team that drives our success. Discover exciting career opportunities and how you can be part of our journey!\" \/>\n<meta name=\"robots\" content=\"index, follow, max-snippet:-1, max-image-preview:large, max-video-preview:-1\" \/>\n<link rel=\"canonical\" href=\"https:\/\/devicenow.com\/fr\/societe\/\" \/>\n<meta property=\"og:locale\" content=\"fr_FR\" \/>\n<meta property=\"og:type\" content=\"article\" \/>\n<meta property=\"og:title\" content=\"Soci\u00e9t\u00e9 - devicenow\" \/>\n<meta property=\"og:description\" content=\"Learn more about our mission, values, and the team that drives our success. Discover exciting career opportunities and how you can be part of our journey!\" \/>\n<meta property=\"og:url\" content=\"https:\/\/devicenow.com\/fr\/societe\/\" \/>\n<meta property=\"og:site_name\" content=\"devicenow\" \/>\n<meta property=\"article:modified_time\" content=\"2026-02-16T10:13:01+00:00\" \/>\n<meta property=\"og:image\" content=\"https:\/\/devicenow.com\/wp-content\/uploads\/devicenow-about-us-1.jpg\" \/>\n\t<meta property=\"og:image:width\" content=\"1858\" \/>\n\t<meta property=\"og:image:height\" content=\"1200\" \/>\n\t<meta property=\"og:image:type\" content=\"image\/jpeg\" \/>\n<meta name=\"twitter:card\" content=\"summary_large_image\" \/>\n<script type=\"application\/ld+json\" class=\"yoast-schema-graph\">{\"@context\":\"https:\\\/\\\/schema.org\",\"@graph\":[{\"@type\":\"WebPage\",\"@id\":\"https:\\\/\\\/devicenow.com\\\/fr\\\/societe\\\/\",\"url\":\"https:\\\/\\\/devicenow.com\\\/fr\\\/societe\\\/\",\"name\":\"Soci\u00e9t\u00e9 - devicenow\",\"isPartOf\":{\"@id\":\"https:\\\/\\\/devicenow.com\\\/#website\"},\"primaryImageOfPage\":{\"@id\":\"https:\\\/\\\/devicenow.com\\\/fr\\\/societe\\\/#primaryimage\"},\"image\":{\"@id\":\"https:\\\/\\\/devicenow.com\\\/fr\\\/societe\\\/#primaryimage\"},\"thumbnailUrl\":\"https:\\\/\\\/devicenow.com\\\/wp-content\\\/uploads\\\/logo-preview-home.png\",\"datePublished\":\"2024-10-22T07:22:32+00:00\",\"dateModified\":\"2026-02-16T10:13:01+00:00\",\"description\":\"Learn more about our mission, values, and the team that drives our success. Discover exciting career opportunities and how you can be part of our journey!\",\"breadcrumb\":{\"@id\":\"https:\\\/\\\/devicenow.com\\\/fr\\\/societe\\\/#breadcrumb\"},\"inLanguage\":\"fr-FR\",\"potentialAction\":[{\"@type\":\"ReadAction\",\"target\":[\"https:\\\/\\\/devicenow.com\\\/fr\\\/societe\\\/\"]}]},{\"@type\":\"ImageObject\",\"inLanguage\":\"fr-FR\",\"@id\":\"https:\\\/\\\/devicenow.com\\\/fr\\\/societe\\\/#primaryimage\",\"url\":\"https:\\\/\\\/devicenow.com\\\/wp-content\\\/uploads\\\/logo-preview-home.png\",\"contentUrl\":\"https:\\\/\\\/devicenow.com\\\/wp-content\\\/uploads\\\/logo-preview-home.png\",\"width\":1000,\"height\":665},{\"@type\":\"BreadcrumbList\",\"@id\":\"https:\\\/\\\/devicenow.com\\\/fr\\\/societe\\\/#breadcrumb\",\"itemListElement\":[{\"@type\":\"ListItem\",\"position\":1,\"name\":\"Strona g\u0142\u00f3wna\",\"item\":\"https:\\\/\\\/devicenow.com\\\/fr\\\/\"},{\"@type\":\"ListItem\",\"position\":2,\"name\":\"Soci\u00e9t\u00e9\"}]},{\"@type\":\"WebSite\",\"@id\":\"https:\\\/\\\/devicenow.com\\\/#website\",\"url\":\"https:\\\/\\\/devicenow.com\\\/\",\"name\":\"devicenow\",\"description\":\"\",\"potentialAction\":[{\"@type\":\"SearchAction\",\"target\":{\"@type\":\"EntryPoint\",\"urlTemplate\":\"https:\\\/\\\/devicenow.com\\\/?s={search_term_string}\"},\"query-input\":{\"@type\":\"PropertyValueSpecification\",\"valueRequired\":true,\"valueName\":\"search_term_string\"}}],\"inLanguage\":\"fr-FR\"}]}<\/script>\n<!-- \/ Yoast SEO plugin. -->","yoast_head_json":{"title":"Soci\u00e9t\u00e9 - devicenow","description":"Learn more about our mission, values, and the team that drives our success. Discover exciting career opportunities and how you can be part of our journey!","robots":{"index":"index","follow":"follow","max-snippet":"max-snippet:-1","max-image-preview":"max-image-preview:large","max-video-preview":"max-video-preview:-1"},"canonical":"https:\/\/devicenow.com\/fr\/societe\/","og_locale":"fr_FR","og_type":"article","og_title":"Soci\u00e9t\u00e9 - devicenow","og_description":"Learn more about our mission, values, and the team that drives our success. Discover exciting career opportunities and how you can be part of our journey!","og_url":"https:\/\/devicenow.com\/fr\/societe\/","og_site_name":"devicenow","article_modified_time":"2026-02-16T10:13:01+00:00","og_image":[{"width":1858,"height":1200,"url":"https:\/\/devicenow.com\/wp-content\/uploads\/devicenow-about-us-1.jpg","type":"image\/jpeg"}],"twitter_card":"summary_large_image","schema":{"@context":"https:\/\/schema.org","@graph":[{"@type":"WebPage","@id":"https:\/\/devicenow.com\/fr\/societe\/","url":"https:\/\/devicenow.com\/fr\/societe\/","name":"Soci\u00e9t\u00e9 - devicenow","isPartOf":{"@id":"https:\/\/devicenow.com\/#website"},"primaryImageOfPage":{"@id":"https:\/\/devicenow.com\/fr\/societe\/#primaryimage"},"image":{"@id":"https:\/\/devicenow.com\/fr\/societe\/#primaryimage"},"thumbnailUrl":"https:\/\/devicenow.com\/wp-content\/uploads\/logo-preview-home.png","datePublished":"2024-10-22T07:22:32+00:00","dateModified":"2026-02-16T10:13:01+00:00","description":"Learn more about our mission, values, and the team that drives our success. Discover exciting career opportunities and how you can be part of our journey!","breadcrumb":{"@id":"https:\/\/devicenow.com\/fr\/societe\/#breadcrumb"},"inLanguage":"fr-FR","potentialAction":[{"@type":"ReadAction","target":["https:\/\/devicenow.com\/fr\/societe\/"]}]},{"@type":"ImageObject","inLanguage":"fr-FR","@id":"https:\/\/devicenow.com\/fr\/societe\/#primaryimage","url":"https:\/\/devicenow.com\/wp-content\/uploads\/logo-preview-home.png","contentUrl":"https:\/\/devicenow.com\/wp-content\/uploads\/logo-preview-home.png","width":1000,"height":665},{"@type":"BreadcrumbList","@id":"https:\/\/devicenow.com\/fr\/societe\/#breadcrumb","itemListElement":[{"@type":"ListItem","position":1,"name":"Strona g\u0142\u00f3wna","item":"https:\/\/devicenow.com\/fr\/"},{"@type":"ListItem","position":2,"name":"Soci\u00e9t\u00e9"}]},{"@type":"WebSite","@id":"https:\/\/devicenow.com\/#website","url":"https:\/\/devicenow.com\/","name":"devicenow","description":"","potentialAction":[{"@type":"SearchAction","target":{"@type":"EntryPoint","urlTemplate":"https:\/\/devicenow.com\/?s={search_term_string}"},"query-input":{"@type":"PropertyValueSpecification","valueRequired":true,"valueName":"search_term_string"}}],"inLanguage":"fr-FR"}]}},"meta_box":{"description":"","descriptionde":"","descriptionnl":"","descriptiontr":"","descriptionit":"","descriptionfr":"","descriptiongr":"","descriptionpt":""},"_links":{"self":[{"href":"https:\/\/devicenow.com\/fr\/wp-json\/wp\/v2\/pages\/11519","targetHints":{"allow":["GET"]}}],"collection":[{"href":"https:\/\/devicenow.com\/fr\/wp-json\/wp\/v2\/pages"}],"about":[{"href":"https:\/\/devicenow.com\/fr\/wp-json\/wp\/v2\/types\/page"}],"author":[{"embeddable":true,"href":"https:\/\/devicenow.com\/fr\/wp-json\/wp\/v2\/users\/1"}],"replies":[{"embeddable":true,"href":"https:\/\/devicenow.com\/fr\/wp-json\/wp\/v2\/comments?post=11519"}],"version-history":[{"count":3,"href":"https:\/\/devicenow.com\/fr\/wp-json\/wp\/v2\/pages\/11519\/revisions"}],"predecessor-version":[{"id":11530,"href":"https:\/\/devicenow.com\/fr\/wp-json\/wp\/v2\/pages\/11519\/revisions\/11530"}],"wp:featuredmedia":[{"embeddable":true,"href":"https:\/\/devicenow.com\/fr\/wp-json\/wp\/v2\/media\/17682"}],"wp:attachment":[{"href":"https:\/\/devicenow.com\/fr\/wp-json\/wp\/v2\/media?parent=11519"}],"curies":[{"name":"wp","href":"https:\/\/api.w.org\/{rel}","templated":true}]}}