{"id":9092,"date":"2024-10-22T09:22:32","date_gmt":"2024-10-22T07:22:32","guid":{"rendered":"https:\/\/devicenow.com\/company\/"},"modified":"2026-02-16T11:13:00","modified_gmt":"2026-02-16T10:13:00","slug":"compania","status":"publish","type":"page","link":"https:\/\/devicenow.com\/es\/compania\/","title":{"rendered":"Compa\u00f1\u00eda"},"content":{"rendered":"<div class='breakdance'><section class=\"bde-section-9092-312 bde-section\">\n  \n  \n\t\n\n\n\n<div class=\"section-container\"><div class=\"bde-simple-image-9092-313 bde-simple-image\">\n  \n\n\n\n\n\n  \n    \n      <img decoding=\"async\" class=\"breakdance-image-object\" src=\"https:\/\/devicenow.com\/wp-content\/uploads\/devicenow-circle-big.svg\" width=\"\" height=\"\">\n\n      \n    \n  \n<\/div><div class=\"bde-div-9092-314 bde-div\">\n  \n  \n\t\n\n\n\n<div class=\"bde-columns-9092-315 bde-columns\"><div class=\"bde-column-9092-316 bde-column\">\n  \n  \n\t\n\n\n\n<h1 class=\"bde-heading-9092-317 bde-heading\">\nExpertos en Device as a Service para el lugar de trabajo\n<\/h1><h2 class=\"bde-heading-9092-318 bde-heading\">\nCon\u00f3zcanos mejor\n<\/h2><div class=\"bde-text-9092-319 bde-text\">\nDescubra m\u00e1s sobre nuestra misi\u00f3n, nuestros valores y el equipo que impulsa nuestro \u00e9xito. Explore tambi\u00e9n las oportunidades profesionales y c\u00f3mo puede formar parte de nuestra trayectoria. \u00a1Le invitamos a conocernos y a conectar con nosotros!\n<\/div>\n<\/div><div class=\"bde-column-9092-320 bde-column\">\n  \n  \n\t\n\n\n\n\n<\/div><\/div><div class=\"bde-simple-image-9092-321 bde-simple-image light\" data-entrance=\"slideDown\">\n  \n\n\n\n\n\n  \n    \n      <img loading=\"lazy\" decoding=\"async\" class=\"breakdance-image-object\" src=\"https:\/\/devicenow.com\/wp-content\/uploads\/Devices_iMac-iPhone-iPad_v3_green.png\" width=\"1300\" height=\"1137\" srcset=\"https:\/\/devicenow.com\/wp-content\/uploads\/Devices_iMac-iPhone-iPad_v3_green.png 1300w, https:\/\/devicenow.com\/wp-content\/uploads\/Devices_iMac-iPhone-iPad_v3_green-448x392.png 448w, https:\/\/devicenow.com\/wp-content\/uploads\/Devices_iMac-iPhone-iPad_v3_green-1024x896.png 1024w, https:\/\/devicenow.com\/wp-content\/uploads\/Devices_iMac-iPhone-iPad_v3_green-150x131.png 150w, https:\/\/devicenow.com\/wp-content\/uploads\/Devices_iMac-iPhone-iPad_v3_green-768x672.png 768w\" sizes=\"auto, (max-width: 1300px) 100vw, 1300px\">\n\n      \n    \n  \n<\/div><div class=\"bde-simple-image-9092-322 bde-simple-image dark\" data-entrance=\"slideDown\">\n  \n\n\n\n\n\n  \n    \n      <img loading=\"lazy\" decoding=\"async\" class=\"breakdance-image-object\" src=\"https:\/\/devicenow.com\/wp-content\/uploads\/Devices_iMac-iPhone-iPad_v3_green-light.png\" width=\"1800\" height=\"1200\" srcset=\"https:\/\/devicenow.com\/wp-content\/uploads\/Devices_iMac-iPhone-iPad_v3_green-light.png 1800w, https:\/\/devicenow.com\/wp-content\/uploads\/Devices_iMac-iPhone-iPad_v3_green-light-448x299.png 448w, https:\/\/devicenow.com\/wp-content\/uploads\/Devices_iMac-iPhone-iPad_v3_green-light-1024x683.png 1024w, https:\/\/devicenow.com\/wp-content\/uploads\/Devices_iMac-iPhone-iPad_v3_green-light-150x100.png 150w, https:\/\/devicenow.com\/wp-content\/uploads\/Devices_iMac-iPhone-iPad_v3_green-light-768x512.png 768w, https:\/\/devicenow.com\/wp-content\/uploads\/Devices_iMac-iPhone-iPad_v3_green-light-1536x1024.png 1536w\" sizes=\"auto, (max-width: 1800px) 100vw, 1800px\">\n\n      \n    \n  \n<\/div>\n<\/div><div class=\"bde-simple-image-9092-323 bde-simple-image\">\n  \n\n\n\n\n\n  \n    \n      <img decoding=\"async\" class=\"breakdance-image-object\" src=\"https:\/\/devicenow.com\/wp-content\/uploads\/devicenow-circle-big.svg\" width=\"\" height=\"\" loading=\"lazy\">\n\n      \n    \n  \n<\/div><\/div>\n<\/section><section class=\"bde-section-9092-324 bde-section\">\n              \n  \n  \n\t\n\n  <div class=\"section-background-overlay\"><\/div>\n\n\n<div class=\"section-container\"><div class=\"bde-div-9092-325 bde-div\">\n  \n  \n\t\n\n\n\n<div class=\"bde-columns-9092-326 bde-columns\" data-entrance=\"fade\"><div class=\"bde-column-9092-327 bde-column\">\n              \n  \n  \n\t\n\n\n\n<div class=\"bde-simple-image-9092-328 bde-simple-image light\">\n  \n\n\n\n\n\n  \n    \n      <img decoding=\"async\" class=\"breakdance-image-object\" src=\"https:\/\/devicenow.com\/wp-content\/uploads\/icon_1.svg\" width=\"\" height=\"\" loading=\"lazy\">\n\n      \n    \n  \n<\/div><div class=\"bde-simple-image-9092-329 bde-simple-image dark hidden\">\n  \n\n\n\n\n\n  \n    \n      <img decoding=\"async\" class=\"breakdance-image-object\" src=\"https:\/\/devicenow.com\/wp-content\/uploads\/company-culture.svg\" width=\"\" height=\"\" loading=\"lazy\">\n\n      \n    \n  \n<\/div><h3 class=\"bde-heading-9092-330 bde-heading\">\nSobre nosotros\n<\/h3><div class=\"bde-text-9092-331 bde-text\">\nAs\u00ed es como estamos definiendo el futuro del DaaS en todo el mundo.\n<\/div><div class=\"bde-div-9092-332 bde-div\">\n  \n  \n\t\n\n\n\n<a class=\"bde-container-link-9092-333 bde-container-link breakdance-link\" href=\"https:\/\/devicenow.com\/es\/sobre-nosotros\/\" target=\"_self\" data-type=\"url\">\n  \n  \n\t\n\n\n\n<div class=\"bde-text-9092-334 bde-text text-color-hover\">\nM\u00e1s informaci\u00f3n\n<\/div><div class=\"bde-icon-9092-335 bde-icon text-color-hover\">\n\n    \n            <div class=\"bde-icon-icon breakdance-icon-atom\" >\n    \n                    <svg xmlns=\"http:\/\/www.w3.org\/2000\/svg\" viewBox=\"0 0 448 512\"><!--! Font Awesome Free 6.5.1 by @fontawesome - https:\/\/fontawesome.com License - https:\/\/fontawesome.com\/license\/free (Icons: CC BY 4.0, Fonts: SIL OFL 1.1, Code: MIT License) Copyright 2023 Fonticons, Inc. --><path d=\"M438.6 278.6c12.5-12.5 12.5-32.8 0-45.3l-160-160c-12.5-12.5-32.8-12.5-45.3 0s-12.5 32.8 0 45.3L338.8 224 32 224c-17.7 0-32 14.3-32 32s14.3 32 32 32l306.7 0L233.4 393.4c-12.5 12.5-12.5 32.8 0 45.3s32.8 12.5 45.3 0l160-160z\"\/><\/svg>\n        \n        \n        \n            <\/div>\n    \n\n\n<\/div>\n\n<\/a>\n<\/div>\n<\/div><div class=\"bde-column-9092-336 bde-column\">\n              \n  \n  \n\t\n\n\n\n<div class=\"bde-simple-image-9092-337 bde-simple-image light\">\n  \n\n\n\n\n\n  \n    \n      <img decoding=\"async\" class=\"breakdance-image-object\" src=\"https:\/\/devicenow.com\/wp-content\/uploads\/Carrer-icon.png\" width=\"266\" height=\"276\" srcset=\"https:\/\/devicenow.com\/wp-content\/uploads\/Carrer-icon.png 266w, https:\/\/devicenow.com\/wp-content\/uploads\/Carrer-icon-150x156.png 150w\" sizes=\"auto, (max-width: 266px) 100vw, 266px\" loading=\"lazy\">\n\n      \n    \n  \n<\/div><div class=\"bde-simple-image-9092-338 bde-simple-image dark hidden\">\n  \n\n\n\n\n\n  \n    \n      <img decoding=\"async\" class=\"breakdance-image-object\" src=\"https:\/\/devicenow.com\/wp-content\/uploads\/contact-devicenow-icon.png\" width=\"266\" height=\"276\" srcset=\"https:\/\/devicenow.com\/wp-content\/uploads\/contact-devicenow-icon.png 266w, https:\/\/devicenow.com\/wp-content\/uploads\/contact-devicenow-icon-150x156.png 150w\" sizes=\"auto, (max-width: 266px) 100vw, 266px\" loading=\"lazy\">\n\n      \n    \n  \n<\/div><h3 class=\"bde-heading-9092-339 bde-heading\">\nCarrera profesional\n<\/h3><div class=\"bde-text-9092-340 bde-text\">\nD\u00e9 el siguiente paso y haga crecer su carrera profesional con devicenow.\n<\/div><div class=\"bde-div-9092-341 bde-div\">\n  \n  \n\t\n\n\n\n<a class=\"bde-container-link-9092-342 bde-container-link breakdance-link\" href=\"https:\/\/devicenow.com\/es\/carrera\/\" target=\"_self\" data-type=\"url\">\n  \n  \n\t\n\n\n\n<div class=\"bde-text-9092-343 bde-text text-color-hover\">\nM\u00e1s informaci\u00f3n\n<\/div><div class=\"bde-icon-9092-344 bde-icon text-color-hover\">\n\n    \n            <div class=\"bde-icon-icon breakdance-icon-atom\" >\n    \n                    <svg xmlns=\"http:\/\/www.w3.org\/2000\/svg\" viewBox=\"0 0 448 512\"><!--! Font Awesome Free 6.5.1 by @fontawesome - https:\/\/fontawesome.com License - https:\/\/fontawesome.com\/license\/free (Icons: CC BY 4.0, Fonts: SIL OFL 1.1, Code: MIT License) Copyright 2023 Fonticons, Inc. --><path d=\"M438.6 278.6c12.5-12.5 12.5-32.8 0-45.3l-160-160c-12.5-12.5-32.8-12.5-45.3 0s-12.5 32.8 0 45.3L338.8 224 32 224c-17.7 0-32 14.3-32 32s14.3 32 32 32l306.7 0L233.4 393.4c-12.5 12.5-12.5 32.8 0 45.3s32.8 12.5 45.3 0l160-160z\"\/><\/svg>\n        \n        \n        \n            <\/div>\n    \n\n\n<\/div>\n\n<\/a>\n<\/div>\n<\/div><div class=\"bde-column-9092-345 bde-column\">\n              \n  \n  \n\t\n\n\n\n<div class=\"bde-simple-image-9092-346 bde-simple-image light\">\n  \n\n\n\n\n\n  \n    \n      <img decoding=\"async\" class=\"breakdance-image-object\" src=\"https:\/\/devicenow.com\/wp-content\/uploads\/World-2.png\" width=\"270\" height=\"238\" srcset=\"https:\/\/devicenow.com\/wp-content\/uploads\/World-2.png 270w, https:\/\/devicenow.com\/wp-content\/uploads\/World-2-150x132.png 150w\" sizes=\"auto, (max-width: 270px) 100vw, 270px\" loading=\"lazy\">\n\n      \n    \n  \n<\/div><div class=\"bde-simple-image-9092-347 bde-simple-image dark hidden\">\n  \n\n\n\n\n\n  \n    \n      <img decoding=\"async\" class=\"breakdance-image-object\" src=\"https:\/\/devicenow.com\/wp-content\/uploads\/career-devicenow-icon.png\" width=\"270\" height=\"238\" srcset=\"https:\/\/devicenow.com\/wp-content\/uploads\/career-devicenow-icon.png 270w, https:\/\/devicenow.com\/wp-content\/uploads\/career-devicenow-icon-150x132.png 150w\" sizes=\"auto, (max-width: 270px) 100vw, 270px\" loading=\"lazy\">\n\n      \n    \n  \n<\/div><h3 class=\"bde-heading-9092-348 bde-heading\">\nContacto\n<\/h3><div class=\"bde-text-9092-349 bde-text\">\nP\u00f3ngase en contacto con nuestro equipo, estamos a solo un mensaje de distancia.\n<\/div><div class=\"bde-div-9092-350 bde-div\">\n  \n  \n\t\n\n\n\n<a class=\"bde-container-link-9092-351 bde-container-link breakdance-link\" href=\"https:\/\/devicenow.com\/es\/contacto\/\" target=\"_self\" data-type=\"url\">\n  \n  \n\t\n\n\n\n<div class=\"bde-text-9092-352 bde-text text-color-hover\">\nM\u00e1s informaci\u00f3n\n<\/div><div class=\"bde-icon-9092-353 bde-icon text-color-hover\">\n\n    \n            <div class=\"bde-icon-icon breakdance-icon-atom\" >\n    \n                    <svg xmlns=\"http:\/\/www.w3.org\/2000\/svg\" viewBox=\"0 0 448 512\"><!--! Font Awesome Free 6.5.1 by @fontawesome - https:\/\/fontawesome.com License - https:\/\/fontawesome.com\/license\/free (Icons: CC BY 4.0, Fonts: SIL OFL 1.1, Code: MIT License) Copyright 2023 Fonticons, Inc. --><path d=\"M438.6 278.6c12.5-12.5 12.5-32.8 0-45.3l-160-160c-12.5-12.5-32.8-12.5-45.3 0s-12.5 32.8 0 45.3L338.8 224 32 224c-17.7 0-32 14.3-32 32s14.3 32 32 32l306.7 0L233.4 393.4c-12.5 12.5-12.5 32.8 0 45.3s32.8 12.5 45.3 0l160-160z\"\/><\/svg>\n        \n        \n        \n            <\/div>\n    \n\n\n<\/div>\n\n<\/a>\n<\/div>\n<\/div><\/div>\n<\/div><\/div>\n<\/section><\/div>","protected":false},"excerpt":{"rendered":"<p>Expertos en Device as a Service para el lugar de trabajo Con\u00f3zcanos mejor Descubra m\u00e1s sobre nuestra misi\u00f3n, nuestros valores y el equipo que impulsa nuestro \u00e9xito. Explore tambi\u00e9n las oportunidades profesionales y c\u00f3mo puede formar parte de nuestra trayectoria. \u00a1Le invitamos a conocernos y a conectar con nosotros! Sobre nosotros As\u00ed es como estamos [&hellip;]<\/p>\n","protected":false},"author":1,"featured_media":17687,"parent":0,"menu_order":0,"comment_status":"closed","ping_status":"closed","template":"","meta":{"content-type":"","_breakdance_hide_in_design_set":false,"_breakdance_tags":"","footnotes":""},"class_list":["post-9092","page","type-page","status-publish","has-post-thumbnail","hentry"],"yoast_head":"<!-- This site is optimized with the Yoast SEO plugin v27.4 - https:\/\/yoast.com\/product\/yoast-seo-wordpress\/ -->\n<title>Compa\u00f1\u00eda - devicenow<\/title>\n<meta name=\"description\" content=\"Learn more about our mission, values, and the team that drives our success. Discover exciting career opportunities and how you can be part of our journey!\" \/>\n<meta name=\"robots\" content=\"index, follow, max-snippet:-1, max-image-preview:large, max-video-preview:-1\" \/>\n<link rel=\"canonical\" href=\"https:\/\/devicenow.com\/es\/compania\/\" \/>\n<meta property=\"og:locale\" content=\"es_ES\" \/>\n<meta property=\"og:type\" content=\"article\" \/>\n<meta property=\"og:title\" content=\"Compa\u00f1\u00eda - devicenow\" \/>\n<meta property=\"og:description\" content=\"Learn more about our mission, values, and the team that drives our success. Discover exciting career opportunities and how you can be part of our journey!\" \/>\n<meta property=\"og:url\" content=\"https:\/\/devicenow.com\/es\/compania\/\" \/>\n<meta property=\"og:site_name\" content=\"devicenow\" \/>\n<meta property=\"article:modified_time\" content=\"2026-02-16T10:13:00+00:00\" \/>\n<meta property=\"og:image\" content=\"https:\/\/devicenow.com\/wp-content\/uploads\/devicenow-about-us-1.jpg\" \/>\n\t<meta property=\"og:image:width\" content=\"1858\" \/>\n\t<meta property=\"og:image:height\" content=\"1200\" \/>\n\t<meta property=\"og:image:type\" content=\"image\/jpeg\" \/>\n<meta name=\"twitter:card\" content=\"summary_large_image\" \/>\n<script type=\"application\/ld+json\" class=\"yoast-schema-graph\">{\"@context\":\"https:\\\/\\\/schema.org\",\"@graph\":[{\"@type\":\"WebPage\",\"@id\":\"https:\\\/\\\/devicenow.com\\\/es\\\/compania\\\/\",\"url\":\"https:\\\/\\\/devicenow.com\\\/es\\\/compania\\\/\",\"name\":\"Compa\u00f1\u00eda - devicenow\",\"isPartOf\":{\"@id\":\"https:\\\/\\\/devicenow.com\\\/#website\"},\"primaryImageOfPage\":{\"@id\":\"https:\\\/\\\/devicenow.com\\\/es\\\/compania\\\/#primaryimage\"},\"image\":{\"@id\":\"https:\\\/\\\/devicenow.com\\\/es\\\/compania\\\/#primaryimage\"},\"thumbnailUrl\":\"https:\\\/\\\/devicenow.com\\\/wp-content\\\/uploads\\\/logo-preview-home.png\",\"datePublished\":\"2024-10-22T07:22:32+00:00\",\"dateModified\":\"2026-02-16T10:13:00+00:00\",\"description\":\"Learn more about our mission, values, and the team that drives our success. Discover exciting career opportunities and how you can be part of our journey!\",\"breadcrumb\":{\"@id\":\"https:\\\/\\\/devicenow.com\\\/es\\\/compania\\\/#breadcrumb\"},\"inLanguage\":\"es\",\"potentialAction\":[{\"@type\":\"ReadAction\",\"target\":[\"https:\\\/\\\/devicenow.com\\\/es\\\/compania\\\/\"]}]},{\"@type\":\"ImageObject\",\"inLanguage\":\"es\",\"@id\":\"https:\\\/\\\/devicenow.com\\\/es\\\/compania\\\/#primaryimage\",\"url\":\"https:\\\/\\\/devicenow.com\\\/wp-content\\\/uploads\\\/logo-preview-home.png\",\"contentUrl\":\"https:\\\/\\\/devicenow.com\\\/wp-content\\\/uploads\\\/logo-preview-home.png\",\"width\":1000,\"height\":665},{\"@type\":\"BreadcrumbList\",\"@id\":\"https:\\\/\\\/devicenow.com\\\/es\\\/compania\\\/#breadcrumb\",\"itemListElement\":[{\"@type\":\"ListItem\",\"position\":1,\"name\":\"Strona g\u0142\u00f3wna\",\"item\":\"https:\\\/\\\/devicenow.com\\\/es\\\/\"},{\"@type\":\"ListItem\",\"position\":2,\"name\":\"Compa\u00f1\u00eda\"}]},{\"@type\":\"WebSite\",\"@id\":\"https:\\\/\\\/devicenow.com\\\/#website\",\"url\":\"https:\\\/\\\/devicenow.com\\\/\",\"name\":\"devicenow\",\"description\":\"\",\"potentialAction\":[{\"@type\":\"SearchAction\",\"target\":{\"@type\":\"EntryPoint\",\"urlTemplate\":\"https:\\\/\\\/devicenow.com\\\/?s={search_term_string}\"},\"query-input\":{\"@type\":\"PropertyValueSpecification\",\"valueRequired\":true,\"valueName\":\"search_term_string\"}}],\"inLanguage\":\"es\"}]}<\/script>\n<!-- \/ Yoast SEO plugin. -->","yoast_head_json":{"title":"Compa\u00f1\u00eda - devicenow","description":"Learn more about our mission, values, and the team that drives our success. Discover exciting career opportunities and how you can be part of our journey!","robots":{"index":"index","follow":"follow","max-snippet":"max-snippet:-1","max-image-preview":"max-image-preview:large","max-video-preview":"max-video-preview:-1"},"canonical":"https:\/\/devicenow.com\/es\/compania\/","og_locale":"es_ES","og_type":"article","og_title":"Compa\u00f1\u00eda - devicenow","og_description":"Learn more about our mission, values, and the team that drives our success. Discover exciting career opportunities and how you can be part of our journey!","og_url":"https:\/\/devicenow.com\/es\/compania\/","og_site_name":"devicenow","article_modified_time":"2026-02-16T10:13:00+00:00","og_image":[{"width":1858,"height":1200,"url":"https:\/\/devicenow.com\/wp-content\/uploads\/devicenow-about-us-1.jpg","type":"image\/jpeg"}],"twitter_card":"summary_large_image","schema":{"@context":"https:\/\/schema.org","@graph":[{"@type":"WebPage","@id":"https:\/\/devicenow.com\/es\/compania\/","url":"https:\/\/devicenow.com\/es\/compania\/","name":"Compa\u00f1\u00eda - devicenow","isPartOf":{"@id":"https:\/\/devicenow.com\/#website"},"primaryImageOfPage":{"@id":"https:\/\/devicenow.com\/es\/compania\/#primaryimage"},"image":{"@id":"https:\/\/devicenow.com\/es\/compania\/#primaryimage"},"thumbnailUrl":"https:\/\/devicenow.com\/wp-content\/uploads\/logo-preview-home.png","datePublished":"2024-10-22T07:22:32+00:00","dateModified":"2026-02-16T10:13:00+00:00","description":"Learn more about our mission, values, and the team that drives our success. Discover exciting career opportunities and how you can be part of our journey!","breadcrumb":{"@id":"https:\/\/devicenow.com\/es\/compania\/#breadcrumb"},"inLanguage":"es","potentialAction":[{"@type":"ReadAction","target":["https:\/\/devicenow.com\/es\/compania\/"]}]},{"@type":"ImageObject","inLanguage":"es","@id":"https:\/\/devicenow.com\/es\/compania\/#primaryimage","url":"https:\/\/devicenow.com\/wp-content\/uploads\/logo-preview-home.png","contentUrl":"https:\/\/devicenow.com\/wp-content\/uploads\/logo-preview-home.png","width":1000,"height":665},{"@type":"BreadcrumbList","@id":"https:\/\/devicenow.com\/es\/compania\/#breadcrumb","itemListElement":[{"@type":"ListItem","position":1,"name":"Strona g\u0142\u00f3wna","item":"https:\/\/devicenow.com\/es\/"},{"@type":"ListItem","position":2,"name":"Compa\u00f1\u00eda"}]},{"@type":"WebSite","@id":"https:\/\/devicenow.com\/#website","url":"https:\/\/devicenow.com\/","name":"devicenow","description":"","potentialAction":[{"@type":"SearchAction","target":{"@type":"EntryPoint","urlTemplate":"https:\/\/devicenow.com\/?s={search_term_string}"},"query-input":{"@type":"PropertyValueSpecification","valueRequired":true,"valueName":"search_term_string"}}],"inLanguage":"es"}]}},"meta_box":{"description":"","descriptionde":"","descriptionnl":"","descriptiontr":"","descriptionit":"","descriptionfr":"","descriptiongr":"","descriptionpt":""},"_links":{"self":[{"href":"https:\/\/devicenow.com\/es\/wp-json\/wp\/v2\/pages\/9092","targetHints":{"allow":["GET"]}}],"collection":[{"href":"https:\/\/devicenow.com\/es\/wp-json\/wp\/v2\/pages"}],"about":[{"href":"https:\/\/devicenow.com\/es\/wp-json\/wp\/v2\/types\/page"}],"author":[{"embeddable":true,"href":"https:\/\/devicenow.com\/es\/wp-json\/wp\/v2\/users\/1"}],"replies":[{"embeddable":true,"href":"https:\/\/devicenow.com\/es\/wp-json\/wp\/v2\/comments?post=9092"}],"version-history":[{"count":3,"href":"https:\/\/devicenow.com\/es\/wp-json\/wp\/v2\/pages\/9092\/revisions"}],"predecessor-version":[{"id":9102,"href":"https:\/\/devicenow.com\/es\/wp-json\/wp\/v2\/pages\/9092\/revisions\/9102"}],"wp:featuredmedia":[{"embeddable":true,"href":"https:\/\/devicenow.com\/es\/wp-json\/wp\/v2\/media\/17687"}],"wp:attachment":[{"href":"https:\/\/devicenow.com\/es\/wp-json\/wp\/v2\/media?parent=9092"}],"curies":[{"name":"wp","href":"https:\/\/api.w.org\/{rel}","templated":true}]}}