{"id":9080,"date":"2024-10-22T14:28:44","date_gmt":"2024-10-22T12:28:44","guid":{"rendered":"https:\/\/devicenow.com\/resources\/"},"modified":"2026-02-26T12:42:30","modified_gmt":"2026-02-26T11:42:30","slug":"recursos","status":"publish","type":"page","link":"https:\/\/devicenow.com\/es\/recursos\/","title":{"rendered":"Recursos"},"content":{"rendered":"<div class='breakdance'><section class=\"bde-section-9080-230 bde-section\">\n  \n  \n\t\n\n\n\n        <div class=\"section-shape-divider-wrapper section-shape-divider-wrapper--1\">\n          <span class=\"section-shape-divider\">\n                      <svg\n                xmlns=\"http:\/\/www.w3.org\/2000\/svg\"\n                viewBox=\"0 0 1440 320\"\n                preserveAspectRatio=\"none\"\n            >\n              <path fill=\"currentColor\" fill-opacity=\"1\" d=\"M0,160L120,181.3C240,203,480,245,720,224C960,203,1200,117,1320,74.7L1440,32L1440,320L1320,320C1200,320,960,320,720,320C480,320,240,320,120,320L0,320Z\"><\/path>\n            <\/svg>\n                    <\/span>\n      <\/div>\n  <div class=\"section-container\"><div class=\"bde-simple-image-9080-231 bde-simple-image\">\n  \n\n\n\n\n\n  \n    \n      <img decoding=\"async\" class=\"breakdance-image-object\" src=\"https:\/\/devicenow.com\/wp-content\/uploads\/devicenow-circle-big.svg\" width=\"\" height=\"\">\n\n      \n    \n  \n<\/div><div class=\"bde-div-9080-232 bde-div\">\n  \n  \n\t\n\n\n\n<div class=\"bde-columns-9080-233 bde-columns\"><div class=\"bde-column-9080-234 bde-column\">\n  \n  \n\t\n\n\n\n<h1 class=\"bde-heading-9080-235 bde-heading\">\nGLOBAL WORKPLACE DEVICE AS A SERVICE\n<\/h1><h2 class=\"bde-heading-9080-236 bde-heading\">\nDescubra las ventajas de DaaS para su empresa\n<\/h2><div class=\"bde-text-9080-237 bde-text\">\nAcceda a informaci\u00f3n clave sobre los aspectos de sostenibilidad de nuestros servicios y descubra todos los beneficios de Device as a Service. Encuentre respuestas a las preguntas m\u00e1s frecuentes y mant\u00e9ngase al d\u00eda con las \u00faltimas noticias, art\u00edculos especializados y casos de \u00e9xito que muestran c\u00f3mo colaboramos con nuestros clientes para alcanzar resultados reales.\n<\/div>\n<\/div><div class=\"bde-column-9080-238 bde-column\">\n  \n  \n\t\n\n\n\n\n<\/div><\/div><div class=\"bde-simple-image-9080-239 bde-simple-image light\" data-entrance=\"slideDown\">\n  \n\n\n\n\n\n  \n    \n      <img loading=\"lazy\" decoding=\"async\" class=\"breakdance-image-object\" src=\"https:\/\/devicenow.com\/wp-content\/uploads\/Devices_iPad_v2_green.png\" width=\"1200\" height=\"974\" srcset=\"https:\/\/devicenow.com\/wp-content\/uploads\/Devices_iPad_v2_green.png 1200w, https:\/\/devicenow.com\/wp-content\/uploads\/Devices_iPad_v2_green-448x364.png 448w, https:\/\/devicenow.com\/wp-content\/uploads\/Devices_iPad_v2_green-1024x831.png 1024w, https:\/\/devicenow.com\/wp-content\/uploads\/Devices_iPad_v2_green-150x122.png 150w, https:\/\/devicenow.com\/wp-content\/uploads\/Devices_iPad_v2_green-768x623.png 768w\" sizes=\"auto, (max-width: 1200px) 100vw, 1200px\">\n\n      \n    \n  \n<\/div><div class=\"bde-simple-image-9080-240 bde-simple-image dark\" data-entrance=\"slideDown\">\n  \n\n\n\n\n\n  \n    \n      <img loading=\"lazy\" decoding=\"async\" class=\"breakdance-image-object\" src=\"https:\/\/devicenow.com\/wp-content\/uploads\/Devices_iPad_v2_green-light.png\" width=\"1800\" height=\"1200\" srcset=\"https:\/\/devicenow.com\/wp-content\/uploads\/Devices_iPad_v2_green-light.png 1800w, https:\/\/devicenow.com\/wp-content\/uploads\/Devices_iPad_v2_green-light-448x299.png 448w, https:\/\/devicenow.com\/wp-content\/uploads\/Devices_iPad_v2_green-light-1024x683.png 1024w, https:\/\/devicenow.com\/wp-content\/uploads\/Devices_iPad_v2_green-light-150x100.png 150w, https:\/\/devicenow.com\/wp-content\/uploads\/Devices_iPad_v2_green-light-768x512.png 768w, https:\/\/devicenow.com\/wp-content\/uploads\/Devices_iPad_v2_green-light-1536x1024.png 1536w\" sizes=\"auto, (max-width: 1800px) 100vw, 1800px\">\n\n      \n    \n  \n<\/div>\n<\/div><div class=\"bde-simple-image-9080-241 bde-simple-image\">\n  \n\n\n\n\n\n  \n    \n      <img decoding=\"async\" class=\"breakdance-image-object\" src=\"https:\/\/devicenow.com\/wp-content\/uploads\/devicenow-circle-big.svg\" width=\"\" height=\"\" loading=\"lazy\">\n\n      \n    \n  \n<\/div><\/div>\n<\/section><section class=\"bde-section-9080-242 bde-section\">\n              \n  \n  \n\t\n\n  <div class=\"section-background-overlay\"><\/div>\n\n\n<div class=\"section-container\"><div class=\"bde-div-9080-243 bde-div\">\n  \n  \n\t\n\n\n\n<div class=\"bde-columns-9080-244 bde-columns\" data-entrance=\"fade\"><div class=\"bde-column-9080-245 bde-column\">\n              \n  \n  \n\t\n\n\n\n<div class=\"bde-simple-image-9080-246 bde-simple-image light\">\n  \n\n\n\n\n\n  \n    \n      <img decoding=\"async\" class=\"breakdance-image-object\" src=\"https:\/\/devicenow.com\/wp-content\/uploads\/World-icon.png\" width=\"324\" height=\"236\" srcset=\"https:\/\/devicenow.com\/wp-content\/uploads\/World-icon.png 324w, https:\/\/devicenow.com\/wp-content\/uploads\/World-icon-150x109.png 150w\" sizes=\"auto, (max-width: 324px) 100vw, 324px\" loading=\"lazy\">\n\n      \n    \n  \n<\/div><div class=\"bde-simple-image-9080-247 bde-simple-image dark hidden\">\n  \n\n\n\n\n\n  \n    \n      <img decoding=\"async\" class=\"breakdance-image-object\" src=\"https:\/\/devicenow.com\/wp-content\/uploads\/sustainability-devicenow-icon.png\" width=\"324\" height=\"236\" srcset=\"https:\/\/devicenow.com\/wp-content\/uploads\/sustainability-devicenow-icon.png 324w, https:\/\/devicenow.com\/wp-content\/uploads\/sustainability-devicenow-icon-150x109.png 150w\" sizes=\"auto, (max-width: 324px) 100vw, 324px\" loading=\"lazy\">\n\n      \n    \n  \n<\/div><h3 class=\"bde-heading-9080-248 bde-heading\">\nSostenibilidad\n<\/h3><div class=\"bde-text-9080-249 bde-text\">\nDescubra c\u00f3mo podemos ayudar a su empresa a cumplir sus objetivos de sostenibilidad.\n<\/div><div class=\"bde-div-9080-250 bde-div\">\n  \n  \n\t\n\n\n\n<a class=\"bde-container-link-9080-251 bde-container-link breakdance-link\" href=\"https:\/\/devicenow.com\/es\/sostenibilidad\/\" target=\"_self\" data-type=\"url\">\n  \n  \n\t\n\n\n\n<div class=\"bde-text-9080-252 bde-text text-color-hover\">\nM\u00e1s informaci\u00f3n\n<\/div><div class=\"bde-icon-9080-253 bde-icon text-color-hover\">\n\n    \n            <div class=\"bde-icon-icon breakdance-icon-atom\" >\n    \n                    <svg xmlns=\"http:\/\/www.w3.org\/2000\/svg\" viewBox=\"0 0 448 512\"><!--! Font Awesome Free 6.5.1 by @fontawesome - https:\/\/fontawesome.com License - https:\/\/fontawesome.com\/license\/free (Icons: CC BY 4.0, Fonts: SIL OFL 1.1, Code: MIT License) Copyright 2023 Fonticons, Inc. --><path d=\"M438.6 278.6c12.5-12.5 12.5-32.8 0-45.3l-160-160c-12.5-12.5-32.8-12.5-45.3 0s-12.5 32.8 0 45.3L338.8 224 32 224c-17.7 0-32 14.3-32 32s14.3 32 32 32l306.7 0L233.4 393.4c-12.5 12.5-12.5 32.8 0 45.3s32.8 12.5 45.3 0l160-160z\"\/><\/svg>\n        \n        \n        \n            <\/div>\n    \n\n\n<\/div>\n\n<\/a>\n<\/div>\n<\/div><div class=\"bde-column-9080-254 bde-column\">\n              \n  \n  \n\t\n\n\n\n<div class=\"bde-simple-image-9080-255 bde-simple-image light\">\n  \n\n\n\n\n\n  \n    \n      <img decoding=\"async\" class=\"breakdance-image-object\" src=\"https:\/\/devicenow.com\/wp-content\/uploads\/set1_pain-relief_white-448x380.png\" width=\"448\" height=\"380\" srcset=\"https:\/\/devicenow.com\/wp-content\/uploads\/set1_pain-relief_white.png 456w, https:\/\/devicenow.com\/wp-content\/uploads\/set1_pain-relief_white-448x380.png 448w, https:\/\/devicenow.com\/wp-content\/uploads\/set1_pain-relief_white-150x127.png 150w\" sizes=\"auto, (max-width: 456px) 100vw, 456px\" loading=\"lazy\">\n\n      \n    \n  \n<\/div><div class=\"bde-simple-image-9080-256 bde-simple-image dark hidden\">\n  \n\n\n\n\n\n  \n    \n      <img decoding=\"async\" class=\"breakdance-image-object\" src=\"https:\/\/devicenow.com\/wp-content\/uploads\/benefits-devicenow-icon-448x380.webp\" width=\"448\" height=\"380\" srcset=\"https:\/\/devicenow.com\/wp-content\/uploads\/benefits-devicenow-icon.webp 456w, https:\/\/devicenow.com\/wp-content\/uploads\/benefits-devicenow-icon-448x380.webp 448w, https:\/\/devicenow.com\/wp-content\/uploads\/benefits-devicenow-icon-150x127.webp 150w\" sizes=\"auto, (max-width: 456px) 100vw, 456px\" loading=\"lazy\">\n\n      \n    \n  \n<\/div><h3 class=\"bde-heading-9080-257 bde-heading\">\nVentajas de DaaS\n<\/h3><div class=\"bde-text-9080-258 bde-text\">\nExplore los principales beneficios y vea c\u00f3mo DaaS puede impulsar sus operaciones.\n<\/div><div class=\"bde-div-9080-259 bde-div\">\n  \n  \n\t\n\n\n\n<a class=\"bde-container-link-9080-260 bde-container-link breakdance-link\" href=\"https:\/\/devicenow.com\/es\/beneficios\/\" target=\"_self\" data-type=\"url\">\n  \n  \n\t\n\n\n\n<div class=\"bde-text-9080-261 bde-text text-color-hover\">\nM\u00e1s informaci\u00f3n\n<\/div><div class=\"bde-icon-9080-262 bde-icon text-color-hover\">\n\n    \n            <div class=\"bde-icon-icon breakdance-icon-atom\" >\n    \n                    <svg xmlns=\"http:\/\/www.w3.org\/2000\/svg\" viewBox=\"0 0 448 512\"><!--! Font Awesome Free 6.5.1 by @fontawesome - https:\/\/fontawesome.com License - https:\/\/fontawesome.com\/license\/free (Icons: CC BY 4.0, Fonts: SIL OFL 1.1, Code: MIT License) Copyright 2023 Fonticons, Inc. --><path d=\"M438.6 278.6c12.5-12.5 12.5-32.8 0-45.3l-160-160c-12.5-12.5-32.8-12.5-45.3 0s-12.5 32.8 0 45.3L338.8 224 32 224c-17.7 0-32 14.3-32 32s14.3 32 32 32l306.7 0L233.4 393.4c-12.5 12.5-12.5 32.8 0 45.3s32.8 12.5 45.3 0l160-160z\"\/><\/svg>\n        \n        \n        \n            <\/div>\n    \n\n\n<\/div>\n\n<\/a>\n<\/div>\n<\/div><div class=\"bde-column-9080-318 bde-column\">\n              \n  \n  \n\t\n\n\n\n<div class=\"bde-simple-image-9080-319 bde-simple-image light\">\n  \n\n\n\n\n\n  \n    \n      <img decoding=\"async\" class=\"breakdance-image-object\" src=\"https:\/\/devicenow.com\/wp-content\/uploads\/faq-icon.png\" width=\"129\" height=\"123\" sizes=\"auto, (max-width: 129px) 100vw, 129px\" loading=\"lazy\">\n\n      \n    \n  \n<\/div><div class=\"bde-simple-image-9080-320 bde-simple-image dark hidden\">\n  \n\n\n\n\n\n  \n    \n      <img decoding=\"async\" class=\"breakdance-image-object\" src=\"https:\/\/devicenow.com\/wp-content\/uploads\/faq-devicenow-icon.png\" width=\"258\" height=\"246\" srcset=\"https:\/\/devicenow.com\/wp-content\/uploads\/faq-devicenow-icon.png 258w, https:\/\/devicenow.com\/wp-content\/uploads\/faq-devicenow-icon-150x143.png 150w\" sizes=\"auto, (max-width: 258px) 100vw, 258px\" loading=\"lazy\">\n\n      \n    \n  \n<\/div><h3 class=\"bde-heading-9080-321 bde-heading\">\nPreguntas frecuentes\n<\/h3><div class=\"bde-text-9080-322 bde-text\">\nAcceda a respuestas r\u00e1pidas a las preguntas m\u00e1s habituales sobre nuestros productos.\n<\/div><div class=\"bde-div-9080-323 bde-div\">\n  \n  \n\t\n\n\n\n<a class=\"bde-container-link-9080-324 bde-container-link breakdance-link\" href=\"https:\/\/devicenow.com\/es\/faq\/\" target=\"_self\" data-type=\"url\">\n  \n  \n\t\n\n\n\n<div class=\"bde-text-9080-325 bde-text text-color-hover\">\nM\u00e1s informaci\u00f3n\n<\/div><div class=\"bde-icon-9080-326 bde-icon text-color-hover\">\n\n    \n            <div class=\"bde-icon-icon breakdance-icon-atom\" >\n    \n                    <svg xmlns=\"http:\/\/www.w3.org\/2000\/svg\" viewBox=\"0 0 448 512\"><!--! Font Awesome Free 6.5.1 by @fontawesome - https:\/\/fontawesome.com License - https:\/\/fontawesome.com\/license\/free (Icons: CC BY 4.0, Fonts: SIL OFL 1.1, Code: MIT License) Copyright 2023 Fonticons, Inc. --><path d=\"M438.6 278.6c12.5-12.5 12.5-32.8 0-45.3l-160-160c-12.5-12.5-32.8-12.5-45.3 0s-12.5 32.8 0 45.3L338.8 224 32 224c-17.7 0-32 14.3-32 32s14.3 32 32 32l306.7 0L233.4 393.4c-12.5 12.5-12.5 32.8 0 45.3s32.8 12.5 45.3 0l160-160z\"\/><\/svg>\n        \n        \n        \n            <\/div>\n    \n\n\n<\/div>\n\n<\/a>\n<\/div>\n<\/div><div class=\"bde-column-9080-327 bde-column\">\n              \n  \n  \n\t\n\n\n\n<div class=\"bde-simple-image-9080-328 bde-simple-image light\">\n  \n\n\n\n\n\n  \n    \n      <img decoding=\"async\" class=\"breakdance-image-object\" src=\"https:\/\/devicenow.com\/wp-content\/uploads\/DN-Small-Icon_Procure_white-1.png\" width=\"428\" height=\"396\" srcset=\"https:\/\/devicenow.com\/wp-content\/uploads\/DN-Small-Icon_Procure_white-1.png 428w, https:\/\/devicenow.com\/wp-content\/uploads\/DN-Small-Icon_Procure_white-1-150x139.png 150w\" sizes=\"auto, (max-width: 428px) 100vw, 428px\" loading=\"lazy\">\n\n      \n    \n  \n<\/div><div class=\"bde-simple-image-9080-329 bde-simple-image dark hidden\">\n  \n\n\n\n\n\n  \n    \n      <img decoding=\"async\" class=\"breakdance-image-object\" src=\"https:\/\/devicenow.com\/wp-content\/uploads\/DN-Small-Icon_order-device_darkgray.png\" width=\"428\" height=\"396\" srcset=\"https:\/\/devicenow.com\/wp-content\/uploads\/DN-Small-Icon_order-device_darkgray.png 428w, https:\/\/devicenow.com\/wp-content\/uploads\/DN-Small-Icon_order-device_darkgray-150x139.png 150w\" sizes=\"auto, (max-width: 428px) 100vw, 428px\" loading=\"lazy\">\n\n      \n    \n  \n<\/div><h3 class=\"bde-heading-9080-330 bde-heading\">\nLifecycle Portal\n<\/h3><div class=\"bde-text-9080-331 bde-text\">\nUna \u00fanica plataforma para gestionar todo el ciclo de vida de sus dispositivos.\n<\/div><div class=\"bde-div-9080-332 bde-div\">\n  \n  \n\t\n\n\n\n<a class=\"bde-container-link-9080-333 bde-container-link breakdance-link\" href=\"https:\/\/devicenow.com\/es\/portal-del-ciclo-de-vida\/\" target=\"_self\" data-type=\"url\">\n  \n  \n\t\n\n\n\n<div class=\"bde-text-9080-334 bde-text text-color-hover\">\nM\u00e1s informaci\u00f3n\n<\/div><div class=\"bde-icon-9080-335 bde-icon text-color-hover\">\n\n    \n            <div class=\"bde-icon-icon breakdance-icon-atom\" >\n    \n                    <svg xmlns=\"http:\/\/www.w3.org\/2000\/svg\" viewBox=\"0 0 448 512\"><!--! Font Awesome Free 6.5.1 by @fontawesome - https:\/\/fontawesome.com License - https:\/\/fontawesome.com\/license\/free (Icons: CC BY 4.0, Fonts: SIL OFL 1.1, Code: MIT License) Copyright 2023 Fonticons, Inc. --><path d=\"M438.6 278.6c12.5-12.5 12.5-32.8 0-45.3l-160-160c-12.5-12.5-32.8-12.5-45.3 0s-12.5 32.8 0 45.3L338.8 224 32 224c-17.7 0-32 14.3-32 32s14.3 32 32 32l306.7 0L233.4 393.4c-12.5 12.5-12.5 32.8 0 45.3s32.8 12.5 45.3 0l160-160z\"\/><\/svg>\n        \n        \n        \n            <\/div>\n    \n\n\n<\/div>\n\n<\/a>\n<\/div>\n<\/div><\/div>\n<\/div><\/div>\n<\/section><\/div>","protected":false},"excerpt":{"rendered":"<p>GLOBAL WORKPLACE DEVICE AS A SERVICE Descubra las ventajas de DaaS para su empresa Acceda a informaci\u00f3n clave sobre los aspectos de sostenibilidad de nuestros servicios y descubra todos los beneficios de Device as a Service. Encuentre respuestas a las preguntas m\u00e1s frecuentes y mant\u00e9ngase al d\u00eda con las \u00faltimas noticias, art\u00edculos especializados y casos [&hellip;]<\/p>\n","protected":false},"author":1,"featured_media":8780,"parent":0,"menu_order":0,"comment_status":"closed","ping_status":"closed","template":"","meta":{"content-type":"","_breakdance_hide_in_design_set":false,"_breakdance_tags":"","footnotes":""},"class_list":["post-9080","page","type-page","status-publish","has-post-thumbnail","hentry"],"yoast_head":"<!-- This site is optimized with the Yoast SEO plugin v27.4 - https:\/\/yoast.com\/product\/yoast-seo-wordpress\/ -->\n<title>Recursos - devicenow<\/title>\n<meta name=\"description\" content=\"Find everything about Workplace DaaS \u2013 sustainability, key benefits, FAQs, news, and case studies \u2013 all in one place.\" \/>\n<meta name=\"robots\" content=\"index, follow, max-snippet:-1, max-image-preview:large, max-video-preview:-1\" \/>\n<link rel=\"canonical\" href=\"https:\/\/devicenow.com\/es\/recursos\/\" \/>\n<meta property=\"og:locale\" content=\"es_ES\" \/>\n<meta property=\"og:type\" content=\"article\" \/>\n<meta property=\"og:title\" content=\"Recursos - devicenow\" \/>\n<meta property=\"og:description\" content=\"Find everything about Workplace DaaS \u2013 sustainability, key benefits, FAQs, news, and case studies \u2013 all in one place.\" \/>\n<meta property=\"og:url\" content=\"https:\/\/devicenow.com\/es\/recursos\/\" \/>\n<meta property=\"og:site_name\" content=\"devicenow\" \/>\n<meta property=\"article:modified_time\" content=\"2026-02-26T11:42:30+00:00\" \/>\n<meta property=\"og:image\" content=\"https:\/\/devicenow.com\/wp-content\/uploads\/Case-Studies-e1736434676100.webp\" \/>\n\t<meta property=\"og:image:width\" content=\"1182\" \/>\n\t<meta property=\"og:image:height\" content=\"1440\" \/>\n\t<meta property=\"og:image:type\" content=\"image\/webp\" \/>\n<meta name=\"twitter:card\" content=\"summary_large_image\" \/>\n<script type=\"application\/ld+json\" class=\"yoast-schema-graph\">{\"@context\":\"https:\\\/\\\/schema.org\",\"@graph\":[{\"@type\":\"WebPage\",\"@id\":\"https:\\\/\\\/devicenow.com\\\/es\\\/recursos\\\/\",\"url\":\"https:\\\/\\\/devicenow.com\\\/es\\\/recursos\\\/\",\"name\":\"Recursos - devicenow\",\"isPartOf\":{\"@id\":\"https:\\\/\\\/devicenow.com\\\/#website\"},\"primaryImageOfPage\":{\"@id\":\"https:\\\/\\\/devicenow.com\\\/es\\\/recursos\\\/#primaryimage\"},\"image\":{\"@id\":\"https:\\\/\\\/devicenow.com\\\/es\\\/recursos\\\/#primaryimage\"},\"thumbnailUrl\":\"https:\\\/\\\/devicenow.com\\\/wp-content\\\/uploads\\\/Case-Studies-e1736434676100.webp\",\"datePublished\":\"2024-10-22T12:28:44+00:00\",\"dateModified\":\"2026-02-26T11:42:30+00:00\",\"description\":\"Find everything about Workplace DaaS \u2013 sustainability, key benefits, FAQs, news, and case studies \u2013 all in one place.\",\"breadcrumb\":{\"@id\":\"https:\\\/\\\/devicenow.com\\\/es\\\/recursos\\\/#breadcrumb\"},\"inLanguage\":\"es\",\"potentialAction\":[{\"@type\":\"ReadAction\",\"target\":[\"https:\\\/\\\/devicenow.com\\\/es\\\/recursos\\\/\"]}]},{\"@type\":\"ImageObject\",\"inLanguage\":\"es\",\"@id\":\"https:\\\/\\\/devicenow.com\\\/es\\\/recursos\\\/#primaryimage\",\"url\":\"https:\\\/\\\/devicenow.com\\\/wp-content\\\/uploads\\\/Case-Studies-e1736434676100.webp\",\"contentUrl\":\"https:\\\/\\\/devicenow.com\\\/wp-content\\\/uploads\\\/Case-Studies-e1736434676100.webp\",\"width\":1182,\"height\":1440,\"caption\":\"Two people standing in an office, man and woman talking\"},{\"@type\":\"BreadcrumbList\",\"@id\":\"https:\\\/\\\/devicenow.com\\\/es\\\/recursos\\\/#breadcrumb\",\"itemListElement\":[{\"@type\":\"ListItem\",\"position\":1,\"name\":\"Strona g\u0142\u00f3wna\",\"item\":\"https:\\\/\\\/devicenow.com\\\/es\\\/\"},{\"@type\":\"ListItem\",\"position\":2,\"name\":\"Recursos\"}]},{\"@type\":\"WebSite\",\"@id\":\"https:\\\/\\\/devicenow.com\\\/#website\",\"url\":\"https:\\\/\\\/devicenow.com\\\/\",\"name\":\"devicenow\",\"description\":\"\",\"potentialAction\":[{\"@type\":\"SearchAction\",\"target\":{\"@type\":\"EntryPoint\",\"urlTemplate\":\"https:\\\/\\\/devicenow.com\\\/?s={search_term_string}\"},\"query-input\":{\"@type\":\"PropertyValueSpecification\",\"valueRequired\":true,\"valueName\":\"search_term_string\"}}],\"inLanguage\":\"es\"}]}<\/script>\n<!-- \/ Yoast SEO plugin. -->","yoast_head_json":{"title":"Recursos - devicenow","description":"Find everything about Workplace DaaS \u2013 sustainability, key benefits, FAQs, news, and case studies \u2013 all in one place.","robots":{"index":"index","follow":"follow","max-snippet":"max-snippet:-1","max-image-preview":"max-image-preview:large","max-video-preview":"max-video-preview:-1"},"canonical":"https:\/\/devicenow.com\/es\/recursos\/","og_locale":"es_ES","og_type":"article","og_title":"Recursos - devicenow","og_description":"Find everything about Workplace DaaS \u2013 sustainability, key benefits, FAQs, news, and case studies \u2013 all in one place.","og_url":"https:\/\/devicenow.com\/es\/recursos\/","og_site_name":"devicenow","article_modified_time":"2026-02-26T11:42:30+00:00","og_image":[{"width":1182,"height":1440,"url":"https:\/\/devicenow.com\/wp-content\/uploads\/Case-Studies-e1736434676100.webp","type":"image\/webp"}],"twitter_card":"summary_large_image","schema":{"@context":"https:\/\/schema.org","@graph":[{"@type":"WebPage","@id":"https:\/\/devicenow.com\/es\/recursos\/","url":"https:\/\/devicenow.com\/es\/recursos\/","name":"Recursos - devicenow","isPartOf":{"@id":"https:\/\/devicenow.com\/#website"},"primaryImageOfPage":{"@id":"https:\/\/devicenow.com\/es\/recursos\/#primaryimage"},"image":{"@id":"https:\/\/devicenow.com\/es\/recursos\/#primaryimage"},"thumbnailUrl":"https:\/\/devicenow.com\/wp-content\/uploads\/Case-Studies-e1736434676100.webp","datePublished":"2024-10-22T12:28:44+00:00","dateModified":"2026-02-26T11:42:30+00:00","description":"Find everything about Workplace DaaS \u2013 sustainability, key benefits, FAQs, news, and case studies \u2013 all in one place.","breadcrumb":{"@id":"https:\/\/devicenow.com\/es\/recursos\/#breadcrumb"},"inLanguage":"es","potentialAction":[{"@type":"ReadAction","target":["https:\/\/devicenow.com\/es\/recursos\/"]}]},{"@type":"ImageObject","inLanguage":"es","@id":"https:\/\/devicenow.com\/es\/recursos\/#primaryimage","url":"https:\/\/devicenow.com\/wp-content\/uploads\/Case-Studies-e1736434676100.webp","contentUrl":"https:\/\/devicenow.com\/wp-content\/uploads\/Case-Studies-e1736434676100.webp","width":1182,"height":1440,"caption":"Two people standing in an office, man and woman talking"},{"@type":"BreadcrumbList","@id":"https:\/\/devicenow.com\/es\/recursos\/#breadcrumb","itemListElement":[{"@type":"ListItem","position":1,"name":"Strona g\u0142\u00f3wna","item":"https:\/\/devicenow.com\/es\/"},{"@type":"ListItem","position":2,"name":"Recursos"}]},{"@type":"WebSite","@id":"https:\/\/devicenow.com\/#website","url":"https:\/\/devicenow.com\/","name":"devicenow","description":"","potentialAction":[{"@type":"SearchAction","target":{"@type":"EntryPoint","urlTemplate":"https:\/\/devicenow.com\/?s={search_term_string}"},"query-input":{"@type":"PropertyValueSpecification","valueRequired":true,"valueName":"search_term_string"}}],"inLanguage":"es"}]}},"meta_box":{"description":"","descriptionde":"","descriptionnl":"","descriptiontr":"","descriptionit":"","descriptionfr":"","descriptiongr":"","descriptionpt":""},"_links":{"self":[{"href":"https:\/\/devicenow.com\/es\/wp-json\/wp\/v2\/pages\/9080","targetHints":{"allow":["GET"]}}],"collection":[{"href":"https:\/\/devicenow.com\/es\/wp-json\/wp\/v2\/pages"}],"about":[{"href":"https:\/\/devicenow.com\/es\/wp-json\/wp\/v2\/types\/page"}],"author":[{"embeddable":true,"href":"https:\/\/devicenow.com\/es\/wp-json\/wp\/v2\/users\/1"}],"replies":[{"embeddable":true,"href":"https:\/\/devicenow.com\/es\/wp-json\/wp\/v2\/comments?post=9080"}],"version-history":[{"count":3,"href":"https:\/\/devicenow.com\/es\/wp-json\/wp\/v2\/pages\/9080\/revisions"}],"predecessor-version":[{"id":9090,"href":"https:\/\/devicenow.com\/es\/wp-json\/wp\/v2\/pages\/9080\/revisions\/9090"}],"wp:featuredmedia":[{"embeddable":true,"href":"https:\/\/devicenow.com\/es\/wp-json\/wp\/v2\/media\/8780"}],"wp:attachment":[{"href":"https:\/\/devicenow.com\/es\/wp-json\/wp\/v2\/media?parent=9080"}],"curies":[{"name":"wp","href":"https:\/\/api.w.org\/{rel}","templated":true}]}}