{"id":8875,"date":"2024-10-17T13:27:49","date_gmt":"2024-10-17T11:27:49","guid":{"rendered":"https:\/\/devicenow.com\/imprint\/"},"modified":"2025-09-24T19:47:41","modified_gmt":"2025-09-24T17:47:41","slug":"aviso-legal","status":"publish","type":"page","link":"https:\/\/devicenow.com\/es\/aviso-legal\/","title":{"rendered":"Aviso legal"},"content":{"rendered":"<div class='breakdance'><section class=\"bde-section-8875-100 bde-section\">\n  \n  \n\t\n\n\n\n<div class=\"section-container\"><h1 class=\"bde-heading-8875-101 bde-heading\">\nAviso legal\n<\/h1><div class=\"bde-rich-text-8875-102 bde-rich-text breakdance-rich-text-styles\">\n<div class=\"post-master-container\"><div class=\"entry-content\"><div id=\"\" class=\"section section--nmt\"><div class=\"grid grid--t100 grid--100-10 grid--hc grid--nmt grid--nmb\"><div class=\"grid__container\"><div class=\"grid__column\"><div class=\"area wysiwyg \"><p>devicenow GmbH es miembro del Grupo CHG-MERIDIAN. <br \/>devicenow GmbH, representada por sus Directores Generales, Sven Matthiesen y Steffen Reichmann, es el proveedor y, por tanto, el responsable de la oferta comercial y empresarial en l\u00ednea.<\/p><h2>Pie de imprenta<\/h2><p>Informaci\u00f3n conforme al \u00a7 2, apartado 1 de la Ordenanza sobre Obligaciones de Informaci\u00f3n para Proveedores de Servicios (DL-InfoV) Esta oferta en l\u00ednea es proporcionada por:<\/p><p>devicenow GmbH<\/p><p>Franz-Beer-Stra\u00dfe 111 <br \/>88250 Weingarten <br \/>Alemania<\/p><p>Correo electr\u00f3nico: info@devicenow.com <br \/>Web: www.devicenow.com<\/p><p>Tel: +49 (0)751 503696<\/p><p>Directores Generales: Sven Matthiesen, Steffen Reichmann<\/p><p>Tribunal de registro: Ulm HRB 744438<\/p><p>Delegaci\u00f3n de Hacienda: Weingarten <br \/>N\u00famero de identificaci\u00f3n fiscal: DE353347832<\/p><p>Tribunal competente: Ravensburg <br \/>Legislaci\u00f3n aplicable: Ley de la Rep\u00fablica Federal de Alemania (BRD)<\/p><h2>C\u00e1mara responsable<\/h2><p>C\u00e1mara de Industria y Comercio de Weingarten<\/p><h2>Responsable del contenido period\u00edstico-editorial<\/h2><p>Sven Matthiesen, E-Mail: sven.matthiesen@devicenow.com<\/p><h2>Responsable de la protecci\u00f3n de datos<\/h2><p>Seg\u00fan el art\u00edculo 37 del RGPD en relaci\u00f3n con el \u00a7 38, apartado 1 de la BDSG (nueva): <br \/>Deutsche Datenschutzkanzlei, E-Mail: dataprotection@devicenow.com<\/p><h2>Responsabilidad<\/h2><p>devicenow GmbH podr\u00e1, a su discreci\u00f3n y sin asumir responsabilidad alguna, modificar o interrumpir total o parcialmente esta oferta en l\u00ednea en cualquier momento y sin previo aviso. La inclusi\u00f3n de hiperv\u00ednculos a ofertas en l\u00ednea de terceros no implica que devicenow GmbH asuma la titularidad ni la responsabilidad sobre dichas ofertas o sus contenidos.<\/p><h2>copyright<\/h2><p>Todos los derechos reservados. Los textos, im\u00e1genes y gr\u00e1ficos, as\u00ed como su disposici\u00f3n en esta oferta en l\u00ednea, est\u00e1n protegidos por derechos de autor y otras leyes de protecci\u00f3n. El contenido no podr\u00e1 copiarse, difundirse ni modificarse con fines comerciales ni ponerse a disposici\u00f3n de terceros.<\/p><p>\u00a9 Copyright de las im\u00e1genes: <br \/>iStock (Getty Images Deutschland GmbH)<\/p><h2>Informaci\u00f3n sobre protecci\u00f3n de datos<\/h2><p>Puede consultar nuestra <a href=\"https:\/\/devicenow.com\/es\/politica-de-privacidad\/\">Pol\u00edtica de protecci\u00f3n de datos<\/a>.<\/p><h2>Regulaci\u00f3n sobre bater\u00edas<\/h2><p>Aviso conforme al \u00a7 12 BatterieVO:<\/p><p>devicenow GmbH est\u00e1 obligada, de acuerdo con la normativa sobre bater\u00edas, a informar lo siguiente en relaci\u00f3n con la venta de bater\u00edas o pilas recargables, o con el suministro de aparatos que las contengan:<\/p><p>Las bater\u00edas no deben desecharse con la basura dom\u00e9stica. Usted, como usuario final, tiene la obligaci\u00f3n legal de devolver las bater\u00edas usadas. Puede devolverlas gratuitamente en el punto de venta o en sus proximidades (por ejemplo, en puntos de recogida municipales o comercios autorizados). Tambi\u00e9n puede enviarlas por correo o entregarlas a su empresa instaladora.<\/p><p>Las bater\u00edas que contienen sustancias peligrosas est\u00e1n marcadas con el s\u00edmbolo de un cubo de basura tachado, junto al cual figura el nombre qu\u00edmico del contaminante:<\/p><p>Explicaci\u00f3n: Cd significa Cadmio, Pb significa plomo y Hg significa mercurio.<\/p><h2>Nota sobre la Ley General de Igualdad de Trato (LGIG)<\/h2><p>Para facilitar la lectura, en este documento no se realiza una distinci\u00f3n espec\u00edfica de g\u00e9nero. Los t\u00e9rminos utilizados se aplican, en el contexto de la igualdad de trato, a todas las personas.<\/p><\/div><\/div><\/div><\/div><\/div><\/div><\/div>\n<\/div><\/div>\n<\/section><\/div>","protected":false},"excerpt":{"rendered":"<p>Aviso legal devicenow GmbH es miembro del Grupo CHG-MERIDIAN. devicenow GmbH, representada por sus Directores Generales, Sven Matthiesen y Steffen Reichmann, es el proveedor y, por tanto, el responsable de la oferta comercial y empresarial en l\u00ednea.Pie de imprentaInformaci\u00f3n conforme al \u00a7 2, apartado 1 de la Ordenanza sobre Obligaciones de Informaci\u00f3n para Proveedores de [&hellip;]<\/p>\n","protected":false},"author":1,"featured_media":0,"parent":0,"menu_order":0,"comment_status":"closed","ping_status":"closed","template":"","meta":{"content-type":"","_breakdance_hide_in_design_set":false,"_breakdance_tags":"","footnotes":""},"class_list":["post-8875","page","type-page","status-publish","hentry"],"yoast_head":"<!-- This site is optimized with the Yoast SEO plugin v27.3 - https:\/\/yoast.com\/product\/yoast-seo-wordpress\/ -->\n<title>Aviso legal - devicenow<\/title>\n<meta name=\"description\" content=\"Legal information and contact details for devicenow GmbH, including company registration, managing directors, and data protection officer.\" \/>\n<meta name=\"robots\" content=\"index, follow, max-snippet:-1, max-image-preview:large, max-video-preview:-1\" \/>\n<link rel=\"canonical\" href=\"https:\/\/devicenow.com\/es\/aviso-legal\/\" \/>\n<meta property=\"og:locale\" content=\"es_ES\" \/>\n<meta property=\"og:type\" content=\"article\" \/>\n<meta property=\"og:title\" content=\"Aviso legal - devicenow\" \/>\n<meta property=\"og:description\" content=\"Legal information and contact details for devicenow GmbH, including company registration, managing directors, and data protection officer.\" \/>\n<meta property=\"og:url\" content=\"https:\/\/devicenow.com\/es\/aviso-legal\/\" \/>\n<meta property=\"og:site_name\" content=\"devicenow\" \/>\n<meta property=\"article:modified_time\" content=\"2025-09-24T17:47:41+00:00\" \/>\n<meta name=\"twitter:card\" content=\"summary_large_image\" \/>\n<script type=\"application\/ld+json\" class=\"yoast-schema-graph\">{\"@context\":\"https:\\\/\\\/schema.org\",\"@graph\":[{\"@type\":\"WebPage\",\"@id\":\"https:\\\/\\\/devicenow.com\\\/es\\\/aviso-legal\\\/\",\"url\":\"https:\\\/\\\/devicenow.com\\\/es\\\/aviso-legal\\\/\",\"name\":\"Aviso legal - devicenow\",\"isPartOf\":{\"@id\":\"https:\\\/\\\/devicenow.com\\\/#website\"},\"datePublished\":\"2024-10-17T11:27:49+00:00\",\"dateModified\":\"2025-09-24T17:47:41+00:00\",\"description\":\"Legal information and contact details for devicenow GmbH, including company registration, managing directors, and data protection officer.\",\"breadcrumb\":{\"@id\":\"https:\\\/\\\/devicenow.com\\\/es\\\/aviso-legal\\\/#breadcrumb\"},\"inLanguage\":\"es\",\"potentialAction\":[{\"@type\":\"ReadAction\",\"target\":[\"https:\\\/\\\/devicenow.com\\\/es\\\/aviso-legal\\\/\"]}]},{\"@type\":\"BreadcrumbList\",\"@id\":\"https:\\\/\\\/devicenow.com\\\/es\\\/aviso-legal\\\/#breadcrumb\",\"itemListElement\":[{\"@type\":\"ListItem\",\"position\":1,\"name\":\"Strona g\u0142\u00f3wna\",\"item\":\"https:\\\/\\\/devicenow.com\\\/es\\\/\"},{\"@type\":\"ListItem\",\"position\":2,\"name\":\"Aviso legal\"}]},{\"@type\":\"WebSite\",\"@id\":\"https:\\\/\\\/devicenow.com\\\/#website\",\"url\":\"https:\\\/\\\/devicenow.com\\\/\",\"name\":\"devicenow\",\"description\":\"\",\"potentialAction\":[{\"@type\":\"SearchAction\",\"target\":{\"@type\":\"EntryPoint\",\"urlTemplate\":\"https:\\\/\\\/devicenow.com\\\/?s={search_term_string}\"},\"query-input\":{\"@type\":\"PropertyValueSpecification\",\"valueRequired\":true,\"valueName\":\"search_term_string\"}}],\"inLanguage\":\"es\"}]}<\/script>\n<!-- \/ Yoast SEO plugin. -->","yoast_head_json":{"title":"Aviso legal - devicenow","description":"Legal information and contact details for devicenow GmbH, including company registration, managing directors, and data protection officer.","robots":{"index":"index","follow":"follow","max-snippet":"max-snippet:-1","max-image-preview":"max-image-preview:large","max-video-preview":"max-video-preview:-1"},"canonical":"https:\/\/devicenow.com\/es\/aviso-legal\/","og_locale":"es_ES","og_type":"article","og_title":"Aviso legal - devicenow","og_description":"Legal information and contact details for devicenow GmbH, including company registration, managing directors, and data protection officer.","og_url":"https:\/\/devicenow.com\/es\/aviso-legal\/","og_site_name":"devicenow","article_modified_time":"2025-09-24T17:47:41+00:00","twitter_card":"summary_large_image","schema":{"@context":"https:\/\/schema.org","@graph":[{"@type":"WebPage","@id":"https:\/\/devicenow.com\/es\/aviso-legal\/","url":"https:\/\/devicenow.com\/es\/aviso-legal\/","name":"Aviso legal - devicenow","isPartOf":{"@id":"https:\/\/devicenow.com\/#website"},"datePublished":"2024-10-17T11:27:49+00:00","dateModified":"2025-09-24T17:47:41+00:00","description":"Legal information and contact details for devicenow GmbH, including company registration, managing directors, and data protection officer.","breadcrumb":{"@id":"https:\/\/devicenow.com\/es\/aviso-legal\/#breadcrumb"},"inLanguage":"es","potentialAction":[{"@type":"ReadAction","target":["https:\/\/devicenow.com\/es\/aviso-legal\/"]}]},{"@type":"BreadcrumbList","@id":"https:\/\/devicenow.com\/es\/aviso-legal\/#breadcrumb","itemListElement":[{"@type":"ListItem","position":1,"name":"Strona g\u0142\u00f3wna","item":"https:\/\/devicenow.com\/es\/"},{"@type":"ListItem","position":2,"name":"Aviso legal"}]},{"@type":"WebSite","@id":"https:\/\/devicenow.com\/#website","url":"https:\/\/devicenow.com\/","name":"devicenow","description":"","potentialAction":[{"@type":"SearchAction","target":{"@type":"EntryPoint","urlTemplate":"https:\/\/devicenow.com\/?s={search_term_string}"},"query-input":{"@type":"PropertyValueSpecification","valueRequired":true,"valueName":"search_term_string"}}],"inLanguage":"es"}]}},"meta_box":{"description":"","descriptionde":"","descriptionnl":"","descriptiontr":"","descriptionit":"","descriptionfr":"","descriptiongr":"","descriptionpt":""},"_links":{"self":[{"href":"https:\/\/devicenow.com\/es\/wp-json\/wp\/v2\/pages\/8875","targetHints":{"allow":["GET"]}}],"collection":[{"href":"https:\/\/devicenow.com\/es\/wp-json\/wp\/v2\/pages"}],"about":[{"href":"https:\/\/devicenow.com\/es\/wp-json\/wp\/v2\/types\/page"}],"author":[{"embeddable":true,"href":"https:\/\/devicenow.com\/es\/wp-json\/wp\/v2\/users\/1"}],"replies":[{"embeddable":true,"href":"https:\/\/devicenow.com\/es\/wp-json\/wp\/v2\/comments?post=8875"}],"version-history":[{"count":4,"href":"https:\/\/devicenow.com\/es\/wp-json\/wp\/v2\/pages\/8875\/revisions"}],"predecessor-version":[{"id":8882,"href":"https:\/\/devicenow.com\/es\/wp-json\/wp\/v2\/pages\/8875\/revisions\/8882"}],"wp:attachment":[{"href":"https:\/\/devicenow.com\/es\/wp-json\/wp\/v2\/media?parent=8875"}],"curies":[{"name":"wp","href":"https:\/\/api.w.org\/{rel}","templated":true}]}}