{"id":8766,"date":"2024-10-14T15:54:18","date_gmt":"2024-10-14T13:54:18","guid":{"rendered":"https:\/\/devicenow.com\/get-started-with-daas\/"},"modified":"2026-03-16T17:19:05","modified_gmt":"2026-03-16T16:19:05","slug":"empiece-con-daas","status":"publish","type":"page","link":"https:\/\/devicenow.com\/es\/empiece-con-daas\/","title":{"rendered":"Empiece con DaaS"},"content":{"rendered":"<div class='breakdance'><section class=\"bde-section-8766-100 bde-section\">\n  \n  \n\t\n\n\n\n        <div class=\"section-shape-divider-wrapper section-shape-divider-wrapper--1\">\n          <span class=\"section-shape-divider\">\n                      <svg\n                xmlns=\"http:\/\/www.w3.org\/2000\/svg\"\n                viewBox=\"0 0 1440 320\"\n                preserveAspectRatio=\"none\"\n            >\n              <path fill=\"currentColor\" fill-opacity=\"1\" d=\"M0,160L120,181.3C240,203,480,245,720,224C960,203,1200,117,1320,74.7L1440,32L1440,320L1320,320C1200,320,960,320,720,320C480,320,240,320,120,320L0,320Z\"><\/path>\n            <\/svg>\n                    <\/span>\n      <\/div>\n  <div class=\"section-container\"><div class=\"bde-simple-image-8766-101 bde-simple-image\">\n  \n\n\n\n\n\n  \n    \n      <img decoding=\"async\" class=\"breakdance-image-object\" src=\"https:\/\/devicenow.com\/wp-content\/uploads\/devicenow-circle-big.svg\" width=\"\" height=\"\">\n\n      \n    \n  \n<\/div><div class=\"bde-div-8766-103 bde-div\">\n  \n  \n\t\n\n\n\n<div class=\"bde-columns-8766-104 bde-columns\"><div class=\"bde-column-8766-105 bde-column\">\n  \n  \n\t\n\n\n\n<h1 class=\"bde-heading-8766-121 bde-heading\">\nDevice as a Service (DaaS) para empresas en m\u00e1s de 190 pa\u00edses\n<\/h1><h2 class=\"bde-heading-8766-120 bde-heading\">\nEmpiece con DaaS\n<\/h2><div class=\"bde-rich-text-8766-115 bde-rich-text breakdance-rich-text-styles\">\n<ul><li>Transfiera su inversi\u00f3n de CapEx a OpEx para ganar flexibilidad financiera.<\/li><li>Deje en nuestras manos todos los servicios del ciclo de vida para que usted pueda centrarse en su actividad principal.<\/li><li>Disfrute de operaciones fluidas con nuestro servicio de sustituci\u00f3n al siguiente d\u00eda laborable, garantizando una eficiencia continua.<\/li><li>Mantenga su tranquilidad gracias a nuestros servicios certificados de borrado de datos al dar de baja a empleados.<\/li><li>Adopte un enfoque de econom\u00eda circular, sustituyendo el modelo lineal por pr\u00e1cticas sostenibles.<\/li><\/ul><p>Cu\u00e9ntenos m\u00e1s sobre sus necesidades de TI y obtenga nuestros precios. P\u00f3ngase en contacto con nosotros y le responderemos de inmediato.<\/p>\n<\/div>\n<\/div><div class=\"bde-column-8766-113 bde-column\">\n  \n  \n\t\n\n\n\n<div class=\"bde-div-8766-116 bde-div custom-form\">\n  \n  \n\t\n\n\n\n<div class=\"bde-code-block-8766-119 bde-code-block\">\n\n  <script charset=\"utf-8\" type=\"text\/javascript\" src=\"\/\/js-eu1.hsforms.net\/forms\/embed\/v2.js\"><\/script>\n<script>\n  hbspt.forms.create({\n    portalId: \"25800042\",\n    formId: \"187863c3-e117-4f60-82a1-98309162bea5\",\n    region: \"eu1\"\n  });\n<\/script>\n\n\n<\/div>\n<\/div>\n<\/div><\/div>\n<\/div><\/div>\n<\/section><\/div>","protected":false},"excerpt":{"rendered":"<p>Device as a Service (DaaS) para empresas en m\u00e1s de 190 pa\u00edses Empiece con DaaS Transfiera su inversi\u00f3n de CapEx a OpEx para ganar flexibilidad financiera.Deje en nuestras manos todos los servicios del ciclo de vida para que usted pueda centrarse en su actividad principal.Disfrute de operaciones fluidas con nuestro servicio de sustituci\u00f3n al siguiente [&hellip;]<\/p>\n","protected":false},"author":1,"featured_media":8767,"parent":0,"menu_order":0,"comment_status":"closed","ping_status":"closed","template":"","meta":{"content-type":"","_breakdance_hide_in_design_set":false,"_breakdance_tags":"","footnotes":""},"class_list":["post-8766","page","type-page","status-publish","has-post-thumbnail","hentry"],"yoast_head":"<!-- This site is optimized with the Yoast SEO plugin v27.3 - https:\/\/yoast.com\/product\/yoast-seo-wordpress\/ -->\n<title>Get started with DaaS - devicenow<\/title>\n<meta name=\"description\" content=\"Tell us more about your IT needs and get our pricing. Contact us, and we&#039;ll get back to you right away.\" \/>\n<meta name=\"robots\" content=\"index, follow, max-snippet:-1, max-image-preview:large, max-video-preview:-1\" \/>\n<link rel=\"canonical\" href=\"https:\/\/devicenow.com\/es\/empiece-con-daas\/\" \/>\n<meta property=\"og:locale\" content=\"es_ES\" \/>\n<meta property=\"og:type\" content=\"article\" \/>\n<meta property=\"og:title\" content=\"Get started with DaaS - devicenow\" \/>\n<meta property=\"og:description\" content=\"Tell us more about your IT needs and get our pricing. Contact us, and we&#039;ll get back to you right away.\" \/>\n<meta property=\"og:url\" content=\"https:\/\/devicenow.com\/es\/empiece-con-daas\/\" \/>\n<meta property=\"og:site_name\" content=\"devicenow\" \/>\n<meta property=\"article:modified_time\" content=\"2026-03-16T16:19:05+00:00\" \/>\n<meta property=\"og:image\" content=\"https:\/\/devicenow.com\/wp-content\/uploads\/dn_phones_layer_full.png\" \/>\n\t<meta property=\"og:image:width\" content=\"3000\" \/>\n\t<meta property=\"og:image:height\" content=\"2000\" \/>\n\t<meta property=\"og:image:type\" content=\"image\/png\" \/>\n<meta name=\"twitter:card\" content=\"summary_large_image\" \/>\n<script type=\"application\/ld+json\" class=\"yoast-schema-graph\">{\"@context\":\"https:\\\/\\\/schema.org\",\"@graph\":[{\"@type\":\"WebPage\",\"@id\":\"https:\\\/\\\/devicenow.com\\\/es\\\/empiece-con-daas\\\/\",\"url\":\"https:\\\/\\\/devicenow.com\\\/es\\\/empiece-con-daas\\\/\",\"name\":\"Get started with DaaS - devicenow\",\"isPartOf\":{\"@id\":\"https:\\\/\\\/devicenow.com\\\/#website\"},\"primaryImageOfPage\":{\"@id\":\"https:\\\/\\\/devicenow.com\\\/es\\\/empiece-con-daas\\\/#primaryimage\"},\"image\":{\"@id\":\"https:\\\/\\\/devicenow.com\\\/es\\\/empiece-con-daas\\\/#primaryimage\"},\"thumbnailUrl\":\"https:\\\/\\\/devicenow.com\\\/wp-content\\\/uploads\\\/dn_phones_layer_full.png\",\"datePublished\":\"2024-10-14T13:54:18+00:00\",\"dateModified\":\"2026-03-16T16:19:05+00:00\",\"description\":\"Tell us more about your IT needs and get our pricing. Contact us, and we'll get back to you right away.\",\"breadcrumb\":{\"@id\":\"https:\\\/\\\/devicenow.com\\\/es\\\/empiece-con-daas\\\/#breadcrumb\"},\"inLanguage\":\"es\",\"potentialAction\":[{\"@type\":\"ReadAction\",\"target\":[\"https:\\\/\\\/devicenow.com\\\/es\\\/empiece-con-daas\\\/\"]}]},{\"@type\":\"ImageObject\",\"inLanguage\":\"es\",\"@id\":\"https:\\\/\\\/devicenow.com\\\/es\\\/empiece-con-daas\\\/#primaryimage\",\"url\":\"https:\\\/\\\/devicenow.com\\\/wp-content\\\/uploads\\\/dn_phones_layer_full.png\",\"contentUrl\":\"https:\\\/\\\/devicenow.com\\\/wp-content\\\/uploads\\\/dn_phones_layer_full.png\",\"width\":3000,\"height\":2000,\"caption\":\"dn_phones_layer_full\"},{\"@type\":\"BreadcrumbList\",\"@id\":\"https:\\\/\\\/devicenow.com\\\/es\\\/empiece-con-daas\\\/#breadcrumb\",\"itemListElement\":[{\"@type\":\"ListItem\",\"position\":1,\"name\":\"Strona g\u0142\u00f3wna\",\"item\":\"https:\\\/\\\/devicenow.com\\\/es\\\/\"},{\"@type\":\"ListItem\",\"position\":2,\"name\":\"Empiece con DaaS\"}]},{\"@type\":\"WebSite\",\"@id\":\"https:\\\/\\\/devicenow.com\\\/#website\",\"url\":\"https:\\\/\\\/devicenow.com\\\/\",\"name\":\"devicenow\",\"description\":\"\",\"potentialAction\":[{\"@type\":\"SearchAction\",\"target\":{\"@type\":\"EntryPoint\",\"urlTemplate\":\"https:\\\/\\\/devicenow.com\\\/?s={search_term_string}\"},\"query-input\":{\"@type\":\"PropertyValueSpecification\",\"valueRequired\":true,\"valueName\":\"search_term_string\"}}],\"inLanguage\":\"es\"}]}<\/script>\n<!-- \/ Yoast SEO plugin. -->","yoast_head_json":{"title":"Get started with DaaS - devicenow","description":"Tell us more about your IT needs and get our pricing. Contact us, and we'll get back to you right away.","robots":{"index":"index","follow":"follow","max-snippet":"max-snippet:-1","max-image-preview":"max-image-preview:large","max-video-preview":"max-video-preview:-1"},"canonical":"https:\/\/devicenow.com\/es\/empiece-con-daas\/","og_locale":"es_ES","og_type":"article","og_title":"Get started with DaaS - devicenow","og_description":"Tell us more about your IT needs and get our pricing. Contact us, and we'll get back to you right away.","og_url":"https:\/\/devicenow.com\/es\/empiece-con-daas\/","og_site_name":"devicenow","article_modified_time":"2026-03-16T16:19:05+00:00","og_image":[{"width":3000,"height":2000,"url":"https:\/\/devicenow.com\/wp-content\/uploads\/dn_phones_layer_full.png","type":"image\/png"}],"twitter_card":"summary_large_image","schema":{"@context":"https:\/\/schema.org","@graph":[{"@type":"WebPage","@id":"https:\/\/devicenow.com\/es\/empiece-con-daas\/","url":"https:\/\/devicenow.com\/es\/empiece-con-daas\/","name":"Get started with DaaS - devicenow","isPartOf":{"@id":"https:\/\/devicenow.com\/#website"},"primaryImageOfPage":{"@id":"https:\/\/devicenow.com\/es\/empiece-con-daas\/#primaryimage"},"image":{"@id":"https:\/\/devicenow.com\/es\/empiece-con-daas\/#primaryimage"},"thumbnailUrl":"https:\/\/devicenow.com\/wp-content\/uploads\/dn_phones_layer_full.png","datePublished":"2024-10-14T13:54:18+00:00","dateModified":"2026-03-16T16:19:05+00:00","description":"Tell us more about your IT needs and get our pricing. Contact us, and we'll get back to you right away.","breadcrumb":{"@id":"https:\/\/devicenow.com\/es\/empiece-con-daas\/#breadcrumb"},"inLanguage":"es","potentialAction":[{"@type":"ReadAction","target":["https:\/\/devicenow.com\/es\/empiece-con-daas\/"]}]},{"@type":"ImageObject","inLanguage":"es","@id":"https:\/\/devicenow.com\/es\/empiece-con-daas\/#primaryimage","url":"https:\/\/devicenow.com\/wp-content\/uploads\/dn_phones_layer_full.png","contentUrl":"https:\/\/devicenow.com\/wp-content\/uploads\/dn_phones_layer_full.png","width":3000,"height":2000,"caption":"dn_phones_layer_full"},{"@type":"BreadcrumbList","@id":"https:\/\/devicenow.com\/es\/empiece-con-daas\/#breadcrumb","itemListElement":[{"@type":"ListItem","position":1,"name":"Strona g\u0142\u00f3wna","item":"https:\/\/devicenow.com\/es\/"},{"@type":"ListItem","position":2,"name":"Empiece con DaaS"}]},{"@type":"WebSite","@id":"https:\/\/devicenow.com\/#website","url":"https:\/\/devicenow.com\/","name":"devicenow","description":"","potentialAction":[{"@type":"SearchAction","target":{"@type":"EntryPoint","urlTemplate":"https:\/\/devicenow.com\/?s={search_term_string}"},"query-input":{"@type":"PropertyValueSpecification","valueRequired":true,"valueName":"search_term_string"}}],"inLanguage":"es"}]}},"meta_box":{"description":"","descriptionde":"","descriptionnl":"","descriptiontr":"","descriptionit":"","descriptionfr":"","descriptiongr":"","descriptionpt":""},"_links":{"self":[{"href":"https:\/\/devicenow.com\/es\/wp-json\/wp\/v2\/pages\/8766","targetHints":{"allow":["GET"]}}],"collection":[{"href":"https:\/\/devicenow.com\/es\/wp-json\/wp\/v2\/pages"}],"about":[{"href":"https:\/\/devicenow.com\/es\/wp-json\/wp\/v2\/types\/page"}],"author":[{"embeddable":true,"href":"https:\/\/devicenow.com\/es\/wp-json\/wp\/v2\/users\/1"}],"replies":[{"embeddable":true,"href":"https:\/\/devicenow.com\/es\/wp-json\/wp\/v2\/comments?post=8766"}],"version-history":[{"count":4,"href":"https:\/\/devicenow.com\/es\/wp-json\/wp\/v2\/pages\/8766\/revisions"}],"predecessor-version":[{"id":9138,"href":"https:\/\/devicenow.com\/es\/wp-json\/wp\/v2\/pages\/8766\/revisions\/9138"}],"wp:featuredmedia":[{"embeddable":true,"href":"https:\/\/devicenow.com\/es\/wp-json\/wp\/v2\/media\/8767"}],"wp:attachment":[{"href":"https:\/\/devicenow.com\/es\/wp-json\/wp\/v2\/media?parent=8766"}],"curies":[{"name":"wp","href":"https:\/\/api.w.org\/{rel}","templated":true}]}}