{"id":22120,"date":"2025-03-04T10:58:16","date_gmt":"2025-03-04T09:58:16","guid":{"rendered":"https:\/\/devicenow.com\/?page_id=22120"},"modified":"2026-04-30T10:33:49","modified_gmt":"2026-04-30T08:33:49","slug":"nuestros-compromisos","status":"publish","type":"page","link":"https:\/\/devicenow.com\/es\/nuestros-compromisos\/","title":{"rendered":"Nuestros compromisos"},"content":{"rendered":"<div class='breakdance'><section class=\"bde-section-22120-100 bde-section\">\n              \n  \n  \n\t\n\n  <div class=\"section-background-overlay\"><\/div>\n\n\n        <div class=\"section-shape-divider-wrapper section-shape-divider-wrapper--1\">\n          <span class=\"section-shape-divider\">\n                      <svg\n                xmlns=\"http:\/\/www.w3.org\/2000\/svg\"\n                viewBox=\"0 0 1440 320\"\n                preserveAspectRatio=\"none\"\n            >\n              <path fill=\"currentColor\" fill-opacity=\"1\" d=\"M0,128L80,154.7C160,181,320,235,480,261.3C640,288,800,288,960,240C1120,192,1280,96,1360,48L1440,0L1440,320L1360,320C1280,320,1120,320,960,320C800,320,640,320,480,320C320,320,160,320,80,320L0,320Z\"><\/path>\n            <\/svg>\n                    <\/span>\n      <\/div>\n  <div class=\"section-container\"><div class=\"bde-div-22120-101 bde-div\">\n  \n  \n\t\n\n\n\n<div class=\"bde-columns-22120-102 bde-columns\"><div class=\"bde-column-22120-103 bde-column\">\n  \n  \n\t\n\n\n\n<h1 class=\"bde-heading-22120-104 bde-heading\">\nNuestros compromisos\n<\/h1><div class=\"bde-text-22120-105 bde-text\">\nOfrecemos servicios de excelencia a clientes de todo el mundo y mejoramos continuamente mediante objetivos cuantificables. Al mismo tiempo, mantenemos unos elevados est\u00e1ndares sociales, \u00e9ticos y medioambientales para generar un impacto positivo en nuestros clientes, las comunidades y el planeta.\n<\/div>\n<\/div><div class=\"bde-column-22120-106 bde-column\">\n  \n  \n\t\n\n\n\n<img decoding=\"async\" class=\"bde-image2-22120-107 bde-image2\" src=\"https:\/\/devicenow.com\/wp-content\/uploads\/backgrounds-8.jpg\" loading=\"lazy\" srcset=\"https:\/\/devicenow.com\/wp-content\/uploads\/backgrounds-8.jpg 2000w, https:\/\/devicenow.com\/wp-content\/uploads\/backgrounds-8-448x299.jpg 448w, https:\/\/devicenow.com\/wp-content\/uploads\/backgrounds-8-1024x682.jpg 1024w, https:\/\/devicenow.com\/wp-content\/uploads\/backgrounds-8-150x100.jpg 150w, https:\/\/devicenow.com\/wp-content\/uploads\/backgrounds-8-768x512.jpg 768w, https:\/\/devicenow.com\/wp-content\/uploads\/backgrounds-8-1536x1024.jpg 1536w\" sizes=\"(max-width: 2000px) 100vw, 2000px\">\n<\/div><\/div>\n<\/div><\/div>\n<\/section><section class=\"bde-section-22120-108 bde-section\">\n              \n  \n  \n\t\n\n  <div class=\"section-background-overlay\"><\/div>\n\n\n        <div class=\"section-shape-divider-wrapper section-shape-divider-wrapper--1\">\n          <span class=\"section-shape-divider\">\n                      <svg\n                xmlns=\"http:\/\/www.w3.org\/2000\/svg\"\n                viewBox=\"0 0 1440 320\"\n                preserveAspectRatio=\"none\"\n            >\n              <path fill=\"currentColor\" fill-opacity=\"1\" d=\"M0,128L80,154.7C160,181,320,235,480,261.3C640,288,800,288,960,240C1120,192,1280,96,1360,48L1440,0L1440,320L1360,320C1280,320,1120,320,960,320C800,320,640,320,480,320C320,320,160,320,80,320L0,320Z\"><\/path>\n            <\/svg>\n                    <\/span>\n      <\/div>\n  <div class=\"section-container\"><div class=\"bde-div-22120-109 bde-div\">\n  \n  \n\t\n\n\n\n<div class=\"bde-columns-22120-110 bde-columns\"><div class=\"bde-column-22120-111 bde-column\">\n  \n  \n\t\n\n\n\n<h2 class=\"bde-heading-22120-112 bde-heading\" data-entrance=\"fade\">\nResponsabilidad social, \u00e9tica y medioambiental\n<\/h2><div class=\"bde-text-22120-113 bde-text\">\nEn devicenow, nos comprometemos a respetar los m\u00e1s altos est\u00e1ndares de responsabilidad social, \u00e9tica y medioambiental en todas nuestras operaciones a nivel mundial. Nuestra pol\u00edtica se ajusta a la legislaci\u00f3n local e internacional y se basa en el C\u00f3digo de Conducta de la Responsible Business Alliance, la Declaraci\u00f3n de la OIT relativa a los principios y derechos fundamentales en el trabajo y la Declaraci\u00f3n Universal de Derechos Humanos de las Naciones Unidas. <br><br>Nos comprometemos a respetar las normas laborales garantizando que todo empleo sea voluntario y est\u00e9 libre de trabajo forzoso y de menores. Ofrecemos salarios justos y horarios de trabajo razonables, aplicando una pol\u00edtica de tolerancia cero frente a la discriminaci\u00f3n y el acoso. Nuestro objetivo es crear un entorno inclusivo en el que todos los empleados puedan prosperar.<br><br>Damos prioridad a la salud y la seguridad manteniendo condiciones de trabajo seguras y proporcionando formaci\u00f3n continua en materia de seguridad para capacitar a los empleados en la prevenci\u00f3n de accidentes y la respuesta ante emergencias. El acceso a instalaciones sanitarias y de salud adecuadas tambi\u00e9n es esencial para mantener el bienestar de los empleados en el lugar de trabajo.<br><br>Nuestro compromiso con la responsabilidad medioambiental implica minimizar el impacto mediante el cumplimiento de los requisitos de los permisos y la reducci\u00f3n activa de los residuos. Nos dedicamos a la conservaci\u00f3n de los recursos naturales, lo que refleja nuestro compromiso con la sostenibilidad para las generaciones futuras.<br><br>La \u00e9tica es un pilar fundamental de nuestras operaciones. Hacemos hincapi\u00e9 en la integridad en todas nuestras relaciones comerciales y cumplimos con la legislaci\u00f3n anticorrupci\u00f3n y las pr\u00e1cticas de competencia leal. La transparencia y la rendici\u00f3n de cuentas en nuestros registros son primordiales, lo que refuerza nuestro compromiso con las pr\u00e1cticas \u00e9ticas y fomenta la confianza.<br><br>Fomentamos una cultura de cumplimiento y mejora continua en nuestras normas sociales, \u00e9ticas y medioambientales. Cualquier incumplimiento de nuestras pol\u00edticas dar\u00e1 lugar a medidas disciplinarias, lo que garantiza el respeto de estos principios. Si tiene alguna pregunta, p\u00f3ngase en contacto con nosotros.\n<\/div><div class=\"bde-div-22120-114 bde-div\">\n  \n  \n\t\n\n\n\n<a class=\"bde-container-link-22120-115 bde-container-link breakdance-link\" href=\"mailto:quality@devicenow.com\" target=\"_self\" data-type=\"url\">\n  \n  \n\t\n\n\n\n<div class=\"bde-text-22120-116 bde-text text-color-hover\">\nP\u00f3ngase en contacto con nuestro equipo de calidad\n<\/div><div class=\"bde-icon-22120-117 bde-icon text-color-hover\">\n\n    \n            <div class=\"bde-icon-icon breakdance-icon-atom\" >\n    \n                    <svg xmlns=\"http:\/\/www.w3.org\/2000\/svg\" viewBox=\"0 0 448 512\"><!--! Font Awesome Free 6.5.1 by @fontawesome - https:\/\/fontawesome.com License - https:\/\/fontawesome.com\/license\/free (Icons: CC BY 4.0, Fonts: SIL OFL 1.1, Code: MIT License) Copyright 2023 Fonticons, Inc. --><path d=\"M438.6 278.6c12.5-12.5 12.5-32.8 0-45.3l-160-160c-12.5-12.5-32.8-12.5-45.3 0s-12.5 32.8 0 45.3L338.8 224 32 224c-17.7 0-32 14.3-32 32s14.3 32 32 32l306.7 0L233.4 393.4c-12.5 12.5-12.5 32.8 0 45.3s32.8 12.5 45.3 0l160-160z\"\/><\/svg>\n        \n        \n        \n            <\/div>\n    \n\n\n<\/div>\n\n<\/a>\n<\/div>\n<\/div><\/div>\n<\/div><\/div>\n<\/section><section class=\"bde-section-22120-118 bde-section\">\n  \n  \n\t\n\n\n\n        <div class=\"section-shape-divider-wrapper section-shape-divider-wrapper--1\">\n          <span class=\"section-shape-divider\">\n                      <svg\n                xmlns=\"http:\/\/www.w3.org\/2000\/svg\"\n                viewBox=\"0 0 1440 320\"\n                preserveAspectRatio=\"none\"\n            >\n              <path fill=\"currentColor\" fill-opacity=\"1\" d=\"M0,160L120,181.3C240,203,480,245,720,224C960,203,1200,117,1320,74.7L1440,32L1440,320L1320,320C1200,320,960,320,720,320C480,320,240,320,120,320L0,320Z\"><\/path>\n            <\/svg>\n                    <\/span>\n      <\/div>\n        <div class=\"section-shape-divider-wrapper section-shape-divider-wrapper--2\">\n          <span class=\"section-shape-divider\">\n                      <svg\n                xmlns=\"http:\/\/www.w3.org\/2000\/svg\"\n                viewBox=\"0 0 1440 320\"\n                preserveAspectRatio=\"none\"\n            >\n              <path fill=\"currentColor\" fill-opacity=\"1\" d=\"M0,160L120,181.3C240,203,480,245,720,224C960,203,1200,117,1320,74.7L1440,32L1440,320L1320,320C1200,320,960,320,720,320C480,320,240,320,120,320L0,320Z\"><\/path>\n            <\/svg>\n                    <\/span>\n      <\/div>\n  <div class=\"section-container\"><div class=\"bde-div-22120-119 bde-div\">\n  \n  \n\t\n\n\n\n<div class=\"bde-columns-22120-120 bde-columns\"><div class=\"bde-column-22120-121 bde-column\">\n  \n  \n\t\n\n\n\n<h2 class=\"bde-heading-22120-122 bde-heading\">\ndevicenow and United Nations Global Compact \n<\/h2><div class=\"bde-text-22120-123 bde-text\">\nApoyamos firmemente la iniciativa de las Naciones Unidas para fomentar una econom\u00eda global justa y sostenible. El Pacto Mundial de las Naciones Unidas (UNGC) es la iniciativa m\u00e1s grande y significativa a nivel mundial en materia de gesti\u00f3n empresarial responsable y sostenible.<br><br>Como participantes, nos comprometemos a alinear nuestras acciones con los principios del Pacto Mundial de las Naciones Unidas, promoviendo una cultura de integridad y sostenibilidad empresarial. Reconocemos nuestras responsabilidades fundamentales en materia de derechos humanos, trabajo, medio ambiente y lucha contra la corrupci\u00f3n. Al sumarnos a esta iniciativa, tenemos una valiosa oportunidad de contribuir a un futuro mejor para todos.<br>\n<\/div><div class=\"bde-div-22120-124 bde-div\">\n  \n  \n\t\n\n\n\n<a class=\"bde-container-link-22120-125 bde-container-link breakdance-link\" href=\"www.unglobalcompact.org\" target=\"_self\" data-type=\"url\">\n  \n  \n\t\n\n\n\n<div class=\"bde-text-22120-126 bde-text text-color-hover\">\nM\u00e1s informaci\u00f3n\n<\/div><div class=\"bde-icon-22120-127 bde-icon text-color-hover\">\n\n    \n            <div class=\"bde-icon-icon breakdance-icon-atom\" >\n    \n                    <svg xmlns=\"http:\/\/www.w3.org\/2000\/svg\" viewBox=\"0 0 448 512\"><!--! Font Awesome Free 6.5.1 by @fontawesome - https:\/\/fontawesome.com License - https:\/\/fontawesome.com\/license\/free (Icons: CC BY 4.0, Fonts: SIL OFL 1.1, Code: MIT License) Copyright 2023 Fonticons, Inc. --><path d=\"M438.6 278.6c12.5-12.5 12.5-32.8 0-45.3l-160-160c-12.5-12.5-32.8-12.5-45.3 0s-12.5 32.8 0 45.3L338.8 224 32 224c-17.7 0-32 14.3-32 32s14.3 32 32 32l306.7 0L233.4 393.4c-12.5 12.5-12.5 32.8 0 45.3s32.8 12.5 45.3 0l160-160z\"\/><\/svg>\n        \n        \n        \n            <\/div>\n    \n\n\n<\/div>\n\n<\/a>\n<\/div>\n<\/div><div class=\"bde-column-22120-128 bde-column\">\n  \n  \n\t\n\n\n\n<div class=\"bde-simple-image-22120-129 bde-simple-image light\" data-entrance=\"fade\">\n  \n\n\n\n\n\n  \n    \n      <img decoding=\"async\" class=\"breakdance-image-object\" src=\"https:\/\/devicenow.com\/wp-content\/uploads\/un-global.png\" width=\"387\" height=\"399\" srcset=\"https:\/\/devicenow.com\/wp-content\/uploads\/un-global.png 387w, https:\/\/devicenow.com\/wp-content\/uploads\/un-global-150x155.png 150w\" sizes=\"auto, (max-width: 387px) 100vw, 387px\" loading=\"lazy\">\n\n      \n    \n  \n<\/div><div class=\"bde-simple-image-22120-130 bde-simple-image dark\" data-entrance=\"fade\">\n  \n\n\n\n\n\n  \n    \n      <img decoding=\"async\" class=\"breakdance-image-object\" src=\"https:\/\/devicenow.com\/wp-content\/uploads\/un-global-black.webp\" width=\"387\" height=\"399\" srcset=\"https:\/\/devicenow.com\/wp-content\/uploads\/un-global-black.webp 387w, https:\/\/devicenow.com\/wp-content\/uploads\/un-global-black-150x155.webp 150w\" sizes=\"auto, (max-width: 387px) 100vw, 387px\" loading=\"lazy\">\n\n      \n    \n  \n<\/div>\n<\/div><\/div>\n<\/div><\/div>\n<\/section><section class=\"bde-section-22120-131 bde-section\">\n  \n  \n\t\n\n\n\n<div class=\"section-container\"><div class=\"bde-div-22120-132 bde-div\">\n  \n  \n\t\n\n\n\n<div class=\"bde-columns-22120-133 bde-columns\"><div class=\"bde-column-22120-134 bde-column\">\n  \n  \n\t\n\n\n\n<div class=\"bde-simple-image-22120-135 bde-simple-image\" data-entrance=\"fade\">\n  \n\n\n\n\n\n  \n    \n      <img loading=\"lazy\" decoding=\"async\" class=\"breakdance-image-object\" src=\"https:\/\/devicenow.com\/wp-content\/uploads\/2025-ecovadis-platnium-badge.png\" width=\"400\" height=\"400\" srcset=\"https:\/\/devicenow.com\/wp-content\/uploads\/2025-ecovadis-platnium-badge.png 400w, https:\/\/devicenow.com\/wp-content\/uploads\/2025-ecovadis-platnium-badge-150x150.png 150w\" sizes=\"auto, (max-width: 400px) 100vw, 400px\">\n\n      \n    \n  \n<\/div>\n<\/div><div class=\"bde-column-22120-136 bde-column\">\n  \n  \n\t\n\n\n\n<h2 class=\"bde-heading-22120-137 bde-heading\">\nEcoVadis\n<\/h2><div class=\"bde-text-22120-138 bde-text\">\nComo parte del Grupo CHG-MERIDIAN, hemos obtenido la calificaci\u00f3n \u00abPlatinum\u00bb de EcoVadis, lo que nos sit\u00faa entre el 1 % de las mejores empresas de entre m\u00e1s de 130 000 empresas de todo el mundo.\n<\/div><div class=\"bde-text-22120-139 bde-text\">\nLa sostenibilidad es el eje central de nuestra actividad; nos comprometemos a reducir al m\u00ednimo nuestro impacto medioambiental, fomentar pr\u00e1cticas \u00e9ticas y garantizar un abastecimiento responsable.\n<\/div><div class=\"bde-div-22120-140 bde-div\">\n  \n  \n\t\n\n\n\n<a class=\"bde-container-link-22120-141 bde-container-link breakdance-link\" href=\"https:\/\/devicenow.com\/es\/sostenibilidad\/\" target=\"_self\" data-type=\"url\">\n  \n  \n\t\n\n\n\n<div class=\"bde-text-22120-142 bde-text text-color-hover\">\nM\u00e1s informaci\u00f3n\n<\/div><div class=\"bde-icon-22120-143 bde-icon text-color-hover\">\n\n    \n            <div class=\"bde-icon-icon breakdance-icon-atom\" >\n    \n                    <svg xmlns=\"http:\/\/www.w3.org\/2000\/svg\" viewBox=\"0 0 448 512\"><!--! Font Awesome Free 6.5.1 by @fontawesome - https:\/\/fontawesome.com License - https:\/\/fontawesome.com\/license\/free (Icons: CC BY 4.0, Fonts: SIL OFL 1.1, Code: MIT License) Copyright 2023 Fonticons, Inc. --><path d=\"M438.6 278.6c12.5-12.5 12.5-32.8 0-45.3l-160-160c-12.5-12.5-32.8-12.5-45.3 0s-12.5 32.8 0 45.3L338.8 224 32 224c-17.7 0-32 14.3-32 32s14.3 32 32 32l306.7 0L233.4 393.4c-12.5 12.5-12.5 32.8 0 45.3s32.8 12.5 45.3 0l160-160z\"\/><\/svg>\n        \n        \n        \n            <\/div>\n    \n\n\n<\/div>\n\n<\/a>\n<\/div>\n<\/div><\/div>\n<\/div><\/div>\n<\/section><section class=\"bde-section-22120-144 bde-section\">\n              \n  \n  \n\t\n\n\n\n<div class=\"section-container\"><h2 class=\"bde-heading-22120-145 bde-heading\" data-entrance=\"fade\">\nProcedimiento de denuncia de irregularidades\n<\/h2><div class=\"bde-rich-text-22120-146 bde-rich-text breakdance-rich-text-styles\">\n<p>Contar con canales de denuncia fiables para las partes interesadas, tanto internas como externas, junto con la protecci\u00f3n de los denunciantes, es esencial para garantizar un cumplimiento normativo eficaz.<\/p><p>En devicenow, ofrecemos diversas opciones para que los denunciantes puedan informar de cualquier incumplimiento normativo. Nuestra <a href=\"https:\/\/devicenow.hinweisgeberschutzsystem.de\/\">herramienta en l\u00ednea<\/a> proporciona una forma segura de denunciar posibles incumplimientos de forma confidencial y, si se desea, de forma an\u00f3nima. Adem\u00e1s de utilizar la herramienta, las personas tambi\u00e9n pueden enviar correos electr\u00f3nicos a nuestro Departamento de Cumplimiento Normativo a <a href=\"mailto:whistleblow@devicenow.com\">whistleblow@devicenow.com<\/a>.<\/p><p>Nuestra pol\u00edtica interna garantiza que las denuncias realizadas de buena fe est\u00e9n protegidas contra represalias. Adem\u00e1s, se aplica la presunci\u00f3n de inocencia a las personas hasta que se demuestre su culpabilidad por cualquier infracci\u00f3n.<\/p>\n<\/div><\/div>\n<\/section><section class=\"bde-section-22120-147 bde-section\">\n  \n  \n\t\n\n\n\n        <div class=\"section-shape-divider-wrapper section-shape-divider-wrapper--1\">\n          <span class=\"section-shape-divider\">\n                      <svg\n                xmlns=\"http:\/\/www.w3.org\/2000\/svg\"\n                viewBox=\"0 0 1440 320\"\n                preserveAspectRatio=\"none\"\n            >\n              <path fill=\"currentColor\" fill-opacity=\"1\" d=\"M0,128L80,154.7C160,181,320,235,480,261.3C640,288,800,288,960,240C1120,192,1280,96,1360,48L1440,0L1440,320L1360,320C1280,320,1120,320,960,320C800,320,640,320,480,320C320,320,160,320,80,320L0,320Z\"><\/path>\n            <\/svg>\n                    <\/span>\n      <\/div>\n  <div class=\"section-container\"><div class=\"bde-div-22120-148 bde-div\" data-entrance=\"fade\">\n              \n  \n  \n\t\n\n\n\n<h2 class=\"bde-heading-22120-149 bde-heading\" data-entrance=\"fade\">\nDescubre c\u00f3mo estamos dando forma al futuro del DaaS en todo el mundo. \n<\/h2><div class=\"bde-div-22120-150 bde-div\">\n  \n  \n\t\n\n\n\n<a class=\"bde-container-link-22120-151 bde-container-link breakdance-link\" href=\"https:\/\/devicenow.com\/es\/sobre-nosotros\" target=\"_self\" data-type=\"url\">\n  \n  \n\t\n\n\n\n<div class=\"bde-text-22120-152 bde-text text-color-hover\">\nQui\u00e9nes somos\n<\/div><div class=\"bde-icon-22120-153 bde-icon text-color-hover\">\n\n    \n            <div class=\"bde-icon-icon breakdance-icon-atom\" >\n    \n                    <svg xmlns=\"http:\/\/www.w3.org\/2000\/svg\" viewBox=\"0 0 448 512\"><!--! Font Awesome Free 6.5.1 by @fontawesome - https:\/\/fontawesome.com License - https:\/\/fontawesome.com\/license\/free (Icons: CC BY 4.0, Fonts: SIL OFL 1.1, Code: MIT License) Copyright 2023 Fonticons, Inc. --><path d=\"M438.6 278.6c12.5-12.5 12.5-32.8 0-45.3l-160-160c-12.5-12.5-32.8-12.5-45.3 0s-12.5 32.8 0 45.3L338.8 224 32 224c-17.7 0-32 14.3-32 32s14.3 32 32 32l306.7 0L233.4 393.4c-12.5 12.5-12.5 32.8 0 45.3s32.8 12.5 45.3 0l160-160z\"\/><\/svg>\n        \n        \n        \n            <\/div>\n    \n\n\n<\/div>\n\n<\/a>\n<\/div>\n<\/div><\/div>\n<\/section><\/div>","protected":false},"excerpt":{"rendered":"<p>Nuestros compromisos Ofrecemos servicios de excelencia a clientes de todo el mundo y mejoramos continuamente mediante objetivos cuantificables. Al mismo tiempo, mantenemos unos elevados est\u00e1ndares sociales, \u00e9ticos y medioambientales para generar un impacto positivo en nuestros clientes, las comunidades y el planeta. Responsabilidad social, \u00e9tica y medioambiental En devicenow, nos comprometemos a respetar los m\u00e1s [&hellip;]<\/p>\n","protected":false},"author":7,"featured_media":8991,"parent":0,"menu_order":0,"comment_status":"closed","ping_status":"closed","template":"","meta":{"content-type":"","_breakdance_hide_in_design_set":false,"_breakdance_tags":"","footnotes":""},"class_list":["post-22120","page","type-page","status-publish","has-post-thumbnail","hentry"],"yoast_head":"<!-- This site is optimized with the Yoast SEO plugin v27.5 - https:\/\/yoast.com\/product\/yoast-seo-wordpress\/ -->\n<title>Nuestros compromisos - devicenow<\/title>\n<meta name=\"robots\" content=\"index, follow, max-snippet:-1, max-image-preview:large, max-video-preview:-1\" \/>\n<link rel=\"canonical\" href=\"https:\/\/devicenow.com\/es\/nuestros-compromisos\/\" \/>\n<meta property=\"og:locale\" content=\"es_ES\" \/>\n<meta property=\"og:type\" content=\"article\" \/>\n<meta property=\"og:title\" content=\"Nuestros compromisos - devicenow\" \/>\n<meta property=\"og:description\" content=\"Nuestros compromisos Ofrecemos servicios de excelencia a clientes de todo el mundo y mejoramos continuamente mediante objetivos cuantificables. Al mismo tiempo, mantenemos unos elevados est\u00e1ndares sociales, \u00e9ticos y medioambientales para generar un impacto positivo en nuestros clientes, las comunidades y el planeta. Responsabilidad social, \u00e9tica y medioambiental En devicenow, nos comprometemos a respetar los m\u00e1s [&hellip;]\" \/>\n<meta property=\"og:url\" content=\"https:\/\/devicenow.com\/es\/nuestros-compromisos\/\" \/>\n<meta property=\"og:site_name\" content=\"devicenow\" \/>\n<meta property=\"article:modified_time\" content=\"2026-04-30T08:33:49+00:00\" \/>\n<meta property=\"og:image\" content=\"https:\/\/devicenow.com\/wp-content\/uploads\/sustainable-scaled.jpg\" \/>\n\t<meta property=\"og:image:width\" content=\"2560\" \/>\n\t<meta property=\"og:image:height\" content=\"1707\" \/>\n\t<meta property=\"og:image:type\" content=\"image\/jpeg\" \/>\n<meta name=\"twitter:card\" content=\"summary_large_image\" \/>\n<script type=\"application\/ld+json\" class=\"yoast-schema-graph\">{\"@context\":\"https:\\\/\\\/schema.org\",\"@graph\":[{\"@type\":\"WebPage\",\"@id\":\"https:\\\/\\\/devicenow.com\\\/es\\\/nuestros-compromisos\\\/\",\"url\":\"https:\\\/\\\/devicenow.com\\\/es\\\/nuestros-compromisos\\\/\",\"name\":\"Nuestros compromisos - devicenow\",\"isPartOf\":{\"@id\":\"https:\\\/\\\/devicenow.com\\\/#website\"},\"primaryImageOfPage\":{\"@id\":\"https:\\\/\\\/devicenow.com\\\/es\\\/nuestros-compromisos\\\/#primaryimage\"},\"image\":{\"@id\":\"https:\\\/\\\/devicenow.com\\\/es\\\/nuestros-compromisos\\\/#primaryimage\"},\"thumbnailUrl\":\"https:\\\/\\\/devicenow.com\\\/wp-content\\\/uploads\\\/sustainable-scaled.jpg\",\"datePublished\":\"2025-03-04T09:58:16+00:00\",\"dateModified\":\"2026-04-30T08:33:49+00:00\",\"breadcrumb\":{\"@id\":\"https:\\\/\\\/devicenow.com\\\/es\\\/nuestros-compromisos\\\/#breadcrumb\"},\"inLanguage\":\"es\",\"potentialAction\":[{\"@type\":\"ReadAction\",\"target\":[\"https:\\\/\\\/devicenow.com\\\/es\\\/nuestros-compromisos\\\/\"]}]},{\"@type\":\"ImageObject\",\"inLanguage\":\"es\",\"@id\":\"https:\\\/\\\/devicenow.com\\\/es\\\/nuestros-compromisos\\\/#primaryimage\",\"url\":\"https:\\\/\\\/devicenow.com\\\/wp-content\\\/uploads\\\/sustainable-scaled.jpg\",\"contentUrl\":\"https:\\\/\\\/devicenow.com\\\/wp-content\\\/uploads\\\/sustainable-scaled.jpg\",\"width\":2560,\"height\":1707,\"caption\":\"Aerial view of summer green trees in forest in mountains\"},{\"@type\":\"BreadcrumbList\",\"@id\":\"https:\\\/\\\/devicenow.com\\\/es\\\/nuestros-compromisos\\\/#breadcrumb\",\"itemListElement\":[{\"@type\":\"ListItem\",\"position\":1,\"name\":\"Strona g\u0142\u00f3wna\",\"item\":\"https:\\\/\\\/devicenow.com\\\/es\\\/\"},{\"@type\":\"ListItem\",\"position\":2,\"name\":\"Nuestros compromisos\"}]},{\"@type\":\"WebSite\",\"@id\":\"https:\\\/\\\/devicenow.com\\\/#website\",\"url\":\"https:\\\/\\\/devicenow.com\\\/\",\"name\":\"devicenow\",\"description\":\"\",\"potentialAction\":[{\"@type\":\"SearchAction\",\"target\":{\"@type\":\"EntryPoint\",\"urlTemplate\":\"https:\\\/\\\/devicenow.com\\\/?s={search_term_string}\"},\"query-input\":{\"@type\":\"PropertyValueSpecification\",\"valueRequired\":true,\"valueName\":\"search_term_string\"}}],\"inLanguage\":\"es\"}]}<\/script>\n<!-- \/ Yoast SEO plugin. -->","yoast_head_json":{"title":"Nuestros compromisos - devicenow","robots":{"index":"index","follow":"follow","max-snippet":"max-snippet:-1","max-image-preview":"max-image-preview:large","max-video-preview":"max-video-preview:-1"},"canonical":"https:\/\/devicenow.com\/es\/nuestros-compromisos\/","og_locale":"es_ES","og_type":"article","og_title":"Nuestros compromisos - devicenow","og_description":"Nuestros compromisos Ofrecemos servicios de excelencia a clientes de todo el mundo y mejoramos continuamente mediante objetivos cuantificables. Al mismo tiempo, mantenemos unos elevados est\u00e1ndares sociales, \u00e9ticos y medioambientales para generar un impacto positivo en nuestros clientes, las comunidades y el planeta. Responsabilidad social, \u00e9tica y medioambiental En devicenow, nos comprometemos a respetar los m\u00e1s [&hellip;]","og_url":"https:\/\/devicenow.com\/es\/nuestros-compromisos\/","og_site_name":"devicenow","article_modified_time":"2026-04-30T08:33:49+00:00","og_image":[{"width":2560,"height":1707,"url":"https:\/\/devicenow.com\/wp-content\/uploads\/sustainable-scaled.jpg","type":"image\/jpeg"}],"twitter_card":"summary_large_image","schema":{"@context":"https:\/\/schema.org","@graph":[{"@type":"WebPage","@id":"https:\/\/devicenow.com\/es\/nuestros-compromisos\/","url":"https:\/\/devicenow.com\/es\/nuestros-compromisos\/","name":"Nuestros compromisos - devicenow","isPartOf":{"@id":"https:\/\/devicenow.com\/#website"},"primaryImageOfPage":{"@id":"https:\/\/devicenow.com\/es\/nuestros-compromisos\/#primaryimage"},"image":{"@id":"https:\/\/devicenow.com\/es\/nuestros-compromisos\/#primaryimage"},"thumbnailUrl":"https:\/\/devicenow.com\/wp-content\/uploads\/sustainable-scaled.jpg","datePublished":"2025-03-04T09:58:16+00:00","dateModified":"2026-04-30T08:33:49+00:00","breadcrumb":{"@id":"https:\/\/devicenow.com\/es\/nuestros-compromisos\/#breadcrumb"},"inLanguage":"es","potentialAction":[{"@type":"ReadAction","target":["https:\/\/devicenow.com\/es\/nuestros-compromisos\/"]}]},{"@type":"ImageObject","inLanguage":"es","@id":"https:\/\/devicenow.com\/es\/nuestros-compromisos\/#primaryimage","url":"https:\/\/devicenow.com\/wp-content\/uploads\/sustainable-scaled.jpg","contentUrl":"https:\/\/devicenow.com\/wp-content\/uploads\/sustainable-scaled.jpg","width":2560,"height":1707,"caption":"Aerial view of summer green trees in forest in mountains"},{"@type":"BreadcrumbList","@id":"https:\/\/devicenow.com\/es\/nuestros-compromisos\/#breadcrumb","itemListElement":[{"@type":"ListItem","position":1,"name":"Strona g\u0142\u00f3wna","item":"https:\/\/devicenow.com\/es\/"},{"@type":"ListItem","position":2,"name":"Nuestros compromisos"}]},{"@type":"WebSite","@id":"https:\/\/devicenow.com\/#website","url":"https:\/\/devicenow.com\/","name":"devicenow","description":"","potentialAction":[{"@type":"SearchAction","target":{"@type":"EntryPoint","urlTemplate":"https:\/\/devicenow.com\/?s={search_term_string}"},"query-input":{"@type":"PropertyValueSpecification","valueRequired":true,"valueName":"search_term_string"}}],"inLanguage":"es"}]}},"meta_box":{"description":"","descriptionde":"","descriptionnl":"","descriptiontr":"","descriptionit":"","descriptionfr":"","descriptiongr":"","descriptionpt":""},"_links":{"self":[{"href":"https:\/\/devicenow.com\/es\/wp-json\/wp\/v2\/pages\/22120","targetHints":{"allow":["GET"]}}],"collection":[{"href":"https:\/\/devicenow.com\/es\/wp-json\/wp\/v2\/pages"}],"about":[{"href":"https:\/\/devicenow.com\/es\/wp-json\/wp\/v2\/types\/page"}],"author":[{"embeddable":true,"href":"https:\/\/devicenow.com\/es\/wp-json\/wp\/v2\/users\/7"}],"replies":[{"embeddable":true,"href":"https:\/\/devicenow.com\/es\/wp-json\/wp\/v2\/comments?post=22120"}],"version-history":[{"count":4,"href":"https:\/\/devicenow.com\/es\/wp-json\/wp\/v2\/pages\/22120\/revisions"}],"predecessor-version":[{"id":22133,"href":"https:\/\/devicenow.com\/es\/wp-json\/wp\/v2\/pages\/22120\/revisions\/22133"}],"wp:featuredmedia":[{"embeddable":true,"href":"https:\/\/devicenow.com\/es\/wp-json\/wp\/v2\/media\/8991"}],"wp:attachment":[{"href":"https:\/\/devicenow.com\/es\/wp-json\/wp\/v2\/media?parent=22120"}],"curies":[{"name":"wp","href":"https:\/\/api.w.org\/{rel}","templated":true}]}}