{"id":5428,"date":"2025-03-04T10:58:16","date_gmt":"2025-03-04T09:58:16","guid":{"rendered":"https:\/\/devicenow.com\/our-commitments\/"},"modified":"2026-03-19T15:36:42","modified_gmt":"2026-03-19T14:36:42","slug":"unser-engagement","status":"publish","type":"page","link":"https:\/\/devicenow.com\/de\/unser-engagement\/","title":{"rendered":"Unser Engagement"},"content":{"rendered":"<div class='breakdance'><section class=\"bde-section-5428-357 bde-section\">\n              \n  \n  \n\t\n\n  <div class=\"section-background-overlay\"><\/div>\n\n\n        <div class=\"section-shape-divider-wrapper section-shape-divider-wrapper--1\">\n          <span class=\"section-shape-divider\">\n                      <svg\n                xmlns=\"http:\/\/www.w3.org\/2000\/svg\"\n                viewBox=\"0 0 1440 320\"\n                preserveAspectRatio=\"none\"\n            >\n              <path fill=\"currentColor\" fill-opacity=\"1\" d=\"M0,128L80,154.7C160,181,320,235,480,261.3C640,288,800,288,960,240C1120,192,1280,96,1360,48L1440,0L1440,320L1360,320C1280,320,1120,320,960,320C800,320,640,320,480,320C320,320,160,320,80,320L0,320Z\"><\/path>\n            <\/svg>\n                    <\/span>\n      <\/div>\n  <div class=\"section-container\"><div class=\"bde-div-5428-358 bde-div\">\n  \n  \n\t\n\n\n\n<div class=\"bde-columns-5428-359 bde-columns\"><div class=\"bde-column-5428-360 bde-column\">\n  \n  \n\t\n\n\n\n<h1 class=\"bde-heading-5428-361 bde-heading\">\nUnser Engagement\n<\/h1><div class=\"bde-text-5428-362 bde-text\">\nWir bieten unseren Kunden weltweit hervorragende Dienstleistungen und verbessern uns kontinuierlich durch messbare Ziele. Gleichzeitig stehen wir f\u00fcr hohe soziale, ethische und \u00f6kologische Standards und leisten einen positiven Beitrag f\u00fcr Kunden, Gesellschaft und Umwelt.\n<\/div>\n<\/div><div class=\"bde-column-5428-363 bde-column\">\n  \n  \n\t\n\n\n\n<img decoding=\"async\" class=\"bde-image2-5428-364 bde-image2\" src=\"https:\/\/devicenow.com\/wp-content\/uploads\/backgrounds-8.jpg\" loading=\"lazy\" srcset=\"https:\/\/devicenow.com\/wp-content\/uploads\/backgrounds-8.jpg 2000w, https:\/\/devicenow.com\/wp-content\/uploads\/backgrounds-8-448x299.jpg 448w, https:\/\/devicenow.com\/wp-content\/uploads\/backgrounds-8-1024x682.jpg 1024w, https:\/\/devicenow.com\/wp-content\/uploads\/backgrounds-8-150x100.jpg 150w, https:\/\/devicenow.com\/wp-content\/uploads\/backgrounds-8-768x512.jpg 768w, https:\/\/devicenow.com\/wp-content\/uploads\/backgrounds-8-1536x1024.jpg 1536w\" sizes=\"(max-width: 2000px) 100vw, 2000px\">\n<\/div><\/div>\n<\/div><\/div>\n<\/section><section class=\"bde-section-5428-326 bde-section\">\n  \n  \n\t\n\n\n\n        <div class=\"section-shape-divider-wrapper section-shape-divider-wrapper--1\">\n          <span class=\"section-shape-divider\">\n                      <svg\n                xmlns=\"http:\/\/www.w3.org\/2000\/svg\"\n                viewBox=\"0 0 1440 320\"\n                preserveAspectRatio=\"none\"\n            >\n              <path fill=\"currentColor\" fill-opacity=\"1\" d=\"M0,128L80,154.7C160,181,320,235,480,261.3C640,288,800,288,960,240C1120,192,1280,96,1360,48L1440,0L1440,320L1360,320C1280,320,1120,320,960,320C800,320,640,320,480,320C320,320,160,320,80,320L0,320Z\"><\/path>\n            <\/svg>\n                    <\/span>\n      <\/div>\n  <div class=\"section-container\"><div class=\"bde-div-5428-327 bde-div\">\n  \n  \n\t\n\n\n\n<div class=\"bde-columns-5428-328 bde-columns\"><div class=\"bde-column-5428-329 bde-column\">\n  \n  \n\t\n\n\n\n<h2 class=\"bde-heading-5428-341 bde-heading\" data-entrance=\"fade\">\nSoziale, Ethische und Umweltverantwortung<br>\n<\/h2><div class=\"bde-text-5428-331 bde-text\">\nBei devicenow setzen wir uns daf\u00fcr ein, in allen unseren globalen Operationen die h\u00f6chsten Standards in den Bereichen soziale, ethische und \u00f6kologische Verantwortung zu wahren. Unsere Richtlinie entspricht den lokalen und internationalen Gesetzen und basiert auf dem Verhaltenskodex der Responsible Business Alliance, der ILO-Erkl\u00e4rung \u00fcber grundlegende Arbeitsrechte und der Allgemeinen Erkl\u00e4rung der Menschenrechte der Vereinten Nationen.<br><br>Wir setzen uns daf\u00fcr ein, Arbeitsstandards zu wahren, indem wir sicherstellen, dass alle Arbeitsverh\u00e4ltnisse freiwillig sind und frei von Zwangs- und Kinderarbeit. Wir zahlen faire L\u00f6hne und bieten angemessene Arbeitszeiten an, wobei wir eine Null-Toleranz-Politik gegen\u00fcber Diskriminierung und Bel\u00e4stigung durchsetzen. Unser Ziel ist es, ein inklusives Umfeld zu schaffen, in dem alle Mitarbeitenden gedeihen k\u00f6nnen.<br><br>Wir legen gro\u00dfen Wert auf Gesundheit und Sicherheit, indem wir sichere Arbeitsbedingungen aufrechterhalten und kontinuierliche Sicherheitsschulungen anbieten, um Mitarbeitende auf Unfallverh\u00fctung und Notfallma\u00dfnahmen vorzubereiten. Der Zugang zu angemessenen sanit\u00e4ren Einrichtungen und Gesundheitsdiensten ist ebenfalls entscheidend, um das Wohlbefinden der Mitarbeitenden am Arbeitsplatz zu gew\u00e4hrleisten.<br><br>Unser Engagement f\u00fcr Umweltverantwortung umfasst die Minimierung von Auswirkungen, indem wir uns an Genehmigungsanforderungen halten und aktiv Abfall reduzieren. Wir setzen uns f\u00fcr den Schutz nat\u00fcrlicher Ressourcen ein und reflektieren damit unser Engagement f\u00fcr Nachhaltigkeit f\u00fcr zuk\u00fcnftige Generationen.<br><br>Ethik bilden die Grundlage f\u00fcr unser Handeln. Wir legen gro\u00dfen Wert auf Integrit\u00e4t in allen unseren Gesch\u00e4ftsbeziehungen und halten uns an Anti-Korruptionsgesetze sowie faire Wettbewerbspraxis. Transparenz und Verantwortung in unseren Aufzeichnungen sind von zentraler Bedeutung, um unser Engagement f\u00fcr ethische Praktiken zu st\u00e4rken und Vertrauen aufzubauen.<br><br>Wir f\u00f6rdern eine Kultur der Compliance und kontinuierlichen Verbesserung in unseren sozialen, ethischen und \u00f6kologischen Standards. Verst\u00f6\u00dfe gegen unsere Richtlinien werden mit disziplinarischen Ma\u00dfnahmen geahndet, um sicherzustellen, dass wir diese Prinzipien einhalten. Bei Fragen k\u00f6nnen Sie sich an uns wenden.\n<\/div><div class=\"bde-div-5428-375 bde-div\">\n  \n  \n\t\n\n\n\n<a class=\"bde-container-link-5428-376 bde-container-link breakdance-link\" href=\"mailto:quality@devicenow.com\" target=\"_self\" data-type=\"url\">\n  \n  \n\t\n\n\n\n<div class=\"bde-text-5428-377 bde-text text-color-hover\">\nKontaktieren Sie unser Qualit\u00e4tsteam\n<\/div><div class=\"bde-icon-5428-378 bde-icon text-color-hover\">\n\n    \n            <div class=\"bde-icon-icon breakdance-icon-atom\" >\n    \n                    <svg xmlns=\"http:\/\/www.w3.org\/2000\/svg\" viewBox=\"0 0 448 512\"><!--! Font Awesome Free 6.5.1 by @fontawesome - https:\/\/fontawesome.com License - https:\/\/fontawesome.com\/license\/free (Icons: CC BY 4.0, Fonts: SIL OFL 1.1, Code: MIT License) Copyright 2023 Fonticons, Inc. --><path d=\"M438.6 278.6c12.5-12.5 12.5-32.8 0-45.3l-160-160c-12.5-12.5-32.8-12.5-45.3 0s-12.5 32.8 0 45.3L338.8 224 32 224c-17.7 0-32 14.3-32 32s14.3 32 32 32l306.7 0L233.4 393.4c-12.5 12.5-12.5 32.8 0 45.3s32.8 12.5 45.3 0l160-160z\"\/><\/svg>\n        \n        \n        \n            <\/div>\n    \n\n\n<\/div>\n\n<\/a>\n<\/div>\n<\/div><\/div>\n<\/div><\/div>\n<\/section><section class=\"bde-section-5428-313 bde-section\">\n  \n  \n\t\n\n\n\n        <div class=\"section-shape-divider-wrapper section-shape-divider-wrapper--1\">\n          <span class=\"section-shape-divider\">\n                      <svg\n                xmlns=\"http:\/\/www.w3.org\/2000\/svg\"\n                viewBox=\"0 0 1440 320\"\n                preserveAspectRatio=\"none\"\n            >\n              <path fill=\"currentColor\" fill-opacity=\"1\" d=\"M0,160L120,181.3C240,203,480,245,720,224C960,203,1200,117,1320,74.7L1440,32L1440,320L1320,320C1200,320,960,320,720,320C480,320,240,320,120,320L0,320Z\"><\/path>\n            <\/svg>\n                    <\/span>\n      <\/div>\n        <div class=\"section-shape-divider-wrapper section-shape-divider-wrapper--2\">\n          <span class=\"section-shape-divider\">\n                      <svg\n                xmlns=\"http:\/\/www.w3.org\/2000\/svg\"\n                viewBox=\"0 0 1440 320\"\n                preserveAspectRatio=\"none\"\n            >\n              <path fill=\"currentColor\" fill-opacity=\"1\" d=\"M0,160L120,181.3C240,203,480,245,720,224C960,203,1200,117,1320,74.7L1440,32L1440,320L1320,320C1200,320,960,320,720,320C480,320,240,320,120,320L0,320Z\"><\/path>\n            <\/svg>\n                    <\/span>\n      <\/div>\n  <div class=\"section-container\"><div class=\"bde-div-5428-314 bde-div\">\n  \n  \n\t\n\n\n\n<div class=\"bde-columns-5428-315 bde-columns\"><div class=\"bde-column-5428-316 bde-column\">\n  \n  \n\t\n\n\n\n<h2 class=\"bde-heading-5428-317 bde-heading\">\ndevicenow und der UN Global Compact\n<\/h2><div class=\"bde-text-5428-318 bde-text\">\nWir unterst\u00fctzen die Initiative der Vereinten Nationen f\u00fcr eine faire und nachhaltige globale Wirtschaft nachdr\u00fccklich. Der UNGC ist die gr\u00f6\u00dfte und bedeutendste Initiative f\u00fcr verantwortungsbewusste und nachhaltige Unternehmensf\u00fchrung weltweit.<br>Als Teilnehmer verpflichten wir uns, unsere Handlungen mit den Prinzipien des UNGC in Einklang zu bringen, eine Kultur der Integrit\u00e4t und unternehmerischen Nachhaltigkeit zu f\u00f6rdern. Wir erkennen unsere grundlegenden Verantwortung in den Bereichen Menschenrechte, Arbeitsrecht, Umwelt und Anti-Korruption an. Durch die Teilnahme an dieser Initiative haben wir eine wertvolle Gelegenheit, zu einer besseren Zukunft f\u00fcr alle beizutragen.<br>\n<\/div><div class=\"bde-div-5428-379 bde-div\">\n  \n  \n\t\n\n\n\n<a class=\"bde-container-link-5428-380 bde-container-link breakdance-link\" href=\"http:\/\/www.unglobalcompact.org\" target=\"_self\" data-type=\"url\">\n  \n  \n\t\n\n\n\n<div class=\"bde-text-5428-381 bde-text text-color-hover\">\nMehr erfahren\n<\/div><div class=\"bde-icon-5428-382 bde-icon text-color-hover\">\n\n    \n            <div class=\"bde-icon-icon breakdance-icon-atom\" >\n    \n                    <svg xmlns=\"http:\/\/www.w3.org\/2000\/svg\" viewBox=\"0 0 448 512\"><!--! Font Awesome Free 6.5.1 by @fontawesome - https:\/\/fontawesome.com License - https:\/\/fontawesome.com\/license\/free (Icons: CC BY 4.0, Fonts: SIL OFL 1.1, Code: MIT License) Copyright 2023 Fonticons, Inc. --><path d=\"M438.6 278.6c12.5-12.5 12.5-32.8 0-45.3l-160-160c-12.5-12.5-32.8-12.5-45.3 0s-12.5 32.8 0 45.3L338.8 224 32 224c-17.7 0-32 14.3-32 32s14.3 32 32 32l306.7 0L233.4 393.4c-12.5 12.5-12.5 32.8 0 45.3s32.8 12.5 45.3 0l160-160z\"\/><\/svg>\n        \n        \n        \n            <\/div>\n    \n\n\n<\/div>\n\n<\/a>\n<\/div>\n<\/div><div class=\"bde-column-5428-324 bde-column\">\n  \n  \n\t\n\n\n\n<div class=\"bde-simple-image-5428-325 bde-simple-image\" data-entrance=\"fade\">\n  \n\n\n\n\n\n  \n    \n      <img decoding=\"async\" class=\"breakdance-image-object\" src=\"https:\/\/devicenow.com\/wp-content\/uploads\/un-global.png\" width=\"387\" height=\"399\" srcset=\"https:\/\/devicenow.com\/wp-content\/uploads\/un-global.png 387w, https:\/\/devicenow.com\/wp-content\/uploads\/un-global-150x155.png 150w\" sizes=\"auto, (max-width: 387px) 100vw, 387px\" loading=\"lazy\">\n\n      \n    \n  \n<\/div>\n<\/div><\/div>\n<\/div><\/div>\n<\/section><section class=\"bde-section-5428-344 bde-section\">\n  \n  \n\t\n\n\n\n<div class=\"section-container\"><div class=\"bde-div-5428-345 bde-div\">\n  \n  \n\t\n\n\n\n<div class=\"bde-columns-5428-346 bde-columns\"><div class=\"bde-column-5428-355 bde-column\">\n  \n  \n\t\n\n\n\n<div class=\"bde-simple-image-5428-356 bde-simple-image\" data-entrance=\"fade\">\n  \n\n\n\n\n\n  \n    \n      <img loading=\"lazy\" decoding=\"async\" class=\"breakdance-image-object\" src=\"https:\/\/devicenow.com\/wp-content\/uploads\/2025-ecovadis-platnium-badge.png\" width=\"400\" height=\"400\" srcset=\"https:\/\/devicenow.com\/wp-content\/uploads\/2025-ecovadis-platnium-badge.png 400w, https:\/\/devicenow.com\/wp-content\/uploads\/2025-ecovadis-platnium-badge-150x150.png 150w\" sizes=\"auto, (max-width: 400px) 100vw, 400px\">\n\n      \n    \n  \n<\/div>\n<\/div><div class=\"bde-column-5428-347 bde-column\">\n  \n  \n\t\n\n\n\n<h2 class=\"bde-heading-5428-348 bde-heading\">\nEcoVadis\n<\/h2><div class=\"bde-text-5428-349 bde-text\">\nAls Teil der CHG-MERIDIAN-Gruppe haben wir die EcoVadis-Platinum-Auszeichnung erhalten. Damit geh\u00f6ren wir zu den Top 1 % von \u00fcber 130.000 Unternehmen weltweit!\n<\/div><div class=\"bde-text-5428-350 bde-text\">\nNachhaltigkeit steht im Mittelpunkt unseres Handelns: Wir setzen uns daf\u00fcr ein, unseren \u00f6kologischen Fu\u00dfabdruck zu minimieren, ethische Praktiken zu f\u00f6rdern und eine verantwortungsvolle Beschaffung sicherzustellen.\n<\/div><div class=\"bde-div-5428-383 bde-div\">\n  \n  \n\t\n\n\n\n<a class=\"bde-container-link-5428-384 bde-container-link breakdance-link\" href=\"https:\/\/devicenow.com\/de\/nachhaltigkeit\/\" target=\"_self\" data-type=\"url\">\n  \n  \n\t\n\n\n\n<div class=\"bde-text-5428-385 bde-text text-color-hover\">\nMehr erfahren\n<\/div><div class=\"bde-icon-5428-386 bde-icon text-color-hover\">\n\n    \n            <div class=\"bde-icon-icon breakdance-icon-atom\" >\n    \n                    <svg xmlns=\"http:\/\/www.w3.org\/2000\/svg\" viewBox=\"0 0 448 512\"><!--! Font Awesome Free 6.5.1 by @fontawesome - https:\/\/fontawesome.com License - https:\/\/fontawesome.com\/license\/free (Icons: CC BY 4.0, Fonts: SIL OFL 1.1, Code: MIT License) Copyright 2023 Fonticons, Inc. --><path d=\"M438.6 278.6c12.5-12.5 12.5-32.8 0-45.3l-160-160c-12.5-12.5-32.8-12.5-45.3 0s-12.5 32.8 0 45.3L338.8 224 32 224c-17.7 0-32 14.3-32 32s14.3 32 32 32l306.7 0L233.4 393.4c-12.5 12.5-12.5 32.8 0 45.3s32.8 12.5 45.3 0l160-160z\"\/><\/svg>\n        \n        \n        \n            <\/div>\n    \n\n\n<\/div>\n\n<\/a>\n<\/div>\n<\/div><\/div>\n<\/div><\/div>\n<\/section><section class=\"bde-section-5428-387 bde-section\">\n              \n  \n  \n\t\n\n\n\n<div class=\"section-container\"><h2 class=\"bde-heading-5428-388 bde-heading\" data-entrance=\"fade\">\nHinweisgebersystem\n<\/h2><div class=\"bde-rich-text-5428-389 bde-rich-text breakdance-rich-text-styles\">\n<p data-start=\"4264\" data-end=\"4416\">Zuverl\u00e4ssige Meldesysteme f\u00fcr interne und externe Interessengruppen sowie der Schutz von Whistleblowern sind entscheidend f\u00fcr eine effektive Compliance.<\/p>\n<p data-start=\"4418\" data-end=\"4784\">Bei devicenow bieten wir verschiedene Meldeoptionen f\u00fcr Whistleblower an, um etwaige Compliance-Verst\u00f6\u00dfe zu melden. Unser <a href=\"https:\/\/devicenow.hinweisgeberschutzsystem.de\/\">Online-Tool<\/a> bietet eine sichere M\u00f6glichkeit, potenzielle Verst\u00f6\u00dfe vertraulich und, falls gew\u00fcnscht, anonym zu melden. Neben der Nutzung des Tools k\u00f6nnen sich auch per E-Mail an unsere Compliance-Abteilung unter \u00a0<a href=\"mailto:whistleblow@devicenow.com\">whistleblow@devicenow.com<\/a>\u00a0melden.<\/p>\n<p data-start=\"4786\" data-end=\"4995\">Unsere interne Richtlinie stellt sicher, dass Meldungen, die in gutem Glauben gemacht werden, vor Repressalien gesch\u00fctzt sind. Zudem gilt die Unschuldsvermutung f\u00fcr Personen, bis eine Schuld nachgewiesen wird.<\/p>\n<\/div><\/div>\n<\/section><section class=\"bde-section-5428-390 bde-section\">\n  \n  \n\t\n\n\n\n        <div class=\"section-shape-divider-wrapper section-shape-divider-wrapper--1\">\n          <span class=\"section-shape-divider\">\n                      <svg\n                xmlns=\"http:\/\/www.w3.org\/2000\/svg\"\n                viewBox=\"0 0 1440 320\"\n                preserveAspectRatio=\"none\"\n            >\n              <path fill=\"currentColor\" fill-opacity=\"1\" d=\"M0,128L80,154.7C160,181,320,235,480,261.3C640,288,800,288,960,240C1120,192,1280,96,1360,48L1440,0L1440,320L1360,320C1280,320,1120,320,960,320C800,320,640,320,480,320C320,320,160,320,80,320L0,320Z\"><\/path>\n            <\/svg>\n                    <\/span>\n      <\/div>\n  <div class=\"section-container\"><div class=\"bde-div-5428-391 bde-div\" data-entrance=\"fade\">\n              \n  \n  \n\t\n\n\n\n<h2 class=\"bde-heading-5428-392 bde-heading\" data-entrance=\"fade\">\nErfahren Sie, wie wir die Zukunft von DaaS weltweit gestalten.\n<\/h2><div class=\"bde-div-5428-393 bde-div\">\n  \n  \n\t\n\n\n\n<a class=\"bde-container-link-5428-394 bde-container-link breakdance-link\" href=\"https:\/\/devicenow.com\/de\/uber-uns\/\" target=\"_self\" data-type=\"url\">\n  \n  \n\t\n\n\n\n<div class=\"bde-text-5428-395 bde-text text-color-hover\">\n\u00dcber uns\n<\/div><div class=\"bde-icon-5428-396 bde-icon text-color-hover\">\n\n    \n            <div class=\"bde-icon-icon breakdance-icon-atom\" >\n    \n                    <svg xmlns=\"http:\/\/www.w3.org\/2000\/svg\" viewBox=\"0 0 448 512\"><!--! Font Awesome Free 6.5.1 by @fontawesome - https:\/\/fontawesome.com License - https:\/\/fontawesome.com\/license\/free (Icons: CC BY 4.0, Fonts: SIL OFL 1.1, Code: MIT License) Copyright 2023 Fonticons, Inc. --><path d=\"M438.6 278.6c12.5-12.5 12.5-32.8 0-45.3l-160-160c-12.5-12.5-32.8-12.5-45.3 0s-12.5 32.8 0 45.3L338.8 224 32 224c-17.7 0-32 14.3-32 32s14.3 32 32 32l306.7 0L233.4 393.4c-12.5 12.5-12.5 32.8 0 45.3s32.8 12.5 45.3 0l160-160z\"\/><\/svg>\n        \n        \n        \n            <\/div>\n    \n\n\n<\/div>\n\n<\/a>\n<\/div>\n<\/div><\/div>\n<\/section><\/div>","protected":false},"excerpt":{"rendered":"<p>Unser Engagement Wir bieten unseren Kunden weltweit hervorragende Dienstleistungen und verbessern uns kontinuierlich durch messbare Ziele. Gleichzeitig stehen wir f\u00fcr hohe soziale, ethische und \u00f6kologische Standards und leisten einen positiven Beitrag f\u00fcr Kunden, Gesellschaft und Umwelt. Soziale, Ethische und Umweltverantwortung Bei devicenow setzen wir uns daf\u00fcr ein, in allen unseren globalen Operationen die h\u00f6chsten Standards [&hellip;]<\/p>\n","protected":false},"author":11,"featured_media":2019,"parent":0,"menu_order":0,"comment_status":"closed","ping_status":"closed","template":"","meta":{"content-type":"","_breakdance_hide_in_design_set":false,"_breakdance_tags":"","footnotes":""},"class_list":["post-5428","page","type-page","status-publish","has-post-thumbnail","hentry"],"yoast_head":"<!-- This site is optimized with the Yoast SEO plugin v27.3 - https:\/\/yoast.com\/product\/yoast-seo-wordpress\/ -->\n<title>Verantwortung f\u00fcr Soziales, Ethik und Umwelt - devicenow<\/title>\n<meta name=\"description\" content=\"Als globaler IT-Dienstleister mit Gesch\u00e4ftsbeziehungen in vielen L\u00e4ndern der Welt erf\u00fcllt devicenow vollst\u00e4ndig alle lokalen, regionalen, nationalen und internationalen Gesetze und Vorschriften und erwartet dies auch von allen beteiligten Parteien.\" \/>\n<meta name=\"robots\" content=\"index, follow, max-snippet:-1, max-image-preview:large, max-video-preview:-1\" \/>\n<link rel=\"canonical\" href=\"https:\/\/devicenow.com\/de\/unser-engagement\/\" \/>\n<meta property=\"og:locale\" content=\"de_DE\" \/>\n<meta property=\"og:type\" content=\"article\" \/>\n<meta property=\"og:title\" content=\"Verantwortung f\u00fcr Soziales, Ethik und Umwelt - devicenow\" \/>\n<meta property=\"og:description\" content=\"Als globaler IT-Dienstleister mit Gesch\u00e4ftsbeziehungen in vielen L\u00e4ndern der Welt erf\u00fcllt devicenow vollst\u00e4ndig alle lokalen, regionalen, nationalen und internationalen Gesetze und Vorschriften und erwartet dies auch von allen beteiligten Parteien.\" \/>\n<meta property=\"og:url\" content=\"https:\/\/devicenow.com\/de\/unser-engagement\/\" \/>\n<meta property=\"og:site_name\" content=\"devicenow\" \/>\n<meta property=\"article:modified_time\" content=\"2026-03-19T14:36:42+00:00\" \/>\n<meta property=\"og:image\" content=\"https:\/\/devicenow.com\/wp-content\/uploads\/sustainable-scaled.jpg\" \/>\n\t<meta property=\"og:image:width\" content=\"2560\" \/>\n\t<meta property=\"og:image:height\" content=\"1707\" \/>\n\t<meta property=\"og:image:type\" content=\"image\/jpeg\" \/>\n<meta name=\"twitter:card\" content=\"summary_large_image\" \/>\n<script type=\"application\/ld+json\" class=\"yoast-schema-graph\">{\"@context\":\"https:\\\/\\\/schema.org\",\"@graph\":[{\"@type\":\"WebPage\",\"@id\":\"https:\\\/\\\/devicenow.com\\\/de\\\/unser-engagement\\\/\",\"url\":\"https:\\\/\\\/devicenow.com\\\/de\\\/unser-engagement\\\/\",\"name\":\"Verantwortung f\u00fcr Soziales, Ethik und Umwelt - devicenow\",\"isPartOf\":{\"@id\":\"https:\\\/\\\/devicenow.com\\\/#website\"},\"primaryImageOfPage\":{\"@id\":\"https:\\\/\\\/devicenow.com\\\/de\\\/unser-engagement\\\/#primaryimage\"},\"image\":{\"@id\":\"https:\\\/\\\/devicenow.com\\\/de\\\/unser-engagement\\\/#primaryimage\"},\"thumbnailUrl\":\"https:\\\/\\\/devicenow.com\\\/wp-content\\\/uploads\\\/sustainable-scaled.jpg\",\"datePublished\":\"2025-03-04T09:58:16+00:00\",\"dateModified\":\"2026-03-19T14:36:42+00:00\",\"description\":\"Als globaler IT-Dienstleister mit Gesch\u00e4ftsbeziehungen in vielen L\u00e4ndern der Welt erf\u00fcllt devicenow vollst\u00e4ndig alle lokalen, regionalen, nationalen und internationalen Gesetze und Vorschriften und erwartet dies auch von allen beteiligten Parteien.\",\"breadcrumb\":{\"@id\":\"https:\\\/\\\/devicenow.com\\\/de\\\/unser-engagement\\\/#breadcrumb\"},\"inLanguage\":\"de\",\"potentialAction\":[{\"@type\":\"ReadAction\",\"target\":[\"https:\\\/\\\/devicenow.com\\\/de\\\/unser-engagement\\\/\"]}]},{\"@type\":\"ImageObject\",\"inLanguage\":\"de\",\"@id\":\"https:\\\/\\\/devicenow.com\\\/de\\\/unser-engagement\\\/#primaryimage\",\"url\":\"https:\\\/\\\/devicenow.com\\\/wp-content\\\/uploads\\\/sustainable-scaled.jpg\",\"contentUrl\":\"https:\\\/\\\/devicenow.com\\\/wp-content\\\/uploads\\\/sustainable-scaled.jpg\",\"width\":2560,\"height\":1707,\"caption\":\"Woods in the mountains\"},{\"@type\":\"BreadcrumbList\",\"@id\":\"https:\\\/\\\/devicenow.com\\\/de\\\/unser-engagement\\\/#breadcrumb\",\"itemListElement\":[{\"@type\":\"ListItem\",\"position\":1,\"name\":\"Strona g\u0142\u00f3wna\",\"item\":\"https:\\\/\\\/devicenow.com\\\/de\\\/\"},{\"@type\":\"ListItem\",\"position\":2,\"name\":\"Unser Engagement\"}]},{\"@type\":\"WebSite\",\"@id\":\"https:\\\/\\\/devicenow.com\\\/#website\",\"url\":\"https:\\\/\\\/devicenow.com\\\/\",\"name\":\"devicenow\",\"description\":\"\",\"potentialAction\":[{\"@type\":\"SearchAction\",\"target\":{\"@type\":\"EntryPoint\",\"urlTemplate\":\"https:\\\/\\\/devicenow.com\\\/?s={search_term_string}\"},\"query-input\":{\"@type\":\"PropertyValueSpecification\",\"valueRequired\":true,\"valueName\":\"search_term_string\"}}],\"inLanguage\":\"de\"}]}<\/script>\n<!-- \/ Yoast SEO plugin. -->","yoast_head_json":{"title":"Verantwortung f\u00fcr Soziales, Ethik und Umwelt - devicenow","description":"Als globaler IT-Dienstleister mit Gesch\u00e4ftsbeziehungen in vielen L\u00e4ndern der Welt erf\u00fcllt devicenow vollst\u00e4ndig alle lokalen, regionalen, nationalen und internationalen Gesetze und Vorschriften und erwartet dies auch von allen beteiligten Parteien.","robots":{"index":"index","follow":"follow","max-snippet":"max-snippet:-1","max-image-preview":"max-image-preview:large","max-video-preview":"max-video-preview:-1"},"canonical":"https:\/\/devicenow.com\/de\/unser-engagement\/","og_locale":"de_DE","og_type":"article","og_title":"Verantwortung f\u00fcr Soziales, Ethik und Umwelt - devicenow","og_description":"Als globaler IT-Dienstleister mit Gesch\u00e4ftsbeziehungen in vielen L\u00e4ndern der Welt erf\u00fcllt devicenow vollst\u00e4ndig alle lokalen, regionalen, nationalen und internationalen Gesetze und Vorschriften und erwartet dies auch von allen beteiligten Parteien.","og_url":"https:\/\/devicenow.com\/de\/unser-engagement\/","og_site_name":"devicenow","article_modified_time":"2026-03-19T14:36:42+00:00","og_image":[{"width":2560,"height":1707,"url":"https:\/\/devicenow.com\/wp-content\/uploads\/sustainable-scaled.jpg","type":"image\/jpeg"}],"twitter_card":"summary_large_image","schema":{"@context":"https:\/\/schema.org","@graph":[{"@type":"WebPage","@id":"https:\/\/devicenow.com\/de\/unser-engagement\/","url":"https:\/\/devicenow.com\/de\/unser-engagement\/","name":"Verantwortung f\u00fcr Soziales, Ethik und Umwelt - devicenow","isPartOf":{"@id":"https:\/\/devicenow.com\/#website"},"primaryImageOfPage":{"@id":"https:\/\/devicenow.com\/de\/unser-engagement\/#primaryimage"},"image":{"@id":"https:\/\/devicenow.com\/de\/unser-engagement\/#primaryimage"},"thumbnailUrl":"https:\/\/devicenow.com\/wp-content\/uploads\/sustainable-scaled.jpg","datePublished":"2025-03-04T09:58:16+00:00","dateModified":"2026-03-19T14:36:42+00:00","description":"Als globaler IT-Dienstleister mit Gesch\u00e4ftsbeziehungen in vielen L\u00e4ndern der Welt erf\u00fcllt devicenow vollst\u00e4ndig alle lokalen, regionalen, nationalen und internationalen Gesetze und Vorschriften und erwartet dies auch von allen beteiligten Parteien.","breadcrumb":{"@id":"https:\/\/devicenow.com\/de\/unser-engagement\/#breadcrumb"},"inLanguage":"de","potentialAction":[{"@type":"ReadAction","target":["https:\/\/devicenow.com\/de\/unser-engagement\/"]}]},{"@type":"ImageObject","inLanguage":"de","@id":"https:\/\/devicenow.com\/de\/unser-engagement\/#primaryimage","url":"https:\/\/devicenow.com\/wp-content\/uploads\/sustainable-scaled.jpg","contentUrl":"https:\/\/devicenow.com\/wp-content\/uploads\/sustainable-scaled.jpg","width":2560,"height":1707,"caption":"Woods in the mountains"},{"@type":"BreadcrumbList","@id":"https:\/\/devicenow.com\/de\/unser-engagement\/#breadcrumb","itemListElement":[{"@type":"ListItem","position":1,"name":"Strona g\u0142\u00f3wna","item":"https:\/\/devicenow.com\/de\/"},{"@type":"ListItem","position":2,"name":"Unser Engagement"}]},{"@type":"WebSite","@id":"https:\/\/devicenow.com\/#website","url":"https:\/\/devicenow.com\/","name":"devicenow","description":"","potentialAction":[{"@type":"SearchAction","target":{"@type":"EntryPoint","urlTemplate":"https:\/\/devicenow.com\/?s={search_term_string}"},"query-input":{"@type":"PropertyValueSpecification","valueRequired":true,"valueName":"search_term_string"}}],"inLanguage":"de"}]}},"meta_box":{"description":"","descriptionde":"","descriptionnl":"","descriptiontr":"","descriptionit":"","descriptionfr":"","descriptiongr":"","descriptionpt":""},"_links":{"self":[{"href":"https:\/\/devicenow.com\/de\/wp-json\/wp\/v2\/pages\/5428","targetHints":{"allow":["GET"]}}],"collection":[{"href":"https:\/\/devicenow.com\/de\/wp-json\/wp\/v2\/pages"}],"about":[{"href":"https:\/\/devicenow.com\/de\/wp-json\/wp\/v2\/types\/page"}],"author":[{"embeddable":true,"href":"https:\/\/devicenow.com\/de\/wp-json\/wp\/v2\/users\/11"}],"replies":[{"embeddable":true,"href":"https:\/\/devicenow.com\/de\/wp-json\/wp\/v2\/comments?post=5428"}],"version-history":[{"count":5,"href":"https:\/\/devicenow.com\/de\/wp-json\/wp\/v2\/pages\/5428\/revisions"}],"predecessor-version":[{"id":20123,"href":"https:\/\/devicenow.com\/de\/wp-json\/wp\/v2\/pages\/5428\/revisions\/20123"}],"wp:featuredmedia":[{"embeddable":true,"href":"https:\/\/devicenow.com\/de\/wp-json\/wp\/v2\/media\/2019"}],"wp:attachment":[{"href":"https:\/\/devicenow.com\/de\/wp-json\/wp\/v2\/media?parent=5428"}],"curies":[{"name":"wp","href":"https:\/\/api.w.org\/{rel}","templated":true}]}}