{"id":2868,"date":"2024-10-14T14:07:13","date_gmt":"2024-10-14T12:07:13","guid":{"rendered":"https:\/\/devicenow.com\/thank-you\/"},"modified":"2025-11-26T13:20:26","modified_gmt":"2025-11-26T12:20:26","slug":"vielen-dank","status":"publish","type":"page","link":"https:\/\/devicenow.com\/de\/vielen-dank\/","title":{"rendered":"Vielen Dank"},"content":{"rendered":"<div class='breakdance'><section class=\"bde-section-2868-101 bde-section\">\n  \n  \n\t\n\n\n\n<div class=\"section-container\"><h1 class=\"bde-heading-2868-102 bde-heading\" data-entrance=\"fade\">\nVielen Dank<br>f\u00fcr Ihre Kontaktaufnahme!\n<\/h1><div class=\"bde-text-2868-103 bde-text\">\nSch\u00f6n, dass Sie sich die Zeit genommen haben, uns zu kontaktieren. Wir werden uns so schnell wie m\u00f6glich bei Ihnen melden. In der Zwischenzeit finden Sie in unseren \u201eFAQ\u201c bereits Antworten auf viele Fragen zu devicenow.\n<\/div><div class=\"bde-div-2868-104 bde-div\">\n  \n  \n\t\n\n\n\n<a class=\"bde-container-link-2868-105 bde-container-link breakdance-link\" href=\"https:\/\/devicenow.com\/de\/faq\/\" target=\"_self\" data-type=\"url\">\n  \n  \n\t\n\n\n\n<div class=\"bde-text-2868-106 bde-text text-color-hover\">\nZum FAQ-Bereich\n<\/div><div class=\"bde-icon-2868-107 bde-icon text-color-hover\">\n\n    \n            <div class=\"bde-icon-icon breakdance-icon-atom\" >\n    \n                    <svg xmlns=\"http:\/\/www.w3.org\/2000\/svg\" viewBox=\"0 0 448 512\"><!--! Font Awesome Free 6.5.1 by @fontawesome - https:\/\/fontawesome.com License - https:\/\/fontawesome.com\/license\/free (Icons: CC BY 4.0, Fonts: SIL OFL 1.1, Code: MIT License) Copyright 2023 Fonticons, Inc. --><path d=\"M438.6 278.6c12.5-12.5 12.5-32.8 0-45.3l-160-160c-12.5-12.5-32.8-12.5-45.3 0s-12.5 32.8 0 45.3L338.8 224 32 224c-17.7 0-32 14.3-32 32s14.3 32 32 32l306.7 0L233.4 393.4c-12.5 12.5-12.5 32.8 0 45.3s32.8 12.5 45.3 0l160-160z\"\/><\/svg>\n        \n        \n        \n            <\/div>\n    \n\n\n<\/div>\n\n<\/a>\n<\/div><div class=\"bde-simple-image-2868-108 bde-simple-image\">\n  \n\n\n\n\n\n  \n    \n      <img decoding=\"async\" class=\"breakdance-image-object\" src=\"https:\/\/devicenow.com\/wp-content\/uploads\/devicenow-circle-big.svg\" width=\"\" height=\"\">\n\n      \n    \n  \n<\/div><div class=\"bde-simple-image-2868-109 bde-simple-image\">\n  \n\n\n\n\n\n  \n    \n      <img decoding=\"async\" class=\"breakdance-image-object\" src=\"https:\/\/devicenow.com\/wp-content\/uploads\/devicenow-circle-big.svg\" width=\"\" height=\"\">\n\n      \n    \n  \n<\/div><\/div>\n<\/section><\/div>","protected":false},"excerpt":{"rendered":"<p>Vielen Dankf\u00fcr Ihre Kontaktaufnahme! Sch\u00f6n, dass Sie sich die Zeit genommen haben, uns zu kontaktieren. Wir werden uns so schnell wie m\u00f6glich bei Ihnen melden. In der Zwischenzeit finden Sie in unseren \u201eFAQ\u201c bereits Antworten auf viele Fragen zu devicenow. Zum FAQ-Bereich<\/p>\n","protected":false},"author":1,"featured_media":0,"parent":0,"menu_order":0,"comment_status":"closed","ping_status":"closed","template":"","meta":{"content-type":"","_breakdance_hide_in_design_set":false,"_breakdance_tags":"","footnotes":""},"class_list":["post-2868","page","type-page","status-publish","hentry"],"yoast_head":"<!-- This site is optimized with the Yoast SEO plugin v27.3 - https:\/\/yoast.com\/product\/yoast-seo-wordpress\/ -->\n<title>Vielen Dank - devicenow<\/title>\n<meta name=\"robots\" content=\"index, follow, max-snippet:-1, max-image-preview:large, max-video-preview:-1\" \/>\n<link rel=\"canonical\" href=\"https:\/\/devicenow.com\/de\/vielen-dank\/\" \/>\n<meta property=\"og:locale\" content=\"de_DE\" \/>\n<meta property=\"og:type\" content=\"article\" \/>\n<meta property=\"og:title\" content=\"Vielen Dank - devicenow\" \/>\n<meta property=\"og:description\" content=\"Vielen Dankf\u00fcr Ihre Kontaktaufnahme! Sch\u00f6n, dass Sie sich die Zeit genommen haben, uns zu kontaktieren. Wir werden uns so schnell wie m\u00f6glich bei Ihnen melden. In der Zwischenzeit finden Sie in unseren \u201eFAQ\u201c bereits Antworten auf viele Fragen zu devicenow. Zum FAQ-Bereich\" \/>\n<meta property=\"og:url\" content=\"https:\/\/devicenow.com\/de\/vielen-dank\/\" \/>\n<meta property=\"og:site_name\" content=\"devicenow\" \/>\n<meta property=\"article:modified_time\" content=\"2025-11-26T12:20:26+00:00\" \/>\n<meta name=\"twitter:card\" content=\"summary_large_image\" \/>\n<script type=\"application\/ld+json\" class=\"yoast-schema-graph\">{\"@context\":\"https:\\\/\\\/schema.org\",\"@graph\":[{\"@type\":\"WebPage\",\"@id\":\"https:\\\/\\\/devicenow.com\\\/de\\\/vielen-dank\\\/\",\"url\":\"https:\\\/\\\/devicenow.com\\\/de\\\/vielen-dank\\\/\",\"name\":\"Vielen Dank - devicenow\",\"isPartOf\":{\"@id\":\"https:\\\/\\\/devicenow.com\\\/#website\"},\"datePublished\":\"2024-10-14T12:07:13+00:00\",\"dateModified\":\"2025-11-26T12:20:26+00:00\",\"breadcrumb\":{\"@id\":\"https:\\\/\\\/devicenow.com\\\/de\\\/vielen-dank\\\/#breadcrumb\"},\"inLanguage\":\"de\",\"potentialAction\":[{\"@type\":\"ReadAction\",\"target\":[\"https:\\\/\\\/devicenow.com\\\/de\\\/vielen-dank\\\/\"]}]},{\"@type\":\"BreadcrumbList\",\"@id\":\"https:\\\/\\\/devicenow.com\\\/de\\\/vielen-dank\\\/#breadcrumb\",\"itemListElement\":[{\"@type\":\"ListItem\",\"position\":1,\"name\":\"Strona g\u0142\u00f3wna\",\"item\":\"https:\\\/\\\/devicenow.com\\\/de\\\/\"},{\"@type\":\"ListItem\",\"position\":2,\"name\":\"Vielen Dank\"}]},{\"@type\":\"WebSite\",\"@id\":\"https:\\\/\\\/devicenow.com\\\/#website\",\"url\":\"https:\\\/\\\/devicenow.com\\\/\",\"name\":\"devicenow\",\"description\":\"\",\"potentialAction\":[{\"@type\":\"SearchAction\",\"target\":{\"@type\":\"EntryPoint\",\"urlTemplate\":\"https:\\\/\\\/devicenow.com\\\/?s={search_term_string}\"},\"query-input\":{\"@type\":\"PropertyValueSpecification\",\"valueRequired\":true,\"valueName\":\"search_term_string\"}}],\"inLanguage\":\"de\"}]}<\/script>\n<!-- \/ Yoast SEO plugin. -->","yoast_head_json":{"title":"Vielen Dank - devicenow","robots":{"index":"index","follow":"follow","max-snippet":"max-snippet:-1","max-image-preview":"max-image-preview:large","max-video-preview":"max-video-preview:-1"},"canonical":"https:\/\/devicenow.com\/de\/vielen-dank\/","og_locale":"de_DE","og_type":"article","og_title":"Vielen Dank - devicenow","og_description":"Vielen Dankf\u00fcr Ihre Kontaktaufnahme! Sch\u00f6n, dass Sie sich die Zeit genommen haben, uns zu kontaktieren. Wir werden uns so schnell wie m\u00f6glich bei Ihnen melden. In der Zwischenzeit finden Sie in unseren \u201eFAQ\u201c bereits Antworten auf viele Fragen zu devicenow. Zum FAQ-Bereich","og_url":"https:\/\/devicenow.com\/de\/vielen-dank\/","og_site_name":"devicenow","article_modified_time":"2025-11-26T12:20:26+00:00","twitter_card":"summary_large_image","schema":{"@context":"https:\/\/schema.org","@graph":[{"@type":"WebPage","@id":"https:\/\/devicenow.com\/de\/vielen-dank\/","url":"https:\/\/devicenow.com\/de\/vielen-dank\/","name":"Vielen Dank - devicenow","isPartOf":{"@id":"https:\/\/devicenow.com\/#website"},"datePublished":"2024-10-14T12:07:13+00:00","dateModified":"2025-11-26T12:20:26+00:00","breadcrumb":{"@id":"https:\/\/devicenow.com\/de\/vielen-dank\/#breadcrumb"},"inLanguage":"de","potentialAction":[{"@type":"ReadAction","target":["https:\/\/devicenow.com\/de\/vielen-dank\/"]}]},{"@type":"BreadcrumbList","@id":"https:\/\/devicenow.com\/de\/vielen-dank\/#breadcrumb","itemListElement":[{"@type":"ListItem","position":1,"name":"Strona g\u0142\u00f3wna","item":"https:\/\/devicenow.com\/de\/"},{"@type":"ListItem","position":2,"name":"Vielen Dank"}]},{"@type":"WebSite","@id":"https:\/\/devicenow.com\/#website","url":"https:\/\/devicenow.com\/","name":"devicenow","description":"","potentialAction":[{"@type":"SearchAction","target":{"@type":"EntryPoint","urlTemplate":"https:\/\/devicenow.com\/?s={search_term_string}"},"query-input":{"@type":"PropertyValueSpecification","valueRequired":true,"valueName":"search_term_string"}}],"inLanguage":"de"}]}},"meta_box":{"description":"","descriptionde":"","descriptionnl":"","descriptiontr":"","descriptionit":"","descriptionfr":"","descriptiongr":"","descriptionpt":""},"_links":{"self":[{"href":"https:\/\/devicenow.com\/de\/wp-json\/wp\/v2\/pages\/2868","targetHints":{"allow":["GET"]}}],"collection":[{"href":"https:\/\/devicenow.com\/de\/wp-json\/wp\/v2\/pages"}],"about":[{"href":"https:\/\/devicenow.com\/de\/wp-json\/wp\/v2\/types\/page"}],"author":[{"embeddable":true,"href":"https:\/\/devicenow.com\/de\/wp-json\/wp\/v2\/users\/1"}],"replies":[{"embeddable":true,"href":"https:\/\/devicenow.com\/de\/wp-json\/wp\/v2\/comments?post=2868"}],"version-history":[{"count":3,"href":"https:\/\/devicenow.com\/de\/wp-json\/wp\/v2\/pages\/2868\/revisions"}],"predecessor-version":[{"id":3683,"href":"https:\/\/devicenow.com\/de\/wp-json\/wp\/v2\/pages\/2868\/revisions\/3683"}],"wp:attachment":[{"href":"https:\/\/devicenow.com\/de\/wp-json\/wp\/v2\/media?parent=2868"}],"curies":[{"name":"wp","href":"https:\/\/api.w.org\/{rel}","templated":true}]}}