{"id":2626,"date":"2024-10-14T15:54:18","date_gmt":"2024-10-14T13:54:18","guid":{"rendered":"https:\/\/devicenow.com\/get-started-with-daas\/"},"modified":"2025-01-02T11:00:05","modified_gmt":"2025-01-02T10:00:05","slug":"jetzt-mit-daas-starten","status":"publish","type":"page","link":"https:\/\/devicenow.com\/de\/jetzt-mit-daas-starten\/","title":{"rendered":"Jetzt mit DaaS starten"},"content":{"rendered":"<div class='breakdance'><section class=\"bde-section-2626-100 bde-section\">\n  \n  \n\t\n\n\n\n        <div class=\"section-shape-divider-wrapper section-shape-divider-wrapper--1\">\n          <span class=\"section-shape-divider\">\n                      <svg\n                xmlns=\"http:\/\/www.w3.org\/2000\/svg\"\n                viewBox=\"0 0 1440 320\"\n                preserveAspectRatio=\"none\"\n            >\n              <path fill=\"currentColor\" fill-opacity=\"1\" d=\"M0,160L120,181.3C240,203,480,245,720,224C960,203,1200,117,1320,74.7L1440,32L1440,320L1320,320C1200,320,960,320,720,320C480,320,240,320,120,320L0,320Z\"><\/path>\n            <\/svg>\n                    <\/span>\n      <\/div>\n  <div class=\"section-container\"><div class=\"bde-simple-image-2626-101 bde-simple-image\">\n  \n\n\n\n\n\n  \n    \n      <img decoding=\"async\" class=\"breakdance-image-object\" src=\"https:\/\/devicenow.com\/wp-content\/uploads\/devicenow-circle-big.svg\" width=\"\" height=\"\">\n\n      \n    \n  \n<\/div><div class=\"bde-div-2626-103 bde-div\">\n  \n  \n\t\n\n\n\n<div class=\"bde-columns-2626-104 bde-columns\"><div class=\"bde-column-2626-105 bde-column\">\n  \n  \n\t\n\n\n\n<h1 class=\"bde-heading-2626-121 bde-heading\">\nDEVICE AS A SERVICE (DAAS) F\u00dcR UNTERNEHMEN IN \u00dcBER 190 L\u00c4NDERN\n<\/h1><h2 class=\"bde-heading-2626-120 bde-heading\">\nJetzt mit DaaS starten\n<\/h2><div class=\"bde-rich-text-2626-115 bde-rich-text breakdance-rich-text-styles\">\n<ul>\n<li>Wechseln Sie von CapEx zu OpEx f\u00fcr mehr finanzielle Flexibilit\u00e4t.<\/li>\n<li>\u00dcberlassen Sie uns die Lifecycle-Services und konzentrieren Sie sich auf Ihr Kerngesch\u00e4ft.<\/li>\n<li>Stellen Sie reibungslose Prozesse sicher \u2013 mit unserem Next-Business-Day-Swap f\u00fcr unterbrechungsfreies Arbeiten.<\/li>\n<li>Vertrauen Sie auf unsere zertifizierte Datenl\u00f6schung \u2013 f\u00fcr ein sicheres Gef\u00fchl beim Offboarding von Ger\u00e4ten.<\/li>\n<li>Setzen Sie auf Kreislaufwirtschaft \u2013 weg vom linearen Ansatz, hin zu nachhaltigen Prozessen.<\/li>\n<\/ul>\n<p>Lassen Sie uns wissen, mit welchem Hardware-Bedarf Sie planen. Wir kalkulieren das passende Angebot und melden uns umgehend bei Ihnen.<\/p>\n<\/div>\n<\/div><div class=\"bde-column-2626-113 bde-column\">\n  \n  \n\t\n\n\n\n<div class=\"bde-div-2626-116 bde-div custom-form\">\n  \n  \n\t\n\n\n\n<div class=\"bde-code-block-2626-119 bde-code-block\">\n\n  <script charset=\"utf-8\" type=\"text\/javascript\" src=\"\/\/js-eu1.hsforms.net\/forms\/embed\/v2.js\"><\/script>\n<script>\n  hbspt.forms.create({\n    portalId: \"25800042\",\n    formId: \"f7c5341f-0dcd-43a6-a630-e3db6606ee1b\"\n  });\n<\/script>\n\n\n<\/div>\n<\/div>\n<\/div><\/div>\n<\/div><\/div>\n<\/section><\/div>","protected":false},"excerpt":{"rendered":"<p>DEVICE AS A SERVICE (DAAS) F\u00dcR UNTERNEHMEN IN \u00dcBER 190 L\u00c4NDERN Jetzt mit DaaS starten Wechseln Sie von CapEx zu OpEx f\u00fcr mehr finanzielle Flexibilit\u00e4t. \u00dcberlassen Sie uns die Lifecycle-Services und konzentrieren Sie sich auf Ihr Kerngesch\u00e4ft. Stellen Sie reibungslose Prozesse sicher \u2013 mit unserem Next-Business-Day-Swap f\u00fcr unterbrechungsfreies Arbeiten. Vertrauen Sie auf unsere zertifizierte Datenl\u00f6schung [&hellip;]<\/p>\n","protected":false},"author":1,"featured_media":452,"parent":0,"menu_order":0,"comment_status":"closed","ping_status":"closed","template":"","meta":{"content-type":"","_breakdance_hide_in_design_set":false,"_breakdance_tags":"","footnotes":""},"class_list":["post-2626","page","type-page","status-publish","has-post-thumbnail","hentry"],"yoast_head":"<!-- This site is optimized with the Yoast SEO plugin v27.3 - https:\/\/yoast.com\/product\/yoast-seo-wordpress\/ -->\n<title>Jetzt mit DaaS starten - devicenow<\/title>\n<meta name=\"description\" content=\"Teilen Sie uns mehr \u00fcber Ihre IT-Bed\u00fcrfnisse mit und erhalten Sie unser Preisangebot. Kontaktieren Sie uns, und wir melden uns umgehend bei Ihnen.\" \/>\n<meta name=\"robots\" content=\"index, follow, max-snippet:-1, max-image-preview:large, max-video-preview:-1\" \/>\n<link rel=\"canonical\" href=\"https:\/\/devicenow.com\/de\/jetzt-mit-daas-starten\/\" \/>\n<meta property=\"og:locale\" content=\"de_DE\" \/>\n<meta property=\"og:type\" content=\"article\" \/>\n<meta property=\"og:title\" content=\"Jetzt mit DaaS starten - devicenow\" \/>\n<meta property=\"og:description\" content=\"Teilen Sie uns mehr \u00fcber Ihre IT-Bed\u00fcrfnisse mit und erhalten Sie unser Preisangebot. Kontaktieren Sie uns, und wir melden uns umgehend bei Ihnen.\" \/>\n<meta property=\"og:url\" content=\"https:\/\/devicenow.com\/de\/jetzt-mit-daas-starten\/\" \/>\n<meta property=\"og:site_name\" content=\"devicenow\" \/>\n<meta property=\"article:modified_time\" content=\"2025-01-02T10:00:05+00:00\" \/>\n<meta property=\"og:image\" content=\"https:\/\/devicenow.com\/wp-content\/uploads\/dn_phones_layer_full.png\" \/>\n\t<meta property=\"og:image:width\" content=\"3000\" \/>\n\t<meta property=\"og:image:height\" content=\"2000\" \/>\n\t<meta property=\"og:image:type\" content=\"image\/png\" \/>\n<meta name=\"twitter:card\" content=\"summary_large_image\" \/>\n<script type=\"application\/ld+json\" class=\"yoast-schema-graph\">{\"@context\":\"https:\\\/\\\/schema.org\",\"@graph\":[{\"@type\":\"WebPage\",\"@id\":\"https:\\\/\\\/devicenow.com\\\/de\\\/jetzt-mit-daas-starten\\\/\",\"url\":\"https:\\\/\\\/devicenow.com\\\/de\\\/jetzt-mit-daas-starten\\\/\",\"name\":\"Jetzt mit DaaS starten - devicenow\",\"isPartOf\":{\"@id\":\"https:\\\/\\\/devicenow.com\\\/#website\"},\"primaryImageOfPage\":{\"@id\":\"https:\\\/\\\/devicenow.com\\\/de\\\/jetzt-mit-daas-starten\\\/#primaryimage\"},\"image\":{\"@id\":\"https:\\\/\\\/devicenow.com\\\/de\\\/jetzt-mit-daas-starten\\\/#primaryimage\"},\"thumbnailUrl\":\"https:\\\/\\\/devicenow.com\\\/wp-content\\\/uploads\\\/dn_phones_layer_full.png\",\"datePublished\":\"2024-10-14T13:54:18+00:00\",\"dateModified\":\"2025-01-02T10:00:05+00:00\",\"description\":\"Teilen Sie uns mehr \u00fcber Ihre IT-Bed\u00fcrfnisse mit und erhalten Sie unser Preisangebot. Kontaktieren Sie uns, und wir melden uns umgehend bei Ihnen.\",\"breadcrumb\":{\"@id\":\"https:\\\/\\\/devicenow.com\\\/de\\\/jetzt-mit-daas-starten\\\/#breadcrumb\"},\"inLanguage\":\"de\",\"potentialAction\":[{\"@type\":\"ReadAction\",\"target\":[\"https:\\\/\\\/devicenow.com\\\/de\\\/jetzt-mit-daas-starten\\\/\"]}]},{\"@type\":\"ImageObject\",\"inLanguage\":\"de\",\"@id\":\"https:\\\/\\\/devicenow.com\\\/de\\\/jetzt-mit-daas-starten\\\/#primaryimage\",\"url\":\"https:\\\/\\\/devicenow.com\\\/wp-content\\\/uploads\\\/dn_phones_layer_full.png\",\"contentUrl\":\"https:\\\/\\\/devicenow.com\\\/wp-content\\\/uploads\\\/dn_phones_layer_full.png\",\"width\":3000,\"height\":2000,\"caption\":\"dn_phones_layer_full\"},{\"@type\":\"BreadcrumbList\",\"@id\":\"https:\\\/\\\/devicenow.com\\\/de\\\/jetzt-mit-daas-starten\\\/#breadcrumb\",\"itemListElement\":[{\"@type\":\"ListItem\",\"position\":1,\"name\":\"Strona g\u0142\u00f3wna\",\"item\":\"https:\\\/\\\/devicenow.com\\\/de\\\/\"},{\"@type\":\"ListItem\",\"position\":2,\"name\":\"Jetzt mit DaaS starten\"}]},{\"@type\":\"WebSite\",\"@id\":\"https:\\\/\\\/devicenow.com\\\/#website\",\"url\":\"https:\\\/\\\/devicenow.com\\\/\",\"name\":\"devicenow\",\"description\":\"\",\"potentialAction\":[{\"@type\":\"SearchAction\",\"target\":{\"@type\":\"EntryPoint\",\"urlTemplate\":\"https:\\\/\\\/devicenow.com\\\/?s={search_term_string}\"},\"query-input\":{\"@type\":\"PropertyValueSpecification\",\"valueRequired\":true,\"valueName\":\"search_term_string\"}}],\"inLanguage\":\"de\"}]}<\/script>\n<!-- \/ Yoast SEO plugin. -->","yoast_head_json":{"title":"Jetzt mit DaaS starten - devicenow","description":"Teilen Sie uns mehr \u00fcber Ihre IT-Bed\u00fcrfnisse mit und erhalten Sie unser Preisangebot. Kontaktieren Sie uns, und wir melden uns umgehend bei Ihnen.","robots":{"index":"index","follow":"follow","max-snippet":"max-snippet:-1","max-image-preview":"max-image-preview:large","max-video-preview":"max-video-preview:-1"},"canonical":"https:\/\/devicenow.com\/de\/jetzt-mit-daas-starten\/","og_locale":"de_DE","og_type":"article","og_title":"Jetzt mit DaaS starten - devicenow","og_description":"Teilen Sie uns mehr \u00fcber Ihre IT-Bed\u00fcrfnisse mit und erhalten Sie unser Preisangebot. Kontaktieren Sie uns, und wir melden uns umgehend bei Ihnen.","og_url":"https:\/\/devicenow.com\/de\/jetzt-mit-daas-starten\/","og_site_name":"devicenow","article_modified_time":"2025-01-02T10:00:05+00:00","og_image":[{"width":3000,"height":2000,"url":"https:\/\/devicenow.com\/wp-content\/uploads\/dn_phones_layer_full.png","type":"image\/png"}],"twitter_card":"summary_large_image","schema":{"@context":"https:\/\/schema.org","@graph":[{"@type":"WebPage","@id":"https:\/\/devicenow.com\/de\/jetzt-mit-daas-starten\/","url":"https:\/\/devicenow.com\/de\/jetzt-mit-daas-starten\/","name":"Jetzt mit DaaS starten - devicenow","isPartOf":{"@id":"https:\/\/devicenow.com\/#website"},"primaryImageOfPage":{"@id":"https:\/\/devicenow.com\/de\/jetzt-mit-daas-starten\/#primaryimage"},"image":{"@id":"https:\/\/devicenow.com\/de\/jetzt-mit-daas-starten\/#primaryimage"},"thumbnailUrl":"https:\/\/devicenow.com\/wp-content\/uploads\/dn_phones_layer_full.png","datePublished":"2024-10-14T13:54:18+00:00","dateModified":"2025-01-02T10:00:05+00:00","description":"Teilen Sie uns mehr \u00fcber Ihre IT-Bed\u00fcrfnisse mit und erhalten Sie unser Preisangebot. Kontaktieren Sie uns, und wir melden uns umgehend bei Ihnen.","breadcrumb":{"@id":"https:\/\/devicenow.com\/de\/jetzt-mit-daas-starten\/#breadcrumb"},"inLanguage":"de","potentialAction":[{"@type":"ReadAction","target":["https:\/\/devicenow.com\/de\/jetzt-mit-daas-starten\/"]}]},{"@type":"ImageObject","inLanguage":"de","@id":"https:\/\/devicenow.com\/de\/jetzt-mit-daas-starten\/#primaryimage","url":"https:\/\/devicenow.com\/wp-content\/uploads\/dn_phones_layer_full.png","contentUrl":"https:\/\/devicenow.com\/wp-content\/uploads\/dn_phones_layer_full.png","width":3000,"height":2000,"caption":"dn_phones_layer_full"},{"@type":"BreadcrumbList","@id":"https:\/\/devicenow.com\/de\/jetzt-mit-daas-starten\/#breadcrumb","itemListElement":[{"@type":"ListItem","position":1,"name":"Strona g\u0142\u00f3wna","item":"https:\/\/devicenow.com\/de\/"},{"@type":"ListItem","position":2,"name":"Jetzt mit DaaS starten"}]},{"@type":"WebSite","@id":"https:\/\/devicenow.com\/#website","url":"https:\/\/devicenow.com\/","name":"devicenow","description":"","potentialAction":[{"@type":"SearchAction","target":{"@type":"EntryPoint","urlTemplate":"https:\/\/devicenow.com\/?s={search_term_string}"},"query-input":{"@type":"PropertyValueSpecification","valueRequired":true,"valueName":"search_term_string"}}],"inLanguage":"de"}]}},"meta_box":{"description":"","descriptionde":"","descriptionnl":"","descriptiontr":"","descriptionit":"","descriptionfr":"","descriptiongr":"","descriptionpt":""},"_links":{"self":[{"href":"https:\/\/devicenow.com\/de\/wp-json\/wp\/v2\/pages\/2626","targetHints":{"allow":["GET"]}}],"collection":[{"href":"https:\/\/devicenow.com\/de\/wp-json\/wp\/v2\/pages"}],"about":[{"href":"https:\/\/devicenow.com\/de\/wp-json\/wp\/v2\/types\/page"}],"author":[{"embeddable":true,"href":"https:\/\/devicenow.com\/de\/wp-json\/wp\/v2\/users\/1"}],"replies":[{"embeddable":true,"href":"https:\/\/devicenow.com\/de\/wp-json\/wp\/v2\/comments?post=2626"}],"version-history":[{"count":5,"href":"https:\/\/devicenow.com\/de\/wp-json\/wp\/v2\/pages\/2626\/revisions"}],"predecessor-version":[{"id":3921,"href":"https:\/\/devicenow.com\/de\/wp-json\/wp\/v2\/pages\/2626\/revisions\/3921"}],"wp:featuredmedia":[{"embeddable":true,"href":"https:\/\/devicenow.com\/de\/wp-json\/wp\/v2\/media\/452"}],"wp:attachment":[{"href":"https:\/\/devicenow.com\/de\/wp-json\/wp\/v2\/media?parent=2626"}],"curies":[{"name":"wp","href":"https:\/\/api.w.org\/{rel}","templated":true}]}}