{"id":2584,"date":"2024-10-15T12:24:30","date_gmt":"2024-10-15T10:24:30","guid":{"rendered":"https:\/\/devicenow.com\/benefits\/"},"modified":"2026-03-24T15:45:26","modified_gmt":"2026-03-24T14:45:26","slug":"vorteile","status":"publish","type":"page","link":"https:\/\/devicenow.com\/de\/vorteile\/","title":{"rendered":"Vorteile"},"content":{"rendered":"<div class='breakdance'><section class=\"bde-section-2584-235 bde-section\">\n              \n  \n  \n\t\n\n  <div class=\"section-background-overlay\"><\/div>\n\n\n        <div class=\"section-shape-divider-wrapper section-shape-divider-wrapper--1\">\n          <span class=\"section-shape-divider\">\n                      <svg\n                xmlns=\"http:\/\/www.w3.org\/2000\/svg\"\n                viewBox=\"0 0 1440 320\"\n                preserveAspectRatio=\"none\"\n            >\n              <path fill=\"currentColor\" fill-opacity=\"1\" d=\"M0,128L80,154.7C160,181,320,235,480,261.3C640,288,800,288,960,240C1120,192,1280,96,1360,48L1440,0L1440,320L1360,320C1280,320,1120,320,960,320C800,320,640,320,480,320C320,320,160,320,80,320L0,320Z\"><\/path>\n            <\/svg>\n                    <\/span>\n      <\/div>\n  <div class=\"section-container\"><div class=\"bde-div-2584-236 bde-div\">\n  \n  \n\t\n\n\n\n<div class=\"bde-columns-2584-237 bde-columns\"><div class=\"bde-column-2584-238 bde-column\">\n  \n  \n\t\n\n\n\n<h1 class=\"bde-heading-2584-239 bde-heading\">\nDie Vorteile von <br>Device as a Service\n<\/h1><div class=\"bde-text-2584-243 bde-text\">\nMit DaaS vereinfachen Sie Ihr Ger\u00e4temanagement, senken Kosten und steigern Ihre Flexibilit\u00e4t. Entdecken Sie die wichtigsten Vorteile und wie unsere L\u00f6sungen Ihre Abl\u00e4ufe verbessern.\n<\/div>\n<\/div><div class=\"bde-column-2584-241 bde-column\">\n  \n  \n\t\n\n\n\n<img decoding=\"async\" class=\"bde-image2-2584-242 bde-image2\" src=\"https:\/\/devicenow.com\/wp-content\/uploads\/Header_Benefits_of_DaaS-1.png\" loading=\"lazy\" srcset=\"https:\/\/devicenow.com\/wp-content\/uploads\/Header_Benefits_of_DaaS-1.png 1536w, https:\/\/devicenow.com\/wp-content\/uploads\/Header_Benefits_of_DaaS-1-448x299.png 448w, https:\/\/devicenow.com\/wp-content\/uploads\/Header_Benefits_of_DaaS-1-1024x683.png 1024w, https:\/\/devicenow.com\/wp-content\/uploads\/Header_Benefits_of_DaaS-1-150x100.png 150w, https:\/\/devicenow.com\/wp-content\/uploads\/Header_Benefits_of_DaaS-1-768x512.png 768w\" sizes=\"(max-width: 1536px) 100vw, 1536px\">\n<\/div><\/div>\n<\/div><\/div>\n<\/section><section class=\"bde-section-2584-178 bde-section\">\n  \n  \n\t\n\n\n\n<div class=\"section-container\"><div class=\"bde-div-2584-179 bde-div\">\n  \n  \n\t\n\n\n\n<div class=\"de-table-2584-180 de-table\">\n\n<table>\n        \n            <thead>\n            <tr>\n                                                        <th class=\"de-table-head\" >\n                        \n                    <\/th>\n                                                        <th class=\"de-table-head\" >\n                        Kauf\n                    <\/th>\n                                                        <th class=\"de-table-head\" >\n                        Traditionelles Leasing\n                    <\/th>\n                                                        <th class=\"de-table-head\" >\n                        devicenow \u2028Device as a Service \n                    <\/th>\n                            <\/tr>\n        <\/thead>\n        \n    <tbody>\n                                    <tr>\n                                                                    <td>\n                                                            <b>Eigentum am Ger\u00e4t<\/b>\n                                                    <\/td>\n                                                                    <td>\n                                                            Vollst\u00e4ndiges Eigentum. Die Ger\u00e4te geh\u00f6ren dem Unternehmen und werden entsprechend bilanziert. Veraltete Hardware verbleibt im Unternehmen.\n                                                    <\/td>\n                                                                    <td>\n                                                            Kein Eigentum bzw. Eigentum nach Ablauf des Leasingzeitraums, wenn die Ger\u00e4te veraltet und am Ende ihres Lebenszyklus sind.\n                                                    <\/td>\n                                                                    <td>\n                                                            Zugriff auf Premium-Hardware ohne bilanzielle Auswirkungen auf den Verm\u00f6genswert. Kein Aufwand mit veralteter, nicht l\u00e4nger ben\u00f6tigter Hardware.\n                                                    <\/td>\n                                    <\/tr>\n                            <tr>\n                                                                    <td>\n                                                            <b>Kostenart<\/b>\n                                                    <\/td>\n                                                                    <td>\n                                                            Hohe Anschaffungskosten als einmalige Ausgabe im Voraus.\n                                                    <\/td>\n                                                                    <td>\n                                                            Feste monatliche Leasingraten \u00fcber den gesamten Leasingzeitraum.\n                                                    <\/td>\n                                                                    <td>\n                                                            Vorhersehbare monatliche Raten, abh\u00e4ngig von der Nutzung.\n                                                    <\/td>\n                                    <\/tr>\n                            <tr>\n                                                                    <td>\n                                                            <b>Lebenszyklus-Management <\/b>\n                                                    <\/td>\n                                                                    <td>\n                                                            Sie verantworten das Lebenszyklus-Management der Ger\u00e4te inklusive der zertifizierten Datenl\u00f6schung am Ende der Lebensdauer, dem Verkauf oder der Entsorgung.\n                                                    <\/td>\n                                                                    <td>\n                                                            Beim Leasing obliegt Ihnen das Lebenszyklus-Management am Ende der Laufzeit, inklusive Datenl\u00f6schung, Verkauf oder Entsorgung.\n                                                    <\/td>\n                                                                    <td>\n                                                            Mit DaaS verwalten wir den gesamten Lebenszyklusprozess, von der Beschaffung bis zur zertifizierten Datenl\u00f6schung, Wiederverwendung und dem Recycling am Ende der Nutzungsdauer.\n                                                    <\/td>\n                                    <\/tr>\n                            <tr>\n                                                                    <td>\n                                                            <b>Wartungs- und Reparaturkosten<\/b>\n                                                    <\/td>\n                                                                    <td>\n                                                            Sie tragen die Kosten und organisieren die Logistik f\u00fcr alle anfallenden Reparaturen und Wartungsarbeiten.\n                                                    <\/td>\n                                                                    <td>\n                                                            Beim Leasing tragen Sie die Kosten und die Verantwortung f\u00fcr Reparaturen und Wartung. Externe Dienstleister k\u00f6nnen erforderlich sein.\n                                                    <\/td>\n                                                                    <td>\n                                                            Ihre Ger\u00e4te werden im Service-Fall schon am n\u00e4chsten Arbeitstag ausgetauscht, unabh\u00e4ngig von Land und Standort.\n                                                    <\/td>\n                                    <\/tr>\n                            <tr>\n                                                                    <td>\n                                                            <b>Flexibilit\u00e4t<\/b>\n                                                    <\/td>\n                                                                    <td>\n                                                            Keine Flexibilit\u00e4t nach dem Kauf.\n                                                    <\/td>\n                                                                    <td>\n                                                            Feste Laufzeiten mit wenig Flexibilit\u00e4t f\u00fcr Vertragsanpassungen w\u00e4hrend der Laufzeit.\n                                                    <\/td>\n                                                                    <td>\n                                                            Hohe Flexibilit\u00e4t bei Vertragsanpassungen entsprechend den realen Anforderungen in Ihrem Unternehmen.\n                                                    <\/td>\n                                    <\/tr>\n                        <\/tbody>\n<\/table>\n\n<\/div>\n<\/div><\/div>\n<\/section><section class=\"bde-section-2584-244 bde-section\">\n  \n  \n\t\n\n\n\n<div class=\"section-container\"><div class=\"bde-columns-2584-245 bde-columns\"><div class=\"bde-column-2584-246 bde-column\">\n  \n  \n\t\n\n\n\n<h2 class=\"bde-heading-2584-247 bde-heading\">\nSparen Sie Zeit und Kosten\n<\/h2><div class=\"bde-text-2584-248 bde-text\">\nUnternehmen profitieren von erheblichen Kostenvorteilen und sparen wertvolle Zeit, indem sie das Management ihrer Hardware an einen Spezialisten auslagern. devicenow bietet Ihnen ein umfassendes Leistungsspektrum mit einem einzigen Vertrag f\u00fcr die globale Bereitstellung von Device as a Service. Das Ergebnis: transparente, kalkulierbare und bedarfsorientierte Kosten sowie die effiziente Nutzung der Ressourcen.\n<\/div>\n<\/div><div class=\"bde-column-2584-249 bde-column\">\n  \n  \n\t\n\n\n\n<img decoding=\"async\" class=\"bde-image2-2584-250 bde-image2\" src=\"https:\/\/devicenow.com\/wp-content\/uploads\/benefits-of-daas.png\" loading=\"lazy\" srcset=\"https:\/\/devicenow.com\/wp-content\/uploads\/benefits-of-daas.png 1600w, https:\/\/devicenow.com\/wp-content\/uploads\/benefits-of-daas-448x298.png 448w, https:\/\/devicenow.com\/wp-content\/uploads\/benefits-of-daas-1024x682.png 1024w, https:\/\/devicenow.com\/wp-content\/uploads\/benefits-of-daas-150x100.png 150w, https:\/\/devicenow.com\/wp-content\/uploads\/benefits-of-daas-768x512.png 768w, https:\/\/devicenow.com\/wp-content\/uploads\/benefits-of-daas-1536x1023.png 1536w\" sizes=\"(max-width: 1600px) 100vw, 1600px\">\n<\/div><\/div><\/div>\n<\/section><section class=\"bde-section-2584-251 bde-section\">\n              \n  \n  \n\t\n\n  <div class=\"section-background-overlay\"><\/div>\n\n\n        <div class=\"section-shape-divider-wrapper section-shape-divider-wrapper--1\">\n          <span class=\"section-shape-divider\">\n                      <svg\n                xmlns=\"http:\/\/www.w3.org\/2000\/svg\"\n                viewBox=\"0 0 1440 320\"\n                preserveAspectRatio=\"none\"\n            >\n              <path fill=\"currentColor\" fill-opacity=\"1\" d=\"M0,128L80,154.7C160,181,320,235,480,261.3C640,288,800,288,960,240C1120,192,1280,96,1360,48L1440,0L1440,320L1360,320C1280,320,1120,320,960,320C800,320,640,320,480,320C320,320,160,320,80,320L0,320Z\"><\/path>\n            <\/svg>\n                    <\/span>\n      <\/div>\n  <div class=\"section-container\"><div class=\"bde-columns-2584-252 bde-columns\"><div class=\"bde-column-2584-253 bde-column\">\n  \n  \n\t\n\n\n\n<img decoding=\"async\" class=\"bde-image2-2584-254 bde-image2\" src=\"https:\/\/devicenow.com\/wp-content\/uploads\/smiling-and-talking-men-and-woman-are-working-in-2026-01-08-23-48-32-utc.jpg\" loading=\"lazy\" srcset=\"https:\/\/devicenow.com\/wp-content\/uploads\/smiling-and-talking-men-and-woman-are-working-in-2026-01-08-23-48-32-utc.jpg 1600w, https:\/\/devicenow.com\/wp-content\/uploads\/smiling-and-talking-men-and-woman-are-working-in-2026-01-08-23-48-32-utc-448x448.jpg 448w, https:\/\/devicenow.com\/wp-content\/uploads\/smiling-and-talking-men-and-woman-are-working-in-2026-01-08-23-48-32-utc-1024x1025.jpg 1024w, https:\/\/devicenow.com\/wp-content\/uploads\/smiling-and-talking-men-and-woman-are-working-in-2026-01-08-23-48-32-utc-150x150.jpg 150w, https:\/\/devicenow.com\/wp-content\/uploads\/smiling-and-talking-men-and-woman-are-working-in-2026-01-08-23-48-32-utc-768x768.jpg 768w, https:\/\/devicenow.com\/wp-content\/uploads\/smiling-and-talking-men-and-woman-are-working-in-2026-01-08-23-48-32-utc-1536x1536.jpg 1536w\" sizes=\"(max-width: 1600px) 100vw, 1600px\">\n<\/div><div class=\"bde-column-2584-255 bde-column\">\n  \n  \n\t\n\n\n\n<h2 class=\"bde-heading-2584-256 bde-heading\">\nStatten Sie Ihr Team mit modernster und sicherer Technologie aus\n<\/h2><div class=\"bde-text-2584-257 bde-text\">\nUnser DaaS-Angebot versorgt Ihre Mitarbeiter mit den neuesten Ger\u00e4ten und gew\u00e4hrleistet ein hohes Ma\u00df an Sicherheit f\u00fcr Ihr Unternehmen. Unsere Partner sind Branchenf\u00fchrer wie HP, Lenovo, Dell und Apple. So w\u00e4hlen Sie aus einer gro\u00dfen Auswahl an Ger\u00e4ten, die Ihren individuellen Anforderungen entsprechen.\n<\/div>\n<\/div><\/div><\/div>\n<\/section><section class=\"bde-section-2584-208 bde-section\">\n  \n  \n\t\n\n\n\n<div class=\"section-container\"><div class=\"bde-div-2584-209 bde-div\">\n  \n  \n\t\n\n\n\n<div class=\"bde-div-2584-210 bde-div\" data-entrance=\"fade\">\n              \n  \n  \n\t\n\n\n\n<h2 class=\"bde-heading-2584-211 bde-heading\" data-entrance=\"fade\">\nBereit f\u00fcr modernes<br>IT-Arbeitsplatz-Management?\n<\/h2><div class=\"bde-div-2584-258 bde-div\">\n  \n  \n\t\n\n\n\n<a class=\"bde-container-link-2584-259 bde-container-link breakdance-link\" href=\"https:\/\/devicenow.com\/de\/jetzt-mit-daas-starten\/\" target=\"_self\" data-type=\"url\">\n  \n  \n\t\n\n\n\n<div class=\"bde-text-2584-260 bde-text text-color-hover\">\nJetzt kontaktieren\n<\/div><div class=\"bde-icon-2584-261 bde-icon text-color-hover\">\n\n    \n            <div class=\"bde-icon-icon breakdance-icon-atom\" >\n    \n                    <svg xmlns=\"http:\/\/www.w3.org\/2000\/svg\" viewBox=\"0 0 448 512\"><!--! Font Awesome Free 6.5.1 by @fontawesome - https:\/\/fontawesome.com License - https:\/\/fontawesome.com\/license\/free (Icons: CC BY 4.0, Fonts: SIL OFL 1.1, Code: MIT License) Copyright 2023 Fonticons, Inc. --><path d=\"M438.6 278.6c12.5-12.5 12.5-32.8 0-45.3l-160-160c-12.5-12.5-32.8-12.5-45.3 0s-12.5 32.8 0 45.3L338.8 224 32 224c-17.7 0-32 14.3-32 32s14.3 32 32 32l306.7 0L233.4 393.4c-12.5 12.5-12.5 32.8 0 45.3s32.8 12.5 45.3 0l160-160z\"\/><\/svg>\n        \n        \n        \n            <\/div>\n    \n\n\n<\/div>\n\n<\/a>\n<\/div>\n<\/div>\n<\/div><\/div>\n<\/section><\/div>","protected":false},"excerpt":{"rendered":"<p>Die Vorteile von Device as a Service Mit DaaS vereinfachen Sie Ihr Ger\u00e4temanagement, senken Kosten und steigern Ihre Flexibilit\u00e4t. Entdecken Sie die wichtigsten Vorteile und wie unsere L\u00f6sungen Ihre Abl\u00e4ufe verbessern. Kauf Traditionelles Leasing devicenow \u2028Device as a Service Eigentum am Ger\u00e4t Vollst\u00e4ndiges Eigentum. Die Ger\u00e4te geh\u00f6ren dem Unternehmen und werden entsprechend bilanziert. Veraltete Hardware [&hellip;]<\/p>\n","protected":false},"author":1,"featured_media":18895,"parent":0,"menu_order":0,"comment_status":"closed","ping_status":"closed","template":"","meta":{"content-type":"","_breakdance_hide_in_design_set":false,"_breakdance_tags":"","footnotes":""},"class_list":["post-2584","page","type-page","status-publish","has-post-thumbnail","hentry"],"yoast_head":"<!-- This site is optimized with the Yoast SEO plugin v27.4 - https:\/\/yoast.com\/product\/yoast-seo-wordpress\/ -->\n<title>Vorteile von Device as a Service \u2013 Smartere Workplace-IT<\/title>\n<meta name=\"description\" content=\"Erfahren Sie, wie devicenow DaaS Kosten senkt, Flexibilit\u00e4t erh\u00f6ht und den Aufwand f\u00fcr Ger\u00e4teverwaltung im Vergleich zu Kauf oder Leasing reduziert.\" \/>\n<meta name=\"robots\" content=\"index, follow, max-snippet:-1, max-image-preview:large, max-video-preview:-1\" \/>\n<link rel=\"canonical\" href=\"https:\/\/devicenow.com\/de\/vorteile\/\" \/>\n<meta property=\"og:locale\" content=\"de_DE\" \/>\n<meta property=\"og:type\" content=\"article\" \/>\n<meta property=\"og:title\" content=\"Vorteile von Device as a Service \u2013 Smartere Workplace-IT\" \/>\n<meta property=\"og:description\" content=\"Erfahren Sie, wie devicenow DaaS Kosten senkt, Flexibilit\u00e4t erh\u00f6ht und den Aufwand f\u00fcr Ger\u00e4teverwaltung im Vergleich zu Kauf oder Leasing reduziert.\" \/>\n<meta property=\"og:url\" content=\"https:\/\/devicenow.com\/de\/vorteile\/\" \/>\n<meta property=\"og:site_name\" content=\"devicenow\" \/>\n<meta property=\"article:modified_time\" content=\"2026-03-24T14:45:26+00:00\" \/>\n<meta property=\"og:image\" content=\"https:\/\/devicenow.com\/wp-content\/uploads\/Header_Benefits_of_DaaS.png\" \/>\n\t<meta property=\"og:image:width\" content=\"1536\" \/>\n\t<meta property=\"og:image:height\" content=\"1024\" \/>\n\t<meta property=\"og:image:type\" content=\"image\/png\" \/>\n<meta name=\"twitter:card\" content=\"summary_large_image\" \/>\n<script type=\"application\/ld+json\" class=\"yoast-schema-graph\">{\"@context\":\"https:\\\/\\\/schema.org\",\"@graph\":[{\"@type\":\"WebPage\",\"@id\":\"https:\\\/\\\/devicenow.com\\\/de\\\/vorteile\\\/\",\"url\":\"https:\\\/\\\/devicenow.com\\\/de\\\/vorteile\\\/\",\"name\":\"Vorteile von Device as a Service \u2013 Smartere Workplace-IT\",\"isPartOf\":{\"@id\":\"https:\\\/\\\/devicenow.com\\\/#website\"},\"primaryImageOfPage\":{\"@id\":\"https:\\\/\\\/devicenow.com\\\/de\\\/vorteile\\\/#primaryimage\"},\"image\":{\"@id\":\"https:\\\/\\\/devicenow.com\\\/de\\\/vorteile\\\/#primaryimage\"},\"thumbnailUrl\":\"https:\\\/\\\/devicenow.com\\\/wp-content\\\/uploads\\\/Header_Benefits_of_DaaS.png\",\"datePublished\":\"2024-10-15T10:24:30+00:00\",\"dateModified\":\"2026-03-24T14:45:26+00:00\",\"description\":\"Erfahren Sie, wie devicenow DaaS Kosten senkt, Flexibilit\u00e4t erh\u00f6ht und den Aufwand f\u00fcr Ger\u00e4teverwaltung im Vergleich zu Kauf oder Leasing reduziert.\",\"breadcrumb\":{\"@id\":\"https:\\\/\\\/devicenow.com\\\/de\\\/vorteile\\\/#breadcrumb\"},\"inLanguage\":\"de\",\"potentialAction\":[{\"@type\":\"ReadAction\",\"target\":[\"https:\\\/\\\/devicenow.com\\\/de\\\/vorteile\\\/\"]}]},{\"@type\":\"ImageObject\",\"inLanguage\":\"de\",\"@id\":\"https:\\\/\\\/devicenow.com\\\/de\\\/vorteile\\\/#primaryimage\",\"url\":\"https:\\\/\\\/devicenow.com\\\/wp-content\\\/uploads\\\/Header_Benefits_of_DaaS.png\",\"contentUrl\":\"https:\\\/\\\/devicenow.com\\\/wp-content\\\/uploads\\\/Header_Benefits_of_DaaS.png\",\"width\":1536,\"height\":1024},{\"@type\":\"BreadcrumbList\",\"@id\":\"https:\\\/\\\/devicenow.com\\\/de\\\/vorteile\\\/#breadcrumb\",\"itemListElement\":[{\"@type\":\"ListItem\",\"position\":1,\"name\":\"Strona g\u0142\u00f3wna\",\"item\":\"https:\\\/\\\/devicenow.com\\\/de\\\/\"},{\"@type\":\"ListItem\",\"position\":2,\"name\":\"Vorteile\"}]},{\"@type\":\"WebSite\",\"@id\":\"https:\\\/\\\/devicenow.com\\\/#website\",\"url\":\"https:\\\/\\\/devicenow.com\\\/\",\"name\":\"devicenow\",\"description\":\"\",\"potentialAction\":[{\"@type\":\"SearchAction\",\"target\":{\"@type\":\"EntryPoint\",\"urlTemplate\":\"https:\\\/\\\/devicenow.com\\\/?s={search_term_string}\"},\"query-input\":{\"@type\":\"PropertyValueSpecification\",\"valueRequired\":true,\"valueName\":\"search_term_string\"}}],\"inLanguage\":\"de\"}]}<\/script>\n<!-- \/ Yoast SEO plugin. -->","yoast_head_json":{"title":"Vorteile von Device as a Service \u2013 Smartere Workplace-IT","description":"Erfahren Sie, wie devicenow DaaS Kosten senkt, Flexibilit\u00e4t erh\u00f6ht und den Aufwand f\u00fcr Ger\u00e4teverwaltung im Vergleich zu Kauf oder Leasing reduziert.","robots":{"index":"index","follow":"follow","max-snippet":"max-snippet:-1","max-image-preview":"max-image-preview:large","max-video-preview":"max-video-preview:-1"},"canonical":"https:\/\/devicenow.com\/de\/vorteile\/","og_locale":"de_DE","og_type":"article","og_title":"Vorteile von Device as a Service \u2013 Smartere Workplace-IT","og_description":"Erfahren Sie, wie devicenow DaaS Kosten senkt, Flexibilit\u00e4t erh\u00f6ht und den Aufwand f\u00fcr Ger\u00e4teverwaltung im Vergleich zu Kauf oder Leasing reduziert.","og_url":"https:\/\/devicenow.com\/de\/vorteile\/","og_site_name":"devicenow","article_modified_time":"2026-03-24T14:45:26+00:00","og_image":[{"width":1536,"height":1024,"url":"https:\/\/devicenow.com\/wp-content\/uploads\/Header_Benefits_of_DaaS.png","type":"image\/png"}],"twitter_card":"summary_large_image","schema":{"@context":"https:\/\/schema.org","@graph":[{"@type":"WebPage","@id":"https:\/\/devicenow.com\/de\/vorteile\/","url":"https:\/\/devicenow.com\/de\/vorteile\/","name":"Vorteile von Device as a Service \u2013 Smartere Workplace-IT","isPartOf":{"@id":"https:\/\/devicenow.com\/#website"},"primaryImageOfPage":{"@id":"https:\/\/devicenow.com\/de\/vorteile\/#primaryimage"},"image":{"@id":"https:\/\/devicenow.com\/de\/vorteile\/#primaryimage"},"thumbnailUrl":"https:\/\/devicenow.com\/wp-content\/uploads\/Header_Benefits_of_DaaS.png","datePublished":"2024-10-15T10:24:30+00:00","dateModified":"2026-03-24T14:45:26+00:00","description":"Erfahren Sie, wie devicenow DaaS Kosten senkt, Flexibilit\u00e4t erh\u00f6ht und den Aufwand f\u00fcr Ger\u00e4teverwaltung im Vergleich zu Kauf oder Leasing reduziert.","breadcrumb":{"@id":"https:\/\/devicenow.com\/de\/vorteile\/#breadcrumb"},"inLanguage":"de","potentialAction":[{"@type":"ReadAction","target":["https:\/\/devicenow.com\/de\/vorteile\/"]}]},{"@type":"ImageObject","inLanguage":"de","@id":"https:\/\/devicenow.com\/de\/vorteile\/#primaryimage","url":"https:\/\/devicenow.com\/wp-content\/uploads\/Header_Benefits_of_DaaS.png","contentUrl":"https:\/\/devicenow.com\/wp-content\/uploads\/Header_Benefits_of_DaaS.png","width":1536,"height":1024},{"@type":"BreadcrumbList","@id":"https:\/\/devicenow.com\/de\/vorteile\/#breadcrumb","itemListElement":[{"@type":"ListItem","position":1,"name":"Strona g\u0142\u00f3wna","item":"https:\/\/devicenow.com\/de\/"},{"@type":"ListItem","position":2,"name":"Vorteile"}]},{"@type":"WebSite","@id":"https:\/\/devicenow.com\/#website","url":"https:\/\/devicenow.com\/","name":"devicenow","description":"","potentialAction":[{"@type":"SearchAction","target":{"@type":"EntryPoint","urlTemplate":"https:\/\/devicenow.com\/?s={search_term_string}"},"query-input":{"@type":"PropertyValueSpecification","valueRequired":true,"valueName":"search_term_string"}}],"inLanguage":"de"}]}},"meta_box":{"description":"","descriptionde":"Unternehmen profitieren von erheblichen Kostenvorteilen und sparen wertvolle Zeit, indem sie das Management ihrer IT-Devices an einen spezialisierten Partner delegieren.","descriptionnl":"","descriptiontr":"","descriptionit":"","descriptionfr":"","descriptiongr":"","descriptionpt":""},"_links":{"self":[{"href":"https:\/\/devicenow.com\/de\/wp-json\/wp\/v2\/pages\/2584","targetHints":{"allow":["GET"]}}],"collection":[{"href":"https:\/\/devicenow.com\/de\/wp-json\/wp\/v2\/pages"}],"about":[{"href":"https:\/\/devicenow.com\/de\/wp-json\/wp\/v2\/types\/page"}],"author":[{"embeddable":true,"href":"https:\/\/devicenow.com\/de\/wp-json\/wp\/v2\/users\/1"}],"replies":[{"embeddable":true,"href":"https:\/\/devicenow.com\/de\/wp-json\/wp\/v2\/comments?post=2584"}],"version-history":[{"count":5,"href":"https:\/\/devicenow.com\/de\/wp-json\/wp\/v2\/pages\/2584\/revisions"}],"predecessor-version":[{"id":20339,"href":"https:\/\/devicenow.com\/de\/wp-json\/wp\/v2\/pages\/2584\/revisions\/20339"}],"wp:featuredmedia":[{"embeddable":true,"href":"https:\/\/devicenow.com\/de\/wp-json\/wp\/v2\/media\/18895"}],"wp:attachment":[{"href":"https:\/\/devicenow.com\/de\/wp-json\/wp\/v2\/media?parent=2584"}],"curies":[{"name":"wp","href":"https:\/\/api.w.org\/{rel}","templated":true}]}}