{"id":2528,"date":"2024-10-22T14:28:44","date_gmt":"2024-10-22T12:28:44","guid":{"rendered":"https:\/\/devicenow.com\/resources\/"},"modified":"2026-02-26T12:42:30","modified_gmt":"2026-02-26T11:42:30","slug":"wissenswertes","status":"publish","type":"page","link":"https:\/\/devicenow.com\/de\/wissenswertes\/","title":{"rendered":"Wissenswertes"},"content":{"rendered":"<div class='breakdance'><section class=\"bde-section-2528-179 bde-section\">\n  \n  \n\t\n\n\n\n        <div class=\"section-shape-divider-wrapper section-shape-divider-wrapper--1\">\n          <span class=\"section-shape-divider\">\n                      <svg\n                xmlns=\"http:\/\/www.w3.org\/2000\/svg\"\n                viewBox=\"0 0 1440 320\"\n                preserveAspectRatio=\"none\"\n            >\n              <path fill=\"currentColor\" fill-opacity=\"1\" d=\"M0,160L120,181.3C240,203,480,245,720,224C960,203,1200,117,1320,74.7L1440,32L1440,320L1320,320C1200,320,960,320,720,320C480,320,240,320,120,320L0,320Z\"><\/path>\n            <\/svg>\n                    <\/span>\n      <\/div>\n  <div class=\"section-container\"><div class=\"bde-simple-image-2528-180 bde-simple-image\">\n  \n\n\n\n\n\n  \n    \n      <img decoding=\"async\" class=\"breakdance-image-object\" src=\"https:\/\/devicenow.com\/wp-content\/uploads\/devicenow-circle-big.svg\" width=\"\" height=\"\">\n\n      \n    \n  \n<\/div><div class=\"bde-div-2528-181 bde-div\">\n  \n  \n\t\n\n\n\n<div class=\"bde-columns-2528-182 bde-columns\"><div class=\"bde-column-2528-183 bde-column\">\n  \n  \n\t\n\n\n\n<h1 class=\"bde-heading-2528-184 bde-heading\">\nWELTWEIT VERF\u00dcGBAR: DEVICE AS A SERVICE AM ARBEITSPLATZ\n<\/h1><h2 class=\"bde-heading-2528-185 bde-heading\">\nNutzen Sie die Vorteile von DaaS f\u00fcr Ihr Unternehmen\n<\/h2><div class=\"bde-text-2528-186 bde-text\">\nErfahren Sie mehr \u00fcber die Nachhaltigkeitsaspekte unserer Dienstleistungen und entdecken Sie die Vorteile von DaaS. Finden Sie Antworten auf h\u00e4ufig gestellte Fragen und bleiben Sie auf dem Laufenden: mit den neuesten Nachrichten, aufschlussreichen Blogbeitr\u00e4gen und detaillierten Case Studys, die Ihnen zeigen, wie wir unsere Kunden unterst\u00fctzen.\n<\/div>\n<\/div><div class=\"bde-column-2528-187 bde-column\">\n  \n  \n\t\n\n\n\n\n<\/div><\/div><div class=\"bde-simple-image-2528-188 bde-simple-image light\" data-entrance=\"slideDown\">\n  \n\n\n\n\n\n  \n    \n      <img loading=\"lazy\" decoding=\"async\" class=\"breakdance-image-object\" src=\"https:\/\/devicenow.com\/wp-content\/uploads\/Devices_iPad_v2_green.png\" width=\"1200\" height=\"974\" srcset=\"https:\/\/devicenow.com\/wp-content\/uploads\/Devices_iPad_v2_green.png 1200w, https:\/\/devicenow.com\/wp-content\/uploads\/Devices_iPad_v2_green-448x364.png 448w, https:\/\/devicenow.com\/wp-content\/uploads\/Devices_iPad_v2_green-1024x831.png 1024w, https:\/\/devicenow.com\/wp-content\/uploads\/Devices_iPad_v2_green-150x122.png 150w, https:\/\/devicenow.com\/wp-content\/uploads\/Devices_iPad_v2_green-768x623.png 768w\" sizes=\"auto, (max-width: 1200px) 100vw, 1200px\">\n\n      \n    \n  \n<\/div><div class=\"bde-simple-image-2528-189 bde-simple-image dark\" data-entrance=\"slideDown\">\n  \n\n\n\n\n\n  \n    \n      <img loading=\"lazy\" decoding=\"async\" class=\"breakdance-image-object\" src=\"https:\/\/devicenow.com\/wp-content\/uploads\/Devices_iPad_v2_green-light.png\" width=\"1800\" height=\"1200\" srcset=\"https:\/\/devicenow.com\/wp-content\/uploads\/Devices_iPad_v2_green-light.png 1800w, https:\/\/devicenow.com\/wp-content\/uploads\/Devices_iPad_v2_green-light-448x299.png 448w, https:\/\/devicenow.com\/wp-content\/uploads\/Devices_iPad_v2_green-light-1024x683.png 1024w, https:\/\/devicenow.com\/wp-content\/uploads\/Devices_iPad_v2_green-light-150x100.png 150w, https:\/\/devicenow.com\/wp-content\/uploads\/Devices_iPad_v2_green-light-768x512.png 768w, https:\/\/devicenow.com\/wp-content\/uploads\/Devices_iPad_v2_green-light-1536x1024.png 1536w\" sizes=\"auto, (max-width: 1800px) 100vw, 1800px\">\n\n      \n    \n  \n<\/div>\n<\/div><div class=\"bde-simple-image-2528-190 bde-simple-image\">\n  \n\n\n\n\n\n  \n    \n      <img decoding=\"async\" class=\"breakdance-image-object\" src=\"https:\/\/devicenow.com\/wp-content\/uploads\/devicenow-circle-big.svg\" width=\"\" height=\"\" loading=\"lazy\">\n\n      \n    \n  \n<\/div><\/div>\n<\/section><section class=\"bde-section-2528-191 bde-section\">\n              \n  \n  \n\t\n\n  <div class=\"section-background-overlay\"><\/div>\n\n\n<div class=\"section-container\"><div class=\"bde-div-2528-192 bde-div\">\n  \n  \n\t\n\n\n\n<div class=\"bde-columns-2528-193 bde-columns\" data-entrance=\"fade\"><div class=\"bde-column-2528-194 bde-column\">\n              \n  \n  \n\t\n\n\n\n<div class=\"bde-simple-image-2528-195 bde-simple-image\">\n  \n\n\n\n\n\n  \n    \n      <img decoding=\"async\" class=\"breakdance-image-object\" src=\"https:\/\/devicenow.com\/wp-content\/uploads\/World-icon.png\" width=\"324\" height=\"236\" srcset=\"https:\/\/devicenow.com\/wp-content\/uploads\/World-icon.png 324w, https:\/\/devicenow.com\/wp-content\/uploads\/World-icon-150x109.png 150w\" sizes=\"auto, (max-width: 324px) 100vw, 324px\" loading=\"lazy\">\n\n      \n    \n  \n<\/div><h3 class=\"bde-heading-2528-196 bde-heading\">\nNachhaltigkeit\n<\/h3><div class=\"bde-text-2528-197 bde-text\">\nErfahren Sie, wie Sie mit uns ganz einfach Ihre Nachhaltigkeitsziele erreichen.\n<\/div><div class=\"bde-div-2528-198 bde-div\">\n  \n  \n\t\n\n\n\n<a class=\"bde-container-link-2528-199 bde-container-link breakdance-link\" href=\"https:\/\/devicenow.com\/de\/nachhaltigkeit\/\" target=\"_self\" data-type=\"url\">\n  \n  \n\t\n\n\n\n<div class=\"bde-text-2528-200 bde-text text-color-hover\">\nMehr erfahren\n<\/div><div class=\"bde-icon-2528-201 bde-icon text-color-hover\">\n\n    \n            <div class=\"bde-icon-icon breakdance-icon-atom\" >\n    \n                    <svg xmlns=\"http:\/\/www.w3.org\/2000\/svg\" viewBox=\"0 0 448 512\"><!--! Font Awesome Free 6.5.1 by @fontawesome - https:\/\/fontawesome.com License - https:\/\/fontawesome.com\/license\/free (Icons: CC BY 4.0, Fonts: SIL OFL 1.1, Code: MIT License) Copyright 2023 Fonticons, Inc. --><path d=\"M438.6 278.6c12.5-12.5 12.5-32.8 0-45.3l-160-160c-12.5-12.5-32.8-12.5-45.3 0s-12.5 32.8 0 45.3L338.8 224 32 224c-17.7 0-32 14.3-32 32s14.3 32 32 32l306.7 0L233.4 393.4c-12.5 12.5-12.5 32.8 0 45.3s32.8 12.5 45.3 0l160-160z\"\/><\/svg>\n        \n        \n        \n            <\/div>\n    \n\n\n<\/div>\n\n<\/a>\n<\/div>\n<\/div><div class=\"bde-column-2528-202 bde-column\">\n              \n  \n  \n\t\n\n\n\n<div class=\"bde-simple-image-2528-203 bde-simple-image\">\n  \n\n\n\n\n\n  \n    \n      <img decoding=\"async\" class=\"breakdance-image-object\" src=\"https:\/\/devicenow.com\/wp-content\/uploads\/set1_pain-relief_white-448x380.png\" width=\"448\" height=\"380\" srcset=\"https:\/\/devicenow.com\/wp-content\/uploads\/set1_pain-relief_white.png 456w, https:\/\/devicenow.com\/wp-content\/uploads\/set1_pain-relief_white-448x380.png 448w, https:\/\/devicenow.com\/wp-content\/uploads\/set1_pain-relief_white-150x127.png 150w\" sizes=\"auto, (max-width: 456px) 100vw, 456px\" loading=\"lazy\">\n\n      \n    \n  \n<\/div><h3 class=\"bde-heading-2528-204 bde-heading\">\nVorteile von DaaS\n<\/h3><div class=\"bde-text-2528-205 bde-text\">\nEntdecken Sie die wichtigsten Vorteile und erfahren Sie, wie DaaS Ihre Prozesse verbessert.\n<\/div><div class=\"bde-div-2528-206 bde-div\">\n  \n  \n\t\n\n\n\n<a class=\"bde-container-link-2528-207 bde-container-link breakdance-link\" href=\"https:\/\/devicenow.com\/de\/vorteile\/\" target=\"_self\" data-type=\"url\">\n  \n  \n\t\n\n\n\n<div class=\"bde-text-2528-208 bde-text text-color-hover\">\nMehr erfahren\n<\/div><div class=\"bde-icon-2528-209 bde-icon text-color-hover\">\n\n    \n            <div class=\"bde-icon-icon breakdance-icon-atom\" >\n    \n                    <svg xmlns=\"http:\/\/www.w3.org\/2000\/svg\" viewBox=\"0 0 448 512\"><!--! Font Awesome Free 6.5.1 by @fontawesome - https:\/\/fontawesome.com License - https:\/\/fontawesome.com\/license\/free (Icons: CC BY 4.0, Fonts: SIL OFL 1.1, Code: MIT License) Copyright 2023 Fonticons, Inc. --><path d=\"M438.6 278.6c12.5-12.5 12.5-32.8 0-45.3l-160-160c-12.5-12.5-32.8-12.5-45.3 0s-12.5 32.8 0 45.3L338.8 224 32 224c-17.7 0-32 14.3-32 32s14.3 32 32 32l306.7 0L233.4 393.4c-12.5 12.5-12.5 32.8 0 45.3s32.8 12.5 45.3 0l160-160z\"\/><\/svg>\n        \n        \n        \n            <\/div>\n    \n\n\n<\/div>\n\n<\/a>\n<\/div>\n<\/div><div class=\"bde-column-2528-251 bde-column\">\n              \n  \n  \n\t\n\n\n\n<div class=\"bde-simple-image-2528-252 bde-simple-image\">\n  \n\n\n\n\n\n  \n    \n      <img decoding=\"async\" class=\"breakdance-image-object\" src=\"https:\/\/devicenow.com\/wp-content\/uploads\/faq-icon.png\" width=\"129\" height=\"123\" sizes=\"auto, (max-width: 129px) 100vw, 129px\" loading=\"lazy\">\n\n      \n    \n  \n<\/div><h3 class=\"bde-heading-2528-253 bde-heading\">\nFAQ\n<\/h3><div class=\"bde-text-2528-254 bde-text\">\nFinden Sie schnelle Antworten auf h\u00e4ufig gestellte Fragen zu unseren Produkten.\n<\/div><div class=\"bde-div-2528-255 bde-div\">\n  \n  \n\t\n\n\n\n<a class=\"bde-container-link-2528-256 bde-container-link breakdance-link\" href=\"https:\/\/devicenow.com\/de\/faq\/\" target=\"_self\" data-type=\"url\">\n  \n  \n\t\n\n\n\n<div class=\"bde-text-2528-257 bde-text text-color-hover\">\nMehr erfahren\n<\/div><div class=\"bde-icon-2528-258 bde-icon text-color-hover\">\n\n    \n            <div class=\"bde-icon-icon breakdance-icon-atom\" >\n    \n                    <svg xmlns=\"http:\/\/www.w3.org\/2000\/svg\" viewBox=\"0 0 448 512\"><!--! Font Awesome Free 6.5.1 by @fontawesome - https:\/\/fontawesome.com License - https:\/\/fontawesome.com\/license\/free (Icons: CC BY 4.0, Fonts: SIL OFL 1.1, Code: MIT License) Copyright 2023 Fonticons, Inc. --><path d=\"M438.6 278.6c12.5-12.5 12.5-32.8 0-45.3l-160-160c-12.5-12.5-32.8-12.5-45.3 0s-12.5 32.8 0 45.3L338.8 224 32 224c-17.7 0-32 14.3-32 32s14.3 32 32 32l306.7 0L233.4 393.4c-12.5 12.5-12.5 32.8 0 45.3s32.8 12.5 45.3 0l160-160z\"\/><\/svg>\n        \n        \n        \n            <\/div>\n    \n\n\n<\/div>\n\n<\/a>\n<\/div>\n<\/div><div class=\"bde-column-2528-259 bde-column\">\n              \n  \n  \n\t\n\n\n\n<div class=\"bde-simple-image-2528-260 bde-simple-image light\">\n  \n\n\n\n\n\n  \n    \n      <img decoding=\"async\" class=\"breakdance-image-object\" src=\"https:\/\/devicenow.com\/wp-content\/uploads\/DN-Small-Icon_Procure_white-1.png\" width=\"428\" height=\"396\" srcset=\"https:\/\/devicenow.com\/wp-content\/uploads\/DN-Small-Icon_Procure_white-1.png 428w, https:\/\/devicenow.com\/wp-content\/uploads\/DN-Small-Icon_Procure_white-1-150x139.png 150w\" sizes=\"auto, (max-width: 428px) 100vw, 428px\" loading=\"lazy\">\n\n      \n    \n  \n<\/div><div class=\"bde-simple-image-2528-261 bde-simple-image dark hidden\">\n  \n\n\n\n\n\n  \n    \n      <img decoding=\"async\" class=\"breakdance-image-object\" src=\"https:\/\/devicenow.com\/wp-content\/uploads\/DN-Small-Icon_order-device_darkgray.png\" width=\"428\" height=\"396\" srcset=\"https:\/\/devicenow.com\/wp-content\/uploads\/DN-Small-Icon_order-device_darkgray.png 428w, https:\/\/devicenow.com\/wp-content\/uploads\/DN-Small-Icon_order-device_darkgray-150x139.png 150w\" sizes=\"auto, (max-width: 428px) 100vw, 428px\" loading=\"lazy\">\n\n      \n    \n  \n<\/div><h3 class=\"bde-heading-2528-262 bde-heading\">\nLifecycle Portal\n<\/h3><div class=\"bde-text-2528-263 bde-text\">\nVerwalten Sie den gesamten Ger\u00e4te-Lifecycle \u2013 auf einer einzigen Plattform.\n<\/div><div class=\"bde-div-2528-268 bde-div\">\n  \n  \n\t\n\n\n\n<a class=\"bde-container-link-2528-269 bde-container-link breakdance-link\" href=\"https:\/\/devicenow.com\/de\/lifecycle-portal\/\" target=\"_self\" data-type=\"url\">\n  \n  \n\t\n\n\n\n<div class=\"bde-text-2528-270 bde-text text-color-hover\">\nMehr erfahren\n<\/div><div class=\"bde-icon-2528-271 bde-icon text-color-hover\">\n\n    \n            <div class=\"bde-icon-icon breakdance-icon-atom\" >\n    \n                    <svg xmlns=\"http:\/\/www.w3.org\/2000\/svg\" viewBox=\"0 0 448 512\"><!--! Font Awesome Free 6.5.1 by @fontawesome - https:\/\/fontawesome.com License - https:\/\/fontawesome.com\/license\/free (Icons: CC BY 4.0, Fonts: SIL OFL 1.1, Code: MIT License) Copyright 2023 Fonticons, Inc. --><path d=\"M438.6 278.6c12.5-12.5 12.5-32.8 0-45.3l-160-160c-12.5-12.5-32.8-12.5-45.3 0s-12.5 32.8 0 45.3L338.8 224 32 224c-17.7 0-32 14.3-32 32s14.3 32 32 32l306.7 0L233.4 393.4c-12.5 12.5-12.5 32.8 0 45.3s32.8 12.5 45.3 0l160-160z\"\/><\/svg>\n        \n        \n        \n            <\/div>\n    \n\n\n<\/div>\n\n<\/a>\n<\/div>\n<\/div><\/div>\n<\/div><\/div>\n<\/section><\/div>","protected":false},"excerpt":{"rendered":"<p>WELTWEIT VERF\u00dcGBAR: DEVICE AS A SERVICE AM ARBEITSPLATZ Nutzen Sie die Vorteile von DaaS f\u00fcr Ihr Unternehmen Erfahren Sie mehr \u00fcber die Nachhaltigkeitsaspekte unserer Dienstleistungen und entdecken Sie die Vorteile von DaaS. Finden Sie Antworten auf h\u00e4ufig gestellte Fragen und bleiben Sie auf dem Laufenden: mit den neuesten Nachrichten, aufschlussreichen Blogbeitr\u00e4gen und detaillierten Case Studys, [&hellip;]<\/p>\n","protected":false},"author":1,"featured_media":443,"parent":0,"menu_order":0,"comment_status":"closed","ping_status":"closed","template":"","meta":{"content-type":"","_breakdance_hide_in_design_set":false,"_breakdance_tags":"","footnotes":""},"class_list":["post-2528","page","type-page","status-publish","has-post-thumbnail","hentry"],"yoast_head":"<!-- This site is optimized with the Yoast SEO plugin v27.4 - https:\/\/yoast.com\/product\/yoast-seo-wordpress\/ -->\n<title>Wissenswertes - devicenow<\/title>\n<meta name=\"description\" content=\"Alles zu Workplace DaaS auf einen Blick \u2013 Nachhaltigkeit, Vorteile, FAQs, Neuigkeiten und Kundenberichte.\" \/>\n<meta name=\"robots\" content=\"index, follow, max-snippet:-1, max-image-preview:large, max-video-preview:-1\" \/>\n<link rel=\"canonical\" href=\"https:\/\/devicenow.com\/de\/wissenswertes\/\" \/>\n<meta property=\"og:locale\" content=\"de_DE\" \/>\n<meta property=\"og:type\" content=\"article\" \/>\n<meta property=\"og:title\" content=\"Wissenswertes - devicenow\" \/>\n<meta property=\"og:description\" content=\"Alles zu Workplace DaaS auf einen Blick \u2013 Nachhaltigkeit, Vorteile, FAQs, Neuigkeiten und Kundenberichte.\" \/>\n<meta property=\"og:url\" content=\"https:\/\/devicenow.com\/de\/wissenswertes\/\" \/>\n<meta property=\"og:site_name\" content=\"devicenow\" \/>\n<meta property=\"article:modified_time\" content=\"2026-02-26T11:42:30+00:00\" \/>\n<meta property=\"og:image\" content=\"https:\/\/devicenow.com\/wp-content\/uploads\/Case-Studies-e1736434676100.webp\" \/>\n\t<meta property=\"og:image:width\" content=\"2560\" \/>\n\t<meta property=\"og:image:height\" content=\"1440\" \/>\n\t<meta property=\"og:image:type\" content=\"image\/webp\" \/>\n<meta name=\"twitter:card\" content=\"summary_large_image\" \/>\n<script type=\"application\/ld+json\" class=\"yoast-schema-graph\">{\"@context\":\"https:\\\/\\\/schema.org\",\"@graph\":[{\"@type\":\"WebPage\",\"@id\":\"https:\\\/\\\/devicenow.com\\\/de\\\/wissenswertes\\\/\",\"url\":\"https:\\\/\\\/devicenow.com\\\/de\\\/wissenswertes\\\/\",\"name\":\"Wissenswertes - devicenow\",\"isPartOf\":{\"@id\":\"https:\\\/\\\/devicenow.com\\\/#website\"},\"primaryImageOfPage\":{\"@id\":\"https:\\\/\\\/devicenow.com\\\/de\\\/wissenswertes\\\/#primaryimage\"},\"image\":{\"@id\":\"https:\\\/\\\/devicenow.com\\\/de\\\/wissenswertes\\\/#primaryimage\"},\"thumbnailUrl\":\"https:\\\/\\\/devicenow.com\\\/wp-content\\\/uploads\\\/Case-Studies-e1736434676100.webp\",\"datePublished\":\"2024-10-22T12:28:44+00:00\",\"dateModified\":\"2026-02-26T11:42:30+00:00\",\"description\":\"Alles zu Workplace DaaS auf einen Blick \u2013 Nachhaltigkeit, Vorteile, FAQs, Neuigkeiten und Kundenberichte.\",\"breadcrumb\":{\"@id\":\"https:\\\/\\\/devicenow.com\\\/de\\\/wissenswertes\\\/#breadcrumb\"},\"inLanguage\":\"de\",\"potentialAction\":[{\"@type\":\"ReadAction\",\"target\":[\"https:\\\/\\\/devicenow.com\\\/de\\\/wissenswertes\\\/\"]}]},{\"@type\":\"ImageObject\",\"inLanguage\":\"de\",\"@id\":\"https:\\\/\\\/devicenow.com\\\/de\\\/wissenswertes\\\/#primaryimage\",\"url\":\"https:\\\/\\\/devicenow.com\\\/wp-content\\\/uploads\\\/Case-Studies-e1736434676100.webp\",\"contentUrl\":\"https:\\\/\\\/devicenow.com\\\/wp-content\\\/uploads\\\/Case-Studies-e1736434676100.webp\",\"width\":2560,\"height\":1440,\"caption\":\"Two people standing in an office, man and woman talking\"},{\"@type\":\"BreadcrumbList\",\"@id\":\"https:\\\/\\\/devicenow.com\\\/de\\\/wissenswertes\\\/#breadcrumb\",\"itemListElement\":[{\"@type\":\"ListItem\",\"position\":1,\"name\":\"Strona g\u0142\u00f3wna\",\"item\":\"https:\\\/\\\/devicenow.com\\\/de\\\/\"},{\"@type\":\"ListItem\",\"position\":2,\"name\":\"Wissenswertes\"}]},{\"@type\":\"WebSite\",\"@id\":\"https:\\\/\\\/devicenow.com\\\/#website\",\"url\":\"https:\\\/\\\/devicenow.com\\\/\",\"name\":\"devicenow\",\"description\":\"\",\"potentialAction\":[{\"@type\":\"SearchAction\",\"target\":{\"@type\":\"EntryPoint\",\"urlTemplate\":\"https:\\\/\\\/devicenow.com\\\/?s={search_term_string}\"},\"query-input\":{\"@type\":\"PropertyValueSpecification\",\"valueRequired\":true,\"valueName\":\"search_term_string\"}}],\"inLanguage\":\"de\"}]}<\/script>\n<!-- \/ Yoast SEO plugin. -->","yoast_head_json":{"title":"Wissenswertes - devicenow","description":"Alles zu Workplace DaaS auf einen Blick \u2013 Nachhaltigkeit, Vorteile, FAQs, Neuigkeiten und Kundenberichte.","robots":{"index":"index","follow":"follow","max-snippet":"max-snippet:-1","max-image-preview":"max-image-preview:large","max-video-preview":"max-video-preview:-1"},"canonical":"https:\/\/devicenow.com\/de\/wissenswertes\/","og_locale":"de_DE","og_type":"article","og_title":"Wissenswertes - devicenow","og_description":"Alles zu Workplace DaaS auf einen Blick \u2013 Nachhaltigkeit, Vorteile, FAQs, Neuigkeiten und Kundenberichte.","og_url":"https:\/\/devicenow.com\/de\/wissenswertes\/","og_site_name":"devicenow","article_modified_time":"2026-02-26T11:42:30+00:00","og_image":[{"width":2560,"height":1440,"url":"https:\/\/devicenow.com\/wp-content\/uploads\/Case-Studies-e1736434676100.webp","type":"image\/webp"}],"twitter_card":"summary_large_image","schema":{"@context":"https:\/\/schema.org","@graph":[{"@type":"WebPage","@id":"https:\/\/devicenow.com\/de\/wissenswertes\/","url":"https:\/\/devicenow.com\/de\/wissenswertes\/","name":"Wissenswertes - devicenow","isPartOf":{"@id":"https:\/\/devicenow.com\/#website"},"primaryImageOfPage":{"@id":"https:\/\/devicenow.com\/de\/wissenswertes\/#primaryimage"},"image":{"@id":"https:\/\/devicenow.com\/de\/wissenswertes\/#primaryimage"},"thumbnailUrl":"https:\/\/devicenow.com\/wp-content\/uploads\/Case-Studies-e1736434676100.webp","datePublished":"2024-10-22T12:28:44+00:00","dateModified":"2026-02-26T11:42:30+00:00","description":"Alles zu Workplace DaaS auf einen Blick \u2013 Nachhaltigkeit, Vorteile, FAQs, Neuigkeiten und Kundenberichte.","breadcrumb":{"@id":"https:\/\/devicenow.com\/de\/wissenswertes\/#breadcrumb"},"inLanguage":"de","potentialAction":[{"@type":"ReadAction","target":["https:\/\/devicenow.com\/de\/wissenswertes\/"]}]},{"@type":"ImageObject","inLanguage":"de","@id":"https:\/\/devicenow.com\/de\/wissenswertes\/#primaryimage","url":"https:\/\/devicenow.com\/wp-content\/uploads\/Case-Studies-e1736434676100.webp","contentUrl":"https:\/\/devicenow.com\/wp-content\/uploads\/Case-Studies-e1736434676100.webp","width":2560,"height":1440,"caption":"Two people standing in an office, man and woman talking"},{"@type":"BreadcrumbList","@id":"https:\/\/devicenow.com\/de\/wissenswertes\/#breadcrumb","itemListElement":[{"@type":"ListItem","position":1,"name":"Strona g\u0142\u00f3wna","item":"https:\/\/devicenow.com\/de\/"},{"@type":"ListItem","position":2,"name":"Wissenswertes"}]},{"@type":"WebSite","@id":"https:\/\/devicenow.com\/#website","url":"https:\/\/devicenow.com\/","name":"devicenow","description":"","potentialAction":[{"@type":"SearchAction","target":{"@type":"EntryPoint","urlTemplate":"https:\/\/devicenow.com\/?s={search_term_string}"},"query-input":{"@type":"PropertyValueSpecification","valueRequired":true,"valueName":"search_term_string"}}],"inLanguage":"de"}]}},"meta_box":{"description":"","descriptionde":"","descriptionnl":"","descriptiontr":"","descriptionit":"","descriptionfr":"","descriptiongr":"","descriptionpt":""},"_links":{"self":[{"href":"https:\/\/devicenow.com\/de\/wp-json\/wp\/v2\/pages\/2528","targetHints":{"allow":["GET"]}}],"collection":[{"href":"https:\/\/devicenow.com\/de\/wp-json\/wp\/v2\/pages"}],"about":[{"href":"https:\/\/devicenow.com\/de\/wp-json\/wp\/v2\/types\/page"}],"author":[{"embeddable":true,"href":"https:\/\/devicenow.com\/de\/wp-json\/wp\/v2\/users\/1"}],"replies":[{"embeddable":true,"href":"https:\/\/devicenow.com\/de\/wp-json\/wp\/v2\/comments?post=2528"}],"version-history":[{"count":5,"href":"https:\/\/devicenow.com\/de\/wp-json\/wp\/v2\/pages\/2528\/revisions"}],"predecessor-version":[{"id":9072,"href":"https:\/\/devicenow.com\/de\/wp-json\/wp\/v2\/pages\/2528\/revisions\/9072"}],"wp:featuredmedia":[{"embeddable":true,"href":"https:\/\/devicenow.com\/de\/wp-json\/wp\/v2\/media\/443"}],"wp:attachment":[{"href":"https:\/\/devicenow.com\/de\/wp-json\/wp\/v2\/media?parent=2528"}],"curies":[{"name":"wp","href":"https:\/\/api.w.org\/{rel}","templated":true}]}}