{"id":2525,"date":"2024-10-22T09:22:32","date_gmt":"2024-10-22T07:22:32","guid":{"rendered":"https:\/\/devicenow.com\/company\/"},"modified":"2026-02-16T11:13:00","modified_gmt":"2026-02-16T10:13:00","slug":"unternehmen","status":"publish","type":"page","link":"https:\/\/devicenow.com\/de\/unternehmen\/","title":{"rendered":"Unternehmen"},"content":{"rendered":"<div class='breakdance'><section class=\"bde-section-2525-312 bde-section\">\n  \n  \n\t\n\n\n\n<div class=\"section-container\"><div class=\"bde-simple-image-2525-313 bde-simple-image\">\n  \n\n\n\n\n\n  \n    \n      <img decoding=\"async\" class=\"breakdance-image-object\" src=\"https:\/\/devicenow.com\/wp-content\/uploads\/devicenow-circle-big.svg\" width=\"\" height=\"\">\n\n      \n    \n  \n<\/div><div class=\"bde-div-2525-314 bde-div\">\n  \n  \n\t\n\n\n\n<div class=\"bde-columns-2525-315 bde-columns\"><div class=\"bde-column-2525-316 bde-column\">\n  \n  \n\t\n\n\n\n<h1 class=\"bde-heading-2525-317 bde-heading\">\nEXPERTEN F\u00dcR DEVICE AS A SERVICE AM ARBEITSPLATZ\n<\/h1><h2 class=\"bde-heading-2525-318 bde-heading\">\nLernen Sie uns besser kennen\n<\/h2><div class=\"bde-text-2525-319 bde-text\">\nErfahren Sie mehr \u00fcber unsere Mission, unsere Werte und das Team, das unsere Erfolge erzielt. Entdecken Sie spannende Karrierem\u00f6glichkeiten und erfahren Sie, wie Sie Teil unserer Reise werden k\u00f6nnen. Sie sind herzlich eingeladen, mehr \u00fcber uns zu erfahren und mit uns Kontakt aufzunehmen.\n<\/div>\n<\/div><div class=\"bde-column-2525-320 bde-column\">\n  \n  \n\t\n\n\n\n\n<\/div><\/div><div class=\"bde-simple-image-2525-321 bde-simple-image dark\" data-entrance=\"slideDown\">\n  \n\n\n\n\n\n  \n    \n      <img loading=\"lazy\" decoding=\"async\" class=\"breakdance-image-object\" src=\"https:\/\/devicenow.com\/wp-content\/uploads\/Devices_iMac-iPhone-iPad_v3_green-light.png\" width=\"1800\" height=\"1200\" srcset=\"https:\/\/devicenow.com\/wp-content\/uploads\/Devices_iMac-iPhone-iPad_v3_green-light.png 1800w, https:\/\/devicenow.com\/wp-content\/uploads\/Devices_iMac-iPhone-iPad_v3_green-light-448x299.png 448w, https:\/\/devicenow.com\/wp-content\/uploads\/Devices_iMac-iPhone-iPad_v3_green-light-1024x683.png 1024w, https:\/\/devicenow.com\/wp-content\/uploads\/Devices_iMac-iPhone-iPad_v3_green-light-150x100.png 150w, https:\/\/devicenow.com\/wp-content\/uploads\/Devices_iMac-iPhone-iPad_v3_green-light-768x512.png 768w, https:\/\/devicenow.com\/wp-content\/uploads\/Devices_iMac-iPhone-iPad_v3_green-light-1536x1024.png 1536w\" sizes=\"auto, (max-width: 1800px) 100vw, 1800px\">\n\n      \n    \n  \n<\/div><div class=\"bde-simple-image-2525-322 bde-simple-image light\" data-entrance=\"slideDown\">\n  \n\n\n\n\n\n  \n    \n      <img loading=\"lazy\" decoding=\"async\" class=\"breakdance-image-object\" src=\"https:\/\/devicenow.com\/wp-content\/uploads\/Devices_iMac-iPhone-iPad_v3_green.png\" width=\"1300\" height=\"1137\" srcset=\"https:\/\/devicenow.com\/wp-content\/uploads\/Devices_iMac-iPhone-iPad_v3_green.png 1300w, https:\/\/devicenow.com\/wp-content\/uploads\/Devices_iMac-iPhone-iPad_v3_green-448x392.png 448w, https:\/\/devicenow.com\/wp-content\/uploads\/Devices_iMac-iPhone-iPad_v3_green-1024x896.png 1024w, https:\/\/devicenow.com\/wp-content\/uploads\/Devices_iMac-iPhone-iPad_v3_green-150x131.png 150w, https:\/\/devicenow.com\/wp-content\/uploads\/Devices_iMac-iPhone-iPad_v3_green-768x672.png 768w\" sizes=\"auto, (max-width: 1300px) 100vw, 1300px\">\n\n      \n    \n  \n<\/div>\n<\/div><div class=\"bde-simple-image-2525-323 bde-simple-image\">\n  \n\n\n\n\n\n  \n    \n      <img decoding=\"async\" class=\"breakdance-image-object\" src=\"https:\/\/devicenow.com\/wp-content\/uploads\/devicenow-circle-big.svg\" width=\"\" height=\"\" loading=\"lazy\">\n\n      \n    \n  \n<\/div><\/div>\n<\/section><section class=\"bde-section-2525-324 bde-section\">\n              \n  \n  \n\t\n\n  <div class=\"section-background-overlay\"><\/div>\n\n\n<div class=\"section-container\"><div class=\"bde-div-2525-325 bde-div\">\n  \n  \n\t\n\n\n\n<div class=\"bde-columns-2525-326 bde-columns\" data-entrance=\"fade\"><div class=\"bde-column-2525-327 bde-column\">\n              \n  \n  \n\t\n\n\n\n<div class=\"bde-simple-image-2525-328 bde-simple-image\">\n  \n\n\n\n\n\n  \n    \n      <img decoding=\"async\" class=\"breakdance-image-object\" src=\"https:\/\/devicenow.com\/wp-content\/uploads\/icon_1.svg\" width=\"\" height=\"\" loading=\"lazy\">\n\n      \n    \n  \n<\/div><h3 class=\"bde-heading-2525-329 bde-heading\">\n\u00dcber uns\n<\/h3><div class=\"bde-text-2525-330 bde-text\">\nErfahren Sie, wie wir weltweit die Zukunft von DaaS gestalten. \n<\/div><div class=\"bde-div-2525-331 bde-div\">\n  \n  \n\t\n\n\n\n<a class=\"bde-container-link-2525-332 bde-container-link breakdance-link\" href=\"https:\/\/devicenow.com\/de\/uber-uns\/\" target=\"_self\" data-type=\"url\">\n  \n  \n\t\n\n\n\n<div class=\"bde-text-2525-333 bde-text text-color-hover\">\nMehr erfahren\n<\/div><div class=\"bde-icon-2525-334 bde-icon text-color-hover\">\n\n    \n            <div class=\"bde-icon-icon breakdance-icon-atom\" >\n    \n                    <svg xmlns=\"http:\/\/www.w3.org\/2000\/svg\" viewBox=\"0 0 448 512\"><!--! Font Awesome Free 6.5.1 by @fontawesome - https:\/\/fontawesome.com License - https:\/\/fontawesome.com\/license\/free (Icons: CC BY 4.0, Fonts: SIL OFL 1.1, Code: MIT License) Copyright 2023 Fonticons, Inc. --><path d=\"M438.6 278.6c12.5-12.5 12.5-32.8 0-45.3l-160-160c-12.5-12.5-32.8-12.5-45.3 0s-12.5 32.8 0 45.3L338.8 224 32 224c-17.7 0-32 14.3-32 32s14.3 32 32 32l306.7 0L233.4 393.4c-12.5 12.5-12.5 32.8 0 45.3s32.8 12.5 45.3 0l160-160z\"\/><\/svg>\n        \n        \n        \n            <\/div>\n    \n\n\n<\/div>\n\n<\/a>\n<\/div>\n<\/div><div class=\"bde-column-2525-335 bde-column\">\n              \n  \n  \n\t\n\n\n\n<div class=\"bde-simple-image-2525-336 bde-simple-image\">\n  \n\n\n\n\n\n  \n    \n      <img decoding=\"async\" class=\"breakdance-image-object\" src=\"https:\/\/devicenow.com\/wp-content\/uploads\/Carrer-icon.png\" width=\"266\" height=\"276\" srcset=\"https:\/\/devicenow.com\/wp-content\/uploads\/Carrer-icon.png 266w, https:\/\/devicenow.com\/wp-content\/uploads\/Carrer-icon-150x156.png 150w\" sizes=\"auto, (max-width: 266px) 100vw, 266px\" loading=\"lazy\">\n\n      \n    \n  \n<\/div><h3 class=\"bde-heading-2525-337 bde-heading\">\nKarriere\n<\/h3><div class=\"bde-text-2525-338 bde-text\">\nMachen Sie Ihren n\u00e4chsten Karriereschritt mit devicenow.\n<\/div><div class=\"bde-div-2525-339 bde-div\">\n  \n  \n\t\n\n\n\n<a class=\"bde-container-link-2525-340 bde-container-link breakdance-link\" href=\"https:\/\/devicenow.com\/de\/karriere\/\" target=\"_self\" data-type=\"url\">\n  \n  \n\t\n\n\n\n<div class=\"bde-text-2525-341 bde-text text-color-hover\">\nMehr erfahren\n<\/div><div class=\"bde-icon-2525-342 bde-icon text-color-hover\">\n\n    \n            <div class=\"bde-icon-icon breakdance-icon-atom\" >\n    \n                    <svg xmlns=\"http:\/\/www.w3.org\/2000\/svg\" viewBox=\"0 0 448 512\"><!--! Font Awesome Free 6.5.1 by @fontawesome - https:\/\/fontawesome.com License - https:\/\/fontawesome.com\/license\/free (Icons: CC BY 4.0, Fonts: SIL OFL 1.1, Code: MIT License) Copyright 2023 Fonticons, Inc. --><path d=\"M438.6 278.6c12.5-12.5 12.5-32.8 0-45.3l-160-160c-12.5-12.5-32.8-12.5-45.3 0s-12.5 32.8 0 45.3L338.8 224 32 224c-17.7 0-32 14.3-32 32s14.3 32 32 32l306.7 0L233.4 393.4c-12.5 12.5-12.5 32.8 0 45.3s32.8 12.5 45.3 0l160-160z\"\/><\/svg>\n        \n        \n        \n            <\/div>\n    \n\n\n<\/div>\n\n<\/a>\n<\/div>\n<\/div><div class=\"bde-column-2525-343 bde-column\">\n              \n  \n  \n\t\n\n\n\n<div class=\"bde-simple-image-2525-344 bde-simple-image\">\n  \n\n\n\n\n\n  \n    \n      <img decoding=\"async\" class=\"breakdance-image-object\" src=\"https:\/\/devicenow.com\/wp-content\/uploads\/World-2.png\" width=\"270\" height=\"238\" srcset=\"https:\/\/devicenow.com\/wp-content\/uploads\/World-2.png 270w, https:\/\/devicenow.com\/wp-content\/uploads\/World-2-150x132.png 150w\" sizes=\"auto, (max-width: 270px) 100vw, 270px\" loading=\"lazy\">\n\n      \n    \n  \n<\/div><h3 class=\"bde-heading-2525-345 bde-heading\">\nKontakt\n<\/h3><div class=\"bde-text-2525-346 bde-text\">\nKontaktieren Sie unser Team \u2013 wir sind nur eine Nachricht entfernt!\n<\/div><div class=\"bde-div-2525-347 bde-div\">\n  \n  \n\t\n\n\n\n<a class=\"bde-container-link-2525-348 bde-container-link breakdance-link\" href=\"https:\/\/devicenow.com\/de\/kontakt\/\" target=\"_self\" data-type=\"url\">\n  \n  \n\t\n\n\n\n<div class=\"bde-text-2525-349 bde-text text-color-hover\">\nMehr erfahren\n<\/div><div class=\"bde-icon-2525-350 bde-icon text-color-hover\">\n\n    \n            <div class=\"bde-icon-icon breakdance-icon-atom\" >\n    \n                    <svg xmlns=\"http:\/\/www.w3.org\/2000\/svg\" viewBox=\"0 0 448 512\"><!--! Font Awesome Free 6.5.1 by @fontawesome - https:\/\/fontawesome.com License - https:\/\/fontawesome.com\/license\/free (Icons: CC BY 4.0, Fonts: SIL OFL 1.1, Code: MIT License) Copyright 2023 Fonticons, Inc. --><path d=\"M438.6 278.6c12.5-12.5 12.5-32.8 0-45.3l-160-160c-12.5-12.5-32.8-12.5-45.3 0s-12.5 32.8 0 45.3L338.8 224 32 224c-17.7 0-32 14.3-32 32s14.3 32 32 32l306.7 0L233.4 393.4c-12.5 12.5-12.5 32.8 0 45.3s32.8 12.5 45.3 0l160-160z\"\/><\/svg>\n        \n        \n        \n            <\/div>\n    \n\n\n<\/div>\n\n<\/a>\n<\/div>\n<\/div><\/div>\n<\/div><\/div>\n<\/section><\/div>","protected":false},"excerpt":{"rendered":"<p>EXPERTEN F\u00dcR DEVICE AS A SERVICE AM ARBEITSPLATZ Lernen Sie uns besser kennen Erfahren Sie mehr \u00fcber unsere Mission, unsere Werte und das Team, das unsere Erfolge erzielt. Entdecken Sie spannende Karrierem\u00f6glichkeiten und erfahren Sie, wie Sie Teil unserer Reise werden k\u00f6nnen. Sie sind herzlich eingeladen, mehr \u00fcber uns zu erfahren und mit uns Kontakt [&hellip;]<\/p>\n","protected":false},"author":1,"featured_media":17683,"parent":0,"menu_order":0,"comment_status":"closed","ping_status":"closed","template":"","meta":{"content-type":"","_breakdance_hide_in_design_set":false,"_breakdance_tags":"","footnotes":""},"class_list":["post-2525","page","type-page","status-publish","has-post-thumbnail","hentry"],"yoast_head":"<!-- This site is optimized with the Yoast SEO plugin v27.4 - https:\/\/yoast.com\/product\/yoast-seo-wordpress\/ -->\n<title>Unternehmen - devicenow<\/title>\n<meta name=\"description\" content=\"Erfahren Sie mehr \u00fcber unsere Mission, Werte und das Team, das unseren Erfolg vorantreibt. Entdecken Sie spannende Karrierem\u00f6glichkeiten und wie Sie Teil unserer Reise werden k\u00f6nnen!\" \/>\n<meta name=\"robots\" content=\"index, follow, max-snippet:-1, max-image-preview:large, max-video-preview:-1\" \/>\n<link rel=\"canonical\" href=\"https:\/\/devicenow.com\/de\/unternehmen\/\" \/>\n<meta property=\"og:locale\" content=\"de_DE\" \/>\n<meta property=\"og:type\" content=\"article\" \/>\n<meta property=\"og:title\" content=\"Unternehmen - devicenow\" \/>\n<meta property=\"og:description\" content=\"Erfahren Sie mehr \u00fcber unsere Mission, Werte und das Team, das unseren Erfolg vorantreibt. Entdecken Sie spannende Karrierem\u00f6glichkeiten und wie Sie Teil unserer Reise werden k\u00f6nnen!\" \/>\n<meta property=\"og:url\" content=\"https:\/\/devicenow.com\/de\/unternehmen\/\" \/>\n<meta property=\"og:site_name\" content=\"devicenow\" \/>\n<meta property=\"article:modified_time\" content=\"2026-02-16T10:13:00+00:00\" \/>\n<meta property=\"og:image\" content=\"https:\/\/devicenow.com\/wp-content\/uploads\/devicenow-about-us-1.jpg\" \/>\n\t<meta property=\"og:image:width\" content=\"1858\" \/>\n\t<meta property=\"og:image:height\" content=\"1200\" \/>\n\t<meta property=\"og:image:type\" content=\"image\/jpeg\" \/>\n<meta name=\"twitter:card\" content=\"summary_large_image\" \/>\n<script type=\"application\/ld+json\" class=\"yoast-schema-graph\">{\"@context\":\"https:\\\/\\\/schema.org\",\"@graph\":[{\"@type\":\"WebPage\",\"@id\":\"https:\\\/\\\/devicenow.com\\\/de\\\/unternehmen\\\/\",\"url\":\"https:\\\/\\\/devicenow.com\\\/de\\\/unternehmen\\\/\",\"name\":\"Unternehmen - devicenow\",\"isPartOf\":{\"@id\":\"https:\\\/\\\/devicenow.com\\\/#website\"},\"primaryImageOfPage\":{\"@id\":\"https:\\\/\\\/devicenow.com\\\/de\\\/unternehmen\\\/#primaryimage\"},\"image\":{\"@id\":\"https:\\\/\\\/devicenow.com\\\/de\\\/unternehmen\\\/#primaryimage\"},\"thumbnailUrl\":\"https:\\\/\\\/devicenow.com\\\/wp-content\\\/uploads\\\/logo-preview-home.png\",\"datePublished\":\"2024-10-22T07:22:32+00:00\",\"dateModified\":\"2026-02-16T10:13:00+00:00\",\"description\":\"Erfahren Sie mehr \u00fcber unsere Mission, Werte und das Team, das unseren Erfolg vorantreibt. Entdecken Sie spannende Karrierem\u00f6glichkeiten und wie Sie Teil unserer Reise werden k\u00f6nnen!\",\"breadcrumb\":{\"@id\":\"https:\\\/\\\/devicenow.com\\\/de\\\/unternehmen\\\/#breadcrumb\"},\"inLanguage\":\"de\",\"potentialAction\":[{\"@type\":\"ReadAction\",\"target\":[\"https:\\\/\\\/devicenow.com\\\/de\\\/unternehmen\\\/\"]}]},{\"@type\":\"ImageObject\",\"inLanguage\":\"de\",\"@id\":\"https:\\\/\\\/devicenow.com\\\/de\\\/unternehmen\\\/#primaryimage\",\"url\":\"https:\\\/\\\/devicenow.com\\\/wp-content\\\/uploads\\\/logo-preview-home.png\",\"contentUrl\":\"https:\\\/\\\/devicenow.com\\\/wp-content\\\/uploads\\\/logo-preview-home.png\",\"width\":1000,\"height\":665},{\"@type\":\"BreadcrumbList\",\"@id\":\"https:\\\/\\\/devicenow.com\\\/de\\\/unternehmen\\\/#breadcrumb\",\"itemListElement\":[{\"@type\":\"ListItem\",\"position\":1,\"name\":\"Strona g\u0142\u00f3wna\",\"item\":\"https:\\\/\\\/devicenow.com\\\/de\\\/\"},{\"@type\":\"ListItem\",\"position\":2,\"name\":\"Unternehmen\"}]},{\"@type\":\"WebSite\",\"@id\":\"https:\\\/\\\/devicenow.com\\\/#website\",\"url\":\"https:\\\/\\\/devicenow.com\\\/\",\"name\":\"devicenow\",\"description\":\"\",\"potentialAction\":[{\"@type\":\"SearchAction\",\"target\":{\"@type\":\"EntryPoint\",\"urlTemplate\":\"https:\\\/\\\/devicenow.com\\\/?s={search_term_string}\"},\"query-input\":{\"@type\":\"PropertyValueSpecification\",\"valueRequired\":true,\"valueName\":\"search_term_string\"}}],\"inLanguage\":\"de\"}]}<\/script>\n<!-- \/ Yoast SEO plugin. -->","yoast_head_json":{"title":"Unternehmen - devicenow","description":"Erfahren Sie mehr \u00fcber unsere Mission, Werte und das Team, das unseren Erfolg vorantreibt. Entdecken Sie spannende Karrierem\u00f6glichkeiten und wie Sie Teil unserer Reise werden k\u00f6nnen!","robots":{"index":"index","follow":"follow","max-snippet":"max-snippet:-1","max-image-preview":"max-image-preview:large","max-video-preview":"max-video-preview:-1"},"canonical":"https:\/\/devicenow.com\/de\/unternehmen\/","og_locale":"de_DE","og_type":"article","og_title":"Unternehmen - devicenow","og_description":"Erfahren Sie mehr \u00fcber unsere Mission, Werte und das Team, das unseren Erfolg vorantreibt. Entdecken Sie spannende Karrierem\u00f6glichkeiten und wie Sie Teil unserer Reise werden k\u00f6nnen!","og_url":"https:\/\/devicenow.com\/de\/unternehmen\/","og_site_name":"devicenow","article_modified_time":"2026-02-16T10:13:00+00:00","og_image":[{"width":1858,"height":1200,"url":"https:\/\/devicenow.com\/wp-content\/uploads\/devicenow-about-us-1.jpg","type":"image\/jpeg"}],"twitter_card":"summary_large_image","schema":{"@context":"https:\/\/schema.org","@graph":[{"@type":"WebPage","@id":"https:\/\/devicenow.com\/de\/unternehmen\/","url":"https:\/\/devicenow.com\/de\/unternehmen\/","name":"Unternehmen - devicenow","isPartOf":{"@id":"https:\/\/devicenow.com\/#website"},"primaryImageOfPage":{"@id":"https:\/\/devicenow.com\/de\/unternehmen\/#primaryimage"},"image":{"@id":"https:\/\/devicenow.com\/de\/unternehmen\/#primaryimage"},"thumbnailUrl":"https:\/\/devicenow.com\/wp-content\/uploads\/logo-preview-home.png","datePublished":"2024-10-22T07:22:32+00:00","dateModified":"2026-02-16T10:13:00+00:00","description":"Erfahren Sie mehr \u00fcber unsere Mission, Werte und das Team, das unseren Erfolg vorantreibt. Entdecken Sie spannende Karrierem\u00f6glichkeiten und wie Sie Teil unserer Reise werden k\u00f6nnen!","breadcrumb":{"@id":"https:\/\/devicenow.com\/de\/unternehmen\/#breadcrumb"},"inLanguage":"de","potentialAction":[{"@type":"ReadAction","target":["https:\/\/devicenow.com\/de\/unternehmen\/"]}]},{"@type":"ImageObject","inLanguage":"de","@id":"https:\/\/devicenow.com\/de\/unternehmen\/#primaryimage","url":"https:\/\/devicenow.com\/wp-content\/uploads\/logo-preview-home.png","contentUrl":"https:\/\/devicenow.com\/wp-content\/uploads\/logo-preview-home.png","width":1000,"height":665},{"@type":"BreadcrumbList","@id":"https:\/\/devicenow.com\/de\/unternehmen\/#breadcrumb","itemListElement":[{"@type":"ListItem","position":1,"name":"Strona g\u0142\u00f3wna","item":"https:\/\/devicenow.com\/de\/"},{"@type":"ListItem","position":2,"name":"Unternehmen"}]},{"@type":"WebSite","@id":"https:\/\/devicenow.com\/#website","url":"https:\/\/devicenow.com\/","name":"devicenow","description":"","potentialAction":[{"@type":"SearchAction","target":{"@type":"EntryPoint","urlTemplate":"https:\/\/devicenow.com\/?s={search_term_string}"},"query-input":{"@type":"PropertyValueSpecification","valueRequired":true,"valueName":"search_term_string"}}],"inLanguage":"de"}]}},"meta_box":{"description":"","descriptionde":"","descriptionnl":"","descriptiontr":"","descriptionit":"","descriptionfr":"","descriptiongr":"","descriptionpt":""},"_links":{"self":[{"href":"https:\/\/devicenow.com\/de\/wp-json\/wp\/v2\/pages\/2525","targetHints":{"allow":["GET"]}}],"collection":[{"href":"https:\/\/devicenow.com\/de\/wp-json\/wp\/v2\/pages"}],"about":[{"href":"https:\/\/devicenow.com\/de\/wp-json\/wp\/v2\/types\/page"}],"author":[{"embeddable":true,"href":"https:\/\/devicenow.com\/de\/wp-json\/wp\/v2\/users\/1"}],"replies":[{"embeddable":true,"href":"https:\/\/devicenow.com\/de\/wp-json\/wp\/v2\/comments?post=2525"}],"version-history":[{"count":5,"href":"https:\/\/devicenow.com\/de\/wp-json\/wp\/v2\/pages\/2525\/revisions"}],"predecessor-version":[{"id":3607,"href":"https:\/\/devicenow.com\/de\/wp-json\/wp\/v2\/pages\/2525\/revisions\/3607"}],"wp:featuredmedia":[{"embeddable":true,"href":"https:\/\/devicenow.com\/de\/wp-json\/wp\/v2\/media\/17683"}],"wp:attachment":[{"href":"https:\/\/devicenow.com\/de\/wp-json\/wp\/v2\/media?parent=2525"}],"curies":[{"name":"wp","href":"https:\/\/api.w.org\/{rel}","templated":true}]}}